{"id":19776,"date":"2022-01-29T12:28:04","date_gmt":"2022-01-29T17:28:04","guid":{"rendered":"https:\/\/afcindustries.com\/product\/soporte-de-teclado-para-carril-de-pared-con-bandeja-deslizante-para-el-raton\/"},"modified":"2024-10-09T10:09:31","modified_gmt":"2024-10-09T14:09:31","slug":"soporte-de-teclado-para-carril-de-pared-con-bandeja-deslizante-para-el-raton","status":"publish","type":"product","link":"https:\/\/afcindustries.com\/es\/producto\/soporte-de-teclado-para-carril-de-pared-con-bandeja-deslizante-para-el-raton\/","title":{"rendered":"Soporte de teclado para carril de pared con bandeja deslizante para el rat\u00f3n"},"content":{"rendered":"<h1>Bandeja para teclados de montaje en carril de pared que ahorra espacio<\/h1>\n<div id=\"color_choice\">\n<div id=\"ctl00_ContentPlaceHolder1_color1_pnlColor\" class=\"option-Style-Panel1\">\n<div class=\"color-container\">\n<div class=\"color-item\">\n<div id=\"Gray\" class=\"color-item-big\"><img decoding=\"async\" src=\"https:\/\/afcindustries.com\/wp-content\/uploads\/2022\/01\/Gray-1.jpg\" alt=\"Gris\" title=\"\"><\/div>\n<\/div>\n<\/div>\n<\/div>\n<\/div>\n<p>Soporte para teclados de acero, ajustable en altura y montado en un carril de pared, con bandeja deslizante para el rat\u00f3n en dos lados. Es una soluci\u00f3n perfecta para ahorrar espacio en oficinas, hospitales y centros de control.<\/p>\n<p>Este producto debe adquirirse con el riel de pared para su correcta instalaci\u00f3n.<\/p>\n<p>AFC fabrica equipos de mobiliario de alta calidad que superan las expectativas est\u00e1ndar de practicidad, funcionalidad y ergonom\u00eda. Nuestros productos est\u00e1n garantizados con una garant\u00eda total del producto. Construimos productos que ofrecen a nuestros clientes la tranquilidad de obtener el m\u00e1ximo rendimiento de su inversi\u00f3n.<\/p>\n<p>P\u00f3ngase en contacto con nosotros para una consulta gratuita con nuestro amable y servicial especialista en mobiliario t\u00e9cnico ergon\u00f3mico.<\/p>\n<div class=\"desksize\"><\/div>\n<h3 class=\"product-h3\"><span id=\"ctl00_ContentPlaceHolder1_lblImageBottom1\">Caracter\u00edsticas del soporte de teclado de alta duraci\u00f3n<\/span><\/h3>\n<p><img decoding=\"async\" id=\"ctl00_ContentPlaceHolder1_imgDetailImageCall\" class=\"img-responsive\" style=\"border-width: 0px\" src=\"https:\/\/afcindustries.com\/wp-content\/uploads\/2022\/01\/772491-highly-durable-keyboard-holder-features.jpg\" alt=\"Soporte de teclado de alta duraci\u00f3n con bandeja para el rat\u00f3n\" title=\"\"><\/p>\n<div id=\"ctl00_ContentPlaceHolder1_pnlImageContainer\"><\/div>\n<h3 class=\"product-h3\"><span id=\"ctl00_ContentPlaceHolder1_lblImageBottom2\">Soporte de teclado de alta duraci\u00f3n M\u00e1s caracter\u00edsticas<\/span><\/h3>\n<p><img decoding=\"async\" id=\"ctl00_ContentPlaceHolder1_imgDetailImageCall2\" class=\"img-responsive\" style=\"border-width: 0px\" src=\"https:\/\/afcindustries.com\/wp-content\/uploads\/2022\/01\/772491-highly-durable-keyboard-holder-more-features.jpg\" alt=\"Soporte de teclado ajustable en altura con bandeja para el rat\u00f3n\" title=\"\"><\/p>\n<h3 class=\"product-h3\"><\/h3>\n","protected":false},"excerpt":{"rendered":"<h1 class=\"product-h3\"><span id=\"ctl00_ContentPlaceHolder1_lblH3\">Bandeja para teclado y rat\u00f3n montada en la pared Caracter\u00edsticas<\/span><\/h1>\n<div class=\"col-md-6 col-sm-6 col-xs-12 detailList\">\n<ul>\n<li>Bandeja de acero para el brazo del teclado montada en la pared<\/li>\n<li>Corredera de ajuste de altura manual<\/li>\n<li>Bandeja de rat\u00f3n deslizante de doble cara incorporada<\/li>\n<li>Soluci\u00f3n de ahorro de espacio para cualquier entorno de oficina<\/li>\n<li>Dise\u00f1o ergon\u00f3mico con flexibilidad y durabilidad<\/li>\n<\/ul>\n<p>&nbsp;<\/p>\n<p>&nbsp;<\/p>\n<\/div>\n<div class=\"col-md-6 col-sm-6 col-xs-12\">\n<ul class=\"ulpdf\">\n<li><a id=\"ctl00_ContentPlaceHolder1_hPDF\" href=\"https:\/\/afcindustries.com\/PDFS\/772491_PDF.PDF\" target=\"_blank\" rel=\"noopener\"><img decoding=\"async\" id=\"ctl00_ContentPlaceHolder1_imgPDF\" style=\"border-width: 0px;\" src=\"https:\/\/afcindustries.com\/images\/pdf.gif\" border=\"0\" \/><span id=\"ctl00_ContentPlaceHolder1_lblPDFSKU\" class=\"pdf\">PDF 772491_pdf.pdf<\/span><\/a><\/li>\n<\/ul>\n<ul>\n<li>\n<ul class=\"specPreview\">\n<li>Altura<\/li>\n<li>&#8211; 6 pulgadas<\/li>\n<\/ul>\n<p>&nbsp;<\/li>\n<li>\n<ul class=\"specPreview\">\n<li>Anchura<\/li>\n<li>&#8211; 19,5 pulgadas<\/li>\n<\/ul>\n<p>&nbsp;<\/li>\n<li>\n<ul class=\"specPreview\">\n<li>Profundidad<\/li>\n<li>&#8211; 9,3 pulgadas<\/li>\n<\/ul>\n<p>&nbsp;<\/li>\n<\/ul>\n<\/div>\n","protected":false},"featured_media":12345,"template":"","meta":{"_acf_changed":false,"inline_featured_image":false},"product_brand":[],"product_cat":[1783,2124,1784],"product_tag":[],"class_list":{"0":"post-19776","1":"product","2":"type-product","3":"status-publish","4":"has-post-thumbnail","6":"product_cat-accesorios","7":"product_cat-soporte-de-teclado-con-riel-de-pared-y-bandeja-deslizante-para-el-raton","8":"product_cat-todos-los-accesorios","9":"pa_model-kb-en-wm-slider_01","11":"first","12":"instock","13":"product-type-simple"},"acf":[],"_links":{"self":[{"href":"https:\/\/afcindustries.com\/es\/wp-json\/wp\/v2\/product\/19776","targetHints":{"allow":["GET"]}}],"collection":[{"href":"https:\/\/afcindustries.com\/es\/wp-json\/wp\/v2\/product"}],"about":[{"href":"https:\/\/afcindustries.com\/es\/wp-json\/wp\/v2\/types\/product"}],"wp:featuredmedia":[{"embeddable":true,"href":"https:\/\/afcindustries.com\/es\/wp-json\/wp\/v2\/media\/12345"}],"wp:attachment":[{"href":"https:\/\/afcindustries.com\/es\/wp-json\/wp\/v2\/media?parent=19776"}],"wp:term":[{"taxonomy":"product_brand","embeddable":true,"href":"https:\/\/afcindustries.com\/es\/wp-json\/wp\/v2\/product_brand?post=19776"},{"taxonomy":"product_cat","embeddable":true,"href":"https:\/\/afcindustries.com\/es\/wp-json\/wp\/v2\/product_cat?post=19776"},{"taxonomy":"product_tag","embeddable":true,"href":"https:\/\/afcindustries.com\/es\/wp-json\/wp\/v2\/product_tag?post=19776"}],"curies":[{"name":"wp","href":"https:\/\/api.w.org\/{rel}","templated":true}]}}