{"id":19775,"date":"2022-01-29T12:27:30","date_gmt":"2022-01-29T17:27:30","guid":{"rendered":"https:\/\/afcindustries.com\/product\/escritorio-electrico-para-el-centro-de-servicios-de-radiologia\/"},"modified":"2024-09-30T11:03:43","modified_gmt":"2024-09-30T15:03:43","slug":"escritorio-electrico-para-el-centro-de-servicios-de-radiologia","status":"publish","type":"product","link":"https:\/\/afcindustries.com\/es\/producto\/escritorio-electrico-para-el-centro-de-servicios-de-radiologia\/","title":{"rendered":"Escritorio el\u00e9ctrico para el Centro de Servicios de Radiolog\u00eda"},"content":{"rendered":"<h2>Escritorio de pie para el Centro de Servicios de Radiolog\u00eda<\/h2>\n<div class=\"desksize\"><\/div>\n<h3 class=\"product-h3\"><span id=\"ctl00_ContentPlaceHolder1_lblImageBottom1\">Escritorio el\u00e9ctrico de pie para el servicio de radiolog\u00eda con bot\u00f3n<\/span><\/h3>\n<p><img loading=\"lazy\" decoding=\"async\" class=\"alignnone size-full wp-image-11178\" src=\"https:\/\/afcindustries.com\/wp-content\/uploads\/2022\/07\/772196-specs-01.jpg\" alt=\"\" width=\"900\" height=\"329\" title=\"\"><\/p>\n<div id=\"ctl00_ContentPlaceHolder1_pnlImageContainer\"><\/div>\n<h3 class=\"product-h3\"><span id=\"ctl00_ContentPlaceHolder1_lblImageBottom2\">Escritorio el\u00e9ctrico de pie para el servicio de radiolog\u00eda Especificaciones<\/span><\/h3>\n<p><img loading=\"lazy\" decoding=\"async\" class=\"alignnone size-full wp-image-11179\" src=\"https:\/\/afcindustries.com\/wp-content\/uploads\/2022\/07\/772196-specs-02.jpg\" alt=\"\" width=\"900\" height=\"486\" title=\"\"><\/p>\n<h3 class=\"product-h3\"><span id=\"ctl00_ContentPlaceHolder1_lblImageBottom3\">Escritorio el\u00e9ctrico de pie para el servicio de radiolog\u00eda Accesorios<\/span><\/h3>\n<p><img loading=\"lazy\" decoding=\"async\" class=\"alignnone size-full wp-image-11180\" src=\"https:\/\/afcindustries.com\/wp-content\/uploads\/2022\/07\/772196-specs-03.jpg\" alt=\"\" width=\"900\" height=\"363\" title=\"\"><\/p>\n<p>&nbsp;<\/p>\n<ul>\n<li><strong>El mejor dise\u00f1o ergon\u00f3mico y c\u00f3modo:<\/strong> Dise\u00f1ado para la comodidad para reducir el estr\u00e9s y mantener la postura durante el trabajo.<\/li>\n<li><strong>Mantiene una buena salud:<\/strong> Elimina las lesiones por esfuerzo repetitivo (RSI), los dolores musculares, las molestias corporales, la tensi\u00f3n ocular y la fatiga. Aumenta la productividad y la circulaci\u00f3n sangu\u00ednea saludable.<\/li>\n<li><strong>F\u00e1cil de usar:<\/strong> f\u00e1cil de manejar sin necesidad de horas de formaci\u00f3n del usuario. Muy f\u00e1cil de configurar para adaptarse a las preferencias de cada usuario.<\/li>\n<li><strong>Iluminaci\u00f3n de escritorio preparada:<\/strong> Minimiza el cansancio ocular y la fatiga asociada y maximiza la precisi\u00f3n visual proporcionando una iluminaci\u00f3n adecuada.<\/li>\n<li><strong>Acceso a puertos de datos y tomas de corriente:<\/strong> Aumenta la productividad y la eficiencia gracias a la facilidad de acceso a los puertos de datos y las tomas de corriente.<\/li>\n<li><strong>Superficie de escritorio y bordes laminados de primera calidad:<\/strong> Las superficies de escritorio laminadas, los bordes lisos y las esquinas eliminan el riesgo de lesiones. Tambi\u00e9n mantiene el escritorio limpio y liso.<\/li>\n<li><strong>Colocaci\u00f3n correcta de la CPU del ordenador:<\/strong> La CPU del ordenador se encuentra fuera de peligro, lo que permite a los usuarios moverse libremente.<\/li>\n<li><strong>Gesti\u00f3n limpia de los cables:<\/strong> Los cables est\u00e1n ocultos de forma segura para eliminar el riesgo de accidentes que pueda causar a personas o equipos.<\/li>\n<li><strong>Construido seg\u00fan las especificaciones:<\/strong> Se puede especificar para acomodar las necesidades \u00fanicas y el entorno de trabajo de los usuarios individuales antes de la fabricaci\u00f3n.<\/li>\n<li><strong>Garantizado con la garant\u00eda del producto:<\/strong> Cubierto con la garant\u00eda de producto del fabricante que da seguridad a los compradores en caso de que el producto no cumpla con las expectativas.<\/li>\n<li><strong>Equipo de fabricaci\u00f3n de confianza:<\/strong> Nuestros dise\u00f1adores, ingenieros y fabricantes utilizan sus habilidades y talentos para ofrecerle el producto de mayor calidad que usted merece.<\/li>\n<li><strong>Asistencia en la planificaci\u00f3n del espacio de trabajo:<\/strong> Proporcionamos asistencia en la planificaci\u00f3n en la instalaci\u00f3n o renovaci\u00f3n de sus instalaciones de trabajo.<\/li>\n<li><strong>Ayuda para la instalaci\u00f3n:<\/strong> Proporcionamos asistencia exhaustiva en el despliegue de su mobiliario para el servicio.<\/li>\n<li><strong>Muebles de escritorio vers\u00e1tiles:<\/strong> Nuestros muebles son capaces de adaptarse a diferentes usos y entornos, por lo que son duraderos.<\/li>\n<\/ul>\n<p>AFC fabrica equipos de mobiliario de alta calidad que superan las expectativas est\u00e1ndar de practicidad, funcionalidad y ergonom\u00eda. Nuestros productos est\u00e1n garantizados con una garant\u00eda total del producto. Fabricamos productos que ofrecen a nuestros clientes la tranquilidad de obtener el m\u00e1ximo rendimiento de su inversi\u00f3n.<\/p>\n<p>P\u00f3ngase en contacto con nosotros para una consulta gratuita con nuestro amable y servicial especialista en equipamiento t\u00e9cnico de mobiliario ergon\u00f3mico.<\/p>\n","protected":false},"excerpt":{"rendered":"<h1 class=\"product-h3\"><span id=\"ctl00_ContentPlaceHolder1_lblH3\">Escritorio de pie ajustable para centro de radiolog\u00eda<\/span><\/h1>\n<p>Esta mesa de trabajo el\u00e9ctrica ergon\u00f3mica para centros de servicios de radiolog\u00eda, fabricada por AFC, es una innovaci\u00f3n l\u00edder en mobiliario de radiolog\u00eda y est\u00e1 equipada con caracter\u00edsticas avanzadas. Esta estaci\u00f3n de trabajo de im\u00e1genes PACS es la mejor en el escritorio de radiolog\u00eda, superando el rendimiento est\u00e1ndar al proporcionar una eficiencia y comodidad \u00f3ptimas para atender las demandas de los profesionales de la salud de radiolog\u00eda m\u00e9dica.<\/p>\n<p>Con s\u00f3lo pulsar un bot\u00f3n, la altura del escritorio puede ajustarse a una posici\u00f3n sentada o de pie. Los soportes para monitores de pantalla tambi\u00e9n son ajustables en altura de forma independiente con capacidad de inclinaci\u00f3n y giro para ofrecer el mejor \u00e1ngulo de visi\u00f3n del monitor.<\/p>\n<p>La posici\u00f3n de pie se recomienda a los profesionales que trabajan, ya que reduce los efectos f\u00edsicos adversos de estar sentado durante mucho tiempo, lo que aumenta la productividad y mantiene una buena salud. Esta estaci\u00f3n de trabajo de escritorio de radiolog\u00eda ajustable de dise\u00f1o ergon\u00f3mico proporciona los ajustes m\u00e1s adecuados que satisfacen las preferencias de los usuarios individuales.<\/p>\n<div class=\"col-md-6 col-sm-6 col-xs-12 detailList\">\n<ul>\n<li>Ajuste electr\u00f3nico de la altura de la superficie de trabajo<\/li>\n<li>Ajuste electr\u00f3nico independiente de la altura de la plataforma del monitor y de la distancia focal (avance\/retroceso).<\/li>\n<li>Brazo de monitor fuerte que soporta monitores de hasta 50 libras.<\/li>\n<li>Soporte para CPU ajustable<\/li>\n<li>Ancho de la superficie de trabajo: 60 pulgadas<\/li>\n<li>Profundidad de la superficie de trabajo: 34 pulgadas<\/li>\n<li>Altura desde el suelo:\n<ul>\n<li>Superficie de trabajo: de 28 a 47 pulgadas<\/li>\n<li>Monitores de movimiento vertical &#8211; Carrera de 19 pulgadas<\/li>\n<\/ul>\n<\/li>\n<\/ul>\n<p>&nbsp;<\/p>\n<\/div>\n<div class=\"col-md-6 col-sm-6 col-xs-12\">\n<ul class=\"ulpdf\">\n<li><a id=\"ctl00_ContentPlaceHolder1_hPDF\" href=\"https:\/\/afcindustries.com\/PDFS\/ET6034_B_SE_0_3EFX_0_0_0_01.PDF\" target=\"_blank\" rel=\"noopener\"><img decoding=\"async\" id=\"ctl00_ContentPlaceHolder1_imgPDF\" style=\"border-width: 0px;\" src=\"https:\/\/afcindustries.com\/images\/pdf.gif\" border=\"0\" \/><span id=\"ctl00_ContentPlaceHolder1_lblPDFSKU\" class=\"pdf\">PDF ET6034.pdf<\/span><\/a><\/li>\n<li><a id=\"ctl00_ContentPlaceHolder1_hPDF_instrcution\" href=\"https:\/\/afcindustries.com\/PDF_INSTRUCTION\/HEIGHT%20ADJUSTMENT%20CONTROL%20MANUAL.PDF\" target=\"_blank\" rel=\"noopener\"><img decoding=\"async\" id=\"ctl00_ContentPlaceHolder1_imgPDF_instrcution\" style=\"border-width: 0px;\" src=\"https:\/\/afcindustries.com\/images\/pdf-instruction.png\" border=\"0\" \/><span id=\"ctl00_ContentPlaceHolder1_lblPDF_instrcution\" class=\"pdf\">Manual de control de ajuste de altura<\/span><\/a><\/li>\n<\/ul>\n<p>&nbsp;<\/p>\n<ul class=\"ulpdf\">\n<li>Altura: 28-47 \u00ab<\/li>\n<li>Anchura: 60&#8243;.<\/li>\n<li>Profundidad: 34&#8243;.<\/li>\n<\/ul>\n<ul>\n<li style=\"list-style-type: none;\">\n<ul class=\"specPreview\">\n<li style=\"list-style-type: none;\"><\/li>\n<\/ul>\n<\/li>\n<\/ul>\n<\/div>\n","protected":false},"featured_media":43239,"template":"","meta":{"_acf_changed":false,"inline_featured_image":false},"product_brand":[],"product_cat":[2136,1788,2131],"product_tag":[],"class_list":{"0":"post-19775","1":"product","2":"type-product","3":"status-publish","4":"has-post-thumbnail","6":"product_cat-escritorio-electrico-de-bipedestacion-para-centro-de-servicios-de-radiologia","7":"product_cat-escritorios-de-pie","8":"product_cat-estacion-de-trabajo-de-la-oficina-de-radiologia","9":"pa_model-et6034_b_st_3e-es","11":"first","12":"instock","13":"product-type-simple"},"acf":[],"_links":{"self":[{"href":"https:\/\/afcindustries.com\/es\/wp-json\/wp\/v2\/product\/19775","targetHints":{"allow":["GET"]}}],"collection":[{"href":"https:\/\/afcindustries.com\/es\/wp-json\/wp\/v2\/product"}],"about":[{"href":"https:\/\/afcindustries.com\/es\/wp-json\/wp\/v2\/types\/product"}],"wp:featuredmedia":[{"embeddable":true,"href":"https:\/\/afcindustries.com\/es\/wp-json\/wp\/v2\/media\/43239"}],"wp:attachment":[{"href":"https:\/\/afcindustries.com\/es\/wp-json\/wp\/v2\/media?parent=19775"}],"wp:term":[{"taxonomy":"product_brand","embeddable":true,"href":"https:\/\/afcindustries.com\/es\/wp-json\/wp\/v2\/product_brand?post=19775"},{"taxonomy":"product_cat","embeddable":true,"href":"https:\/\/afcindustries.com\/es\/wp-json\/wp\/v2\/product_cat?post=19775"},{"taxonomy":"product_tag","embeddable":true,"href":"https:\/\/afcindustries.com\/es\/wp-json\/wp\/v2\/product_tag?post=19775"}],"curies":[{"name":"wp","href":"https:\/\/api.w.org\/{rel}","templated":true}]}}