{"id":19774,"date":"2022-01-29T12:27:16","date_gmt":"2022-01-29T17:27:16","guid":{"rendered":"https:\/\/afcindustries.com\/product\/escritorio-ergonomico-de-altura-regulable-para-ordenador\/"},"modified":"2024-10-09T10:09:12","modified_gmt":"2024-10-09T14:09:12","slug":"escritorio-ergonomico-de-altura-regulable-para-ordenador","status":"publish","type":"product","link":"https:\/\/afcindustries.com\/es\/producto\/escritorio-ergonomico-de-altura-regulable-para-ordenador\/","title":{"rendered":"Escritorio ergon\u00f3mico de altura regulable para ordenador"},"content":{"rendered":"<h1>Escritorio de altura regulable para ordenador de pie<\/h1>\n<div id=\"color_choice\">\n<div id=\"ctl00_ContentPlaceHolder1_color1_pnlColor\" class=\"option-Style-Panel1\">\n<div class=\"color-container\">\n<div class=\"color-item\">\n<p>&nbsp;<\/p>\n<div id=\"Cream\" class=\"color-item-big\"><img decoding=\"async\" src=\"https:\/\/afcindustries.com\/wp-content\/uploads\/2022\/01\/Cream-1.jpg\" alt=\"Crema\" title=\"\"><\/div>\n<\/div>\n<\/div>\n<\/div>\n<\/div>\n<p>Este escritorio de ordenador ergon\u00f3mico de \u00faltima generaci\u00f3n viene con 2 bajadas de cableado inteligentes, un combo de luz ambiental y de trabajo con una cabeza de ca\u00f1\u00f3n LED, un soporte para el tel\u00e9fono, 2 soportes met\u00e1licos para la CPU y ruedas de alta resistencia de 4 pulgadas.<\/p>\n<p>Este escritorio de ordenador de altura regulable integra funcionalidad y est\u00e9tica en su dise\u00f1o. Las superficies de trabajo de dos niveles son ajustables en altura de forma independiente mediante un elevador telesc\u00f3pico el\u00e9ctrico. Con s\u00f3lo pulsar un bot\u00f3n, los ajustes de altura pueden configurarse para adaptarse a las preferencias del usuario.<\/p>\n<p><strong>El mejor dise\u00f1o ergon\u00f3mico y c\u00f3modo:<\/strong> Dise\u00f1ado para la comodidad para reducir el estr\u00e9s y mantener la postura durante el trabajo.<\/p>\n<p><strong>Mantiene una buena salud:<\/strong> Elimina las lesiones por esfuerzo repetitivo (RSI), los dolores musculares, las molestias corporales, la tensi\u00f3n ocular y la fatiga. Aumenta la productividad y la circulaci\u00f3n sangu\u00ednea saludable.<\/p>\n<p><strong>F\u00e1cil de usar:<\/strong> f\u00e1cil de manejar sin necesidad de horas de formaci\u00f3n del usuario. Muy f\u00e1cil de configurar para adaptarse a las preferencias de cada usuario.<\/p>\n<p><strong>Iluminaci\u00f3n de escritorio preparada:<\/strong> Minimiza el cansancio ocular y la fatiga asociada y maximiza la precisi\u00f3n visual proporcionando una iluminaci\u00f3n adecuada.<\/p>\n<p><strong>Acceso a puertos de datos y tomas de corriente:<\/strong> Aumenta la productividad y la eficiencia gracias a la facilidad de acceso a los puertos de datos y las tomas de corriente.<\/p>\n<p><strong>Superficie de escritorio y bordes laminados de primera calidad:<\/strong> Las superficies de escritorio laminadas, los bordes lisos y las esquinas eliminan el riesgo de lesiones. Tambi\u00e9n mantiene el escritorio limpio y liso.<\/p>\n<p><strong>Colocaci\u00f3n correcta de la CPU del ordenador:<\/strong> La CPU del ordenador se encuentra fuera de peligro, lo que permite a los usuarios moverse libremente.<\/p>\n<p><strong>Gesti\u00f3n limpia de los cables:<\/strong> Los cables est\u00e1n ocultos de forma segura para eliminar el riesgo de accidentes que pueda causar a personas o equipos.<\/p>\n<p><strong>Construido seg\u00fan las especificaciones:<\/strong> Se puede especificar para acomodar las necesidades \u00fanicas y el entorno de trabajo de los usuarios individuales antes de la fabricaci\u00f3n.<\/p>\n<p><strong>Garantizado con la garant\u00eda del producto:<\/strong> Cubierto con la garant\u00eda de producto del fabricante que da seguridad a los compradores en caso de que el producto no cumpla con las expectativas.<\/p>\n<p><strong>Equipo de fabricaci\u00f3n de confianza:<\/strong> Nuestros dise\u00f1adores, ingenieros y fabricantes utilizan sus habilidades y talentos para ofrecerle el producto de mayor calidad que usted merece.<\/p>\n<p><strong>Asistencia en la planificaci\u00f3n del espacio de trabajo:<\/strong> Proporcionamos asistencia en la planificaci\u00f3n en la instalaci\u00f3n o renovaci\u00f3n de sus instalaciones de trabajo.<\/p>\n<p><strong>Ayuda para la instalaci\u00f3n:<\/strong> Proporcionamos asistencia exhaustiva en el despliegue de su mobiliario para el servicio.<\/p>\n<p><strong>Muebles de escritorio vers\u00e1tiles:<\/strong> Nuestros muebles son capaces de adaptarse a diferentes usos y entornos, por lo que son duraderos.<\/p>\n<p>AFC fabrica equipos de mobiliario de alta calidad que superan las expectativas est\u00e1ndar de practicidad, funcionalidad y ergonom\u00eda. Nuestros productos est\u00e1n garantizados con una garant\u00eda total del producto. Construimos productos que ofrecen a nuestros clientes la tranquilidad de obtener el m\u00e1ximo rendimiento de su inversi\u00f3n.<\/p>\n<p>P\u00f3ngase en contacto con nosotros para una consulta gratuita con nuestro amable y servicial especialista en mobiliario t\u00e9cnico ergon\u00f3mico.<\/p>\n<div class=\"desksize\">\n<div id=\"ctl00_ContentPlaceHolder1_DeskSize_Panel1\" class=\"option-Style-Panel1\">\n<div class=\"desksize\"><span id=\"ctl00_ContentPlaceHolder1_DeskSize_Label1\">Especificaciones del tama\u00f1o del escritorio <\/span><\/div>\n<div>\n<table id=\"ctl00_ContentPlaceHolder1_DeskSize_GridView1\" class=\"table-vk table table-hover\" style=\"background-color: white;border-style: None;border-collapse: collapse\" border=\"1\" rules=\"all\" cellspacing=\"0\">\n<tbody>\n<tr>\n<th scope=\"col\">En forma de mesa<\/th>\n<th scope=\"col\">Anchura de la tabla<\/th>\n<th scope=\"col\">Profundidad de la mesa<\/th>\n<th scope=\"col\">Profundidad de la grada trasera<\/th>\n<th scope=\"col\">Profundidad de la grada frontal<\/th>\n<th scope=\"col\">Altura de la mesa<\/th>\n<\/tr>\n<tr>\n<td><a id=\"ctl00_ContentPlaceHolder1_DeskSize_GridView1_ctl02_hImage\" href=\"https:\/\/afcindustries.com\/double-banana-corner-desks-d98\"><img decoding=\"async\" id=\"ctl00_ContentPlaceHolder1_DeskSize_GridView1_ctl02_imgProductRelated\" style=\"border-width: 0px\" src=\"https:\/\/afcindustries.com\/wp-content\/uploads\/2022\/01\/Double-Banna-Corner-Desk.jpg\" alt=\"\" title=\"\"><\/a><\/td>\n<td><span id=\"ctl00_ContentPlaceHolder1_DeskSize_GridView1_ctl02_lbltableWidth\">64&#8243;, 72&#8243;<\/span><\/td>\n<td><span id=\"ctl00_ContentPlaceHolder1_DeskSize_GridView1_ctl02_lbltableDepth\">64&#8243;, 72&#8243;<\/span><\/td>\n<td><span id=\"ctl00_ContentPlaceHolder1_DeskSize_GridView1_ctl02_lblBackTierDepth\">16&#8243;<\/span><\/td>\n<td><span id=\"ctl00_ContentPlaceHolder1_DeskSize_GridView1_ctl02_lblFrontTierDepth\">16&#8243;<\/span><\/td>\n<td><span id=\"ctl00_ContentPlaceHolder1_DeskSize_GridView1_ctl02_lblTableHeight\">28&#8243; a 47&#8243;<\/span><\/td>\n<\/tr>\n<\/tbody>\n<\/table>\n<\/div>\n<\/div>\n<\/div>\n<h3 class=\"product-h3\"><span id=\"ctl00_ContentPlaceHolder1_lblImageBottom1\">Botones de control del escritorio de pie para ordenador de altura ajustable<\/span><\/h3>\n<p><img decoding=\"async\" id=\"ctl00_ContentPlaceHolder1_imgDetailImageCall\" class=\"img-responsive\" style=\"border-width: 0px\" src=\"https:\/\/afcindustries.com\/wp-content\/uploads\/2022\/01\/772438-adjustable-height-computer-standing-desk-control-buttons.jpg\" alt=\"control del escritorio de pie ajustable en altura para el ordenador\" title=\"\"><\/p>\n<div id=\"ctl00_ContentPlaceHolder1_pnlImageContainer\"><\/div>\n<h3 class=\"product-h3\"><span id=\"ctl00_ContentPlaceHolder1_lblImageBottom2\">Escritorio de pie para ordenador Caracter\u00edsticas<\/span><\/h3>\n<p><img decoding=\"async\" id=\"ctl00_ContentPlaceHolder1_imgDetailImageCall2\" class=\"img-responsive\" style=\"border-width: 0px\" src=\"https:\/\/afcindustries.com\/wp-content\/uploads\/2022\/01\/772438-computer-standing-desk-features.jpg\" alt=\"escritorio de pie de altura ajustable especificaciones de control de la computadora\" title=\"\"><\/p>\n<h3 class=\"product-h3\"><span id=\"ctl00_ContentPlaceHolder1_lblImageBottom3\">Escritorio de pie para ordenador M\u00e1s caracter\u00edsticas<\/span><\/h3>\n<p><img decoding=\"async\" id=\"ctl00_ContentPlaceHolder1_imgDetailImageCall3\" class=\"img-responsive\" style=\"border-width: 0px\" src=\"https:\/\/afcindustries.com\/wp-content\/uploads\/2022\/01\/772438-computer-standing-desk-more-features.jpg\" alt=\"accesorio de control del escritorio de pie ajustable en altura\" title=\"\"><\/p>\n","protected":false},"excerpt":{"rendered":"<h1 class=\"product-h3\"><span id=\"ctl00_ContentPlaceHolder1_lblH3\">Escritorio de ordenador de altura regulable<\/span><\/h1>\n<div class=\"col-md-6 col-sm-6 col-xs-12 detailList\">\n<ul>\n<li>Ajuste de altura electr\u00f3nico espec\u00edfico para cada grada<\/li>\n<li>El escritorio con forma especial de pl\u00e1tano mantiene los objetos al alcance de la mano<\/li>\n<li>Ocho brazos de monitor de la serie Z<\/li>\n<li>Brazo de tel\u00e9fono<\/li>\n<li>Dos soportes para CPU<\/li>\n<li>Combo de luces AmbiTask con regulador de intensidad<\/li>\n<li>Dos bajadas de cable para el gestor de cables<\/li>\n<li>Portavasos de metal<\/li>\n<li>Ruedas de cinco pulgadas (las dos delanteras son de bloqueo)<\/li>\n<\/ul>\n<p>&nbsp;<\/p>\n<p>&nbsp;<\/p>\n<\/div>\n<div class=\"col-md-6 col-sm-6 col-xs-12\">\n<ul class=\"ulpdf\">\n<li><a id=\"ctl00_ContentPlaceHolder1_hPDF\" href=\"https:\/\/afcindustries.com\/PDFS\/772438_BDT7272_B_S_0_8FZ_2C_0_B_01.PDF\" target=\"_blank\" rel=\"noopener\"><img decoding=\"async\" id=\"ctl00_ContentPlaceHolder1_imgPDF\" style=\"border-width: 0px;\" src=\"https:\/\/afcindustries.com\/images\/pdf.gif\" border=\"0\" \/><span id=\"ctl00_ContentPlaceHolder1_lblPDFSKU\" class=\"pdf\">PDF 772438_BDT7272_B_S_0_8FZ_2C_0_B_01.pdf<\/span><\/a><\/li>\n<li><a id=\"ctl00_ContentPlaceHolder1_hPDF_instrcution\" href=\"https:\/\/afcindustries.com\/PDF_INSTRUCTION\/HEIGHT%20ADJUSTMENT%20CONTROL%20MANUAL.PDF\" target=\"_blank\" rel=\"noopener\"><img decoding=\"async\" id=\"ctl00_ContentPlaceHolder1_imgPDF_instrcution\" style=\"border-width: 0px;\" src=\"https:\/\/afcindustries.com\/images\/pdf-instruction.png\" border=\"0\" \/><span id=\"ctl00_ContentPlaceHolder1_lblPDF_instrcution\" class=\"pdf\">Manual de control de ajuste de altura<\/span><\/a><\/li>\n<\/ul>\n<ul>\n<li>\n<ul class=\"specPreview\">\n<li>Altura<\/li>\n<li>De 28&#8243; a 47&#8243; desde el suelo<\/li>\n<\/ul>\n<p>&nbsp;<\/li>\n<li>\n<ul class=\"specPreview\">\n<li>Anchura<\/li>\n<li>72 \u00ab<\/li>\n<\/ul>\n<p>&nbsp;<\/li>\n<li>\n<ul class=\"specPreview\">\n<li>Profundidad<\/li>\n<li>72 \u00ab<\/li>\n<\/ul>\n<p>&nbsp;<\/li>\n<\/ul>\n<\/div>\n","protected":false},"featured_media":41805,"template":"","meta":{"_acf_changed":false,"inline_featured_image":false},"product_brand":[],"product_cat":[2123,1915,1907,1788,2085],"product_tag":[],"class_list":{"0":"post-19774","1":"product","2":"type-product","3":"status-publish","4":"has-post-thumbnail","6":"product_cat-escritorio-ergonomico-de-altura-regulable-para-ordenador","7":"product_cat-doble-nivel","8":"product_cat-escritorio-para-estacion-de-trabajo-de-pie","9":"product_cat-escritorios-de-pie","10":"product_cat-mesa-de-trabajo-para-ordenador-en-forma-de-u","11":"pa_model-doble-piso-bdt7272","13":"first","14":"instock","15":"product-type-simple"},"acf":[],"_links":{"self":[{"href":"https:\/\/afcindustries.com\/es\/wp-json\/wp\/v2\/product\/19774","targetHints":{"allow":["GET"]}}],"collection":[{"href":"https:\/\/afcindustries.com\/es\/wp-json\/wp\/v2\/product"}],"about":[{"href":"https:\/\/afcindustries.com\/es\/wp-json\/wp\/v2\/types\/product"}],"wp:featuredmedia":[{"embeddable":true,"href":"https:\/\/afcindustries.com\/es\/wp-json\/wp\/v2\/media\/41805"}],"wp:attachment":[{"href":"https:\/\/afcindustries.com\/es\/wp-json\/wp\/v2\/media?parent=19774"}],"wp:term":[{"taxonomy":"product_brand","embeddable":true,"href":"https:\/\/afcindustries.com\/es\/wp-json\/wp\/v2\/product_brand?post=19774"},{"taxonomy":"product_cat","embeddable":true,"href":"https:\/\/afcindustries.com\/es\/wp-json\/wp\/v2\/product_cat?post=19774"},{"taxonomy":"product_tag","embeddable":true,"href":"https:\/\/afcindustries.com\/es\/wp-json\/wp\/v2\/product_tag?post=19774"}],"curies":[{"name":"wp","href":"https:\/\/api.w.org\/{rel}","templated":true}]}}