{"id":19755,"date":"2022-01-29T12:27:05","date_gmt":"2022-01-29T17:27:05","guid":{"rendered":"https:\/\/afcindustries.com\/product\/soporte-de-techo-para-pantalla-lcd-con-bandeja-para-el-teclado\/"},"modified":"2024-10-09T10:08:05","modified_gmt":"2024-10-09T14:08:05","slug":"soporte-de-techo-para-pantalla-lcd-con-bandeja-para-el-teclado","status":"publish","type":"product","link":"https:\/\/afcindustries.com\/es\/producto\/soporte-de-techo-para-pantalla-lcd-con-bandeja-para-el-teclado\/","title":{"rendered":"Soporte de techo para pantalla LCD con bandeja para el teclado"},"content":{"rendered":"<h1>Soporte de techo para pantalla LCD<\/h1>\n<div id=\"color_choice\">\n<div id=\"ctl00_ContentPlaceHolder1_color1_pnlColor\" class=\"option-Style-Panel1\">\n<div class=\"color-container\">\n<div class=\"color-item\">\n<p>&nbsp;<\/p>\n<div id=\"Black\" class=\"color-item-big\"><img decoding=\"async\" src=\"https:\/\/afcindustries.com\/wp-content\/uploads\/2022\/01\/Black-1.jpg\" alt=\"Negro\" title=\"\"><\/div>\n<\/div>\n<\/div>\n<\/div>\n<\/div>\n<p>Este soporte de techo para pantalla LCD est\u00e1 fabricado con aleaci\u00f3n de aluminio, revestimiento de PVC sanitario, resorte de gas incorporado para un movimiento suave de giro e inclinaci\u00f3n.<\/p>\n<p>Estos soportes de techo para monitores se adaptan a la mayor\u00eda de los monitores planos o LCD de 10&#8243; a 40&#8243;, as\u00ed como a los teclados. La compatibilidad VESA universal, el dise\u00f1o industrial innovador y la fabricaci\u00f3n de alta calidad garantizan la fiabilidad a largo plazo. Los postes ajustables en altura, la inclinaci\u00f3n y el giro de la pantalla y la rotaci\u00f3n de retrato a paisaje proporcionan la flexibilidad que espera en un soporte de techo o de pantalla plana.<\/p>\n<p><strong>El mejor dise\u00f1o ergon\u00f3mico y c\u00f3modo:<\/strong> Dise\u00f1ado para la comodidad para reducir el estr\u00e9s y mantener la postura durante el trabajo.<\/p>\n<p><strong>Soluci\u00f3n de montaje firme:<\/strong>nuestros muebles pueden sujetarse firmemente a las paredes, suelos o techos y pueden soportar el peso adicional de su equipo.<\/p>\n<p><strong>F\u00e1cil de usar:<\/strong> f\u00e1cil de manejar sin necesidad de horas de formaci\u00f3n del usuario. Muy f\u00e1cil de configurar para adaptarse a las preferencias de cada usuario.<\/p>\n<p><strong>Colocaci\u00f3n correcta de la CPU del ordenador:<\/strong> La CPU del ordenador se encuentra fuera de peligro, lo que permite a los usuarios moverse libremente.<\/p>\n<p><strong>Construido seg\u00fan las especificaciones:<\/strong> Se puede especificar para acomodar las necesidades \u00fanicas y el entorno de trabajo de los usuarios individuales antes de la fabricaci\u00f3n.<\/p>\n<p><strong>Garantizado con la garant\u00eda del producto:<\/strong> Cubierto con la garant\u00eda de producto del fabricante que da seguridad a los compradores en caso de que el producto no cumpla con las expectativas.<\/p>\n<p><strong>Equipo de fabricaci\u00f3n de confianza:<\/strong> Nuestros dise\u00f1adores, ingenieros y fabricantes utilizan sus habilidades y talentos para ofrecerle el producto de mayor calidad que usted merece.<\/p>\n<p><strong>Asistencia en la planificaci\u00f3n del espacio de trabajo:<\/strong> Proporcionamos asistencia en la planificaci\u00f3n en la instalaci\u00f3n o renovaci\u00f3n de sus instalaciones de trabajo.<\/p>\n<p><strong>Ayuda para la instalaci\u00f3n:<\/strong> Proporcionamos asistencia exhaustiva en el despliegue de su mobiliario para el servicio.<\/p>\n<p>AFC fabrica equipos de mobiliario de alta calidad que superan las expectativas est\u00e1ndar de practicidad, funcionalidad y ergonom\u00eda. Nuestros productos est\u00e1n garantizados con una garant\u00eda total del producto. Construimos productos que ofrecen a nuestros clientes la tranquilidad de obtener el m\u00e1ximo rendimiento de su inversi\u00f3n.<\/p>\n<p>P\u00f3ngase en contacto con nosotros para una consulta gratuita con nuestro amable y servicial especialista en mobiliario t\u00e9cnico ergon\u00f3mico.<\/p>\n<div class=\"desksize\"><\/div>\n","protected":false},"excerpt":{"rendered":"<h1 class=\"product-h3\"><span id=\"ctl00_ContentPlaceHolder1_lblH3\">Soporte de techo para pantalla plana con bandeja para el teclado<\/span><\/h1>\n<div class=\"col-md-6 col-sm-6 col-xs-12 detailList\">\n<ul>\n<li>El resorte de gas incorporado facilita el movimiento. El teclado y el monitor se pueden flexionar de -20\u00b0 a 60\u00b0.<\/li>\n<li>La longitud desde el techo es ajustable de 47&#8243; a 70&#8243;.<\/li>\n<li>La barra del techo gira 180\u00ba y las extensiones giran hasta 270\u00ba para facilitar el acceso y la visualizaci\u00f3n<\/li>\n<li>Alcance total 68&#8243;<\/li>\n<li>Cumple con los est\u00e1ndares VESA de 75 mm y 100 mm<\/li>\n<li>Bandeja para el teclado con bandeja para el rat\u00f3n a la izquierda o a la derecha<\/li>\n<li>Fabricado con aleaci\u00f3n de aluminio y recubierto con un acabado de PVC sanitario<\/li>\n<li>Ideal para entornos sanitarios, conductos ocultos para la gesti\u00f3n de cables<\/li>\n<li>Capacidad de carga 26 lbs.<\/li>\n<li>Peso de la unidad &#8211; 41 lbs.<\/li>\n<\/ul>\n<p>&nbsp;<\/p>\n<p>&nbsp;<\/p>\n<\/div>\n<div class=\"col-md-6 col-sm-6 col-xs-12\">\n<ul class=\"ulpdf\">\n<li><a id=\"ctl00_ContentPlaceHolder1_hPDF\" href=\"https:\/\/afcindustries.com\/PDFS\/AFC-155-C-MONKB%20COMBOA.PDF\" target=\"_blank\" rel=\"noopener\"><img decoding=\"async\" id=\"ctl00_ContentPlaceHolder1_imgPDF\" style=\"border-width: 0px;\" src=\"https:\/\/afcindustries.com\/images\/pdf.gif\" border=\"0\" \/><span id=\"ctl00_ContentPlaceHolder1_lblPDFSKU\" class=\"pdf\">PDF AFC-155-C-MONKB COMBOA.PDF<\/span><\/a><\/li>\n<\/ul>\n<ul>\n<li>\n<ul class=\"specPreview\">\n<li>Altura<\/li>\n<li>47&#8243;70&#8243;<\/li>\n<\/ul>\n<p>&nbsp;<\/li>\n<li>\n<ul class=\"specPreview\">\n<li>Anchura<\/li>\n<li>68&#8243;<\/li>\n<\/ul>\n<p>&nbsp;<\/li>\n<\/ul>\n<\/div>\n","protected":false},"featured_media":46472,"template":"","meta":{"_acf_changed":false,"inline_featured_image":false},"product_brand":[],"product_cat":[2075,1758,2073],"product_tag":[],"class_list":{"0":"post-19755","1":"product","2":"type-product","3":"status-publish","4":"has-post-thumbnail","6":"product_cat-soporte-de-techo-para-pantalla-lcd-con-bandeja-para-el-teclado","7":"product_cat-soportes-ergonomicos","8":"product_cat-soportes-para-monitores-de-techo","9":"pa_model-combo-afc-155","11":"first","12":"instock","13":"product-type-simple"},"acf":[],"_links":{"self":[{"href":"https:\/\/afcindustries.com\/es\/wp-json\/wp\/v2\/product\/19755","targetHints":{"allow":["GET"]}}],"collection":[{"href":"https:\/\/afcindustries.com\/es\/wp-json\/wp\/v2\/product"}],"about":[{"href":"https:\/\/afcindustries.com\/es\/wp-json\/wp\/v2\/types\/product"}],"wp:featuredmedia":[{"embeddable":true,"href":"https:\/\/afcindustries.com\/es\/wp-json\/wp\/v2\/media\/46472"}],"wp:attachment":[{"href":"https:\/\/afcindustries.com\/es\/wp-json\/wp\/v2\/media?parent=19755"}],"wp:term":[{"taxonomy":"product_brand","embeddable":true,"href":"https:\/\/afcindustries.com\/es\/wp-json\/wp\/v2\/product_brand?post=19755"},{"taxonomy":"product_cat","embeddable":true,"href":"https:\/\/afcindustries.com\/es\/wp-json\/wp\/v2\/product_cat?post=19755"},{"taxonomy":"product_tag","embeddable":true,"href":"https:\/\/afcindustries.com\/es\/wp-json\/wp\/v2\/product_tag?post=19755"}],"curies":[{"name":"wp","href":"https:\/\/api.w.org\/{rel}","templated":true}]}}