{"id":19737,"date":"2022-01-29T12:25:57","date_gmt":"2022-01-29T17:25:57","guid":{"rendered":"https:\/\/afcindustries.com\/product\/puerto-de-datos-emergente-con-conexion-ethernet-usb-hdmi-y-alimentacion\/"},"modified":"2024-10-09T10:07:23","modified_gmt":"2024-10-09T14:07:23","slug":"puerto-de-datos-emergente-con-conexion-ethernet-usb-hdmi-y-alimentacion","status":"publish","type":"product","link":"https:\/\/afcindustries.com\/es\/producto\/puerto-de-datos-emergente-con-conexion-ethernet-usb-hdmi-y-alimentacion\/","title":{"rendered":"Puerto de datos emergente con conexi\u00f3n Ethernet, USB, HDMI y alimentaci\u00f3n"},"content":{"rendered":"<h1>Puerto de datos de alimentaci\u00f3n emergente con conexiones USB, HDMI, Ethernet y 35 mm<\/h1>\n<div id=\"color_choice\"><\/div>\n<p>Este puerto de alimentaci\u00f3n emergente viene con conexiones USB, HDMI, 35MM y Ethernet incorporadas. Su elegante dise\u00f1o, cuando se coloca queda a ras de la superficie del escritorio y cuando se cierra tiene un perfil bajo pero adecuado a las superficies del escritorio.<\/p>\n<p>Al menor toque del dedo, el puerto emergente en c\u00e1mara lenta se abre para revelar una selecci\u00f3n de todos los puertos de conectividad actuales, incluidos USB, HDMI, conector de audio de 35 mm y puertos Ethernet dobles, sin olvidar las tomas de alimentaci\u00f3n de remolque.<\/p>\n<p>Dise\u00f1ado para asentarse perfectamente a nivel de la superficie del escritorio con una proyecci\u00f3n m\u00ednima, este puerto de alimentaci\u00f3n de datos es un accesorio esencial para todos los escritorios. Se puede instalar a la izquierda o a la derecha y podemos a\u00f1adir m\u00e1s de un puerto de alimentaci\u00f3n de datos si lo desea.<\/p>\n<div class=\"desksize\"><\/div>\n","protected":false},"excerpt":{"rendered":"<h1 class=\"product-h3\"><span id=\"ctl00_ContentPlaceHolder1_lblH3\">Puerto de alimentaci\u00f3n de datos emergente con USB, HDMI, Ethernet y audio de 35 mm y alimentaci\u00f3n<\/span><\/h1>\n<div class=\"col-md-6 col-sm-6 col-xs-12 detailList\">\n<ul>\n<li style=\"list-style-type: none;\">\n<ul>\n<li><b>Equipado con los siguientes puertos:<\/b><\/li>\n<li>Conexi\u00f3n universal est\u00e1ndar USB<\/li>\n<li>HDMI para conectar a tu monitor<\/li>\n<li>VGA de 15 pines para una conexi\u00f3n alternativa de monitores<\/li>\n<li>(dos)conexiones Ethernet RJ45 CAT6<\/li>\n<li>(dos) tomas de corriente de 120V<\/li>\n<\/ul>\n<\/li>\n<\/ul>\n<p>&nbsp;<\/p>\n<p>&nbsp;<\/p>\n<\/div>\n<div class=\"col-md-6 col-sm-6 col-xs-12\">\n<p>&nbsp;<\/p>\n<ul>\n<li>\n<ul class=\"specPreview\">\n<li>Altura<\/li>\n<li>10.5&#8243;<\/li>\n<\/ul>\n<p>&nbsp;<\/li>\n<li>\n<ul class=\"specPreview\">\n<li>Anchura<\/li>\n<li>4.6&#8243;<\/li>\n<\/ul>\n<p>&nbsp;<\/li>\n<li>\n<ul class=\"specPreview\">\n<li>Profundidad<\/li>\n<li>3&#8243;<\/li>\n<\/ul>\n<p>&nbsp;<\/li>\n<\/ul>\n<\/div>\n","protected":false},"featured_media":11792,"template":"","meta":{"_acf_changed":false,"inline_featured_image":false},"product_brand":[],"product_cat":[1783,2045,1784],"product_tag":[],"class_list":{"0":"post-19737","1":"product","2":"type-product","3":"status-publish","4":"has-post-thumbnail","6":"product_cat-accesorios","7":"product_cat-puerto-de-datos-emergente-con-conexion-ethernet-usb-y-hdmi","8":"product_cat-todos-los-accesorios","10":"first","11":"instock","12":"product-type-simple"},"acf":[],"_links":{"self":[{"href":"https:\/\/afcindustries.com\/es\/wp-json\/wp\/v2\/product\/19737","targetHints":{"allow":["GET"]}}],"collection":[{"href":"https:\/\/afcindustries.com\/es\/wp-json\/wp\/v2\/product"}],"about":[{"href":"https:\/\/afcindustries.com\/es\/wp-json\/wp\/v2\/types\/product"}],"wp:featuredmedia":[{"embeddable":true,"href":"https:\/\/afcindustries.com\/es\/wp-json\/wp\/v2\/media\/11792"}],"wp:attachment":[{"href":"https:\/\/afcindustries.com\/es\/wp-json\/wp\/v2\/media?parent=19737"}],"wp:term":[{"taxonomy":"product_brand","embeddable":true,"href":"https:\/\/afcindustries.com\/es\/wp-json\/wp\/v2\/product_brand?post=19737"},{"taxonomy":"product_cat","embeddable":true,"href":"https:\/\/afcindustries.com\/es\/wp-json\/wp\/v2\/product_cat?post=19737"},{"taxonomy":"product_tag","embeddable":true,"href":"https:\/\/afcindustries.com\/es\/wp-json\/wp\/v2\/product_tag?post=19737"}],"curies":[{"name":"wp","href":"https:\/\/api.w.org\/{rel}","templated":true}]}}