{"id":19734,"date":"2022-01-29T12:26:24","date_gmt":"2022-01-29T17:26:24","guid":{"rendered":"https:\/\/afcindustries.com\/product\/caja-de-bloqueo-horizontal-para-cpu\/"},"modified":"2024-10-09T10:07:23","modified_gmt":"2024-10-09T14:07:23","slug":"caja-de-bloqueo-horizontal-para-cpu","status":"publish","type":"product","link":"https:\/\/afcindustries.com\/es\/producto\/caja-de-bloqueo-horizontal-para-cpu\/","title":{"rendered":"Caja de bloqueo horizontal para CPU"},"content":{"rendered":"<h1>Caja de bloqueo para CPU de sobremesa<\/h1>\n<div id=\"color_choice\">\n<div id=\"ctl00_ContentPlaceHolder1_color1_pnlColor\" class=\"option-Style-Panel1\">\n<div class=\"color-container\">\n<div class=\"color-item\">\n<p>&nbsp;<\/p>\n<div id=\"Gray\" class=\"color-item-big\"><img decoding=\"async\" src=\"https:\/\/afcindustries.com\/wp-content\/uploads\/2022\/01\/Gray-1.jpg\" alt=\"Gris\" title=\"\"><\/div>\n<\/div>\n<\/div>\n<\/div>\n<\/div>\n<p>Este armario para CPU de primera calidad y mejor valor con la cerradura de seguridad que cuenta con una estructura de chapa de acero gruesa, puerta de bisagra duradera con cerradura segura, agujeros de ventilaci\u00f3n de refrigeraci\u00f3n, entrada de cable de ojal que se puede colocar en un escritorio o montado en las paredes o debajo del escritorio.<\/p>\n<p>Hacer que el dispositivo de la CPU est\u00e9 libre de manipulaciones es una medida muy valiosa para asegurar los datos muy sensibles que su empresa puede estar protegiendo del robo y el fraude. Esta caja para CPU viene con un mecanismo de bloqueo duradero que encierra de forma segura su dispositivo de CPU, evitando as\u00ed el acceso no autorizado.<\/p>\n<p>Fabricamos equipos de mobiliario ergon\u00f3mico de alta calidad que superan las expectativas est\u00e1ndar de practicidad y funcionalidad. Nuestros productos est\u00e1n garantizados con una garant\u00eda total del producto. Fabricamos productos que ofrecen a nuestros clientes la tranquilidad de obtener el m\u00e1ximo rendimiento de su inversi\u00f3n.<\/p>\n<p>D\u00e9jenos ayudarle. P\u00f3ngase en contacto con nosotros para obtener una consulta experta gratuita con nuestro amable especialista en dise\u00f1o de mobiliario t\u00e9cnico ergon\u00f3mico.<\/p>\n<div class=\"desksize\"><\/div>\n<h3 class=\"product-h3\"><span id=\"ctl00_ContentPlaceHolder1_lblImageBottom1\">CPU horizontal con caja de bloqueo de la puerta<\/span><\/h3>\n<p><img decoding=\"async\" id=\"ctl00_ContentPlaceHolder1_imgDetailImageCall\" class=\"img-responsive\" style=\"border-width: 0px\" src=\"https:\/\/afcindustries.com\/wp-content\/uploads\/2022\/01\/771714-horizontal-cpu-with-door-locking-box.jpg\" alt=\"CPU horizontal con caja de bloqueo de la puerta\" title=\"\"><\/p>\n<div id=\"ctl00_ContentPlaceHolder1_pnlImageContainer\"><\/div>\n<h3 class=\"product-h3\"><span id=\"ctl00_ContentPlaceHolder1_lblImageBottom2\">Caja de bloqueo horizontal para CPU con orificios de refrigeraci\u00f3n<\/span><\/h3>\n<p><img decoding=\"async\" id=\"ctl00_ContentPlaceHolder1_imgDetailImageCall2\" class=\"img-responsive\" style=\"border-width: 0px\" src=\"https:\/\/afcindustries.com\/wp-content\/uploads\/2022\/01\/771714-horizontal-cpu-locking-box-with-cooling-holes.jpg\" alt=\"Caja de bloqueo horizontal para CPU con orificios de refrigeraci\u00f3n\" title=\"\"><\/p>\n<h3 class=\"product-h3\"><span id=\"ctl00_ContentPlaceHolder1_lblImageBottom3\">Caja de bloqueo de la CPU con acceso a los cables con ojal<\/span><\/h3>\n<p><img decoding=\"async\" id=\"ctl00_ContentPlaceHolder1_imgDetailImageCall3\" class=\"img-responsive\" style=\"border-width: 0px\" src=\"https:\/\/afcindustries.com\/wp-content\/uploads\/2022\/01\/771714-cpu-locking-box-with-grommet-wire-access.jpg\" alt=\"Caja de bloqueo de la CPU con acceso a los cables con ojal\" title=\"\"><\/p>\n","protected":false},"excerpt":{"rendered":"<h1 class=\"product-h3\"><span id=\"ctl00_ContentPlaceHolder1_lblH3\">Caja horizontal para CPU con tapa con cerradura<\/span><\/h1>\n<div class=\"col-md-6 col-sm-6 col-xs-12 detailList\">\n<ul>\n<li>S\u00f3lida estructura de acero con puerta y malla de ventilaci\u00f3n<\/li>\n<li>Orificio de ojal en la parte trasera para facilitar la gesti\u00f3n de los cables<\/li>\n<li>Puerta con cerradura para mayor seguridad<\/li>\n<li>Dise\u00f1ado para ser colocado encima de un escritorio<\/li>\n<\/ul>\n<p>&nbsp;<\/p>\n<p>&nbsp;<\/p>\n<\/div>\n<div class=\"col-md-6 col-sm-6 col-xs-12\">\n<ul class=\"ulpdf\">\n<li><a id=\"ctl00_ContentPlaceHolder1_hPDF\" href=\"https:\/\/afcindustries.com\/PDFS\/CPU-LB-180518-01A.PDF\" target=\"_blank\" rel=\"noopener\"><img decoding=\"async\" id=\"ctl00_ContentPlaceHolder1_imgPDF\" style=\"border-width: 0px;\" src=\"https:\/\/afcindustries.com\/images\/pdf.gif\" border=\"0\" \/><span id=\"ctl00_ContentPlaceHolder1_lblPDFSKU\" class=\"pdf\">PDF CPU-LB-180518-01a.pdf<\/span><\/a><\/li>\n<\/ul>\n<\/div>\n","protected":false},"featured_media":11817,"template":"","meta":{"_acf_changed":false,"inline_featured_image":false},"product_brand":[],"product_cat":[1783,2041,1784],"product_tag":[],"class_list":{"0":"post-19734","1":"product","2":"type-product","3":"status-publish","4":"has-post-thumbnail","6":"product_cat-accesorios","7":"product_cat-caja-de-bloqueo-horizontal-para-cpu","8":"product_cat-todos-los-accesorios","9":"pa_model-cpu-lb-es","11":"first","12":"instock","13":"product-type-simple"},"acf":[],"_links":{"self":[{"href":"https:\/\/afcindustries.com\/es\/wp-json\/wp\/v2\/product\/19734","targetHints":{"allow":["GET"]}}],"collection":[{"href":"https:\/\/afcindustries.com\/es\/wp-json\/wp\/v2\/product"}],"about":[{"href":"https:\/\/afcindustries.com\/es\/wp-json\/wp\/v2\/types\/product"}],"wp:featuredmedia":[{"embeddable":true,"href":"https:\/\/afcindustries.com\/es\/wp-json\/wp\/v2\/media\/11817"}],"wp:attachment":[{"href":"https:\/\/afcindustries.com\/es\/wp-json\/wp\/v2\/media?parent=19734"}],"wp:term":[{"taxonomy":"product_brand","embeddable":true,"href":"https:\/\/afcindustries.com\/es\/wp-json\/wp\/v2\/product_brand?post=19734"},{"taxonomy":"product_cat","embeddable":true,"href":"https:\/\/afcindustries.com\/es\/wp-json\/wp\/v2\/product_cat?post=19734"},{"taxonomy":"product_tag","embeddable":true,"href":"https:\/\/afcindustries.com\/es\/wp-json\/wp\/v2\/product_tag?post=19734"}],"curies":[{"name":"wp","href":"https:\/\/api.w.org\/{rel}","templated":true}]}}