{"id":19721,"date":"2022-01-29T12:25:57","date_gmt":"2022-01-29T17:25:57","guid":{"rendered":"https:\/\/afcindustries.com\/product\/gestor-de-cables-wm201\/"},"modified":"2024-10-09T10:07:05","modified_gmt":"2024-10-09T14:07:05","slug":"gestor-de-cables-wm201","status":"publish","type":"product","link":"https:\/\/afcindustries.com\/es\/producto\/gestor-de-cables-wm201\/","title":{"rendered":"Gestor de cables WM201"},"content":{"rendered":"<h1>Gestor de cables universal<\/h1>\n<div id=\"color_choice\"><\/div>\n<p>Un organizador de cables de pl\u00e1stico con canales en cada eslab\u00f3n para facilitar la inserci\u00f3n de cables. Se puede montar f\u00e1cilmente mediante un tornillo. 14&#8243; o 36&#8243; de longitud.<\/p>\n<p>Dise\u00f1ado para uso vertical u horizontal, este gestor de cables WM201 viene en longitudes de 1,2 o 3 pies.<\/p>\n<p>Cada longitud tiene un cuerpo principal con 2 canales separados para llevar los cables por separado.<\/p>\n<p>Los dos canales principales se abren por el lateral y la parte superior, respectivamente.<\/p>\n<p>El WM 201 cumple los requisitos de las ciudades que especifican que los cables de datos y de alimentaci\u00f3n se transporten en canales separados.<\/p>\n<p>Unos sistemas de cableado bien organizados mantienen la seguridad de su oficina o \u00e1reas de producci\u00f3n en todo momento. Los sistemas de cableado desordenados corren el riesgo de sufrir tirones accidentales, lo que resulta peligroso tanto para los equipos como para el personal. Este organizador de cables envolventes elimina ese riesgo, por lo que le ahorra la posible responsabilidad y los da\u00f1os materiales que puedan producirse.<\/p>\n<p>Fabricamos equipos de mobiliario ergon\u00f3mico de alta calidad que superan las expectativas est\u00e1ndar de practicidad y funcionalidad. Nuestros productos est\u00e1n garantizados con una garant\u00eda total del producto. Fabricamos productos que ofrecen a nuestros clientes la tranquilidad de obtener el m\u00e1ximo rendimiento de su inversi\u00f3n.<\/p>\n<p>P\u00f3ngase en contacto con nosotros para una consulta gratuita con nuestro amable y servicial especialista en equipamiento t\u00e9cnico de mobiliario ergon\u00f3mico.<\/p>\n<div class=\"desksize\"><\/div>\n<h3 class=\"product-h3\"><span id=\"ctl00_ContentPlaceHolder1_lblImageBottom1\">Gestor de cables universal de pl\u00e1stico<\/span><\/h3>\n<p><img decoding=\"async\" id=\"ctl00_ContentPlaceHolder1_imgDetailImageCall\" class=\"img-responsive\" style=\"border-width: 0px\" src=\"https:\/\/afcindustries.com\/wp-content\/uploads\/2022\/01\/772145-universal-plastic-wire-manager.jpg\" alt=\"Gestor de cables universal de pl\u00e1stico\" title=\"\"><\/p>\n<div id=\"ctl00_ContentPlaceHolder1_pnlImageContainer\"><\/div>\n<h3 class=\"product-h3\"><\/h3>\n<h3 class=\"product-h3\"><\/h3>\n","protected":false},"excerpt":{"rendered":"<h1 class=\"product-h3\"><span id=\"ctl00_ContentPlaceHolder1_lblH3\">Caracter\u00edsticas del accesorio Wire Manager<\/span><\/h1>\n<div class=\"col-md-6 col-sm-6 col-xs-12 detailList\">\n<ul>\n<li>Gestor de cables de 36&#8243; de longitud<\/li>\n<li>Tambi\u00e9n est\u00e1 disponible en 24&#8243; y 12&#8243;.<\/li>\n<li>Disponible en tres longitudes variables de caja de cables<\/li>\n<li>Construido con dos canales separados para separar el cable de alimentaci\u00f3n de los cables de datos<\/li>\n<li>Dise\u00f1ado para uso vertical y horizontal<\/li>\n<li>Carcasa de pl\u00e1stico flexible<\/li>\n<li>Mantenga su escritorio ordenado y organizado<\/li>\n<\/ul>\n<p>&nbsp;<\/p>\n<p><span id=\"ctl00_ContentPlaceHolder1_lblFeatures\">\u00a0<\/span><\/p>\n<\/div>\n","protected":false},"featured_media":11788,"template":"","meta":{"_acf_changed":false,"inline_featured_image":false},"product_brand":[],"product_cat":[1783,2037,1784],"product_tag":[],"class_list":{"0":"post-19721","1":"product","2":"type-product","3":"status-publish","4":"has-post-thumbnail","6":"product_cat-accesorios","7":"product_cat-gestor-de-cables-wm-201","8":"product_cat-todos-los-accesorios","9":"pa_model-wm201-36-es","11":"first","12":"instock","13":"product-type-simple"},"acf":[],"_links":{"self":[{"href":"https:\/\/afcindustries.com\/es\/wp-json\/wp\/v2\/product\/19721","targetHints":{"allow":["GET"]}}],"collection":[{"href":"https:\/\/afcindustries.com\/es\/wp-json\/wp\/v2\/product"}],"about":[{"href":"https:\/\/afcindustries.com\/es\/wp-json\/wp\/v2\/types\/product"}],"wp:featuredmedia":[{"embeddable":true,"href":"https:\/\/afcindustries.com\/es\/wp-json\/wp\/v2\/media\/11788"}],"wp:attachment":[{"href":"https:\/\/afcindustries.com\/es\/wp-json\/wp\/v2\/media?parent=19721"}],"wp:term":[{"taxonomy":"product_brand","embeddable":true,"href":"https:\/\/afcindustries.com\/es\/wp-json\/wp\/v2\/product_brand?post=19721"},{"taxonomy":"product_cat","embeddable":true,"href":"https:\/\/afcindustries.com\/es\/wp-json\/wp\/v2\/product_cat?post=19721"},{"taxonomy":"product_tag","embeddable":true,"href":"https:\/\/afcindustries.com\/es\/wp-json\/wp\/v2\/product_tag?post=19721"}],"curies":[{"name":"wp","href":"https:\/\/api.w.org\/{rel}","templated":true}]}}