{"id":19701,"date":"2022-01-29T12:27:05","date_gmt":"2022-01-29T17:27:05","guid":{"rendered":"https:\/\/afcindustries.com\/product\/soporte-de-pared-para-cuatro-monitores\/"},"modified":"2024-10-10T10:58:45","modified_gmt":"2024-10-10T14:58:45","slug":"soporte-de-pared-para-cuatro-monitores","status":"publish","type":"product","link":"https:\/\/afcindustries.com\/es\/producto\/soporte-de-pared-para-cuatro-monitores\/","title":{"rendered":"Soporte de pared para cuatro monitores"},"content":{"rendered":"<h1>Soporte de pared para cuatro monitores de ordenador<\/h1>\n<div id=\"color_choice\">\n<div id=\"ctl00_ContentPlaceHolder1_color1_pnlColor\" class=\"option-Style-Panel1\">\n<div class=\"color-container\">\n<div class=\"color-item\">\n<p>&nbsp;<\/p>\n<div id=\"Black\" class=\"color-item-big\"><img decoding=\"async\" src=\"https:\/\/afcindustries.com\/wp-content\/uploads\/2022\/01\/Black-1.jpg\" alt=\"Negro\" title=\"\"><\/div>\n<\/div>\n<\/div>\n<\/div>\n<\/div>\n<p>Este soporte de pared para cuatro monitores, de gran valor, ofrece al usuario m\u00faltiples vistas de monitores; es un soporte de pared para monitores ajustable. Tambi\u00e9n ayuda al usuario a ser m\u00e1s eficiente y eficaz.<\/p>\n<p>Este soporte de pared para cuatro monitores de ordenador est\u00e1 equipado: cuatro soportes para monitores de pantalla plana y un carril de montaje de pared horizontal.<\/p>\n<p>Fabricamos equipos de mobiliario ergon\u00f3mico de alta calidad que superan las expectativas est\u00e1ndar de practicidad y funcionalidad. Nuestros productos est\u00e1n garantizados con una garant\u00eda total del producto. Fabricamos productos que ofrecen a nuestros clientes la tranquilidad de obtener el m\u00e1ximo rendimiento de su inversi\u00f3n.<\/p>\n<p>P\u00f3ngase en contacto con nosotros para una consulta gratuita con nuestro amable y servicial especialista en equipamiento t\u00e9cnico de mobiliario ergon\u00f3mico.<\/p>\n<div class=\"desksize\"><\/div>\n<h3 class=\"product-h3\"><span id=\"ctl00_ContentPlaceHolder1_lblImageBottom1\">Soporte de pared horizontal con brazo para 4 monitores<\/span><\/h3>\n<p><img decoding=\"async\" id=\"ctl00_ContentPlaceHolder1_imgDetailImageCall\" class=\"img-responsive\" style=\"border-width: 0px;\" src=\"https:\/\/afcindustries.com\/wp-content\/uploads\/2022\/01\/772507-4-monitor-arm-horizontal-wall-mount.jpg\" alt=\"Soporte de pared horizontal con brazo para 4 monitores\" title=\"\"><\/p>\n<div id=\"ctl00_ContentPlaceHolder1_pnlImageContainer\"><\/div>\n<h3 class=\"product-h3\"><span id=\"ctl00_ContentPlaceHolder1_lblImageBottom2\">Soporte de pared horizontal con brazo para 4 monitores Caracter\u00edsticas<\/span><\/h3>\n<p><img decoding=\"async\" id=\"ctl00_ContentPlaceHolder1_imgDetailImageCall2\" class=\"img-responsive\" style=\"border-width: 0px;\" src=\"https:\/\/afcindustries.com\/wp-content\/uploads\/2022\/01\/772507-4-monitor-arm-horizontal-wall-mount-features.jpg\" alt=\"Soporte de pared horizontal con brazo para 4 monitores Caracter\u00edsticas del soporte de pared horizontal con brazo para 4 monitores\" title=\"\"><\/p>\n<h3 class=\"product-h3\"><span id=\"ctl00_ContentPlaceHolder1_lblImageBottom3\">Soporte de pared horizontal con brazo para 4 monitores M\u00e1s caracter\u00edsticas<\/span><\/h3>\n<p><img decoding=\"async\" id=\"ctl00_ContentPlaceHolder1_imgDetailImageCall3\" class=\"img-responsive\" style=\"border-width: 0px;\" src=\"https:\/\/afcindustries.com\/wp-content\/uploads\/2022\/01\/772507-4-monitor-arm-horizontal-wall-mount-more-features.jpg\" alt=\"Soporte de pared horizontal con brazo para 4 monitores M\u00e1s caracter\u00edsticas\" title=\"\"><\/p>\n","protected":false},"excerpt":{"rendered":"<h1 class=\"product-h3\"><span id=\"ctl00_ContentPlaceHolder1_lblH3\">Soporte de pared de v\u00eddeo para cuatro monitores<\/span><\/h1>\n<div class=\"col-md-6 col-sm-6 col-xs-12 detailList\">\n<ul>\n<li>Soporte de monitor de pista para montaje en pared<\/li>\n<li>Construido para soportar cuatro monitores de pantalla plana<\/li>\n<li>Funcionalidad ajustable para un mejor \u00e1ngulo de visi\u00f3n<\/li>\n<li>Riel de pared horizontal ancho<\/li>\n<li>Soluci\u00f3n de ahorro de espacio para \u00e1reas de trabajo reducidas<\/li>\n<\/ul>\n<p>&nbsp;<\/p>\n<p>&nbsp;<\/p>\n<\/div>\n<div class=\"col-md-6 col-sm-6 col-xs-12\">\n<ul class=\"ulpdf\">\n<li><a id=\"ctl00_ContentPlaceHolder1_hPDF\" href=\"https:\/\/afcindustries.com\/PDFS\/WMH72_4M23Z-01.PDF\" target=\"_blank\" rel=\"noopener\"><img decoding=\"async\" id=\"ctl00_ContentPlaceHolder1_imgPDF\" style=\"border-width: 0px;\" src=\"https:\/\/afcindustries.com\/images\/pdf.gif\" border=\"0\" \/><span id=\"ctl00_ContentPlaceHolder1_lblPDFSKU\" class=\"pdf\">PDF WMH72_4M23Z-01.pdf<\/span><\/a><\/li>\n<\/ul>\n<ul>\n<li>\n<ul class=\"specPreview\">\n<li>Anchura<\/li>\n<li>72&#8243;<\/li>\n<\/ul>\n<p>&nbsp;<\/li>\n<li><\/li>\n<\/ul>\n<\/div>\n","protected":false},"featured_media":11846,"template":"","meta":{"_acf_changed":false,"inline_featured_image":false},"product_brand":[],"product_cat":[2023,3178,1758,1948],"product_tag":[],"class_list":{"0":"post-19701","1":"product","2":"type-product","3":"status-publish","4":"has-post-thumbnail","6":"product_cat-soporte-de-pared-para-cuatro-monitores","7":"product_cat-soporte-de-pared-para-varios-monitores-montado-en-carril","8":"product_cat-soportes-ergonomicos","9":"product_cat-todos-los-soportes-ergonomicos","11":"first","12":"instock","13":"product-type-simple"},"acf":[],"_links":{"self":[{"href":"https:\/\/afcindustries.com\/es\/wp-json\/wp\/v2\/product\/19701","targetHints":{"allow":["GET"]}}],"collection":[{"href":"https:\/\/afcindustries.com\/es\/wp-json\/wp\/v2\/product"}],"about":[{"href":"https:\/\/afcindustries.com\/es\/wp-json\/wp\/v2\/types\/product"}],"wp:featuredmedia":[{"embeddable":true,"href":"https:\/\/afcindustries.com\/es\/wp-json\/wp\/v2\/media\/11846"}],"wp:attachment":[{"href":"https:\/\/afcindustries.com\/es\/wp-json\/wp\/v2\/media?parent=19701"}],"wp:term":[{"taxonomy":"product_brand","embeddable":true,"href":"https:\/\/afcindustries.com\/es\/wp-json\/wp\/v2\/product_brand?post=19701"},{"taxonomy":"product_cat","embeddable":true,"href":"https:\/\/afcindustries.com\/es\/wp-json\/wp\/v2\/product_cat?post=19701"},{"taxonomy":"product_tag","embeddable":true,"href":"https:\/\/afcindustries.com\/es\/wp-json\/wp\/v2\/product_tag?post=19701"}],"curies":[{"name":"wp","href":"https:\/\/api.w.org\/{rel}","templated":true}]}}