{"id":19700,"date":"2022-01-29T12:26:24","date_gmt":"2022-01-29T17:26:24","guid":{"rendered":"https:\/\/afcindustries.com\/product\/riel-de-pared-metalico\/"},"modified":"2024-10-09T10:06:47","modified_gmt":"2024-10-09T14:06:47","slug":"riel-de-pared-metalico","status":"publish","type":"product","link":"https:\/\/afcindustries.com\/es\/producto\/riel-de-pared-metalico\/","title":{"rendered":"Riel de pared met\u00e1lico"},"content":{"rendered":"<h1>Riel de pared de acero<\/h1>\n<div id=\"color_choice\">\n<div id=\"ctl00_ContentPlaceHolder1_color1_pnlColor\" class=\"option-Style-Panel1\">\n<div class=\"color-container\">\n<div class=\"color-item\">\n<p>&nbsp;<\/p>\n<div id=\"Gray\" class=\"color-item-big\"><img decoding=\"async\" src=\"https:\/\/afcindustries.com\/wp-content\/uploads\/2022\/01\/Gray-1.jpg\" alt=\"Gris\" title=\"\"><\/div>\n<\/div>\n<\/div>\n<\/div>\n<\/div>\n<p>Combine y cree una estaci\u00f3n de trabajo montada en la pared con este riel de pared met\u00e1lico de 56&#8243;. Este art\u00edculo es perfecto para a\u00f1adir accesorios montados en la pared, como brazos para monitores, bandejas para teclados, soportes para CPU, estantes para impresoras o esc\u00e1neres, y muchos m\u00e1s.<\/p>\n<p>El sistema de rieles tiene agujeros que proporcionan un montaje eficiente en la pared y un deslizador para la funcionalidad ajustable en altura<\/p>\n<p>AFC fabrica equipos de mobiliario de alta calidad que superan las expectativas est\u00e1ndar de practicidad, funcionalidad y ergonom\u00eda. Nuestros productos est\u00e1n garantizados con una garant\u00eda total del producto. Construimos productos que ofrecen a nuestros clientes la tranquilidad de obtener el m\u00e1ximo rendimiento de su inversi\u00f3n.<\/p>\n<p>P\u00f3ngase en contacto con nosotros para una consulta gratuita con nuestro amable y servicial especialista en mobiliario t\u00e9cnico ergon\u00f3mico.<\/p>\n<div class=\"desksize\"><\/div>\n<h3 class=\"product-h3\"><span id=\"ctl00_ContentPlaceHolder1_lblImageBottom1\">Riel de pared 56&#8243; <\/span><\/h3>\n<p><img decoding=\"async\" id=\"ctl00_ContentPlaceHolder1_imgDetailImageCall\" class=\"img-responsive\" style=\"border-width: 0px\" src=\"https:\/\/afcindustries.com\/wp-content\/uploads\/2022\/01\/772487-wall-mounted-track-56.jpg\" alt=\"Riel de pared 56\" title=\"\"><\/p>\n<div id=\"ctl00_ContentPlaceHolder1_pnlImageContainer\"><\/div>\n<h3 class=\"product-h3\"><span id=\"ctl00_ContentPlaceHolder1_lblImageBottom2\"> Accesorio de riel montado en la pared de 56<\/span><\/h3>\n<p><img decoding=\"async\" id=\"ctl00_ContentPlaceHolder1_imgDetailImageCall2\" class=\"img-responsive\" style=\"border-width: 0px\" src=\"https:\/\/afcindustries.com\/pages\/detailImage2\/772487--56-wall-mounted-track-accessory.jpg\" alt=\" Accesorio de riel montado en la pared de 56\" title=\"\"><\/p>\n<h3 class=\"product-h3\"><\/h3>\n","protected":false},"excerpt":{"rendered":"<h1 class=\"product-h3\"><span id=\"ctl00_ContentPlaceHolder1_lblH3\">Soporte de pared met\u00e1lico para rieles Caracter\u00edsticas<\/span><\/h1>\n<div class=\"col-md-6 col-sm-6 col-xs-12 detailList\">\n<ul>\n<li>Carril de montaje en pared de 56 pulgadas<\/li>\n<li>Accesorio de pared para ahorrar espacio<\/li>\n<li>Soporte de base para accesorios montados en la pared<\/li>\n<li>Recubrimientos antimicrobianos para una desinfecci\u00f3n completa<\/li>\n<li>Mecanismo de bloqueo de altura en cualquier posici\u00f3n para mayor seguridad y estabilidad<\/li>\n<li>Dise\u00f1o ergon\u00f3mico con flexibilidad y durabilidad<\/li>\n<\/ul>\n<p>&nbsp;<\/p>\n<p>&nbsp;<\/p>\n<\/div>\n<div class=\"col-md-6 col-sm-6 col-xs-12\">\n<ul class=\"ulpdf\">\n<li><a id=\"ctl00_ContentPlaceHolder1_hPDF\" href=\"https:\/\/afcindustries.com\/PDFS\/772487_PDF.PDF\" target=\"_blank\" rel=\"noopener\"><img decoding=\"async\" id=\"ctl00_ContentPlaceHolder1_imgPDF\" style=\"border-width: 0px;\" src=\"https:\/\/afcindustries.com\/images\/pdf.gif\" border=\"0\" \/><span id=\"ctl00_ContentPlaceHolder1_lblPDFSKU\" class=\"pdf\">PDF 772487_pdf.PDF<\/span><\/a><\/li>\n<\/ul>\n<ul>\n<li>\n<ul class=\"specPreview\">\n<li>Altura<\/li>\n<li>&#8211; 56 pulgadas<\/li>\n<\/ul>\n<p>&nbsp;<\/li>\n<li>\n<ul class=\"specPreview\">\n<li>Anchura<\/li>\n<li>&#8211; 5 pulgadas<\/li>\n<\/ul>\n<p>&nbsp;<\/li>\n<li>\n<ul class=\"specPreview\">\n<li>Profundidad<\/li>\n<li>&#8211; 1 pulgada<\/li>\n<\/ul>\n<p>&nbsp;<\/li>\n<\/ul>\n<\/div>\n","protected":false},"featured_media":11805,"template":"","meta":{"_acf_changed":false,"inline_featured_image":false},"product_brand":[],"product_cat":[1783,2021,1784],"product_tag":[],"class_list":{"0":"post-19700","1":"product","2":"type-product","3":"status-publish","4":"has-post-thumbnail","6":"product_cat-accesorios","7":"product_cat-riel-de-pared-metalico","8":"product_cat-todos-los-accesorios","9":"pa_model-wm56_01-es","11":"first","12":"instock","13":"product-type-simple"},"acf":[],"_links":{"self":[{"href":"https:\/\/afcindustries.com\/es\/wp-json\/wp\/v2\/product\/19700","targetHints":{"allow":["GET"]}}],"collection":[{"href":"https:\/\/afcindustries.com\/es\/wp-json\/wp\/v2\/product"}],"about":[{"href":"https:\/\/afcindustries.com\/es\/wp-json\/wp\/v2\/types\/product"}],"wp:featuredmedia":[{"embeddable":true,"href":"https:\/\/afcindustries.com\/es\/wp-json\/wp\/v2\/media\/11805"}],"wp:attachment":[{"href":"https:\/\/afcindustries.com\/es\/wp-json\/wp\/v2\/media?parent=19700"}],"wp:term":[{"taxonomy":"product_brand","embeddable":true,"href":"https:\/\/afcindustries.com\/es\/wp-json\/wp\/v2\/product_brand?post=19700"},{"taxonomy":"product_cat","embeddable":true,"href":"https:\/\/afcindustries.com\/es\/wp-json\/wp\/v2\/product_cat?post=19700"},{"taxonomy":"product_tag","embeddable":true,"href":"https:\/\/afcindustries.com\/es\/wp-json\/wp\/v2\/product_tag?post=19700"}],"curies":[{"name":"wp","href":"https:\/\/api.w.org\/{rel}","templated":true}]}}