{"id":19677,"date":"2022-01-29T12:25:57","date_gmt":"2022-01-29T17:25:57","guid":{"rendered":"https:\/\/afcindustries.com\/product\/gestor-de-cables-universal\/"},"modified":"2024-10-09T10:06:47","modified_gmt":"2024-10-09T14:06:47","slug":"gestor-de-cables-universal","status":"publish","type":"product","link":"https:\/\/afcindustries.com\/es\/producto\/gestor-de-cables-universal\/","title":{"rendered":"Gestor de cables universal"},"content":{"rendered":"<h1>Gestor de cables de alta resistencia<\/h1>\n<div id=\"color_choice\"><\/div>\n<p>Este organizador de cables flexible es perfecto para organizar todos sus cables.<\/p>\n<p>18 eslabones interconectados, la longitud total se puede personalizar.<\/p>\n<p>Un organizador de cables de envoltura flexible con canales en cada eslab\u00f3n para facilitar la inserci\u00f3n de los cables. Se puede montar f\u00e1cilmente mediante un tornillo en ambos extremos. 30&#8243; de longitud con 18 piezas de eslabones.<\/p>\n<p>Un sistema de cableado bien organizado mantiene su oficina o \u00e1reas de producci\u00f3n seguras en todo momento. Los sistemas de cableado desordenados corren el riesgo de sufrir tirones accidentales, lo que es peligroso tanto para los equipos como para el personal. Este organizador de cables envolventes elimina ese riesgo, por lo que le ahorra la posible responsabilidad y los da\u00f1os materiales que puedan producirse.<\/p>\n<p>Fabricamos equipos de mobiliario ergon\u00f3mico de alta calidad que superan las expectativas est\u00e1ndar de practicidad y funcionalidad. Nuestros productos est\u00e1n garantizados con una garant\u00eda total del producto. Fabricamos productos que ofrecen a nuestros clientes la tranquilidad de obtener el m\u00e1ximo rendimiento de su inversi\u00f3n.<\/p>\n<p>P\u00f3ngase en contacto con nosotros para una consulta gratuita con nuestro amable y servicial especialista en equipamiento t\u00e9cnico de mobiliario ergon\u00f3mico.<\/p>\n<div class=\"desksize\"><\/div>\n<h3 class=\"product-h3\"><\/h3>\n<p><img decoding=\"async\" id=\"ctl00_ContentPlaceHolder1_imgDetailImageCall\" class=\"img-responsive\" style=\"border-width: 0px\" src=\"https:\/\/afcindustries.com\/wp-content\/uploads\/2022\/01\/771622-details-flexible-wire-manager.jpg\" alt=\"Gestor universal de cables flexibles\" title=\"\"><\/p>\n<div id=\"ctl00_ContentPlaceHolder1_pnlImageContainer\"><\/div>\n<h3 class=\"product-h3\"><\/h3>\n<h3 class=\"product-h3\"><\/h3>\n","protected":false},"excerpt":{"rendered":"<h1 class=\"product-h3\"><span id=\"ctl00_ContentPlaceHolder1_lblH3\">Caracter\u00edsticas del gestor de cables flexible<\/span><\/h1>\n<div class=\"col-md-6 col-sm-6 col-xs-12 detailList\">\n<ul>\n<li>Fijaci\u00f3n con tornillos en la parte superior e inferior<\/li>\n<li>Canales en cada enlace para facilitar la gesti\u00f3n de los cables<\/li>\n<li>Mantenga sus cables y conductos ordenados y organizados<\/li>\n<li>18 enlaces interconectados<\/li>\n<li>Longitud total de 32 pulgadas con soportes de montaje en ambos extremos<\/li>\n<li>Construido con materiales industriales de alta calidad<\/li>\n<\/ul>\n<p>&nbsp;<\/p>\n<p>&nbsp;<\/p>\n<\/div>\n<div class=\"col-md-6 col-sm-6 col-xs-12\">\n<ul class=\"ulpdf\">\n<li><a id=\"ctl00_ContentPlaceHolder1_hPDF\" href=\"https:\/\/afcindustries.com\/PDFS\/771622_PDF.PDF\" target=\"_blank\" rel=\"noopener\"><img decoding=\"async\" id=\"ctl00_ContentPlaceHolder1_imgPDF\" style=\"border-width: 0px;\" src=\"https:\/\/afcindustries.com\/images\/pdf.gif\" border=\"0\" \/><span id=\"ctl00_ContentPlaceHolder1_lblPDFSKU\" class=\"pdf\">PDF 771622_pdf.pdf<\/span><\/a><\/li>\n<\/ul>\n<ul>\n<li>\n<ul class=\"specPreview\">\n<li>Altura<\/li>\n<li>&#8211; 32 pulgadas<\/li>\n<\/ul>\n<p>&nbsp;<\/li>\n<li>\n<ul class=\"specPreview\">\n<li>Anchura<\/li>\n<li>&#8211; 2,33 pulgadas<\/li>\n<\/ul>\n<p>&nbsp;<\/li>\n<li>\n<ul class=\"specPreview\">\n<li>Profundidad<\/li>\n<li>&#8211; 1,78 pulgadas<\/li>\n<\/ul>\n<p>&nbsp;<\/li>\n<\/ul>\n<\/div>\n","protected":false},"featured_media":11773,"template":"","meta":{"_acf_changed":false,"inline_featured_image":false},"product_brand":[],"product_cat":[1783,2009],"product_tag":[],"class_list":{"0":"post-19677","1":"product","2":"type-product","3":"status-publish","4":"has-post-thumbnail","6":"product_cat-accesorios","7":"product_cat-mejor-gestor-de-cables-wmf-100","8":"pa_model-wmf100-es","10":"first","11":"instock","12":"product-type-simple"},"acf":[],"_links":{"self":[{"href":"https:\/\/afcindustries.com\/es\/wp-json\/wp\/v2\/product\/19677","targetHints":{"allow":["GET"]}}],"collection":[{"href":"https:\/\/afcindustries.com\/es\/wp-json\/wp\/v2\/product"}],"about":[{"href":"https:\/\/afcindustries.com\/es\/wp-json\/wp\/v2\/types\/product"}],"wp:featuredmedia":[{"embeddable":true,"href":"https:\/\/afcindustries.com\/es\/wp-json\/wp\/v2\/media\/11773"}],"wp:attachment":[{"href":"https:\/\/afcindustries.com\/es\/wp-json\/wp\/v2\/media?parent=19677"}],"wp:term":[{"taxonomy":"product_brand","embeddable":true,"href":"https:\/\/afcindustries.com\/es\/wp-json\/wp\/v2\/product_brand?post=19677"},{"taxonomy":"product_cat","embeddable":true,"href":"https:\/\/afcindustries.com\/es\/wp-json\/wp\/v2\/product_cat?post=19677"},{"taxonomy":"product_tag","embeddable":true,"href":"https:\/\/afcindustries.com\/es\/wp-json\/wp\/v2\/product_tag?post=19677"}],"curies":[{"name":"wp","href":"https:\/\/api.w.org\/{rel}","templated":true}]}}