{"id":19647,"date":"2022-01-29T12:15:22","date_gmt":"2022-01-29T17:15:22","guid":{"rendered":"https:\/\/afcindustries.com\/product\/soporte-de-pared-ajustable-para-monitores-de-radiologia\/"},"modified":"2024-10-09T10:05:57","modified_gmt":"2024-10-09T14:05:57","slug":"soporte-de-pared-ajustable-para-monitores-de-radiologia","status":"publish","type":"product","link":"https:\/\/afcindustries.com\/es\/producto\/soporte-de-pared-ajustable-para-monitores-de-radiologia\/","title":{"rendered":"Soporte de pared ajustable para monitores de radiolog\u00eda"},"content":{"rendered":"<h1>Soporte de pared para monitores de radiolog\u00eda<\/h1>\n<div id=\"color_choice\">\n<div id=\"ctl00_ContentPlaceHolder1_color1_pnlColor\" class=\"option-Style-Panel1\">\n<div class=\"color-container\">\n<div class=\"color-item\">\n<div id=\"Black\" class=\"color-item-big\"><img decoding=\"async\" src=\"https:\/\/afcindustries.com\/wp-content\/uploads\/2022\/01\/Black-1.jpg\" alt=\"Negro\" title=\"\"><\/div>\n<\/div>\n<\/div>\n<\/div>\n<\/div>\n<p>Este soporte de monitor radiol\u00f3gico de pared ajustable con ajuste de inclinaci\u00f3n y soporte de monitor compatible con VESA con tensi\u00f3n de resorte incorporada para soportar una carga m\u00e1s pesada.<\/p>\n<p>AFC Industries ha desarrollado un fiable soporte de pared para monitores. Construido para acomodar monitores grandes. Dispone de una placa de montaje en pared de acero de 16 pulgadas para una instalaci\u00f3n en pared est\u00e1ndar. Proporciona la mejor capacidad de montaje para monitores radiol\u00f3gicos pesados.<\/p>\n<p><strong>Dise\u00f1o robusto:<\/strong> Muebles duraderos dise\u00f1ados y construidos para durar<\/p>\n<p><strong>F\u00e1cil de usar:<\/strong> Muy f\u00e1cil de configurar para adaptarse a las preferencias individuales de los usuarios.<\/p>\n<p><strong>Acceso a puertos de datos y tomas de corriente:<\/strong> Aumenta la productividad y la eficiencia gracias a la facilidad de acceso a los puertos de datos y las tomas de corriente.<\/p>\n<p><strong>Gesti\u00f3n limpia de los cables:<\/strong> Los cables est\u00e1n ocultos de forma segura para eliminar el riesgo de accidentes que pueda causar a personas o equipos.<\/p>\n<p><strong>Construido seg\u00fan las especificaciones:<\/strong> Se puede especificar para acomodar las necesidades \u00fanicas y el entorno de trabajo de los usuarios individuales antes de la fabricaci\u00f3n.<\/p>\n<p><strong>Garantizado con la garant\u00eda del producto:<\/strong> Cubierto con la garant\u00eda de producto del fabricante que da seguridad a los compradores en caso de que el producto no cumpla con las expectativas.<\/p>\n<p><strong>Equipo de fabricaci\u00f3n de confianza:<\/strong> Nuestros dise\u00f1adores, ingenieros y fabricantes utilizan sus habilidades y talentos para ofrecerle el producto de mayor calidad que usted merece.<\/p>\n<p><strong>Asistencia en la planificaci\u00f3n del espacio de trabajo:<\/strong> Proporcionamos asistencia en la planificaci\u00f3n en la instalaci\u00f3n o renovaci\u00f3n de sus instalaciones de trabajo.<\/p>\n<p><strong>Ayuda para la instalaci\u00f3n:<\/strong> Proporcionamos asistencia exhaustiva en el despliegue de su mobiliario para el servicio.<\/p>\n<p><strong>Mobiliario inform\u00e1tico vers\u00e1til:<\/strong> Nuestros muebles son capaces de adaptarse a diferentes usos y entornos, por lo que son duraderos.<\/p>\n<p>AFC fabrica equipos de mobiliario de alta calidad que superan las expectativas est\u00e1ndar de practicidad, funcionalidad y ergonom\u00eda. Nuestros productos est\u00e1n garantizados con una garant\u00eda total del producto. Construimos productos que ofrecen a nuestros clientes la tranquilidad de obtener el m\u00e1ximo rendimiento de su inversi\u00f3n.<\/p>\n<p>P\u00f3ngase en contacto con nosotros para una consulta gratuita con nuestro amable y servicial especialista en mobiliario t\u00e9cnico ergon\u00f3mico.<\/p>\n<div class=\"desksize\"><\/div>\n<h3 class=\"product-h3\"><span id=\"ctl00_ContentPlaceHolder1_lblImageBottom1\">Soporte de monitor de sobremesa para radiolog\u00eda Caracter\u00edsticas<\/span><\/h3>\n<p><img decoding=\"async\" id=\"ctl00_ContentPlaceHolder1_imgDetailImageCall\" class=\"img-responsive\" style=\"border-width: 0px\" src=\"https:\/\/afcindustries.com\/wp-content\/uploads\/2022\/01\/772553-radiology-desk-monitor-mount-features.jpg\" alt=\"Soporte de monitor de sobremesa para radiolog\u00eda Caracter\u00edsticas\" title=\"\"><\/p>\n<div id=\"ctl00_ContentPlaceHolder1_pnlImageContainer\"><\/div>\n<h3 class=\"product-h3\"><span id=\"ctl00_ContentPlaceHolder1_lblImageBottom2\">Soporte de monitor de sobremesa para radiolog\u00eda M\u00e1s caracter\u00edsticas<\/span><\/h3>\n<p><img decoding=\"async\" id=\"ctl00_ContentPlaceHolder1_imgDetailImageCall2\" class=\"img-responsive\" style=\"border-width: 0px\" src=\"https:\/\/afcindustries.com\/wp-content\/uploads\/2022\/01\/772553-radiology-desk-monitor-mount-more-features.jpg\" alt=\"Soporte de monitor de sobremesa para radiolog\u00eda M\u00e1s caracter\u00edsticas\" title=\"\"><\/p>\n<h3 class=\"product-h3\"><\/h3>\n","protected":false},"excerpt":{"rendered":"<h1 class=\"product-h3\"><span id=\"ctl00_ContentPlaceHolder1_lblH3\">Soporte de pared para monitores de radiolog\u00eda pesados<\/span><\/h1>\n<div class=\"col-md-6 col-sm-6 col-xs-12 detailList\">\n<ul>\n<li>El soporte de acero viene equipado con una placa de montaje compatible con VESA de 200 mm x 100 mm.<\/li>\n<li>El soporte actual tiene 13 pulgadas de altura y permite ajustar la altura del monitor, en incrementos de 1 1\/8 pulgadas, hasta 4,5 pulgadas.<\/li>\n<li>El soporte tiene 20 grados de inclinaci\u00f3n para facilitar a\u00fan m\u00e1s los \u00e1ngulos de visi\u00f3n.<\/li>\n<li>Ajuste de la tensi\u00f3n del muelle incorporado para diferentes monitores de peso.<\/li>\n<li>El soporte del monitor gira a la izquierda o a la derecha para mejorar la visualizaci\u00f3n.<\/li>\n<li>Soporte de brazo de monitor de alta resistencia con 54 libras. capacidad.<\/li>\n<\/ul>\n<p>&nbsp;<\/p>\n<p>&nbsp;<\/p>\n<\/div>\n<div class=\"col-md-6 col-sm-6 col-xs-12\">\n<ul class=\"ulpdf\">\n<li><a id=\"ctl00_ContentPlaceHolder1_hPDF\" href=\"https:\/\/afcindustries.com\/PDFS\/AFC60_200X100_PAN_WM_01.PDF\" target=\"_blank\" rel=\"noopener\"><img decoding=\"async\" id=\"ctl00_ContentPlaceHolder1_imgPDF\" style=\"border-width: 0px;\" src=\"https:\/\/afcindustries.com\/images\/pdf.gif\" border=\"0\" \/><span id=\"ctl00_ContentPlaceHolder1_lblPDFSKU\" class=\"pdf\">PDF AFC60_200X100_PAN_WM_01.PDF<\/span><\/a><\/li>\n<li><a id=\"ctl00_ContentPlaceHolder1_hPDF_instrcution\" href=\"https:\/\/afcindustries.com\/PDF_INSTRUCTION\/SS-772553.PDF\" target=\"_blank\" rel=\"noopener\"><img decoding=\"async\" id=\"ctl00_ContentPlaceHolder1_imgPDF_instrcution\" style=\"border-width: 0px;\" src=\"https:\/\/afcindustries.com\/images\/pdf-instruction.png\" border=\"0\" \/><span id=\"ctl00_ContentPlaceHolder1_lblPDF_instrcution\" class=\"pdf\">SS-772553<\/span><\/a><\/li>\n<\/ul>\n<ul>\n<li>\n<ul class=\"specPreview\">\n<li>Altura<\/li>\n<li>13&#8243;<\/li>\n<\/ul>\n<p>&nbsp;<\/li>\n<li>\n<ul class=\"specPreview\">\n<li>Anchura<\/li>\n<li>18&#8243;<\/li>\n<\/ul>\n<p>&nbsp;<\/li>\n<li>\n<ul class=\"specPreview\">\n<li>Profundidad<\/li>\n<li>6.5&#8243;<\/li>\n<\/ul>\n<p>&nbsp;<\/li>\n<\/ul>\n<\/div>\n","protected":false},"featured_media":11409,"template":"","meta":{"_acf_changed":false,"inline_featured_image":false},"product_brand":[],"product_cat":[1832,1970,1758],"product_tag":[],"class_list":{"0":"post-19647","1":"product","2":"type-product","3":"status-publish","4":"has-post-thumbnail","6":"product_cat-brazos-para-monitores-de-pared","7":"product_cat-soporte-ajustable-para-monitor-de-radiologia-de-pared","8":"product_cat-soportes-ergonomicos","10":"first","11":"instock","12":"product-type-simple"},"acf":[],"_links":{"self":[{"href":"https:\/\/afcindustries.com\/es\/wp-json\/wp\/v2\/product\/19647","targetHints":{"allow":["GET"]}}],"collection":[{"href":"https:\/\/afcindustries.com\/es\/wp-json\/wp\/v2\/product"}],"about":[{"href":"https:\/\/afcindustries.com\/es\/wp-json\/wp\/v2\/types\/product"}],"wp:featuredmedia":[{"embeddable":true,"href":"https:\/\/afcindustries.com\/es\/wp-json\/wp\/v2\/media\/11409"}],"wp:attachment":[{"href":"https:\/\/afcindustries.com\/es\/wp-json\/wp\/v2\/media?parent=19647"}],"wp:term":[{"taxonomy":"product_brand","embeddable":true,"href":"https:\/\/afcindustries.com\/es\/wp-json\/wp\/v2\/product_brand?post=19647"},{"taxonomy":"product_cat","embeddable":true,"href":"https:\/\/afcindustries.com\/es\/wp-json\/wp\/v2\/product_cat?post=19647"},{"taxonomy":"product_tag","embeddable":true,"href":"https:\/\/afcindustries.com\/es\/wp-json\/wp\/v2\/product_tag?post=19647"}],"curies":[{"name":"wp","href":"https:\/\/api.w.org\/{rel}","templated":true}]}}