{"id":19644,"date":"2022-01-29T12:15:22","date_gmt":"2022-01-29T17:15:22","guid":{"rendered":"https:\/\/afcindustries.com\/product\/panel-separador-de-oficina-portatil\/"},"modified":"2024-10-09T10:05:57","modified_gmt":"2024-10-09T14:05:57","slug":"panel-separador-de-oficina-portatil","status":"publish","type":"product","link":"https:\/\/afcindustries.com\/es\/producto\/panel-separador-de-oficina-portatil\/","title":{"rendered":"Panel separador de oficina port\u00e1til"},"content":{"rendered":"<h1>Panel divisorio de oficina<\/h1>\n<div id=\"color_choice\">\n<div id=\"ctl00_ContentPlaceHolder1_color1_pnlColor\" class=\"option-Style-Panel1\">\n<div class=\"color-container\">\n<div class=\"color-item\">\n<p>&nbsp;<\/p>\n<div id=\"FabricBlue\" class=\"color-item-big\"><img decoding=\"async\" src=\"https:\/\/afcindustries.com\/wp-content\/uploads\/2022\/01\/FabricBlue-1.jpg\" alt=\"TejidoAzul\" title=\"\"><\/div>\n<\/div>\n<\/div>\n<\/div>\n<\/div>\n<p>\u00a1Completa tu espacio de trabajo privado con AFC Partitions!<\/p>\n<p>Nuestros tabiques para puestos de trabajo de oficina no s\u00f3lo proporcionan privacidad, sino que tambi\u00e9n act\u00faan como barreras ac\u00fasticas y absorbentes del sonido para evitar las molestias de otros trabajadores.<\/p>\n<p>Tambi\u00e9n evita las interferencias de luz debidas a los monitores u otras fuentes de luz.<\/p>\n<p>\u00bfNo quieres ensuciar tu escritorio o tus monitores con notas adhesivas? Utilice nuestras mamparas como tablero de tachuelas para recordar sus reuniones o tareas importantes.<\/p>\n<p>Las mamparas de los puestos de trabajo de AFC pueden configurarse para adaptarse a su sala.<\/p>\n<p>Pregunte por nuestras mamparas con ventanas transparentes de plexigl\u00e1s, para obtener una fuente de luz adicional<\/p>\n<div class=\"desksize\"><\/div>\n","protected":false},"excerpt":{"rendered":"<h1 class=\"product-h3\"><span id=\"ctl00_ContentPlaceHolder1_lblH3\">Panel divisorio modular de oficina port\u00e1til<\/span><\/h1>\n<div class=\"col-md-6 col-sm-6 col-xs-12 detailList\">\n<ul>\n<li>Mampara de oficina f\u00e1cil de instalar<\/li>\n<li>Proporciona privacidad para entornos de salas de oficina<\/li>\n<li>\u00datil para eliminar el sonido y evitar las molestias<\/li>\n<li>Crea una barrera de luz para separar los espacios de trabajo<\/li>\n<\/ul>\n<p>&nbsp;<\/p>\n<p>&nbsp;<\/p>\n<\/div>\n<div class=\"col-md-6 col-sm-6 col-xs-12\">\n<p>&nbsp;<\/p>\n<\/div>\n","protected":false},"featured_media":11554,"template":"","meta":{"_acf_changed":false,"inline_featured_image":false},"product_brand":[],"product_cat":[1783,1954,1784],"product_tag":[],"class_list":{"0":"post-19644","1":"product","2":"type-product","3":"status-publish","4":"has-post-thumbnail","6":"product_cat-accesorios","7":"product_cat-panel-separador-de-oficina-portatil","8":"product_cat-todos-los-accesorios","9":"pa_model-parte_glas_7260","11":"first","12":"instock","13":"product-type-simple"},"acf":[],"_links":{"self":[{"href":"https:\/\/afcindustries.com\/es\/wp-json\/wp\/v2\/product\/19644","targetHints":{"allow":["GET"]}}],"collection":[{"href":"https:\/\/afcindustries.com\/es\/wp-json\/wp\/v2\/product"}],"about":[{"href":"https:\/\/afcindustries.com\/es\/wp-json\/wp\/v2\/types\/product"}],"wp:featuredmedia":[{"embeddable":true,"href":"https:\/\/afcindustries.com\/es\/wp-json\/wp\/v2\/media\/11554"}],"wp:attachment":[{"href":"https:\/\/afcindustries.com\/es\/wp-json\/wp\/v2\/media?parent=19644"}],"wp:term":[{"taxonomy":"product_brand","embeddable":true,"href":"https:\/\/afcindustries.com\/es\/wp-json\/wp\/v2\/product_brand?post=19644"},{"taxonomy":"product_cat","embeddable":true,"href":"https:\/\/afcindustries.com\/es\/wp-json\/wp\/v2\/product_cat?post=19644"},{"taxonomy":"product_tag","embeddable":true,"href":"https:\/\/afcindustries.com\/es\/wp-json\/wp\/v2\/product_tag?post=19644"}],"curies":[{"name":"wp","href":"https:\/\/api.w.org\/{rel}","templated":true}]}}