{"id":19639,"date":"2022-01-29T12:25:12","date_gmt":"2022-01-29T17:25:12","guid":{"rendered":"https:\/\/afcindustries.com\/product\/portavasos-de-pared-con-listones\/"},"modified":"2024-11-27T09:29:36","modified_gmt":"2024-11-27T14:29:36","slug":"portavasos-de-pared-con-listones","status":"publish","type":"product","link":"https:\/\/afcindustries.com\/es\/producto\/portavasos-de-pared-con-listones\/","title":{"rendered":"Portavasos de pared con listones"},"content":{"rendered":"<h1>Portavasos de metal<\/h1>\n<div id=\"color_choice\"><\/div>\n<p>Este portavasos montado en la pared de listones le ahorrar\u00e1 mucho espacio en el escritorio o la mesa. Este art\u00edculo proporciona un aumento de la productividad y mantiene su \u00e1rea de trabajo m\u00e1s organizada y eficiente.<\/p>\n<div class=\"desksize\"><\/div>\n<h3 class=\"product-h3\"><span id=\"ctl00_ContentPlaceHolder1_lblImageBottom1\">Portavasos de pared de lamas revestidas<\/span><\/h3>\n<p><img decoding=\"async\" id=\"ctl00_ContentPlaceHolder1_imgDetailImageCall\" class=\"img-responsive\" style=\"border-width: 0px;\" src=\"https:\/\/afcindustries.com\/wp-content\/uploads\/2022\/01\/772152-coated-slat-wall-mounted-cup-holder.jpg\" alt=\"Portavasos de pared de lamas revestidas\" title=\"\"><\/p>\n<div id=\"ctl00_ContentPlaceHolder1_pnlImageContainer\"><\/div>\n<h3 class=\"product-h3\"><\/h3>\n<h3 class=\"product-h3\"><\/h3>\n","protected":false},"excerpt":{"rendered":"<h1 class=\"product-h3\"><span id=\"ctl00_ContentPlaceHolder1_lblH3\">Portavasos de pared<\/span><\/h1>\n<div class=\"col-md-6 col-sm-6 col-xs-12 detailList\">\n<ul>\n<li>Portavasos de metal<\/li>\n<li>Montaje en la pared de lamas para obtener m\u00e1s espacio en el escritorio<\/li>\n<li>Perfecto para entornos de oficina<\/li>\n<li>Proporciona un aumento de la productividad<\/li>\n<\/ul>\n<p>&nbsp;<\/p>\n<p>&nbsp;<\/p>\n<\/div>\n<div class=\"col-md-6 col-sm-6 col-xs-12\">\n<p>&nbsp;<\/p>\n<\/div>\n","protected":false},"featured_media":11623,"template":"","meta":{"_acf_changed":false,"inline_featured_image":false},"product_brand":[],"product_cat":[1783,1947,1784],"product_tag":[],"class_list":{"0":"post-19639","1":"product","2":"type-product","3":"status-publish","4":"has-post-thumbnail","6":"product_cat-accesorios","7":"product_cat-portavasos-de-pared-con-listones","8":"product_cat-todos-los-accesorios","9":"pa_model-mch-100-slw-es","11":"first","12":"instock","13":"product-type-simple"},"acf":[],"_links":{"self":[{"href":"https:\/\/afcindustries.com\/es\/wp-json\/wp\/v2\/product\/19639","targetHints":{"allow":["GET"]}}],"collection":[{"href":"https:\/\/afcindustries.com\/es\/wp-json\/wp\/v2\/product"}],"about":[{"href":"https:\/\/afcindustries.com\/es\/wp-json\/wp\/v2\/types\/product"}],"wp:featuredmedia":[{"embeddable":true,"href":"https:\/\/afcindustries.com\/es\/wp-json\/wp\/v2\/media\/11623"}],"wp:attachment":[{"href":"https:\/\/afcindustries.com\/es\/wp-json\/wp\/v2\/media?parent=19639"}],"wp:term":[{"taxonomy":"product_brand","embeddable":true,"href":"https:\/\/afcindustries.com\/es\/wp-json\/wp\/v2\/product_brand?post=19639"},{"taxonomy":"product_cat","embeddable":true,"href":"https:\/\/afcindustries.com\/es\/wp-json\/wp\/v2\/product_cat?post=19639"},{"taxonomy":"product_tag","embeddable":true,"href":"https:\/\/afcindustries.com\/es\/wp-json\/wp\/v2\/product_tag?post=19639"}],"curies":[{"name":"wp","href":"https:\/\/api.w.org\/{rel}","templated":true}]}}