{"id":19638,"date":"2022-01-29T12:25:12","date_gmt":"2022-01-29T17:25:12","guid":{"rendered":"https:\/\/afcindustries.com\/product\/soporte-de-pared-para-monitores\/"},"modified":"2024-11-27T10:10:49","modified_gmt":"2024-11-27T15:10:49","slug":"soporte-de-pared-para-monitores","status":"publish","type":"product","link":"https:\/\/afcindustries.com\/es\/producto\/soporte-de-pared-para-monitores\/","title":{"rendered":"Soporte de pared para monitores"},"content":{"rendered":"<h1>Soporte de pantalla para colgar en la pared<\/h1>\n<div id=\"color_choice\">\n<div id=\"ctl00_ContentPlaceHolder1_color1_pnlColor\" class=\"option-Style-Panel1\">\n<div class=\"color-container\">\n<div class=\"color-item\">\n<p>&nbsp;<\/p>\n<div id=\"Gray\" class=\"color-item-big\"><img decoding=\"async\" src=\"https:\/\/afcindustries.com\/wp-content\/uploads\/2022\/01\/Gray-1.jpg\" alt=\"Gris\" title=\"\"><\/div>\n<\/div>\n<\/div>\n<\/div>\n<\/div>\n<p>Este soporte de pantalla de tres brazos compatible con VESA y con soporte de pared de carril horizontal es de gran calidad. Este equipo puede albergar tres pantallas planas de gran tama\u00f1o en lugares elevados para lograr una gran visibilidad. Es un dispositivo perfecto para utilizar en terminales de transporte p\u00fablico, centros comerciales y salas de control.<\/p>\n<p>Cada uno de los brazos del monitor es f\u00e1cil de ajustar y se puede mover desde su soporte de carril para ofrecer el \u00e1ngulo de visi\u00f3n perfecto del monitor. Est\u00e1 fabricado con materiales de alta calidad y recubierto con un revestimiento antioxidante para garantizar un uso m\u00e1s prolongado.<\/p>\n<p><strong>Dise\u00f1o robusto:<\/strong> Muebles duraderos dise\u00f1ados y construidos para durar<\/p>\n<p><strong>F\u00e1cil de usar:<\/strong> Muy f\u00e1cil de configurar para adaptarse a las preferencias individuales de los usuarios.<\/p>\n<p><strong>Acceso a puertos de datos y tomas de corriente:<\/strong> Aumenta la productividad y la eficiencia gracias a la facilidad de acceso a los puertos de datos y las tomas de corriente.<\/p>\n<p><strong>Gesti\u00f3n limpia de los cables:<\/strong> Los cables est\u00e1n ocultos de forma segura para eliminar el riesgo de accidentes que pueda causar a personas o equipos.<\/p>\n<p><strong>Construido seg\u00fan las especificaciones:<\/strong> Se puede especificar para acomodar las necesidades \u00fanicas y el entorno de trabajo de los usuarios individuales antes de la fabricaci\u00f3n.<\/p>\n<p><strong>Garantizado con la garant\u00eda del producto:<\/strong> Cubierto con la garant\u00eda de producto del fabricante que da seguridad a los compradores en caso de que el producto no cumpla con las expectativas.<\/p>\n<p><strong>Equipo de fabricaci\u00f3n de confianza:<\/strong> Nuestros dise\u00f1adores, ingenieros y fabricantes utilizan sus habilidades y talentos para ofrecerle el producto de mayor calidad que usted merece.<\/p>\n<p><strong>Asistencia en la planificaci\u00f3n del espacio de trabajo:<\/strong> Proporcionamos asistencia en la planificaci\u00f3n en la instalaci\u00f3n o renovaci\u00f3n de sus instalaciones de trabajo.<\/p>\n<p><strong>Ayuda para la instalaci\u00f3n:<\/strong> Proporcionamos asistencia exhaustiva en el despliegue de su mobiliario para el servicio.<\/p>\n<p><strong>Mobiliario inform\u00e1tico vers\u00e1til:<\/strong> Nuestros muebles son capaces de adaptarse a diferentes usos y entornos, por lo que son duraderos.<\/p>\n<p>Fabricamos equipos de mobiliario de alta calidad que superan las expectativas est\u00e1ndar de practicidad, funcionalidad y ergonom\u00eda. Nuestros productos est\u00e1n garantizados con una garant\u00eda total del producto. Fabricamos productos que ofrecen a nuestros clientes la tranquilidad de obtener el m\u00e1ximo rendimiento de su inversi\u00f3n.<\/p>\n<p>P\u00f3ngase en contacto con nosotros para una consulta gratuita con nuestro amable y servicial especialista en equipamiento t\u00e9cnico de mobiliario ergon\u00f3mico.<\/p>\n<div class=\"desksize\"><\/div>\n<h3 class=\"product-h3\"><span id=\"ctl00_ContentPlaceHolder1_lblImageBottom1\">Brazos articulados para monitores montados en la pared Caracter\u00edsticas<\/span><\/h3>\n<p><img decoding=\"async\" id=\"ctl00_ContentPlaceHolder1_imgDetailImageCall\" class=\"img-responsive\" style=\"border-width: 0px;\" src=\"https:\/\/afcindustries.com\/wp-content\/uploads\/2022\/01\/772494-wall-mounted-articulating-monitor-arms-features.jpg\" alt=\"Brazos articulados para monitores montados en la pared Caracter\u00edsticas\" title=\"\"><\/p>\n<div id=\"ctl00_ContentPlaceHolder1_pnlImageContainer\"><\/div>\n<h3 class=\"product-h3\"><span id=\"ctl00_ContentPlaceHolder1_lblImageBottom2\">Brazos articulados para monitores montados en la pared M\u00e1s caracter\u00edsticas<\/span><\/h3>\n<p><img decoding=\"async\" id=\"ctl00_ContentPlaceHolder1_imgDetailImageCall2\" class=\"img-responsive\" style=\"border-width: 0px;\" src=\"https:\/\/afcindustries.com\/wp-content\/uploads\/2022\/01\/772494-wall-mounted-articulating-monitor-arms-more-features.jpg\" alt=\"Brazos articulados para monitores montados en la pared M\u00e1s caracter\u00edsticas\" title=\"\"><\/p>\n<h3 class=\"product-h3\"><span id=\"ctl00_ContentPlaceHolder1_lblImageBottom3\">Brazos articulados para monitores montados en la pared Caracter\u00edsticas adicionales<\/span><\/h3>\n<p><img decoding=\"async\" id=\"ctl00_ContentPlaceHolder1_imgDetailImageCall3\" class=\"img-responsive\" style=\"border-width: 0px;\" src=\"https:\/\/afcindustries.com\/wp-content\/uploads\/2022\/01\/772494-wall-mounted-articulating-monitor-arms-additional-features.jpg\" alt=\"Brazos articulados para monitores montados en la pared Caracter\u00edsticas adicionales\" title=\"\"><\/p>\n","protected":false},"excerpt":{"rendered":"<h1 class=\"product-h3\"><span id=\"ctl00_ContentPlaceHolder1_lblH3\">Soporte de pared para monitor de ordenador<\/span><\/h1>\n<div class=\"col-md-6 col-sm-6 col-xs-12 detailList\">\n<ul>\n<li>Monitor de pared de tres pantallas LCD<\/li>\n<li>Equipado con brazo oscilante de la serie Z<\/li>\n<li>Ajustable a diferentes \u00e1ngulos de visi\u00f3n y posiciones<\/li>\n<li>Soluci\u00f3n de ahorro de espacio para entornos de oficina<\/li>\n<\/ul>\n<p>&nbsp;<\/p>\n<p>&nbsp;<\/p>\n<\/div>\n<div class=\"col-md-6 col-sm-6 col-xs-12\">\n<ul class=\"ulpdf\">\n<li><a id=\"ctl00_ContentPlaceHolder1_hPDF\" href=\"https:\/\/afcindustries.com\/PDFS\/WMH48_3FZ588_M27_01.PDF\" target=\"_blank\" rel=\"noopener\"><img decoding=\"async\" id=\"ctl00_ContentPlaceHolder1_imgPDF\" style=\"border-width: 0px;\" src=\"https:\/\/afcindustries.com\/images\/pdf.gif\" border=\"0\" \/><span id=\"ctl00_ContentPlaceHolder1_lblPDFSKU\" class=\"pdf\">PDF WMH48_3FZ588_M27_01.pdf<\/span><\/a><\/li>\n<\/ul>\n<ul>\n<li><\/li>\n<li>\n<ul class=\"specPreview\">\n<li>Anchura<\/li>\n<li>48&#8243;<\/li>\n<\/ul>\n<p>&nbsp;<\/li>\n<li><\/li>\n<\/ul>\n<\/div>\n","protected":false},"featured_media":11578,"template":"","meta":{"_acf_changed":false,"inline_featured_image":false},"product_brand":[],"product_cat":[1832,1949,3178,1758,1948],"product_tag":[],"class_list":{"0":"post-19638","1":"product","2":"type-product","3":"status-publish","4":"has-post-thumbnail","6":"product_cat-brazos-para-monitores-de-pared","7":"product_cat-soporte-de-monitor-colgante-de-pared","8":"product_cat-soporte-de-pared-para-varios-monitores-montado-en-carril","9":"product_cat-soportes-ergonomicos","10":"product_cat-todos-los-soportes-ergonomicos","12":"first","13":"instock","14":"product-type-simple"},"acf":[],"_links":{"self":[{"href":"https:\/\/afcindustries.com\/es\/wp-json\/wp\/v2\/product\/19638","targetHints":{"allow":["GET"]}}],"collection":[{"href":"https:\/\/afcindustries.com\/es\/wp-json\/wp\/v2\/product"}],"about":[{"href":"https:\/\/afcindustries.com\/es\/wp-json\/wp\/v2\/types\/product"}],"wp:featuredmedia":[{"embeddable":true,"href":"https:\/\/afcindustries.com\/es\/wp-json\/wp\/v2\/media\/11578"}],"wp:attachment":[{"href":"https:\/\/afcindustries.com\/es\/wp-json\/wp\/v2\/media?parent=19638"}],"wp:term":[{"taxonomy":"product_brand","embeddable":true,"href":"https:\/\/afcindustries.com\/es\/wp-json\/wp\/v2\/product_brand?post=19638"},{"taxonomy":"product_cat","embeddable":true,"href":"https:\/\/afcindustries.com\/es\/wp-json\/wp\/v2\/product_cat?post=19638"},{"taxonomy":"product_tag","embeddable":true,"href":"https:\/\/afcindustries.com\/es\/wp-json\/wp\/v2\/product_tag?post=19638"}],"curies":[{"name":"wp","href":"https:\/\/api.w.org\/{rel}","templated":true}]}}