{"id":19635,"date":"2022-01-29T12:15:22","date_gmt":"2022-01-29T17:15:22","guid":{"rendered":"https:\/\/afcindustries.com\/product\/carro-de-ordenador-portatil-ergonomico-de-alta-calidad\/"},"modified":"2024-10-10T09:15:04","modified_gmt":"2024-10-10T13:15:04","slug":"carro-de-ordenador-portatil-ergonomico-de-alta-calidad","status":"publish","type":"product","link":"https:\/\/afcindustries.com\/es\/producto\/carro-de-ordenador-portatil-ergonomico-de-alta-calidad\/","title":{"rendered":"Carro de ordenador port\u00e1til ergon\u00f3mico de alta calidad"},"content":{"rendered":"<h1>Carro de ordenador port\u00e1til rodante<\/h1>\n<div id=\"color_choice\">\n<div id=\"ctl00_ContentPlaceHolder1_color1_pnlColor\" class=\"option-Style-Panel1\">\n<div class=\"color-container\">\n<div class=\"color-item\">\n<p>&nbsp;<\/p>\n<div id=\"White\" class=\"color-item-big\"><img decoding=\"async\" src=\"https:\/\/afcindustries.com\/wp-content\/uploads\/2022\/01\/White-1.jpg\" alt=\"Blanco\" title=\"\"><\/div>\n<\/div>\n<\/div>\n<\/div>\n<\/div>\n<p>M\u00f3vil y compacto sin esfuerzo, este carro ergon\u00f3mico para ordenadores port\u00e1tiles est\u00e1 equipado con caracter\u00edsticas ergon\u00f3micas y componentes valiosos con una cubierta para ordenadores port\u00e1tiles con cerradura, asas delanteras y traseras para un f\u00e1cil manejo, ruedas giratorias, gestor de cables y cesta. El estante inferior mantiene la fuente de alimentaci\u00f3n de la bater\u00eda y la CPU en su lugar.<\/p>\n<p>Los carros m\u00f3viles de AFC mejoran la productividad y la eficiencia en los entornos de trabajo m\u00e9dicos con sus caracter\u00edsticas vanguardistas, ergon\u00f3micas y de f\u00e1cil uso. Nuestros carros de ordenadores m\u00e9dicos son m\u00f3viles y est\u00e1n equipados con una serie de modernas funciones para ayudar a los profesionales sanitarios a acceder a los datos con la m\u00e1xima comodidad.<\/p>\n<p><strong>El mejor dise\u00f1o ergon\u00f3mico y c\u00f3modo:<\/strong> Dise\u00f1ado para la comodidad para reducir el estr\u00e9s y mantener la postura durante el trabajo.<\/p>\n<p><strong>Mantiene una buena salud:<\/strong> Elimina las lesiones por esfuerzo repetitivo (RSI), los dolores musculares, las molestias corporales, la tensi\u00f3n ocular y la fatiga. Aumenta la productividad y la circulaci\u00f3n sangu\u00ednea saludable.<\/p>\n<p><strong>F\u00e1cil de usar:<\/strong> f\u00e1cil de manejar sin necesidad de horas de formaci\u00f3n del usuario. Muy f\u00e1cil de configurar para adaptarse a las preferencias de cada usuario.<\/p>\n<p><strong>Acceso a puertos de datos y tomas de corriente:<\/strong> Aumenta la productividad y la eficiencia gracias a la facilidad de acceso a los puertos de datos y las tomas de corriente.<\/p>\n<p><strong>Colocaci\u00f3n correcta de la CPU del ordenador:<\/strong> La CPU del ordenador se encuentra fuera de peligro, lo que permite a los usuarios moverse libremente.<\/p>\n<p><strong>Gesti\u00f3n limpia de los cables:<\/strong> Los cables est\u00e1n ocultos de forma segura para eliminar el riesgo de accidentes que pueda causar a personas o equipos.<\/p>\n<p><strong>Construido seg\u00fan las especificaciones:<\/strong> Se puede especificar para acomodar las necesidades \u00fanicas y el entorno de trabajo de los usuarios individuales antes de la fabricaci\u00f3n.<\/p>\n<p><strong>Garantizado con la garant\u00eda del producto:<\/strong> Cubierto con la garant\u00eda de producto del fabricante que da seguridad a los compradores en caso de que el producto no cumpla con las expectativas.<\/p>\n<p><strong>Equipo de fabricaci\u00f3n de confianza:<\/strong> Nuestros dise\u00f1adores, ingenieros y fabricantes utilizan sus habilidades y talentos para ofrecerle el producto de mayor calidad que usted merece.<\/p>\n<p><strong>Asistencia en la planificaci\u00f3n del espacio de trabajo:<\/strong> Proporcionamos asistencia en la planificaci\u00f3n en la instalaci\u00f3n o renovaci\u00f3n de sus instalaciones de trabajo.<\/p>\n<p><strong>Ayuda para la instalaci\u00f3n:<\/strong> Proporcionamos asistencia exhaustiva en el despliegue de su mobiliario para el servicio.<\/p>\n<p><strong>Equipamiento vers\u00e1til:<\/strong> Nuestros muebles son capaces de adaptarse a diferentes usos y entornos, por lo que son duraderos.<\/p>\n<p>AFC fabrica equipos de mobiliario de alta calidad que superan las expectativas est\u00e1ndar de practicidad, funcionalidad y ergonom\u00eda. Nuestros productos est\u00e1n garantizados con una garant\u00eda total del producto. Construimos productos que ofrecen a nuestros clientes la tranquilidad de obtener el m\u00e1ximo rendimiento de su inversi\u00f3n.<\/p>\n<p>P\u00f3ngase en contacto con nosotros para una consulta gratuita con nuestro amable y servicial especialista en mobiliario t\u00e9cnico ergon\u00f3mico.<\/p>\n<div class=\"desksize\"><\/div>\n<h3 class=\"product-h3\"><span id=\"ctl00_ContentPlaceHolder1_lblImageBottom1\">Carro de ordenador port\u00e1til Caracter\u00edsticas<\/span><\/h3>\n<p><img decoding=\"async\" id=\"ctl00_ContentPlaceHolder1_imgDetailImageCall\" class=\"img-responsive\" style=\"border-width: 0px;\" src=\"https:\/\/afcindustries.com\/wp-content\/uploads\/2022\/01\/772118-laptop-computer-cart-features.jpg\" alt=\"Carro de ordenador port\u00e1til con caracter\u00edsticas\" title=\"\"><\/p>\n<div id=\"ctl00_ContentPlaceHolder1_pnlImageContainer\"><\/div>\n<h3 class=\"product-h3\"><span id=\"ctl00_ContentPlaceHolder1_lblImageBottom2\">Carro de ordenador port\u00e1til M\u00e1s caracter\u00edsticas<\/span><\/h3>\n<p><img decoding=\"async\" id=\"ctl00_ContentPlaceHolder1_imgDetailImageCall2\" class=\"img-responsive\" style=\"border-width: 0px;\" src=\"https:\/\/afcindustries.com\/wp-content\/uploads\/2022\/01\/772118-laptop-computer-cart-more-features.jpg\" alt=\"Especificaciones del carro de ordenador port\u00e1til\" title=\"\"><\/p>\n<h3 class=\"product-h3\"><span id=\"ctl00_ContentPlaceHolder1_lblImageBottom3\">Carro de ordenador port\u00e1til Caracter\u00edsticas adicionales<\/span><\/h3>\n<p><img decoding=\"async\" id=\"ctl00_ContentPlaceHolder1_imgDetailImageCall3\" class=\"img-responsive\" style=\"border-width: 0px;\" src=\"https:\/\/afcindustries.com\/wp-content\/uploads\/2022\/01\/772118-laptop-computer-cart-additional-features.jpg\" alt=\"Accesorios para carros de ordenador port\u00e1til\" title=\"\"><\/p>\n","protected":false},"excerpt":{"rendered":"<h1 class=\"product-h3\"><span id=\"ctl00_ContentPlaceHolder1_lblH3\">Carro de ordenador port\u00e1til ajustable<\/span><\/h1>\n<div class=\"col-md-6 col-sm-6 col-xs-12 detailList\">\n<ul>\n<li>Ajuste neum\u00e1tico de la altura.<\/li>\n<li>Altura de la superficie de trabajo desde el suelo: 31 pulgadas a 47 pulgadas.<\/li>\n<li>Las dimensiones de la superficie de trabajo son 18 pulgadas de ancho x 22 pulgadas de profundidad.<\/li>\n<li>La superficie de trabajo cuenta con asas integradas en la parte delantera y trasera y cierre para port\u00e1tiles.<\/li>\n<li>Soporte de cables para el enchufe del port\u00e1til.<\/li>\n<li>El estante inferior alberga la fuente de alimentaci\u00f3n de la bater\u00eda.<\/li>\n<li>Pantalla LED de f\u00e1cil lectura del estado de la bater\u00eda.<\/li>\n<li>Cesta de alambre y soporte de detector opcionales.<\/li>\n<li>Huella: 24 pulgadas de di\u00e1metro, base de cinco puntas.<\/li>\n<\/ul>\n<p>&nbsp;<\/p>\n<p>&nbsp;<\/p>\n<\/div>\n<div class=\"col-md-6 col-sm-6 col-xs-12\">\n<ul class=\"ulpdf\">\n<li><a id=\"ctl00_ContentPlaceHolder1_hPDF\" href=\"https:\/\/afcindustries.com\/PDFS\/772118_XLPC200-1822-BAT-01.PDF\" target=\"_blank\" rel=\"noopener\"><img decoding=\"async\" id=\"ctl00_ContentPlaceHolder1_imgPDF\" style=\"border-width: 0px;\" src=\"https:\/\/afcindustries.com\/images\/pdf.gif\" border=\"0\" \/><span id=\"ctl00_ContentPlaceHolder1_lblPDFSKU\" class=\"pdf\">PDF 772118_XLPC200-1822-BAT-01.pdf<\/span><\/a><\/li>\n<\/ul>\n<ul>\n<li>\n<ul class=\"specPreview\">\n<li>Altura<\/li>\n<li>31 \u00bb a 47 \u00ab<\/li>\n<\/ul>\n<p>&nbsp;<\/li>\n<li>\n<ul class=\"specPreview\">\n<li>Anchura<\/li>\n<li>24 \u00ab<\/li>\n<\/ul>\n<p>&nbsp;<\/li>\n<li>\n<ul class=\"specPreview\">\n<li>Profundidad<\/li>\n<li>24 \u00ab<\/li>\n<\/ul>\n<p>&nbsp;<\/li>\n<\/ul>\n<\/div>\n","protected":false},"featured_media":42525,"template":"","meta":{"_acf_changed":false,"inline_featured_image":false},"product_brand":[],"product_cat":[1934,3514,3513,1765,1766,2781,2931],"product_tag":[],"class_list":{"0":"post-19635","1":"product","2":"type-product","3":"status-publish","4":"has-post-thumbnail","6":"product_cat-carro-de-ordenador-portatil-ergonomico-de-alta-calidad","7":"product_cat-carro-movil-liviano-para-computadora-portatil-con-estante-seguro","8":"product_cat-carro-para-computadora-portatil","9":"product_cat-carros-de-ordenador-medico","10":"product_cat-carros-para-portatiles","11":"product_cat-escritorio-para-ordenador-en-el-aula","12":"product_cat-escritorio-para-portatiles-en-el-aula-escolar","13":"pa_model-xlpc200-1822-bat-01-es","15":"first","16":"instock","17":"product-type-simple"},"acf":[],"_links":{"self":[{"href":"https:\/\/afcindustries.com\/es\/wp-json\/wp\/v2\/product\/19635","targetHints":{"allow":["GET"]}}],"collection":[{"href":"https:\/\/afcindustries.com\/es\/wp-json\/wp\/v2\/product"}],"about":[{"href":"https:\/\/afcindustries.com\/es\/wp-json\/wp\/v2\/types\/product"}],"wp:featuredmedia":[{"embeddable":true,"href":"https:\/\/afcindustries.com\/es\/wp-json\/wp\/v2\/media\/42525"}],"wp:attachment":[{"href":"https:\/\/afcindustries.com\/es\/wp-json\/wp\/v2\/media?parent=19635"}],"wp:term":[{"taxonomy":"product_brand","embeddable":true,"href":"https:\/\/afcindustries.com\/es\/wp-json\/wp\/v2\/product_brand?post=19635"},{"taxonomy":"product_cat","embeddable":true,"href":"https:\/\/afcindustries.com\/es\/wp-json\/wp\/v2\/product_cat?post=19635"},{"taxonomy":"product_tag","embeddable":true,"href":"https:\/\/afcindustries.com\/es\/wp-json\/wp\/v2\/product_tag?post=19635"}],"curies":[{"name":"wp","href":"https:\/\/api.w.org\/{rel}","templated":true}]}}