{"id":19631,"date":"2022-01-29T12:15:22","date_gmt":"2022-01-29T17:15:22","guid":{"rendered":"https:\/\/afcindustries.com\/product\/estacion-de-trabajo-de-ordenador-montada-en-la-pared-con-monitor-retractil\/"},"modified":"2024-10-04T09:38:28","modified_gmt":"2024-10-04T13:38:28","slug":"estacion-de-trabajo-de-ordenador-montada-en-la-pared-con-monitor-retractil","status":"publish","type":"product","link":"https:\/\/afcindustries.com\/es\/producto\/estacion-de-trabajo-de-ordenador-montada-en-la-pared-con-monitor-retractil\/","title":{"rendered":"Estaci\u00f3n de trabajo de ordenador montada en la pared con monitor retr\u00e1ctil"},"content":{"rendered":"<h2>Estaci\u00f3n de trabajo inform\u00e1tica de pared universal<\/h2>\n<div id=\"color_choice\">\n<div id=\"ctl00_ContentPlaceHolder1_color1_pnlColor\" class=\"option-Style-Panel1\">\n<div class=\"color-container\">\n<div class=\"color-item\">\n<p>&nbsp;<\/p>\n<div id=\"White\" class=\"color-item-big\" style=\"display: none;\"><img decoding=\"async\" src=\"https:\/\/afcindustries.com\/wp-content\/uploads\/2022\/01\/White-1.jpg\" alt=\"Blanco\" title=\"\"><\/div>\n<\/div>\n<\/div>\n<\/div>\n<\/div>\n<p>Esta estaci\u00f3n de trabajo inform\u00e1tica montada en la pared permite un acceso r\u00e1pido a cualquiera de sus tareas o consultas relacionadas con la inform\u00e1tica para maximizar el uso de los recursos de Internet o las bases de datos para obtener referencias r\u00e1pidas. Conveniente para acceder a los pasillos de los hospitales y a las instalaciones industriales.<\/p>\n<p>La estaci\u00f3n de trabajo de ordenador montada en la pared cuenta con un teclado retr\u00e1ctil y un brazo de monitor extensible hasta 26&#8243;. Tambi\u00e9n protege los datos sensibles con un acceso de bloqueo de seguridad. Esta estaci\u00f3n de trabajo de ordenador montada en la pared, que proporciona un acceso sin obst\u00e1culos a los datos, ofrece un rendimiento de primera clase gracias a su dise\u00f1o ergon\u00f3mico.<\/p>\n<p><strong>El mejor dise\u00f1o ergon\u00f3mico y c\u00f3modo:<\/strong> Dise\u00f1ado para la comodidad para reducir el estr\u00e9s y mantener la postura durante el trabajo.<\/p>\n<p><strong>Soluci\u00f3n de montaje firme:<\/strong>nuestros muebles pueden sujetarse firmemente a las paredes, suelos o techos y pueden soportar el peso adicional de su equipo.<\/p>\n<p><strong>F\u00e1cil de usar:<\/strong> f\u00e1cil de manejar sin necesidad de horas de formaci\u00f3n del usuario. Muy f\u00e1cil de configurar para adaptarse a las preferencias de cada usuario.<\/p>\n<p><strong>Colocaci\u00f3n correcta de la CPU del ordenador:<\/strong> La CPU del ordenador se encuentra fuera de peligro, lo que permite a los usuarios moverse libremente.<\/p>\n<p><strong>Construido seg\u00fan las especificaciones:<\/strong> Se puede especificar para acomodar las necesidades \u00fanicas y el entorno de trabajo de los usuarios individuales antes de la fabricaci\u00f3n.<\/p>\n<p><strong>Garantizado con la garant\u00eda del producto:<\/strong> Cubierto con la garant\u00eda de producto del fabricante que da seguridad a los compradores en caso de que el producto no cumpla con las expectativas.<\/p>\n<p><strong>Equipo de fabricaci\u00f3n de confianza:<\/strong> Nuestros dise\u00f1adores, ingenieros y fabricantes utilizan sus habilidades y talentos para ofrecerle el producto de mayor calidad que usted merece.<\/p>\n<p><strong>Asistencia en la planificaci\u00f3n del espacio de trabajo:<\/strong> Proporcionamos asistencia en la planificaci\u00f3n en la instalaci\u00f3n o renovaci\u00f3n de sus instalaciones de trabajo.<\/p>\n<p><strong>Ayuda para la instalaci\u00f3n:<\/strong> Proporcionamos asistencia exhaustiva en el despliegue de su mobiliario para el servicio.<\/p>\n<p>AFC fabrica equipos de mobiliario de alta calidad que superan las expectativas est\u00e1ndar de practicidad, funcionalidad y ergonom\u00eda. Nuestros productos est\u00e1n garantizados con una garant\u00eda total del producto. Construimos productos que ofrecen a nuestros clientes la tranquilidad de obtener el m\u00e1ximo rendimiento de su inversi\u00f3n.<\/p>\n<p>P\u00f3ngase en contacto con nosotros para una consulta gratuita con nuestro amable y servicial especialista en mobiliario t\u00e9cnico ergon\u00f3mico.<\/p>\n<div class=\"desksize\"><\/div>\n","protected":false},"excerpt":{"rendered":"<h1 class=\"product-h3\"><span id=\"ctl00_ContentPlaceHolder1_lblH3\">Estaci\u00f3n de trabajo de montaje en pared para ordenador de alta resistencia<\/span><\/h1>\n<div class=\"col-md-6 col-sm-6 col-xs-12 detailList\">\n<ul>\n<li>Las dimensiones de la unidad son 22 de ancho x 29 de alto x 10 de profundidad<\/li>\n<li>El soporte del monitor es compatible con VESA 75\/100 y puede soportar hasta 25 libras<\/li>\n<li>El brazo articulado del monitor tiene 26 de extensi\u00f3n hacia afuera y 5 nudillos para su ajuste<\/li>\n<li>El panel frontal con bisagras de apertura hacia arriba, con inserci\u00f3n de plexigl\u00e1s, proporciona un f\u00e1cil acceso<\/li>\n<li>Ojales para la ventilaci\u00f3n y la alimentaci\u00f3n de los cables<\/li>\n<li>El sistema de gesti\u00f3n de cables de la canaleta sujeta, oculta y asegura los cables lejos de la superficie de trabajo<\/li>\n<li>Cuatro resortes de gas proporcionan movimientos suaves y f\u00e1ciles<\/li>\n<li>Disponible en una variedad de acabados laminados que combinan con cualquier decoraci\u00f3n<\/li>\n<\/ul>\n<p>&nbsp;<\/p>\n<p>&nbsp;<\/p>\n<\/div>\n<div class=\"col-md-6 col-sm-6 col-xs-12\">\n<ul class=\"ulpdf\">\n<li><a id=\"ctl00_ContentPlaceHolder1_hPDF\" href=\"https:\/\/afcindustries.com\/PDFS\/IR100-023.PDF\" target=\"_blank\" rel=\"noopener\"><img decoding=\"async\" id=\"ctl00_ContentPlaceHolder1_imgPDF\" style=\"border-width: 0px;\" src=\"https:\/\/afcindustries.com\/images\/pdf.gif\" border=\"0\" \/><span id=\"ctl00_ContentPlaceHolder1_lblPDFSKU\" class=\"pdf\">PDF IR100-023.PDF<\/span><\/a><\/li>\n<\/ul>\n<\/div>\n","protected":false},"featured_media":48020,"template":"","meta":{"_acf_changed":false,"inline_featured_image":false},"product_brand":[],"product_cat":[1924,1922,1758],"product_tag":[],"class_list":{"0":"post-19631","1":"product","2":"type-product","3":"status-publish","4":"has-post-thumbnail","6":"product_cat-estacion-de-trabajo-de-ordenador-montada-en-la-pared-con-monitor-retractil","7":"product_cat-puestos-de-trabajo-murales","8":"product_cat-soportes-ergonomicos","9":"pa_model-ir100-023-es","11":"first","12":"instock","13":"product-type-simple"},"acf":[],"_links":{"self":[{"href":"https:\/\/afcindustries.com\/es\/wp-json\/wp\/v2\/product\/19631","targetHints":{"allow":["GET"]}}],"collection":[{"href":"https:\/\/afcindustries.com\/es\/wp-json\/wp\/v2\/product"}],"about":[{"href":"https:\/\/afcindustries.com\/es\/wp-json\/wp\/v2\/types\/product"}],"wp:featuredmedia":[{"embeddable":true,"href":"https:\/\/afcindustries.com\/es\/wp-json\/wp\/v2\/media\/48020"}],"wp:attachment":[{"href":"https:\/\/afcindustries.com\/es\/wp-json\/wp\/v2\/media?parent=19631"}],"wp:term":[{"taxonomy":"product_brand","embeddable":true,"href":"https:\/\/afcindustries.com\/es\/wp-json\/wp\/v2\/product_brand?post=19631"},{"taxonomy":"product_cat","embeddable":true,"href":"https:\/\/afcindustries.com\/es\/wp-json\/wp\/v2\/product_cat?post=19631"},{"taxonomy":"product_tag","embeddable":true,"href":"https:\/\/afcindustries.com\/es\/wp-json\/wp\/v2\/product_tag?post=19631"}],"curies":[{"name":"wp","href":"https:\/\/api.w.org\/{rel}","templated":true}]}}