{"id":19619,"date":"2022-01-29T12:25:23","date_gmt":"2022-01-29T17:25:23","guid":{"rendered":"https:\/\/afcindustries.com\/product\/soporte-de-pared-para-tabletas-con-brazo-flexible\/"},"modified":"2024-10-10T10:27:51","modified_gmt":"2024-10-10T14:27:51","slug":"soporte-de-pared-para-tabletas-con-brazo-flexible","status":"publish","type":"product","link":"https:\/\/afcindustries.com\/es\/producto\/soporte-de-pared-para-tabletas-con-brazo-flexible\/","title":{"rendered":"Soporte de pared para tabletas con brazo flexible"},"content":{"rendered":"<h1>Brazo de soporte de pantalla plana para tabletas montado en la pared<\/h1>\n<div id=\"color_choice\">\n<div id=\"ctl00_ContentPlaceHolder1_color1_pnlColor\" class=\"option-Style-Panel1\">\n<div class=\"color-container\">\n<div class=\"color-item\">\n<p>&nbsp;<\/p>\n<div id=\"Gray\" class=\"color-item-big\"><img decoding=\"async\" src=\"https:\/\/afcindustries.com\/wp-content\/uploads\/2022\/01\/Gray-1.jpg\" alt=\"Gris\" title=\"\"><\/div>\n<\/div>\n<\/div>\n<\/div>\n<\/div>\n<p>Un brazo articulado de primera calidad para el soporte de la pantalla de la tableta con montaje de la tableta compatible con VESA. Es un dispositivo muy \u00fatil para conseguir el \u00e1ngulo de visi\u00f3n perfecto de la pantalla. Se puede fijar f\u00e1cilmente a las paredes o a las barras de metal. Fabricado con materiales de alta calidad revestidos con antioxidantes para garantizar un uso m\u00e1s duradero.<\/p>\n<p>Este brazo de soporte de marco de tableta montado en la pared est\u00e1 equipado con un brazo en Z articulado; materiales de acero duraderos y un soporte de marco de tableta.<\/p>\n<p>Puede utilizarse para una tableta o un monitor de su elecci\u00f3n.<\/p>\n<p>Compatible con los siguientes modelos de tabletas:<\/p>\n<p><strong>Manzana<\/strong><\/p>\n<ul>\n<li>iPad 10.2 \/ 10.5<\/li>\n<li>iPad Pro 11<\/li>\n<li>iPad Air 2<\/li>\n<li>iPad 2<\/li>\n<li>iPad Pro 9.7<\/li>\n<\/ul>\n<p><strong>Lenovo<\/strong><\/p>\n<ul>\n<li>Ficha 10<\/li>\n<\/ul>\n<p><strong>Microsoft<\/strong><\/p>\n<ul>\n<li>Surface Pro 3<\/li>\n<li>Surface Pro X<\/li>\n<\/ul>\n<p><strong>HP<\/strong><\/p>\n<ul>\n<li>Tableta Pro 10 EE G1<\/li>\n<li>Elite X2<\/li>\n<\/ul>\n<p><strong>DELL<\/strong><\/p>\n<ul>\n<li>Latitud 7390<\/li>\n<\/ul>\n<p>AFC fabrica equipos de mobiliario de alta calidad que superan las expectativas est\u00e1ndar de practicidad, funcionalidad y ergonom\u00eda. Nuestros productos est\u00e1n garantizados con una garant\u00eda total del producto. Fabricamos productos que ofrecen a nuestros clientes la tranquilidad de obtener el m\u00e1ximo rendimiento de su inversi\u00f3n.<\/p>\n<p>P\u00f3ngase en contacto con nosotros para una consulta gratuita con nuestro amable y servicial especialista en equipamiento t\u00e9cnico de mobiliario ergon\u00f3mico.<\/p>\n<div class=\"desksize\"><\/div>\n<h3 class=\"product-h3\"><span id=\"ctl00_ContentPlaceHolder1_lblImageBottom1\">Variantes del soporte de pared para tabletas<\/span><\/h3>\n<p><img decoding=\"async\" id=\"ctl00_ContentPlaceHolder1_imgDetailImageCall\" class=\"img-responsive\" style=\"border-width: 0px;\" src=\"https:\/\/afcindustries.com\/wp-content\/uploads\/2022\/01\/772247-wall-mounted-tablet-holder-variants.jpg\" alt=\"Variantes del soporte de pared para tabletas\" title=\"\"><\/p>\n<div id=\"ctl00_ContentPlaceHolder1_pnlImageContainer\"><\/div>\n<h3 class=\"product-h3\"><span id=\"ctl00_ContentPlaceHolder1_lblImageBottom2\">Caracter\u00edsticas del soporte de pared para tabletas<\/span><\/h3>\n<p><img decoding=\"async\" id=\"ctl00_ContentPlaceHolder1_imgDetailImageCall2\" class=\"img-responsive\" style=\"border-width: 0px;\" src=\"https:\/\/afcindustries.com\/wp-content\/uploads\/2022\/01\/772247-wall-mounted-tablet-holder-features.jpg\" alt=\"Caracter\u00edsticas del soporte de pared para tabletas\" title=\"\"><\/p>\n<h3 class=\"product-h3\"><span id=\"ctl00_ContentPlaceHolder1_lblImageBottom3\">Soporte de pared para tabletas M\u00e1s caracter\u00edsticas<\/span><\/h3>\n<p><img decoding=\"async\" id=\"ctl00_ContentPlaceHolder1_imgDetailImageCall3\" class=\"img-responsive\" style=\"border-width: 0px;\" src=\"https:\/\/afcindustries.com\/wp-content\/uploads\/2022\/01\/772247-wall-mounted-tablet-holder-more-features.jpg\" alt=\"Brazo para monitor de pared con soporte de montaje en pared\" title=\"\"><\/p>\n","protected":false},"excerpt":{"rendered":"<h1 class=\"product-h3\"><span id=\"ctl00_ContentPlaceHolder1_lblH3\">Brazo de soporte de pared para tabletas de alta resistencia<\/span><\/h1>\n<div class=\"col-md-6 col-sm-6 col-xs-12 detailList\">\n<ul>\n<li>Para montaje VESA (75 x 75 mm y 100 x 100 mm)<\/li>\n<li>Carga &#8211; Marco de la tableta o monitor LCD<\/li>\n<li>Extensi\u00f3n completa de los brazos de 8&#8243; &#8211; 16&#8243;<\/li>\n<li>M\u00faltiples nudillos para el ajuste:\n<ul>\n<li>Gira a la izquierda y a la derecha un total de 180\u00b0<\/li>\n<li>monitor giratorio 270\u00ba<\/li>\n<li>Pivote hacia arriba y hacia abajo<\/li>\n<\/ul>\n<\/li>\n<\/ul>\n<p>&nbsp;<\/p>\n<p>&nbsp;<\/p>\n<\/div>\n<div class=\"col-md-6 col-sm-6 col-xs-12\">\n<ul class=\"ulpdf\">\n<li><a id=\"ctl00_ContentPlaceHolder1_hPDF\" href=\"https:\/\/afcindustries.com\/PDFS\/AFCZ5XX-WM_03.PDF\" target=\"_blank\" rel=\"noopener\"><img decoding=\"async\" id=\"ctl00_ContentPlaceHolder1_imgPDF\" style=\"border-width: 0px;\" src=\"https:\/\/afcindustries.com\/images\/pdf.gif\" border=\"0\" \/><span id=\"ctl00_ContentPlaceHolder1_lblPDFSKU\" class=\"pdf\">PDF AFCZ5XX-WM_03.PDF<\/span><\/a><\/li>\n<\/ul>\n<ul>\n<li>\n<ul class=\"specPreview\">\n<li>Altura<\/li>\n<li>4.4&#8243;<\/li>\n<\/ul>\n<p>&nbsp;<\/li>\n<li>\n<ul class=\"specPreview\">\n<li>Profundidad<\/li>\n<li>12.6&#8243;<\/li>\n<\/ul>\n<p>&nbsp;<\/li>\n<\/ul>\n<\/div>\n","protected":false},"featured_media":11641,"template":"","meta":{"_acf_changed":false,"inline_featured_image":false},"product_brand":[],"product_cat":[1872,1832,3521,1758],"product_tag":[],"class_list":{"0":"post-19619","1":"product","2":"type-product","3":"status-publish","4":"has-post-thumbnail","6":"product_cat-brazo-de-soporte-para-tabletas-montado-en-la-pared","7":"product_cat-brazos-para-monitores-de-pared","8":"product_cat-extension-de-16-de-la-serie-z-500","9":"product_cat-soportes-ergonomicos","10":"pa_model-afcz548-wm-es","12":"first","13":"instock","14":"product-type-simple"},"acf":[],"_links":{"self":[{"href":"https:\/\/afcindustries.com\/es\/wp-json\/wp\/v2\/product\/19619","targetHints":{"allow":["GET"]}}],"collection":[{"href":"https:\/\/afcindustries.com\/es\/wp-json\/wp\/v2\/product"}],"about":[{"href":"https:\/\/afcindustries.com\/es\/wp-json\/wp\/v2\/types\/product"}],"wp:featuredmedia":[{"embeddable":true,"href":"https:\/\/afcindustries.com\/es\/wp-json\/wp\/v2\/media\/11641"}],"wp:attachment":[{"href":"https:\/\/afcindustries.com\/es\/wp-json\/wp\/v2\/media?parent=19619"}],"wp:term":[{"taxonomy":"product_brand","embeddable":true,"href":"https:\/\/afcindustries.com\/es\/wp-json\/wp\/v2\/product_brand?post=19619"},{"taxonomy":"product_cat","embeddable":true,"href":"https:\/\/afcindustries.com\/es\/wp-json\/wp\/v2\/product_cat?post=19619"},{"taxonomy":"product_tag","embeddable":true,"href":"https:\/\/afcindustries.com\/es\/wp-json\/wp\/v2\/product_tag?post=19619"}],"curies":[{"name":"wp","href":"https:\/\/api.w.org\/{rel}","templated":true}]}}