{"id":19612,"date":"2022-01-29T12:25:57","date_gmt":"2022-01-29T17:25:57","guid":{"rendered":"https:\/\/afcindustries.com\/product\/escritorio-de-la-consola-de-la-sala-de-control-de-pie-con-gabinete-de-cpu-ventilado\/"},"modified":"2024-10-09T10:04:32","modified_gmt":"2024-10-09T14:04:32","slug":"escritorio-de-la-consola-de-la-sala-de-control-de-pie-con-gabinete-de-cpu-ventilado","status":"publish","type":"product","link":"https:\/\/afcindustries.com\/es\/producto\/escritorio-de-la-consola-de-la-sala-de-control-de-pie-con-gabinete-de-cpu-ventilado\/","title":{"rendered":"Escritorio de la consola de la sala de control de pie con gabinete de CPU ventilado"},"content":{"rendered":"<h1>Consola de escritorio para sala de control de pie con panel posterior para montaje en pared de v\u00eddeo<\/h1>\n<div id=\"color_choice\">\n<div id=\"ctl00_ContentPlaceHolder1_color1_pnlColor\" class=\"option-Style-Panel1\">\n<div class=\"color-container\">\n<div class=\"color-item\">\n<div id=\"Black\" class=\"color-item-big\"><img decoding=\"async\" src=\"https:\/\/afcindustries.com\/wp-content\/uploads\/2022\/01\/Black-1.jpg\" alt=\"Negro\" title=\"\"><\/div>\n<\/div>\n<\/div>\n<\/div>\n<\/div>\n<p>Escritorio de consola de sala de control de pie que ayuda a mantener la comodidad y la energ\u00eda de trabajo del operario durante sus largas horas de trabajo que requieren un alto nivel de atenci\u00f3n. Est\u00e1 dise\u00f1ado ergon\u00f3micamente para adaptarse a los ajustes c\u00f3modos del usuario, ya que puede ajustarse f\u00e1cilmente para trabajar sentado o de pie, lo que ayuda a los operarios a mantener una buena salud f\u00edsica al permitirles moverse libremente, mejorando as\u00ed el flujo sangu\u00edneo contra los efectos del sedentarismo de las largas horas sentadas, que tienen efectos f\u00edsicos negativos.<\/p>\n<p>Este escritorio de consola de control de pie est\u00e1 equipado con armarios ventilados bajo el escritorio para evitar la ralentizaci\u00f3n de la CPU del ordenador por sobrecalentamiento. Tambi\u00e9n est\u00e1 equipado con seis soportes de pared para monitores compatibles con VESA que vienen con un panel trasero de gesti\u00f3n de cables para ocultar los cables desordenados. El ajuste de la altura es muy c\u00f3modo gracias a sus botones de control electr\u00f3nico. Los deslizadores est\u00e1n montados en su base para facilitar el desplazamiento por el suelo. Todos los materiales utilizados son de alta calidad y duraderos para su uso de por vida.<\/p>\n<p><strong>El mejor dise\u00f1o ergon\u00f3mico y c\u00f3modo:<\/strong> Dise\u00f1ado para la comodidad para reducir el estr\u00e9s y mantener la postura durante el trabajo.<\/p>\n<p><strong>Mantiene una buena salud:<\/strong> Elimina las lesiones por esfuerzo repetitivo (RSI), los dolores musculares, las molestias corporales, la tensi\u00f3n ocular y la fatiga. Aumenta la productividad y la circulaci\u00f3n sangu\u00ednea saludable.<\/p>\n<p><strong>F\u00e1cil de usar:<\/strong> f\u00e1cil de manejar sin necesidad de horas de formaci\u00f3n del usuario. Muy f\u00e1cil de configurar para adaptarse a las preferencias de cada usuario.<\/p>\n<p><strong>Iluminaci\u00f3n de escritorio preparada:<\/strong> Minimiza el cansancio ocular y la fatiga asociada y maximiza la precisi\u00f3n visual proporcionando una iluminaci\u00f3n adecuada.<\/p>\n<p><strong>Acceso a puertos de datos y tomas de corriente:<\/strong> Aumenta la productividad y la eficiencia gracias a la facilidad de acceso a los puertos de datos y las tomas de corriente.<\/p>\n<p><strong>Superficie de escritorio y bordes laminados de primera calidad:<\/strong> Las superficies de escritorio laminadas, los bordes lisos y las esquinas eliminan el riesgo de lesiones. Tambi\u00e9n mantiene el escritorio limpio y liso.<\/p>\n<p><strong>Colocaci\u00f3n correcta de la CPU del ordenador:<\/strong> La CPU del ordenador se encuentra fuera de peligro, lo que permite a los usuarios moverse libremente.<\/p>\n<p><strong>Gesti\u00f3n limpia de los cables:<\/strong> Los cables est\u00e1n ocultos de forma segura para eliminar el riesgo de accidentes que pueda causar a personas o equipos.<\/p>\n<p><strong>Construido seg\u00fan las especificaciones:<\/strong> Se puede especificar para acomodar las necesidades \u00fanicas y el entorno de trabajo de los usuarios individuales antes de la fabricaci\u00f3n.<\/p>\n<p><strong>Garantizado con la garant\u00eda del producto:<\/strong> Cubierto con la garant\u00eda de producto del fabricante que da seguridad a los compradores en caso de que el producto no cumpla con las expectativas.<\/p>\n<p><strong>Equipo de fabricaci\u00f3n de confianza:<\/strong> Nuestros dise\u00f1adores, ingenieros y fabricantes utilizan sus habilidades y talentos para ofrecerle el producto de mayor calidad que usted merece.<\/p>\n<p><strong>Asistencia en la planificaci\u00f3n del espacio de trabajo:<\/strong> Proporcionamos asistencia en la planificaci\u00f3n en la instalaci\u00f3n o renovaci\u00f3n de sus instalaciones de trabajo.<\/p>\n<p><strong>Ayuda para la instalaci\u00f3n:<\/strong> Proporcionamos asistencia exhaustiva en el despliegue de su mobiliario para el servicio.<\/p>\n<p><strong>Muebles de escritorio vers\u00e1tiles:<\/strong> Nuestros muebles son capaces de adaptarse a diferentes usos y entornos, por lo que son duraderos.<\/p>\n<p>Fabricamos equipos de mobiliario ergon\u00f3mico de alta calidad que superan las expectativas est\u00e1ndar de practicidad y funcionalidad. Nuestros productos est\u00e1n garantizados con una garant\u00eda total del producto. Fabricamos productos que ofrecen a nuestros clientes la tranquilidad de obtener el m\u00e1ximo rendimiento de su inversi\u00f3n.<\/p>\n<p>P\u00f3ngase en contacto con nosotros para una consulta gratuita con nuestro amable y servicial especialista en equipamiento t\u00e9cnico de mobiliario ergon\u00f3mico.<\/p>\n<div class=\"desksize\"><\/div>\n<h3 class=\"product-h3\"><span id=\"ctl00_ContentPlaceHolder1_lblImageBottom1\">Botones de la consola de la sala de control<\/span><\/h3>\n<p><img decoding=\"async\" id=\"ctl00_ContentPlaceHolder1_imgDetailImageCall\" class=\"img-responsive\" style=\"border-width: 0px\" src=\"https:\/\/afcindustries.com\/wp-content\/uploads\/2022\/01\/772793-gl-control-room-console-desk-buttons.jpg\" alt=\"Botones de la consola de la sala de control\" title=\"\"><\/p>\n<div id=\"ctl00_ContentPlaceHolder1_pnlImageContainer\"><\/div>\n<h3 class=\"product-h3\"><span id=\"ctl00_ContentPlaceHolder1_lblImageBottom2\">Caracter\u00edsticas de la consola de la sala de control<\/span><\/h3>\n<p><img decoding=\"async\" id=\"ctl00_ContentPlaceHolder1_imgDetailImageCall2\" class=\"img-responsive\" style=\"border-width: 0px\" src=\"https:\/\/afcindustries.com\/wp-content\/uploads\/2022\/01\/772793-gl-control-room-console-desk-features.jpg\" alt=\"Caracter\u00edsticas de la consola de la sala de control\" title=\"\"><\/p>\n<h3 class=\"product-h3\"><span id=\"ctl00_ContentPlaceHolder1_lblImageBottom3\">Escritorio de la consola de la sala de control M\u00e1s funciones<\/span><\/h3>\n<p><img decoding=\"async\" id=\"ctl00_ContentPlaceHolder1_imgDetailImageCall3\" class=\"img-responsive\" style=\"border-width: 0px\" src=\"https:\/\/afcindustries.com\/wp-content\/uploads\/2022\/01\/772793-gl-control-room-console-desk-more-features.jpg\" alt=\"Escritorio de la consola de la sala de control M\u00e1s funciones\" title=\"\"><\/p>\n","protected":false},"excerpt":{"rendered":"<h1 class=\"product-h3\"><span id=\"ctl00_ContentPlaceHolder1_lblH3\">Escritorio de consola de sala de control industrial de pie<\/span><\/h1>\n<div class=\"col-md-6 col-sm-6 col-xs-12 detailList\">\n<p><strong>El mejor dise\u00f1o ergon\u00f3mico y c\u00f3modo:<\/strong> Dise\u00f1ado para la comodidad para reducir el estr\u00e9s y mantener la postura durante el trabajo.<\/p>\n<p><strong>Mantiene una buena salud:<\/strong> Elimina las lesiones por esfuerzo repetitivo (RSI), los dolores musculares, las molestias corporales, la tensi\u00f3n ocular y la fatiga. Aumenta la productividad y la circulaci\u00f3n sangu\u00ednea saludable.<\/p>\n<p><strong>F\u00e1cil de usar:<\/strong> f\u00e1cil de manejar sin necesidad de horas de formaci\u00f3n del usuario. Muy f\u00e1cil de configurar para adaptarse a las preferencias de cada usuario.<\/p>\n<p><strong>Iluminaci\u00f3n de escritorio preparada:<\/strong> Minimiza el cansancio ocular y la fatiga asociada y maximiza la precisi\u00f3n visual proporcionando una iluminaci\u00f3n adecuada.<\/p>\n<p><strong>Acceso a puertos de datos y tomas de corriente:<\/strong> Aumenta la productividad y la eficiencia gracias a la facilidad de acceso a los puertos de datos y las tomas de corriente.<\/p>\n<p><strong>Superficie de escritorio y bordes laminados de primera calidad:<\/strong> Las superficies de escritorio laminadas, los bordes lisos y las esquinas eliminan el riesgo de lesiones. Tambi\u00e9n mantiene el escritorio limpio y liso.<\/p>\n<p><strong>Colocaci\u00f3n correcta de la CPU del ordenador:<\/strong> La CPU del ordenador se encuentra fuera de peligro, lo que permite a los usuarios moverse libremente.<\/p>\n<p><strong>Gesti\u00f3n limpia de los cables:<\/strong> Los cables est\u00e1n ocultos de forma segura para eliminar el riesgo de accidentes que pueda causar a personas o equipos.<\/p>\n<p><strong>Construido seg\u00fan las especificaciones:<\/strong> Se puede especificar para acomodar las necesidades \u00fanicas y el entorno de trabajo de los usuarios individuales antes de la fabricaci\u00f3n.<\/p>\n<p><strong>Garantizado con la garant\u00eda del producto:<\/strong> Cubierto con la garant\u00eda de producto del fabricante que da seguridad a los compradores en caso de que el producto no cumpla con las expectativas.<\/p>\n<p><strong>Equipo de fabricaci\u00f3n de confianza:<\/strong> Nuestros dise\u00f1adores, ingenieros y fabricantes utilizan sus habilidades y talentos para ofrecerle el producto de mayor calidad que usted merece.<\/p>\n<p><strong>Asistencia en la planificaci\u00f3n del espacio de trabajo:<\/strong> Proporcionamos asistencia en la planificaci\u00f3n en la instalaci\u00f3n o renovaci\u00f3n de sus instalaciones de trabajo.<\/p>\n<p><strong>Ayuda para la instalaci\u00f3n:<\/strong> Proporcionamos asistencia exhaustiva en el despliegue de su mobiliario para el servicio.<\/p>\n<p><strong>Muebles de escritorio vers\u00e1tiles:<\/strong> Nuestros muebles son capaces de adaptarse a diferentes usos y entornos, por lo que son duraderos.<\/p>\n<p>&nbsp;<\/p>\n<p>&nbsp;<\/p>\n<\/div>\n<div class=\"col-md-6 col-sm-6 col-xs-12\">\n<p>&nbsp;<\/p>\n<\/div>\n","protected":false},"featured_media":42269,"template":"","meta":{"_acf_changed":false,"inline_featured_image":false},"product_brand":[],"product_cat":[1848,1851,1839,1842],"product_tag":[],"class_list":{"0":"post-19612","1":"product","2":"type-product","3":"status-publish","4":"has-post-thumbnail","6":"product_cat-escritorio-de-la-consola-de-la-sala-de-control-con-soporte-para-sentarse","7":"product_cat-mostrador-de-seguridad","8":"product_cat-seguridad-y-salas-de-control","9":"product_cat-todas-las-salas-de-seguridad-y-control","10":"pa_model-escritorio-de-la-consola-de-control","12":"first","13":"instock","14":"product-type-simple"},"acf":[],"_links":{"self":[{"href":"https:\/\/afcindustries.com\/es\/wp-json\/wp\/v2\/product\/19612","targetHints":{"allow":["GET"]}}],"collection":[{"href":"https:\/\/afcindustries.com\/es\/wp-json\/wp\/v2\/product"}],"about":[{"href":"https:\/\/afcindustries.com\/es\/wp-json\/wp\/v2\/types\/product"}],"wp:featuredmedia":[{"embeddable":true,"href":"https:\/\/afcindustries.com\/es\/wp-json\/wp\/v2\/media\/42269"}],"wp:attachment":[{"href":"https:\/\/afcindustries.com\/es\/wp-json\/wp\/v2\/media?parent=19612"}],"wp:term":[{"taxonomy":"product_brand","embeddable":true,"href":"https:\/\/afcindustries.com\/es\/wp-json\/wp\/v2\/product_brand?post=19612"},{"taxonomy":"product_cat","embeddable":true,"href":"https:\/\/afcindustries.com\/es\/wp-json\/wp\/v2\/product_cat?post=19612"},{"taxonomy":"product_tag","embeddable":true,"href":"https:\/\/afcindustries.com\/es\/wp-json\/wp\/v2\/product_tag?post=19612"}],"curies":[{"name":"wp","href":"https:\/\/api.w.org\/{rel}","templated":true}]}}