{"id":19610,"date":"2022-01-29T12:15:22","date_gmt":"2022-01-29T17:15:22","guid":{"rendered":"https:\/\/afcindustries.com\/product\/mejor-rueda-gemela-con-freno\/"},"modified":"2024-10-09T10:18:22","modified_gmt":"2024-10-09T14:18:22","slug":"mejor-rueda-gemela-con-freno","status":"publish","type":"product","link":"https:\/\/afcindustries.com\/es\/producto\/mejor-rueda-gemela-con-freno\/","title":{"rendered":"Mejor rueda gemela con freno"},"content":{"rendered":"<h1>Rueda doble universal con freno<\/h1>\n<div id=\"color_choice\"><\/div>\n<p>Rueda de pl\u00e1stico doble de 4 pulgadas de di\u00e1metro con freno.<\/p>\n<p>Esta rueda doble de pl\u00e1stico se ha fabricado utilizando \u00fanicamente materiales de alta calidad para obtener una capacidad de carga \u00f3ptima.<\/p>\n<div class=\"desksize\"><\/div>\n<h3 class=\"product-h3\"><span id=\"ctl00_ContentPlaceHolder1_lblImageBottom1\">Ruedas dobles con tope<\/span><\/h3>\n<p><img decoding=\"async\" id=\"ctl00_ContentPlaceHolder1_imgDetailImageCall\" class=\"img-responsive\" style=\"border-width: 0px\" src=\"https:\/\/afcindustries.com\/wp-content\/uploads\/2022\/01\/772136-twin-caster.jpg\" alt=\"Ruedas dobles con tope\" title=\"\"><\/p>\n<div id=\"ctl00_ContentPlaceHolder1_pnlImageContainer\"><\/div>\n<h3 class=\"product-h3\"><\/h3>\n<h3 class=\"product-h3\"><\/h3>\n","protected":false},"excerpt":{"rendered":"<h1 class=\"product-h3\"><span id=\"ctl00_ContentPlaceHolder1_lblH3\">Ruedas dobles de alta resistencia con freno<\/span><\/h1>\n<div class=\"col-md-6 col-sm-6 col-xs-12 detailList\">\n<ul>\n<li>Ruedas dobles de alta resistencia con freno<\/li>\n<li>Fabricado con materiales duraderos de alta calidad<\/li>\n<li>N\u00facleo interior de polipropileno gris claro<\/li>\n<li>Rodamientos de bolas dentro de la rueda<\/li>\n<li>Frenos incluidos<\/li>\n<\/ul>\n<p>&nbsp;<\/p>\n<p>&nbsp;<\/p>\n<\/div>\n<div class=\"col-md-6 col-sm-6 col-xs-12\">\n<p>&nbsp;<\/p>\n<\/div>\n","protected":false},"featured_media":11524,"template":"","meta":{"_acf_changed":false,"inline_featured_image":false},"product_brand":[],"product_cat":[1783,3418,1826,1784],"product_tag":[],"class_list":{"0":"post-19610","1":"product","2":"type-product","3":"status-publish","4":"has-post-thumbnail","6":"product_cat-accesorios","7":"product_cat-deslizadores-y-ruedas","8":"product_cat-ruedas-gemelas-de-4-pulgadas-de-diametro-con-freno","9":"product_cat-todos-los-accesorios","10":"pa_model-cas-gpb-es","12":"first","13":"instock","14":"product-type-simple"},"acf":[],"_links":{"self":[{"href":"https:\/\/afcindustries.com\/es\/wp-json\/wp\/v2\/product\/19610","targetHints":{"allow":["GET"]}}],"collection":[{"href":"https:\/\/afcindustries.com\/es\/wp-json\/wp\/v2\/product"}],"about":[{"href":"https:\/\/afcindustries.com\/es\/wp-json\/wp\/v2\/types\/product"}],"wp:featuredmedia":[{"embeddable":true,"href":"https:\/\/afcindustries.com\/es\/wp-json\/wp\/v2\/media\/11524"}],"wp:attachment":[{"href":"https:\/\/afcindustries.com\/es\/wp-json\/wp\/v2\/media?parent=19610"}],"wp:term":[{"taxonomy":"product_brand","embeddable":true,"href":"https:\/\/afcindustries.com\/es\/wp-json\/wp\/v2\/product_brand?post=19610"},{"taxonomy":"product_cat","embeddable":true,"href":"https:\/\/afcindustries.com\/es\/wp-json\/wp\/v2\/product_cat?post=19610"},{"taxonomy":"product_tag","embeddable":true,"href":"https:\/\/afcindustries.com\/es\/wp-json\/wp\/v2\/product_tag?post=19610"}],"curies":[{"name":"wp","href":"https:\/\/api.w.org\/{rel}","templated":true}]}}