{"id":19602,"date":"2022-01-29T12:14:53","date_gmt":"2022-01-29T17:14:53","guid":{"rendered":"https:\/\/afcindustries.com\/product\/kiosco-de-informacion-comercial\/"},"modified":"2024-10-09T10:18:04","modified_gmt":"2024-10-09T14:18:04","slug":"kiosco-de-informacion-comercial","status":"publish","type":"product","link":"https:\/\/afcindustries.com\/es\/producto\/kiosco-de-informacion-comercial\/","title":{"rendered":"Kiosco de informaci\u00f3n comercial"},"content":{"rendered":"<h1>Soporte de exposici\u00f3n de productos<\/h1>\n<div id=\"color_choice\">\n<div id=\"ctl00_ContentPlaceHolder1_color1_pnlColor\" class=\"option-Style-Panel1\">\n<div class=\"color-container\">\n<div class=\"color-item\">\n<div id=\"Cream\" class=\"color-item-big\"><img decoding=\"async\" src=\"https:\/\/afcindustries.com\/wp-content\/uploads\/2022\/01\/Cream-1.jpg\" alt=\"Crema\" title=\"\"><\/div>\n<\/div>\n<\/div>\n<\/div>\n<\/div>\n<p>Este quiosco de informaci\u00f3n empresarial de primera calidad tiene cuatro lados que pueden utilizarse como tabl\u00f3n de anuncios. Tiene un dise\u00f1o flexible, 4 ruedas y soporte de se\u00f1alizaci\u00f3n incorporado. Con ruedas duraderas que facilitan su desplazamiento a cualquier lugar del suelo.<\/p>\n<p>Este quiosco de informaci\u00f3n empresarial tiene cuatro caras que pueden utilizarse como tabl\u00f3n de anuncios y revistero para los anuncios y comunicaciones de la oficina. Con ruedas duraderas que facilitan su desplazamiento a cualquier lugar del suelo.<\/p>\n<div class=\"desksize\"><\/div>\n","protected":false},"excerpt":{"rendered":"<h1 class=\"product-h3\"><span id=\"ctl00_ContentPlaceHolder1_lblH3\">Expositores de venta al p\u00fablico<\/span><\/h1>\n<div class=\"col-md-6 col-sm-6 col-xs-12 detailList\">\n<ul>\n<li>Quiosco de alta resistencia para empresas<\/li>\n<li>Dise\u00f1o flexible para cualquier sector<\/li>\n<li>Quiosco para negocios con soporte de se\u00f1alizaci\u00f3n incorporado con previsi\u00f3n de accesorios adicionales para la estructura<\/li>\n<\/ul>\n<p>&nbsp;<\/p>\n<p><span id=\"ctl00_ContentPlaceHolder1_lblFeatures\">\u00a0<\/span><\/p>\n<\/div>\n","protected":false},"featured_media":11298,"template":"","meta":{"_acf_changed":false,"inline_featured_image":false},"product_brand":[],"product_cat":[1815,1814],"product_tag":[],"class_list":{"0":"post-19602","1":"product","2":"type-product","3":"status-publish","4":"has-post-thumbnail","6":"product_cat-kiosco-de-informacion-comercial","7":"product_cat-productos-personalizados","9":"first","10":"instock","11":"product-type-simple"},"acf":[],"_links":{"self":[{"href":"https:\/\/afcindustries.com\/es\/wp-json\/wp\/v2\/product\/19602","targetHints":{"allow":["GET"]}}],"collection":[{"href":"https:\/\/afcindustries.com\/es\/wp-json\/wp\/v2\/product"}],"about":[{"href":"https:\/\/afcindustries.com\/es\/wp-json\/wp\/v2\/types\/product"}],"wp:featuredmedia":[{"embeddable":true,"href":"https:\/\/afcindustries.com\/es\/wp-json\/wp\/v2\/media\/11298"}],"wp:attachment":[{"href":"https:\/\/afcindustries.com\/es\/wp-json\/wp\/v2\/media?parent=19602"}],"wp:term":[{"taxonomy":"product_brand","embeddable":true,"href":"https:\/\/afcindustries.com\/es\/wp-json\/wp\/v2\/product_brand?post=19602"},{"taxonomy":"product_cat","embeddable":true,"href":"https:\/\/afcindustries.com\/es\/wp-json\/wp\/v2\/product_cat?post=19602"},{"taxonomy":"product_tag","embeddable":true,"href":"https:\/\/afcindustries.com\/es\/wp-json\/wp\/v2\/product_tag?post=19602"}],"curies":[{"name":"wp","href":"https:\/\/api.w.org\/{rel}","templated":true}]}}