{"id":19587,"date":"2022-01-29T12:14:53","date_gmt":"2022-01-29T17:14:53","guid":{"rendered":"https:\/\/afcindustries.com\/product\/soporte-seguro-para-tablet-microsoft-surface-go\/"},"modified":"2024-10-09T10:17:48","modified_gmt":"2024-10-09T14:17:48","slug":"soporte-seguro-para-tablet-microsoft-surface-go","status":"publish","type":"product","link":"https:\/\/afcindustries.com\/es\/producto\/soporte-seguro-para-tablet-microsoft-surface-go\/","title":{"rendered":"Soporte seguro para tablet Microsoft Surface Go"},"content":{"rendered":"<h1>Soporte para tablet Microsoft Surface Go &#8211; Marco met\u00e1lico<\/h1>\n<div id=\"color_choice\"><\/div>\n<p>Este soporte para tableta fabricado en acero est\u00e1 dise\u00f1ado espec\u00edficamente para albergar su tableta Microsoft Surface Go. Dise\u00f1ado para sujetar la tableta en su sitio y dar acceso a todas las salidas y orificios necesarios, desde el interruptor de alimentaci\u00f3n hasta la apertura de la c\u00e1mara.<\/p>\n<p>Esta tableta viene con una s\u00f3lida pintura en polvo que ayuda a resistir los ara\u00f1azos y el desgaste abrasivo. El marco se conecta a los soportes VESA est\u00e1ndar, con agujeros para tornillos preperforados para una f\u00e1cil fijaci\u00f3n. Un candado y una llave est\u00e1n incorporados para la seguridad y mantendr\u00e1n su tableta segura en su lugar sin el temor de ser robada.<\/p>\n<div class=\"desksize\"><\/div>\n<h3 class=\"product-h3\"><span id=\"ctl00_ContentPlaceHolder1_lblImageBottom1\">Soporte para tablet para Microsoft Surface Pro Caracter\u00edsticas<\/span><\/h3>\n<p><img decoding=\"async\" id=\"ctl00_ContentPlaceHolder1_imgDetailImageCall\" class=\"img-responsive\" style=\"border-width: 0px\" src=\"https:\/\/afcindustries.com\/wp-content\/uploads\/2022\/01\/772858-tablet-holder-for-microsoft-surface-pro-features.jpg\" alt=\"Soporte para Tablet para Microsoft Surface Pro\" title=\"\"><\/p>\n<div id=\"ctl00_ContentPlaceHolder1_pnlImageContainer\"><\/div>\n<h3 class=\"product-h3\"><\/h3>\n<h3 class=\"product-h3\"><\/h3>\n","protected":false},"excerpt":{"rendered":"<h1 class=\"product-h3\"><span id=\"ctl00_ContentPlaceHolder1_lblH3\">Marco de seguridad para tabletas con bloqueo para Microsoft Surface Go<\/span><\/h1>\n<div class=\"col-md-6 col-sm-6 col-xs-12 detailList\">\n<ul>\n<li>Montaje VESA (75 x 75 mm y 100 x 100 mm)<\/li>\n<li>El soporte del marco se adapta a la tableta <i>Microsoft Surface Go<\/i><\/li>\n<li>Fabricado en acero para una mayor longevidad y durabilidad<\/li>\n<li>Cerradura y llave incorporadas para mayor seguridad<\/li>\n<li>Recortes y aberturas estrat\u00e9gicas para los interruptores, puertos y botones necesarios<\/li>\n<\/ul>\n<p>&nbsp;<\/p>\n<p>&nbsp;<\/p>\n<\/div>\n<div class=\"col-md-6 col-sm-6 col-xs-12\">\n<ul class=\"ulpdf\">\n<li><a id=\"ctl00_ContentPlaceHolder1_hPDF\" href=\"https:\/\/afcindustries.com\/PDFS\/772858-SURFACE-PRO-TABLET-MOUNT1.PDF\" target=\"_blank\" rel=\"noopener\"><img decoding=\"async\" id=\"ctl00_ContentPlaceHolder1_imgPDF\" style=\"border-width: 0px;\" src=\"https:\/\/afcindustries.com\/images\/pdf.gif\" border=\"0\" \/><span id=\"ctl00_ContentPlaceHolder1_lblPDFSKU\" class=\"pdf\">PDF 772858-Surface-Pro-tablet-Mount1.pdf<\/span><\/a><\/li>\n<\/ul>\n<\/div>\n","protected":false},"featured_media":11294,"template":"","meta":{"_acf_changed":false,"inline_featured_image":false},"product_brand":[],"product_cat":[1783,1806,1784],"product_tag":[],"class_list":{"0":"post-19587","1":"product","2":"type-product","3":"status-publish","4":"has-post-thumbnail","6":"product_cat-accesorios","7":"product_cat-soporte-para-tablet-microsoft-surface-go","8":"product_cat-todos-los-accesorios","9":"pa_model-l15409-b-es","11":"first","12":"instock","13":"product-type-simple"},"acf":[],"_links":{"self":[{"href":"https:\/\/afcindustries.com\/es\/wp-json\/wp\/v2\/product\/19587","targetHints":{"allow":["GET"]}}],"collection":[{"href":"https:\/\/afcindustries.com\/es\/wp-json\/wp\/v2\/product"}],"about":[{"href":"https:\/\/afcindustries.com\/es\/wp-json\/wp\/v2\/types\/product"}],"wp:featuredmedia":[{"embeddable":true,"href":"https:\/\/afcindustries.com\/es\/wp-json\/wp\/v2\/media\/11294"}],"wp:attachment":[{"href":"https:\/\/afcindustries.com\/es\/wp-json\/wp\/v2\/media?parent=19587"}],"wp:term":[{"taxonomy":"product_brand","embeddable":true,"href":"https:\/\/afcindustries.com\/es\/wp-json\/wp\/v2\/product_brand?post=19587"},{"taxonomy":"product_cat","embeddable":true,"href":"https:\/\/afcindustries.com\/es\/wp-json\/wp\/v2\/product_cat?post=19587"},{"taxonomy":"product_tag","embeddable":true,"href":"https:\/\/afcindustries.com\/es\/wp-json\/wp\/v2\/product_tag?post=19587"}],"curies":[{"name":"wp","href":"https:\/\/api.w.org\/{rel}","templated":true}]}}