{"id":19586,"date":"2022-01-10T12:14:53","date_gmt":"2022-01-10T17:14:53","guid":{"rendered":"https:\/\/afcindustries.com\/product\/carro-de-ordenador-portatil-con-estante-adicional-y-palanca-de-altura-neumatica\/"},"modified":"2024-10-09T10:17:48","modified_gmt":"2024-10-09T14:17:48","slug":"carro-de-ordenador-portatil-con-estante-adicional-y-palanca-de-altura-neumatica","status":"publish","type":"product","link":"https:\/\/afcindustries.com\/es\/producto\/carro-de-ordenador-portatil-con-estante-adicional-y-palanca-de-altura-neumatica\/","title":{"rendered":"Carro de ordenador port\u00e1til con estante adicional y palanca de altura neum\u00e1tica"},"content":{"rendered":"<h1>Carro para ordenadores port\u00e1tiles con estante y palanca de altura neum\u00e1tica<\/h1>\n<div id=\"color_choice\">\n<div id=\"ctl00_ContentPlaceHolder1_color1_pnlColor\" class=\"option-Style-Panel1\">\n<div class=\"color-container\">\n<div class=\"color-item\">\n<p>&nbsp;<\/p>\n<div id=\"Black\" class=\"color-item-big\"><img decoding=\"async\" src=\"https:\/\/afcindustries.com\/wp-content\/uploads\/2022\/01\/Black-1.jpg\" alt=\"Negro\" title=\"\"><\/div>\n<\/div>\n<\/div>\n<\/div>\n<\/div>\n<p>Este soporte ergon\u00f3mico para ordenador port\u00e1til tiene ajuste de altura neum\u00e1tico, tapa de laminado de alta presi\u00f3n con moldura de protecci\u00f3n contra parachoques y 4 ruedas estables para su movilidad. El ajuste de la altura es f\u00e1cil con la suave manipulaci\u00f3n de la c\u00f3moda palanca neum\u00e1tica lateral. Las ruedas de f\u00e1cil deslizamiento permiten movilizar los datos all\u00ed donde se necesiten y se encajan para evitar que rueden innecesariamente.<\/p>\n<ul>\n<li><strong>El mejor dise\u00f1o ergon\u00f3mico y confortable:<\/strong> Confort de trabajo que reduce el estr\u00e9s.<\/li>\n<li><strong>Mantiene una buena salud:<\/strong> Elimina las lesiones por esfuerzo repetitivo (RSI), los dolores musculares, las molestias corporales, la tensi\u00f3n ocular y la fatiga. Aumenta la productividad y la circulaci\u00f3n sangu\u00ednea saludable.<\/li>\n<li><strong>F\u00e1cil de usar:<\/strong> f\u00e1cil de manejar sin necesidad de horas de formaci\u00f3n del usuario. Muy f\u00e1cil de configurar para adaptarse a las preferencias de cada usuario.<\/li>\n<li><strong>Acceso a puertos de datos y tomas de corriente:<\/strong> Aumenta la productividad y la eficiencia gracias a la facilidad de acceso a los puertos de datos y las tomas de corriente.<\/li>\n<li><strong>Superficie y bordes laminados de primera calidad:<\/strong> Las superficies laminadas, los bordes lisos y las esquinas eliminan el riesgo de lesiones; tambi\u00e9n mantiene el equipo con un aspecto limpio.<\/li>\n<li><strong>Gesti\u00f3n limpia de los cables:<\/strong> Los cables est\u00e1n ocultos de forma segura para eliminar el riesgo de accidentes que pueda causar a personas o equipos.<\/li>\n<li><strong>Construido seg\u00fan las especificaciones:<\/strong> Se puede especificar para acomodar las necesidades \u00fanicas y el entorno de trabajo de los usuarios individuales antes de la fabricaci\u00f3n.<\/li>\n<li><strong>Garantizado con la garant\u00eda del producto:<\/strong> Cubierto con la garant\u00eda de producto del fabricante que da seguridad a los compradores en caso de que el producto no cumpla con las expectativas.<\/li>\n<li><strong>Equipo de fabricaci\u00f3n de confianza:<\/strong> Los dise\u00f1adores, ingenieros y fabricantes comprenden los deseos de los usuarios finales de los productos.<\/li>\n<li><strong>Asistencia en la planificaci\u00f3n del espacio de trabajo:<\/strong> Se le proporciona asistencia en la fase de planificaci\u00f3n o renovaci\u00f3n de sus instalaciones de trabajo.<\/li>\n<li><strong>Ayuda para la instalaci\u00f3n:<\/strong> Se le proporciona una asistencia exhaustiva en el despliegue del equipo para el servicio.<\/li>\n<li><strong>Carro para equipos m\u00e9dicos vers\u00e1til:<\/strong> Se adapta a diferentes usos y entornos.<\/li>\n<\/ul>\n<p>AFC fabrica los equipos de mobiliario ergon\u00f3mico de m\u00e1s alto nivel que superan las expectativas de practicidad, funcionalidad y ergonom\u00eda. Nuestros productos est\u00e1n garantizados con una garant\u00eda total del producto. Construimos productos para dar a nuestros clientes la tranquilidad de que obtendr\u00e1n el m\u00e1ximo rendimiento de su inversi\u00f3n.<\/p>\n<p>P\u00f3ngase en contacto con nosotros para una consulta gratuita con nuestro amable y servicial especialista en mobiliario t\u00e9cnico ergon\u00f3mico.<\/p>\n<div class=\"desksize\"><\/div>\n<h3 class=\"product-h3\"><\/h3>\n<p><img decoding=\"async\" id=\"ctl00_ContentPlaceHolder1_imgDetailImageCall\" class=\"img-responsive\" style=\"border-width: 0px\" src=\"https:\/\/afcindustries.com\/wp-content\/uploads\/2022\/01\/772832-specs-01.jpg\" alt=\"Carro de ordenador port\u00e1til con estante adicional y especificaciones de la palanca de altura neum\u00e1tica\" title=\"\"><\/p>\n<div id=\"ctl00_ContentPlaceHolder1_pnlImageContainer\"><\/div>\n<h3 class=\"product-h3\"><\/h3>\n<p><img decoding=\"async\" id=\"ctl00_ContentPlaceHolder1_imgDetailImageCall2\" class=\"img-responsive\" style=\"border-width: 0px\" src=\"https:\/\/afcindustries.com\/wp-content\/uploads\/2022\/01\/772832-specs-02.jpg\" alt=\"Carro de ordenador port\u00e1til con estante adicional y palanca de altura neum\u00e1tica caracter\u00edsticas\" title=\"\"><\/p>\n<h3 class=\"product-h3\"><\/h3>\n<p><img decoding=\"async\" id=\"ctl00_ContentPlaceHolder1_imgDetailImageCall3\" class=\"img-responsive\" style=\"border-width: 0px\" src=\"https:\/\/afcindustries.com\/wp-content\/uploads\/2022\/01\/772832-specs-03.jpg\" alt=\"Carro de ordenador port\u00e1til con estante adicional y especificaci\u00f3n de la palanca de altura neum\u00e1tica\" title=\"\"><\/p>\n","protected":false},"excerpt":{"rendered":"<h1 class=\"product-h3\"><span id=\"ctl00_ContentPlaceHolder1_lblH3\">Carrito neum\u00e1tico ajustable en altura para ordenadores port\u00e1tiles, con estante adicional<\/span><\/h1>\n<div class=\"col-md-6 col-sm-6 col-xs-12 detailList\">\n<ul>\n<li>Ajuste neum\u00e1tico de la altura.<\/li>\n<li>La altura de la superficie de trabajo var\u00eda desde el suelo: 30&#8243; a 40&#8243;.<\/li>\n<li>Tapa laminada de 20&#8243; de ancho x 20&#8243; de profundidad con moldura de protecci\u00f3n de parachoques.<\/li>\n<li>Espacio de almacenamiento adicional.<\/li>\n<li>Asa totalmente integrada para facilitar el movimiento.<\/li>\n<li>Superficie de apoyo: base de cuatro puntas de 20&#8243; de di\u00e1metro.<\/li>\n<li>Cuatro ruedas de 3&#8243; (dos son de bloqueo).<\/li>\n<\/ul>\n<p>&nbsp;<\/p>\n<p>&nbsp;<\/p>\n<\/div>\n<div class=\"col-md-6 col-sm-6 col-xs-12\">\n<ul class=\"ulpdf\">\n<li><a id=\"ctl00_ContentPlaceHolder1_hPDF\" href=\"https:\/\/afcindustries.com\/PDFS\/LPC2020-2020-CUB-02.PDF\" target=\"_blank\" rel=\"noopener\"><img decoding=\"async\" id=\"ctl00_ContentPlaceHolder1_imgPDF\" style=\"border-width: 0px;\" src=\"https:\/\/afcindustries.com\/images\/pdf.gif\" border=\"0\" \/><span id=\"ctl00_ContentPlaceHolder1_lblPDFSKU\" class=\"pdf\">PDF LPC2020-2020-CUB-02.pdf<\/span><\/a><\/li>\n<\/ul>\n<ul>\n<li>\n<ul class=\"specPreview\">\n<li>Altura<\/li>\n<li>40&#8243;<\/li>\n<\/ul>\n<p>&nbsp;<\/li>\n<li>\n<ul class=\"specPreview\">\n<li>Anchura<\/li>\n<li>20&#8243;<\/li>\n<\/ul>\n<p>&nbsp;<\/li>\n<li>\n<ul class=\"specPreview\">\n<li>Profundidad<\/li>\n<li>20&#8243;<\/li>\n<\/ul>\n<p>&nbsp;<\/li>\n<\/ul>\n<\/div>\n","protected":false},"featured_media":43427,"template":"","meta":{"_acf_changed":false,"inline_featured_image":false},"product_brand":[],"product_cat":[1765,1805,1803,2064,1766,2781,2931],"product_tag":[],"class_list":{"0":"post-19586","1":"product","2":"type-product","3":"status-publish","4":"has-post-thumbnail","6":"product_cat-carros-de-ordenador-medico","7":"product_cat-carro-de-ordenador-portatil-con-estante-adicional-y-palanca-de-altura-neumatica","8":"product_cat-carro-de-tabletas","9":"product_cat-carro-ergonomico-para-portatiles","10":"product_cat-carros-para-portatiles","11":"product_cat-escritorio-para-ordenador-en-el-aula","12":"product_cat-escritorio-para-portatiles-en-el-aula-escolar","13":"pa_model-lpc2020-2020-cub-02-es","15":"first","16":"instock","17":"product-type-simple"},"acf":[],"_links":{"self":[{"href":"https:\/\/afcindustries.com\/es\/wp-json\/wp\/v2\/product\/19586","targetHints":{"allow":["GET"]}}],"collection":[{"href":"https:\/\/afcindustries.com\/es\/wp-json\/wp\/v2\/product"}],"about":[{"href":"https:\/\/afcindustries.com\/es\/wp-json\/wp\/v2\/types\/product"}],"wp:featuredmedia":[{"embeddable":true,"href":"https:\/\/afcindustries.com\/es\/wp-json\/wp\/v2\/media\/43427"}],"wp:attachment":[{"href":"https:\/\/afcindustries.com\/es\/wp-json\/wp\/v2\/media?parent=19586"}],"wp:term":[{"taxonomy":"product_brand","embeddable":true,"href":"https:\/\/afcindustries.com\/es\/wp-json\/wp\/v2\/product_brand?post=19586"},{"taxonomy":"product_cat","embeddable":true,"href":"https:\/\/afcindustries.com\/es\/wp-json\/wp\/v2\/product_cat?post=19586"},{"taxonomy":"product_tag","embeddable":true,"href":"https:\/\/afcindustries.com\/es\/wp-json\/wp\/v2\/product_tag?post=19586"}],"curies":[{"name":"wp","href":"https:\/\/api.w.org\/{rel}","templated":true}]}}