{"id":19541,"date":"2022-01-29T12:14:53","date_gmt":"2022-01-29T17:14:53","guid":{"rendered":"https:\/\/afcindustries.com\/product\/soporte-para-cpu-de-ordenador-de-sobremesa\/"},"modified":"2024-10-09T10:17:28","modified_gmt":"2024-10-09T14:17:28","slug":"soporte-para-cpu-de-ordenador-de-sobremesa","status":"publish","type":"product","link":"https:\/\/afcindustries.com\/es\/producto\/soporte-para-cpu-de-ordenador-de-sobremesa\/","title":{"rendered":"Soporte para CPU de ordenador de sobremesa"},"content":{"rendered":"<h1>Soporte para CPU de ordenador de sobremesa<\/h1>\n<div id=\"color_choice\">\n<div id=\"ctl00_ContentPlaceHolder1_color1_pnlColor\" class=\"option-Style-Panel1\">\n<div class=\"color-container\">\n<div class=\"color-item\">\n<p>&nbsp;<\/p>\n<div id=\"White\" class=\"color-item-big\"><img decoding=\"async\" src=\"https:\/\/afcindustries.com\/wp-content\/uploads\/2022\/01\/White-1.jpg\" alt=\"Blanco\" title=\"\"><\/div>\n<\/div>\n<\/div>\n<\/div>\n<\/div>\n<p>Este soporte de escritorio universal para CPU de la mejor calidad se adapta a todos los tama\u00f1os est\u00e1ndar de carcasas de CPU de ordenadores. Es muy f\u00e1cil de ajustar y mantiene la CPU a salvo de choques y patadas accidentales que puedan da\u00f1ar la unidad central de procesamiento del ordenador.<\/p>\n<p>Este soporte de escritorio ajustable para la CPU es una gran manera de maximizar su espacio de trabajo. Es muy f\u00e1cil de instalar. Tambi\u00e9n ofrece una forma c\u00f3moda de acceder a los perif\u00e9ricos de la CPU del ordenador, como la unidad de DVD, los puertos USB y las entradas de audio y micr\u00f3fono.<\/p>\n<p>Fabricamos equipos de mobiliario ergon\u00f3mico de alta calidad que superan las expectativas est\u00e1ndar de practicidad y funcionalidad. Nuestros productos est\u00e1n garantizados con una garant\u00eda total del producto. Fabricamos productos que ofrecen a nuestros clientes la tranquilidad de obtener el m\u00e1ximo rendimiento de su inversi\u00f3n.<\/p>\n<p>D\u00e9jenos ayudarle. P\u00f3ngase en contacto con nosotros para obtener una consulta experta gratuita con nuestro amable especialista en dise\u00f1o de mobiliario t\u00e9cnico ergon\u00f3mico.<\/p>\n<div class=\"desksize\"><\/div>\n<h3 class=\"product-h3\"><span id=\"ctl00_ContentPlaceHolder1_lblImageBottom1\">Soporte para CPU de ordenador de sobremesa<\/span><\/h3>\n<p><img decoding=\"async\" id=\"ctl00_ContentPlaceHolder1_imgDetailImageCall\" class=\"img-responsive\" style=\"border-width: 0px\" src=\"https:\/\/afcindustries.com\/wp-content\/uploads\/2022\/01\/771303-desk-computer-cpu-mount.jpg\" alt=\"Soporte para CPU de ordenador de sobremesa\" title=\"\"><\/p>\n<div id=\"ctl00_ContentPlaceHolder1_pnlImageContainer\"><\/div>\n<h3 class=\"product-h3\"><\/h3>\n<h3 class=\"product-h3\"><\/h3>\n","protected":false},"excerpt":{"rendered":"<h1 class=\"product-h3\"><span id=\"ctl00_ContentPlaceHolder1_lblH3\">Montaje de la CPU del ordenador:<\/span><\/h1>\n<div class=\"col-md-6 col-sm-6 col-xs-12 detailList\">\n<ul>\n<li>Montado en la pared o fijado bajo la superficie de trabajo<\/li>\n<li>Las CPUs normales tienen una profundidad de entre 2,25 y 6,0 pulgadas y una altura de entre 14 y 25 pulgadas, por lo que tiene espacios libres ajustables.<\/li>\n<\/ul>\n<p>&nbsp;<\/p>\n<p>&nbsp;<\/p>\n<\/div>\n<div class=\"col-md-6 col-sm-6 col-xs-12\">\n<ul class=\"ulpdf\">\n<li><a id=\"ctl00_ContentPlaceHolder1_hPDF\" href=\"https:\/\/afcindustries.com\/PDFS\/CPU13-25_01.PDF\" target=\"_blank\" rel=\"noopener\"><img decoding=\"async\" id=\"ctl00_ContentPlaceHolder1_imgPDF\" style=\"border-width: 0px;\" src=\"https:\/\/afcindustries.com\/images\/pdf.gif\" border=\"0\" \/><span id=\"ctl00_ContentPlaceHolder1_lblPDFSKU\" class=\"pdf\">PDF CPU13-25_01.pdf<\/span><\/a><\/li>\n<\/ul>\n<ul>\n<li>\n<ul class=\"specPreview\">\n<li>Altura<\/li>\n<li>14&#8243; a 25&#8243;<\/li>\n<\/ul>\n<p>&nbsp;<\/li>\n<li>\n<ul class=\"specPreview\">\n<li>Profundidad<\/li>\n<li>2.75&#8243;-8.8&#8243;<\/li>\n<\/ul>\n<p>&nbsp;<\/li>\n<\/ul>\n<\/div>\n","protected":false},"featured_media":11244,"template":"","meta":{"_acf_changed":false,"inline_featured_image":false},"product_brand":[],"product_cat":[1783,1786,1784],"product_tag":[],"class_list":{"0":"post-19541","1":"product","2":"type-product","3":"status-publish","4":"has-post-thumbnail","6":"product_cat-accesorios","7":"product_cat-soporte-para-cpu-de-ordenador-de-sobremesa","8":"product_cat-todos-los-accesorios","9":"pa_model-cpu-13-25-es","11":"first","12":"instock","13":"product-type-simple"},"acf":[],"_links":{"self":[{"href":"https:\/\/afcindustries.com\/es\/wp-json\/wp\/v2\/product\/19541","targetHints":{"allow":["GET"]}}],"collection":[{"href":"https:\/\/afcindustries.com\/es\/wp-json\/wp\/v2\/product"}],"about":[{"href":"https:\/\/afcindustries.com\/es\/wp-json\/wp\/v2\/types\/product"}],"wp:featuredmedia":[{"embeddable":true,"href":"https:\/\/afcindustries.com\/es\/wp-json\/wp\/v2\/media\/11244"}],"wp:attachment":[{"href":"https:\/\/afcindustries.com\/es\/wp-json\/wp\/v2\/media?parent=19541"}],"wp:term":[{"taxonomy":"product_brand","embeddable":true,"href":"https:\/\/afcindustries.com\/es\/wp-json\/wp\/v2\/product_brand?post=19541"},{"taxonomy":"product_cat","embeddable":true,"href":"https:\/\/afcindustries.com\/es\/wp-json\/wp\/v2\/product_cat?post=19541"},{"taxonomy":"product_tag","embeddable":true,"href":"https:\/\/afcindustries.com\/es\/wp-json\/wp\/v2\/product_tag?post=19541"}],"curies":[{"name":"wp","href":"https:\/\/api.w.org\/{rel}","templated":true}]}}