{"id":32621,"date":"2023-03-15T14:42:57","date_gmt":"2023-03-15T18:42:57","guid":{"rendered":"https:\/\/afcindustries.com\/banco-de-trabajo\/"},"modified":"2024-10-04T14:21:04","modified_gmt":"2024-10-04T18:21:04","slug":"banco-de-trabajo","status":"publish","type":"page","link":"https:\/\/afcindustries.com\/es\/banco-de-trabajo\/","title":{"rendered":"Banco de Trabajo"},"content":{"rendered":"\n\n\t<h2>\n\t\tEscritorios y mesas\n\t<\/h2>\n\t\t\t\t\t\t\t\t<a href=\"https:\/\/afcindustries.com\/contact\/\" target=\"_self\" itemprop=\"url\" rel=\"noopener\">\n\t\t\t\t\t\t\t\t\t<img loading=\"lazy\" decoding=\"async\" src=\"https:\/\/afcindustries.com\/wp-content\/uploads\/2022\/05\/Promo-Fall-23.gif\" alt=\"Promo Fall\" itemprop=\"image\" height=\"450\" width=\"280\" title=\"Promo Fall\" onerror=\"this.style.display='none'\"  \/>\n\t\t\t\t\t\t\t\t\t\t\t\t\t<\/a>\n\n\n\tMostrando el \u00fanico resultado\n<form method=\"get\">\n\t<select name=\"orderby\" aria-label=\"Pedido de la tienda\">\n\t\t\t\t\t<option value=\"menu_order\"  selected='selected'>Orden predeterminado<\/option>\n\t\t\t\t\t<option value=\"popularity\">Ordenar por popularidad<\/option>\n\t\t\t\t\t<option value=\"date\">Ordenar por los \u00faltimos<\/option>\n\t\t\t\t\t<option value=\"price\">Ordenar por precio: bajo a alto<\/option>\n\t\t\t\t\t<option value=\"price-desc\">Ordenar por precio: alto a bajo<\/option>\n\t\t\t<\/select>\n\t<input type=\"hidden\" name=\"paged\" value=\"1\" \/>\n\t<input type=\"hidden\" name=\"page_id\" value=\"32621\" \/><input type=\"hidden\" name=\"fl_builder\" value=\"\" \/><\/form>\n\t\t\t<ul>\n\t\t\t\t<li id=\"woopack-product-32631\"  data-product-id=\"32631\">\n\t<a href='https:\/\/afcindustries.com\/es\/producto\/banco-de-trabajo-industrial-con-superficie-de-escritorio-esd-y-pantalla-de-monitor\/' title='Banco de trabajo industrial con superficie de escritorio ESD y pantalla de monitor'><img width=\"800\" height=\"800\" src=\"https:\/\/afcindustries.com\/wp-content\/uploads\/2023\/03\/Industrial-Workbench-772860-01.jpg\" alt=\"Industrial workbench by AFC, featuring a sturdy design suitable for various heavy-duty tasks and projects in workshops.\" itemprop=\"image\" decoding=\"async\" loading=\"lazy\" srcset=\"https:\/\/afcindustries.com\/wp-content\/uploads\/2023\/03\/Industrial-Workbench-772860-01.jpg 800w, https:\/\/afcindustries.com\/wp-content\/uploads\/2023\/03\/Industrial-Workbench-772860-01-300x300.jpg 300w, https:\/\/afcindustries.com\/wp-content\/uploads\/2023\/03\/Industrial-Workbench-772860-01-150x150.jpg 150w, https:\/\/afcindustries.com\/wp-content\/uploads\/2023\/03\/Industrial-Workbench-772860-01-768x768.jpg 768w, https:\/\/afcindustries.com\/wp-content\/uploads\/2023\/03\/Industrial-Workbench-772860-01-600x600.jpg 600w, https:\/\/afcindustries.com\/wp-content\/uploads\/2023\/03\/Industrial-Workbench-772860-01-100x100.jpg 100w\" sizes=\"auto, (max-width: 800px) 100vw, 800px\" title=\"\"><\/a>\n    <h3><a href='https:\/\/afcindustries.com\/es\/producto\/banco-de-trabajo-industrial-con-superficie-de-escritorio-esd-y-pantalla-de-monitor\/' title='Banco de trabajo industrial con superficie de escritorio ESD y pantalla de monitor'>Banco de trabajo industrial con superficie de escritorio ESD y pantalla de monitor<\/a><\/h3>\n\t\tSKU:772860-WB\n<\/li>\t\t\t\t\n\t\t\t<\/ul>\n<h2>\n\t\tBancos de trabajo ergon\u00f3micos para una productividad y comodidad \u00f3ptimas\n\t<\/h2>\n\t<p>En AFC entendemos la importancia de tener un espacio de trabajo c\u00f3modo y eficiente. Es por eso que ofrecemos una amplia gama de bancos de trabajo ergon\u00f3micos dise\u00f1ados para satisfacer las necesidades \u00fanicas de diferentes industrias y entornos de trabajo. Ya sea que est\u00e9 en la fabricaci\u00f3n, la atenci\u00f3n m\u00e9dica o cualquier otro campo, nuestros bancos de trabajo est\u00e1n dise\u00f1ados para brindarle la comodidad, la organizaci\u00f3n y la durabilidad que necesita para mantenerse concentrado y productivo durante todo el d\u00eda.<\/p>\n<p>Nuestros bancos de trabajo vienen en varios tama\u00f1os, formas y configuraciones, lo que los hace adecuados para una amplia gama de tareas y aplicaciones. Ofrecemos bancos de trabajo regulables en altura que se pueden subir o bajar para adaptarse a la altura del usuario, lo que reduce el riesgo de lesiones musculoesquel\u00e9ticas y fatiga. Nuestros bancos de trabajo tambi\u00e9n cuentan con una variedad de opciones de almacenamiento, que incluyen cajones, gabinetes y estantes, lo que le permite mantener sus herramientas, equipos y suministros organizados y al alcance.<\/p>\n<p>Adem\u00e1s de nuestros bancos de trabajo est\u00e1ndar, ofrecemos soluciones de banco de trabajo personalizadas adaptadas a sus necesidades y requisitos espec\u00edficos. Nuestro equipo de dise\u00f1adores e ingenieros experimentados trabajar\u00e1 con usted para crear un banco de trabajo que cumpla con sus especificaciones \u00fanicas y se adapte perfectamente a su espacio de trabajo.<\/p>\n<p>En AFC, nos comprometemos a proporcionar bancos de trabajo de alta calidad construidos para durar. Nuestros bancos de trabajo est\u00e1n fabricados con los mejores materiales y est\u00e1n construidos con precisi\u00f3n y cuidado. Tambi\u00e9n ofrecemos precios competitivos y un servicio al cliente excepcional, lo que garantiza que obtenga el mejor valor por su inversi\u00f3n.<\/p>\n<p>Ya sea que est\u00e9 buscando un banco de trabajo simple o una soluci\u00f3n personalizada compleja, AFC tiene la experiencia y los recursos para satisfacer sus necesidades. Cont\u00e1ctenos hoy para obtener m\u00e1s informaci\u00f3n sobre nuestros bancos de trabajo ergon\u00f3micos y c\u00f3mo pueden ayudarlo a optimizar su espacio de trabajo para lograr la m\u00e1xima productividad y comodidad.<\/p>\n\n","protected":false},"excerpt":{"rendered":"<p>Escritorios y mesas Mostrando el \u00fanico resultado Orden predeterminadoOrdenar por popularidadOrdenar por los \u00faltimosOrdenar por precio: bajo a altoOrdenar por precio: alto a bajo Banco de trabajo industrial con superficie de escritorio ESD y pantalla de monitor SKU:772860-WB Bancos de trabajo ergon\u00f3micos para una productividad y comodidad \u00f3ptimas En AFC entendemos la importancia de tener&hellip;<\/p>\n","protected":false},"author":1,"featured_media":0,"parent":0,"menu_order":0,"comment_status":"closed","ping_status":"closed","template":"","meta":{"_acf_changed":false,"inline_featured_image":false,"footnotes":""},"class_list":["post-32621","page","type-page","status-publish","hentry"],"acf":[],"_links":{"self":[{"href":"https:\/\/afcindustries.com\/es\/wp-json\/wp\/v2\/pages\/32621","targetHints":{"allow":["GET"]}}],"collection":[{"href":"https:\/\/afcindustries.com\/es\/wp-json\/wp\/v2\/pages"}],"about":[{"href":"https:\/\/afcindustries.com\/es\/wp-json\/wp\/v2\/types\/page"}],"author":[{"embeddable":true,"href":"https:\/\/afcindustries.com\/es\/wp-json\/wp\/v2\/users\/1"}],"replies":[{"embeddable":true,"href":"https:\/\/afcindustries.com\/es\/wp-json\/wp\/v2\/comments?post=32621"}],"version-history":[{"count":0,"href":"https:\/\/afcindustries.com\/es\/wp-json\/wp\/v2\/pages\/32621\/revisions"}],"wp:attachment":[{"href":"https:\/\/afcindustries.com\/es\/wp-json\/wp\/v2\/media?parent=32621"}],"curies":[{"name":"wp","href":"https:\/\/api.w.org\/{rel}","templated":true}]}}