{"id":26625,"date":"2022-10-27T23:16:14","date_gmt":"2022-10-28T03:16:14","guid":{"rendered":"https:\/\/afcindustries.com\/listas-de-catalogos-2\/"},"modified":"2024-09-27T15:02:14","modified_gmt":"2024-09-27T19:02:14","slug":"listas-de-catalogos","status":"publish","type":"page","link":"https:\/\/afcindustries.com\/es\/listas-de-catalogos\/","title":{"rendered":"Listas de cat\u00e1logos"},"content":{"rendered":"\n\n\t<nav id=\"breadcrumbs\" aria-label=\"Breadcrumbs\"><a href=\"https:\/\/afcindustries.com\/es\/\">Home<\/a> \u00bb Listas de cat\u00e1logos<\/nav><h1>\n\t\tLista de cat\u00e1logos\n\t<\/h1>\n\t<p>En AFC Industries, nos comprometemos a mejorar su espacio de trabajo con excelencia ergon\u00f3mica. Nuestra amplia colecci\u00f3n de cat\u00e1logos de muebles ergon\u00f3micos muestra una amplia gama de productos dise\u00f1ados para optimizar la comodidad y la productividad. Ya sea que est\u00e9 buscando sillas ergon\u00f3micas, escritorios de altura ajustable, brazos para monitor u otras soluciones ergon\u00f3micas, nuestros cat\u00e1logos le brindan una gran cantidad de opciones.<\/p>\n<p>Con un enfoque en la innovaci\u00f3n y el bienestar del usuario, nuestros cat\u00e1logos de muebles ergon\u00f3micos son su recurso de referencia para crear un entorno de trabajo m\u00e1s c\u00f3modo y eficiente. Descubra dise\u00f1os de vanguardia, soluciones personalizables y orientaci\u00f3n de expertos para ayudarlo a adaptar su espacio de trabajo a sus necesidades \u00fanicas.<\/p>\n<p>Descubra el potencial de un espacio de trabajo m\u00e1s saludable y ergon\u00f3mico hoy. Explore los cat\u00e1logos de muebles ergon\u00f3micos de AFC Industries y encuentre las soluciones ideales para mejorar su experiencia laboral. Su camino hacia un lugar de trabajo m\u00e1s c\u00f3modo y productivo comienza aqu\u00ed.<\/p>\n<h2>\n\t\tSolicitud de cat\u00e1logo\n\t<\/h2>\n\t\n\t\n \n<form action=\"\/es\/?page_id=26625&#038;fl_builder#wpcf7-f43572-o1\" method=\"post\" aria-label=\"Formulario de contacto\" novalidate=\"novalidate\" data-status=\"init\">\n<input type=\"hidden\" name=\"_wpcf7\" value=\"43572\" \/>\n<input type=\"hidden\" name=\"_wpcf7_version\" value=\"5.9.8\" \/>\n<input type=\"hidden\" name=\"_wpcf7_locale\" value=\"es_ES\" \/>\n<input type=\"hidden\" name=\"_wpcf7_unit_tag\" value=\"wpcf7-f43572-o1\" \/>\n<input type=\"hidden\" name=\"_wpcf7_container_post\" value=\"0\" \/>\n<input type=\"hidden\" name=\"_wpcf7_posted_data_hash\" value=\"\" \/>\n<input type=\"hidden\" name=\"_wpcf7_recaptcha_response\" value=\"\" \/>\n\t\t<label for=\"your-name\">Nombre*<\/label>\n\t\t\n\t\t<input size=\"40\" maxlength=\"400\" autocomplete=\"name\" aria-required=\"true\" aria-invalid=\"false\" value=\"\" type=\"text\" name=\"your-name\" \/>\n\t\t\n\t\t<label for=\"your-email\">Correo electr\u00f3nico*<\/label>\n\t\t\n\t\t<input size=\"40\" maxlength=\"400\" autocomplete=\"email\" aria-required=\"true\" aria-invalid=\"false\" value=\"\" type=\"email\" name=\"your-email\" \/>\n\t\t\n\t\t<label for=\"your-email\">Nombre de empresa*<\/label>\n\t\t\n\t\t<input size=\"40\" maxlength=\"400\" autocomplete=\"company\" aria-required=\"true\" aria-invalid=\"false\" value=\"\" type=\"text\" name=\"company\" \/>\n\t\t\n\t\t<label for=\"your-email\">Sitio web<\/label>\n\t\t\n\t\t<input size=\"40\" maxlength=\"400\" autocomplete=\"website\" aria-invalid=\"false\" value=\"\" type=\"text\" name=\"website\" \/>\n\t\t\n\t<label for=\"your-message\">Mensaje<\/label>\n\t\n\t<textarea cols=\"40\" rows=\"10\" maxlength=\"2000\" aria-invalid=\"false\" name=\"your-message\"><\/textarea>\n\t\n\t<input type=\"submit\" value=\"Enviar\" \/>\n\t\n<\/form>\n\t<meta itemscope itemprop=\"mainEntityOfPage\" itemtype=\"https:\/\/schema.org\/WebPage\" itemid=\"http:\/\/26608\" content=\"Folleto de radiolog\u00eda\" \/><meta itemprop=\"datePublished\" content=\"2022-10-31\" \/><meta itemprop=\"dateModified\" content=\"2024-08-23\" \/><meta itemprop=\"name\" content=\"AFC Industries\"\/><meta itemprop=\"url\" content=\"https:\/\/afcindustries.com\/wp-content\/uploads\/2022\/02\/afcindustries-logo-big1.png\"\/><meta itemprop=\"url\" content=\"https:\/\/afcindustries.com\/es\/author\/afcindustrieswpadmin\/\" \/><meta itemprop=\"name\" content=\"AFC Industries\" \/><meta itemprop=\"url\" content=\"https:\/\/afcindustries.com\/wp-content\/uploads\/2022\/10\/RADIOLOGY-BROCHURE-COVER1.png\" \/><meta itemprop=\"width\" content=\"636\" \/><meta itemprop=\"height\" content=\"891\" \/><meta itemprop=\"interactionType\" content=\"https:\/\/schema.org\/CommentAction\" \/><meta itemprop=\"userInteractionCount\" content=\"0\" \/>\n\t\t\t\t\t<a href=\"https:\/\/afcindustries.com\/es\/catalog\/folleto-de-radiologia\/\" title=\"Folleto de radiolog\u00eda\"><\/a>\n\t\t\t\t<img loading=\"lazy\" decoding=\"async\" src=\"https:\/\/afcindustries.com\/wp-content\/uploads\/bb-plugin\/cache\/RADIOLOGY-BROCHURE-COVER1-portrait-af00a7ddab39396eb34e64796b60d3f4-.png\" alt=\"Cover of a radiology brochure by AFC, featuring medical imagery and informative design elements for healthcare professionals.\" itemprop=\"image\" data-no-lazy=\"1\" height=\"891\" width=\"636\" title=\"RADIOLOGY-BROCHURE-COVER1\" onerror=\"this.style.display='none'\"  \/>\n\t\t\t\t\t\t\t\t\t<h2 itemprop=\"headline\">\n\t\t\t\t\t\t\t\t\t\t\t\t\t\tFolleto de radiolog\u00eda\t\t\t\t\t\t\t\t\t\t\t<\/h2>\n\t<meta itemscope itemprop=\"mainEntityOfPage\" itemtype=\"https:\/\/schema.org\/WebPage\" itemid=\"http:\/\/25549\" content=\"SANIDAD\" \/><meta itemprop=\"datePublished\" content=\"2022-10-30\" \/><meta itemprop=\"dateModified\" content=\"2022-09-26\" \/><meta itemprop=\"name\" content=\"AFC Industries\"\/><meta itemprop=\"url\" content=\"https:\/\/afcindustries.com\/wp-content\/uploads\/2022\/02\/afcindustries-logo-big1.png\"\/><meta itemprop=\"url\" content=\"https:\/\/afcindustries.com\/es\/author\/afcindustrieswpadmin\/\" \/><meta itemprop=\"name\" content=\"AFC Industries\" \/><meta itemprop=\"url\" content=\"https:\/\/afcindustries.com\/wp-content\/uploads\/2022\/02\/Healthcare-medical-catalog-2019.jpg\" \/><meta itemprop=\"width\" content=\"400\" \/><meta itemprop=\"height\" content=\"524\" \/><meta itemprop=\"interactionType\" content=\"https:\/\/schema.org\/CommentAction\" \/><meta itemprop=\"userInteractionCount\" content=\"0\" \/>\n\t\t\t\t\t<a href=\"https:\/\/afcindustries.com\/es\/catalog\/sanidad-2\/\" title=\"SANIDAD\"><\/a>\n\t\t\t\t<img loading=\"lazy\" decoding=\"async\" src=\"https:\/\/afcindustries.com\/wp-content\/uploads\/bb-plugin\/cache\/Healthcare-medical-catalog-2019-portrait-6eed5ca48c81fe31c5f2234d67a5845f-.jpg\" alt=\"Healthcare medical catalog 2019\" itemprop=\"image\" data-no-lazy=\"1\" height=\"524\" width=\"400\" title=\"Healthcare medical catalog 2019\" onerror=\"this.style.display='none'\"  \/>\n\t\t\t\t\t\t\t\t\t<h2 itemprop=\"headline\">\n\t\t\t\t\t\t\t\t\t\t\t\t\t\tSANIDAD\t\t\t\t\t\t\t\t\t\t\t<\/h2>\n\t<meta itemscope itemprop=\"mainEntityOfPage\" itemtype=\"https:\/\/schema.org\/WebPage\" itemid=\"http:\/\/25550\" content=\"Entornos ergon\u00f3micos en la asistencia sanitaria PDF -10MB\" \/><meta itemprop=\"datePublished\" content=\"2022-10-29\" \/><meta itemprop=\"dateModified\" content=\"2024-09-16\" \/><meta itemprop=\"name\" content=\"AFC Industries\"\/><meta itemprop=\"url\" content=\"https:\/\/afcindustries.com\/wp-content\/uploads\/2022\/02\/afcindustries-logo-big1.png\"\/><meta itemprop=\"url\" content=\"https:\/\/afcindustries.com\/es\/author\/afcindustrieswpadmin\/\" \/><meta itemprop=\"name\" content=\"AFC Industries\" \/><meta itemprop=\"url\" content=\"https:\/\/afcindustries.com\/wp-content\/uploads\/2022\/02\/Healthcare-issue30final3-1.jpg\" \/><meta itemprop=\"width\" content=\"216\" \/><meta itemprop=\"height\" content=\"283\" \/><meta itemprop=\"interactionType\" content=\"https:\/\/schema.org\/CommentAction\" \/><meta itemprop=\"userInteractionCount\" content=\"0\" \/>\n\t\t\t\t\t<a href=\"https:\/\/afcindustries.com\/es\/catalog\/entornos-ergonomicos-en-la-asistencia-sanitaria-pdf-10mb\/\" title=\"Entornos ergon\u00f3micos en la asistencia sanitaria PDF -10MB\"><\/a>\n\t\t\t\t<img loading=\"lazy\" decoding=\"async\" src=\"https:\/\/afcindustries.com\/wp-content\/uploads\/bb-plugin\/cache\/Healthcare-issue30final3-1-portrait-7400fb6c36af82defcc2e35e92de44f6-.jpg\" alt=\"Healthcare issue30final3 1\" itemprop=\"image\" data-no-lazy=\"1\" height=\"283\" width=\"216\" title=\"Healthcare issue30final3 1\" onerror=\"this.style.display='none'\"  \/>\n\t\t\t\t\t\t\t\t\t<h2 itemprop=\"headline\">\n\t\t\t\t\t\t\t\t\t\t\t\t\t\tEntornos ergon\u00f3micos en la asistencia sanitaria PDF -10MB\t\t\t\t\t\t\t\t\t\t\t<\/h2>\n\t<meta itemscope itemprop=\"mainEntityOfPage\" itemtype=\"https:\/\/schema.org\/WebPage\" itemid=\"http:\/\/25548\" content=\"Mobiliario inform\u00e1tico\" \/><meta itemprop=\"datePublished\" content=\"2022-10-28\" \/><meta itemprop=\"dateModified\" content=\"2024-09-16\" \/><meta itemprop=\"name\" content=\"AFC Industries\"\/><meta itemprop=\"url\" content=\"https:\/\/afcindustries.com\/wp-content\/uploads\/2022\/02\/afcindustries-logo-big1.png\"\/><meta itemprop=\"url\" content=\"https:\/\/afcindustries.com\/es\/author\/afcindustrieswpadmin\/\" \/><meta itemprop=\"name\" content=\"AFC Industries\" \/><meta itemprop=\"url\" content=\"https:\/\/afcindustries.com\/wp-content\/uploads\/2022\/02\/booklet_IT_furniture_web.jpg\" \/><meta itemprop=\"width\" content=\"157\" \/><meta itemprop=\"height\" content=\"280\" \/><meta itemprop=\"interactionType\" content=\"https:\/\/schema.org\/CommentAction\" \/><meta itemprop=\"userInteractionCount\" content=\"0\" \/>\n\t\t\t\t\t<a href=\"https:\/\/afcindustries.com\/es\/catalog\/mobiliario-informatico-3\/\" title=\"Mobiliario inform\u00e1tico\"><\/a>\n\t\t\t\t<img loading=\"lazy\" decoding=\"async\" src=\"https:\/\/afcindustries.com\/wp-content\/uploads\/bb-plugin\/cache\/booklet_IT_furniture_web-portrait-9454df28d82c99c65ecbb322922e6943-.jpg\" alt=\"booklet IT furniture web\" itemprop=\"image\" data-no-lazy=\"1\" height=\"280\" width=\"157\" title=\"booklet IT furniture web\" onerror=\"this.style.display='none'\"  \/>\n\t\t\t\t\t\t\t\t\t<h2 itemprop=\"headline\">\n\t\t\t\t\t\t\t\t\t\t\t\t\t\tMobiliario inform\u00e1tico\t\t\t\t\t\t\t\t\t\t\t<\/h2>\n\t<meta itemscope itemprop=\"mainEntityOfPage\" itemtype=\"https:\/\/schema.org\/WebPage\" itemid=\"http:\/\/25544\" content=\"Entornos ergon\u00f3micos en la sanidad\" \/><meta itemprop=\"datePublished\" content=\"2022-10-28\" \/><meta itemprop=\"dateModified\" content=\"2024-09-16\" \/><meta itemprop=\"name\" content=\"AFC Industries\"\/><meta itemprop=\"url\" content=\"https:\/\/afcindustries.com\/wp-content\/uploads\/2022\/02\/afcindustries-logo-big1.png\"\/><meta itemprop=\"url\" content=\"https:\/\/afcindustries.com\/es\/author\/afcindustrieswpadmin\/\" \/><meta itemprop=\"name\" content=\"AFC Industries\" \/><meta itemprop=\"url\" content=\"https:\/\/afcindustries.com\/wp-content\/uploads\/2022\/02\/Catalog_is22v1_thumbnail.jpg\" \/><meta itemprop=\"width\" content=\"216\" \/><meta itemprop=\"height\" content=\"280\" \/><meta itemprop=\"interactionType\" content=\"https:\/\/schema.org\/CommentAction\" \/><meta itemprop=\"userInteractionCount\" content=\"0\" \/>\n\t\t\t\t\t<a href=\"https:\/\/afcindustries.com\/es\/catalog\/entornos-ergonomicos-en-la-sanidad\/\" title=\"Entornos ergon\u00f3micos en la sanidad\"><\/a>\n\t\t\t\t<img loading=\"lazy\" decoding=\"async\" src=\"https:\/\/afcindustries.com\/wp-content\/uploads\/bb-plugin\/cache\/Catalog_is22v1_thumbnail-portrait-7c8b490ad6d84bfb20f6e467e0f06c4d-.jpg\" alt=\"Catalog is22v1 thumbnail\" itemprop=\"image\" data-no-lazy=\"1\" height=\"280\" width=\"216\" title=\"Catalog is22v1 thumbnail\" onerror=\"this.style.display='none'\"  \/>\n\t\t\t\t\t\t\t\t\t<h2 itemprop=\"headline\">\n\t\t\t\t\t\t\t\t\t\t\t\t\t\tEntornos ergon\u00f3micos en la sanidad\t\t\t\t\t\t\t\t\t\t\t<\/h2>\n\t<meta itemscope itemprop=\"mainEntityOfPage\" itemtype=\"https:\/\/schema.org\/WebPage\" itemid=\"http:\/\/25546\" content=\"Mobiliario inform\u00e1tico\" \/><meta itemprop=\"datePublished\" content=\"2022-02-04\" \/><meta itemprop=\"dateModified\" content=\"2024-09-16\" \/><meta itemprop=\"name\" content=\"AFC Industries\"\/><meta itemprop=\"url\" content=\"https:\/\/afcindustries.com\/wp-content\/uploads\/2022\/02\/afcindustries-logo-big1.png\"\/><meta itemprop=\"url\" content=\"https:\/\/afcindustries.com\/es\/author\/afcindustrieswpadmin\/\" \/><meta itemprop=\"name\" content=\"AFC Industries\" \/><meta itemprop=\"url\" content=\"https:\/\/afcindustries.com\/wp-content\/uploads\/2022\/02\/catalog-IT-2014.jpg\" \/><meta itemprop=\"width\" content=\"157\" \/><meta itemprop=\"height\" content=\"293\" \/><meta itemprop=\"interactionType\" content=\"https:\/\/schema.org\/CommentAction\" \/><meta itemprop=\"userInteractionCount\" content=\"0\" \/>\n\t\t\t\t\t<a href=\"https:\/\/afcindustries.com\/es\/catalog\/mobiliario-informatico\/\" title=\"Mobiliario inform\u00e1tico\"><\/a>\n\t\t\t\t<img loading=\"lazy\" decoding=\"async\" src=\"https:\/\/afcindustries.com\/wp-content\/uploads\/bb-plugin\/cache\/catalog-IT-2014-portrait-9b6bf09ee8bf432f11923748b3bf4b7e-.jpg\" alt=\"catalog IT 2014\" itemprop=\"image\" data-no-lazy=\"1\" height=\"293\" width=\"157\" title=\"catalog IT 2014\" onerror=\"this.style.display='none'\"  \/>\n\t\t\t\t\t\t\t\t\t<h2 itemprop=\"headline\">\n\t\t\t\t\t\t\t\t\t\t\t\t\t\tMobiliario inform\u00e1tico\t\t\t\t\t\t\t\t\t\t\t<\/h2>\n\t<meta itemscope itemprop=\"mainEntityOfPage\" itemtype=\"https:\/\/schema.org\/WebPage\" itemid=\"http:\/\/25545\" content=\"SANIDAD\" \/><meta itemprop=\"datePublished\" content=\"2022-02-04\" \/><meta itemprop=\"dateModified\" content=\"2024-09-16\" \/><meta itemprop=\"name\" content=\"AFC Industries\"\/><meta itemprop=\"url\" content=\"https:\/\/afcindustries.com\/wp-content\/uploads\/2022\/02\/afcindustries-logo-big1.png\"\/><meta itemprop=\"url\" content=\"https:\/\/afcindustries.com\/es\/author\/afcindustrieswpadmin\/\" \/><meta itemprop=\"name\" content=\"AFC Industries\" \/><meta itemprop=\"url\" content=\"https:\/\/afcindustries.com\/wp-content\/uploads\/2022\/02\/2015-RSNA-catalog.jpg\" \/><meta itemprop=\"width\" content=\"216\" \/><meta itemprop=\"height\" content=\"280\" \/><meta itemprop=\"interactionType\" content=\"https:\/\/schema.org\/CommentAction\" \/><meta itemprop=\"userInteractionCount\" content=\"0\" \/>\n\t\t\t\t\t<a href=\"https:\/\/afcindustries.com\/es\/catalog\/sanidad\/\" title=\"SANIDAD\"><\/a>\n\t\t\t\t<img loading=\"lazy\" decoding=\"async\" src=\"https:\/\/afcindustries.com\/wp-content\/uploads\/bb-plugin\/cache\/2015-RSNA-catalog-portrait-ef06897a65dcef806751c989896c6391-.jpg\" alt=\"2015 RSNA catalog\" itemprop=\"image\" data-no-lazy=\"1\" height=\"280\" width=\"216\" title=\"2015 RSNA catalog\" onerror=\"this.style.display='none'\"  \/>\n\t\t\t\t\t\t\t\t\t<h2 itemprop=\"headline\">\n\t\t\t\t\t\t\t\t\t\t\t\t\t\tSANIDAD\t\t\t\t\t\t\t\t\t\t\t<\/h2>\n\t<meta itemscope itemprop=\"mainEntityOfPage\" itemtype=\"https:\/\/schema.org\/WebPage\" itemid=\"http:\/\/25547\" content=\"Mobiliario inform\u00e1tico\" \/><meta itemprop=\"datePublished\" content=\"2022-02-04\" \/><meta itemprop=\"dateModified\" content=\"2024-09-16\" \/><meta itemprop=\"name\" content=\"AFC Industries\"\/><meta itemprop=\"url\" content=\"https:\/\/afcindustries.com\/wp-content\/uploads\/2022\/02\/afcindustries-logo-big1.png\"\/><meta itemprop=\"url\" content=\"https:\/\/afcindustries.com\/es\/author\/afcindustrieswpadmin\/\" \/><meta itemprop=\"name\" content=\"AFC Industries\" \/><meta itemprop=\"url\" content=\"https:\/\/afcindustries.com\/wp-content\/uploads\/2022\/02\/2015-it-catalog.jpg\" \/><meta itemprop=\"width\" content=\"157\" \/><meta itemprop=\"height\" content=\"301\" \/><meta itemprop=\"interactionType\" content=\"https:\/\/schema.org\/CommentAction\" \/><meta itemprop=\"userInteractionCount\" content=\"0\" \/>\n\t\t\t\t\t<a href=\"https:\/\/afcindustries.com\/es\/catalog\/mobiliario-informatico-2\/\" title=\"Mobiliario inform\u00e1tico\"><\/a>\n\t\t\t\t<img loading=\"lazy\" decoding=\"async\" src=\"https:\/\/afcindustries.com\/wp-content\/uploads\/bb-plugin\/cache\/2015-it-catalog-portrait-b50e29f8daa715fcd1ebf34666f59e59-.jpg\" alt=\"2015 it catalog\" itemprop=\"image\" data-no-lazy=\"1\" height=\"301\" width=\"157\" title=\"2015 it catalog\" onerror=\"this.style.display='none'\"  \/>\n\t\t\t\t\t\t\t\t\t<h2 itemprop=\"headline\">\n\t\t\t\t\t\t\t\t\t\t\t\t\t\tMobiliario inform\u00e1tico\t\t\t\t\t\t\t\t\t\t\t<\/h2>\n\t\t<!-- .pp-content-posts -->\n\n","protected":false},"excerpt":{"rendered":"<p>Home \u00bb Listas de cat\u00e1logos Lista de cat\u00e1logos En AFC Industries, nos comprometemos a mejorar su espacio de trabajo con excelencia ergon\u00f3mica. Nuestra amplia colecci\u00f3n de cat\u00e1logos de muebles ergon\u00f3micos muestra una amplia gama de productos dise\u00f1ados para optimizar la comodidad y la productividad. Ya sea que est\u00e9 buscando sillas ergon\u00f3micas, escritorios de altura ajustable,&hellip;<\/p>\n","protected":false},"author":1,"featured_media":0,"parent":0,"menu_order":0,"comment_status":"closed","ping_status":"closed","template":"","meta":{"_acf_changed":false,"inline_featured_image":false,"footnotes":""},"class_list":["post-26625","page","type-page","status-publish","hentry"],"acf":[],"_links":{"self":[{"href":"https:\/\/afcindustries.com\/es\/wp-json\/wp\/v2\/pages\/26625","targetHints":{"allow":["GET"]}}],"collection":[{"href":"https:\/\/afcindustries.com\/es\/wp-json\/wp\/v2\/pages"}],"about":[{"href":"https:\/\/afcindustries.com\/es\/wp-json\/wp\/v2\/types\/page"}],"author":[{"embeddable":true,"href":"https:\/\/afcindustries.com\/es\/wp-json\/wp\/v2\/users\/1"}],"replies":[{"embeddable":true,"href":"https:\/\/afcindustries.com\/es\/wp-json\/wp\/v2\/comments?post=26625"}],"version-history":[{"count":0,"href":"https:\/\/afcindustries.com\/es\/wp-json\/wp\/v2\/pages\/26625\/revisions"}],"wp:attachment":[{"href":"https:\/\/afcindustries.com\/es\/wp-json\/wp\/v2\/media?parent=26625"}],"curies":[{"name":"wp","href":"https:\/\/api.w.org\/{rel}","templated":true}]}}