{"id":20799,"date":"2022-07-28T18:12:50","date_gmt":"2022-07-28T22:12:50","guid":{"rendered":"https:\/\/afcindustries.com\/todos-los-soportes-ergonomicos\/"},"modified":"2024-10-04T14:44:53","modified_gmt":"2024-10-04T18:44:53","slug":"todos-los-soportes-ergonomicos","status":"publish","type":"page","link":"https:\/\/afcindustries.com\/es\/todos-los-soportes-ergonomicos\/","title":{"rendered":"Todos los soportes ergon\u00f3micos"},"content":{"rendered":"\n\n\t<h2>\n\t\tSoportes Ergon\u00f3micos\n\t<\/h2>\n\t\t\t\t\t\t\t\t<a href=\"https:\/\/afcindustries.com\/contact\/\" target=\"_self\" itemprop=\"url\" rel=\"noopener\">\n\t\t\t\t\t\t\t\t\t<img loading=\"lazy\" decoding=\"async\" src=\"https:\/\/afcindustries.com\/wp-content\/uploads\/2022\/05\/Promo-Fall-23.gif\" alt=\"Promo Fall\" itemprop=\"image\" height=\"450\" width=\"280\" title=\"Promo Fall\" onerror=\"this.style.display='none'\"  \/>\n\t\t\t\t\t\t\t\t\t\t\t\t\t<\/a>\n\n\n\tMostrando el \u00fanico resultado\n<form method=\"get\">\n\t<select name=\"orderby\" aria-label=\"Pedido de la tienda\">\n\t\t\t\t\t<option value=\"menu_order\"  selected='selected'>Orden predeterminado<\/option>\n\t\t\t\t\t<option value=\"popularity\">Ordenar por popularidad<\/option>\n\t\t\t\t\t<option value=\"date\">Ordenar por los \u00faltimos<\/option>\n\t\t\t\t\t<option value=\"price\">Ordenar por precio: bajo a alto<\/option>\n\t\t\t\t\t<option value=\"price-desc\">Ordenar por precio: alto a bajo<\/option>\n\t\t\t<\/select>\n\t<input type=\"hidden\" name=\"paged\" value=\"1\" \/>\n\t<input type=\"hidden\" name=\"page_id\" value=\"20799\" \/><input type=\"hidden\" name=\"fl_builder\" value=\"\" \/><\/form>\n\t\t\t<ul>\n\t\t\t\t<li id=\"woopack-product-20192\"  data-product-id=\"20192\">\n\t<a href='https:\/\/afcindustries.com\/es\/producto\/soporte-para-monitor-de-poste-de-mesa\/' title='Soporte para monitor de poste de mesa'><img width=\"499\" height=\"499\" src=\"https:\/\/afcindustries.com\/wp-content\/uploads\/2022\/01\/772534-pole-clamp-with-swappable-monitor-arm-with-blue-screen.jpg\" alt=\"772534 pole clamp with swappable monitor arm with blue screen\" itemprop=\"image\" decoding=\"async\" loading=\"lazy\" srcset=\"https:\/\/afcindustries.com\/wp-content\/uploads\/2022\/01\/772534-pole-clamp-with-swappable-monitor-arm-with-blue-screen.jpg 499w, https:\/\/afcindustries.com\/wp-content\/uploads\/2022\/01\/772534-pole-clamp-with-swappable-monitor-arm-with-blue-screen-300x300.jpg 300w, https:\/\/afcindustries.com\/wp-content\/uploads\/2022\/01\/772534-pole-clamp-with-swappable-monitor-arm-with-blue-screen-100x100.jpg 100w, https:\/\/afcindustries.com\/wp-content\/uploads\/2022\/01\/772534-pole-clamp-with-swappable-monitor-arm-with-blue-screen-150x150.jpg 150w\" sizes=\"auto, (max-width: 499px) 100vw, 499px\" title=\"\"><\/a>\n    <h3><a href='https:\/\/afcindustries.com\/es\/producto\/soporte-para-monitor-de-poste-de-mesa\/' title='Soporte para monitor de poste de mesa'>Soporte para monitor de poste de mesa<\/a><\/h3>\n\t\tSKU:772534\n<\/li><li id=\"woopack-product-20157\"  data-product-id=\"20157\">\n\t<a href='https:\/\/afcindustries.com\/es\/producto\/ordenador-industrial-soporte-de-suelo\/' title='Soporte de ordenador industrial para montaje en el suelo'><img width=\"499\" height=\"499\" src=\"https:\/\/afcindustries.com\/wp-content\/uploads\/2022\/01\/772325-industrial-computer-stand.jpg\" alt=\"772325 soporte de ordenador industrial\" itemprop=\"image\" decoding=\"async\" loading=\"lazy\" srcset=\"https:\/\/afcindustries.com\/wp-content\/uploads\/2022\/01\/772325-industrial-computer-stand.jpg 499w, https:\/\/afcindustries.com\/wp-content\/uploads\/2022\/01\/772325-industrial-computer-stand-300x300.jpg 300w, https:\/\/afcindustries.com\/wp-content\/uploads\/2022\/01\/772325-industrial-computer-stand-100x100.jpg 100w, https:\/\/afcindustries.com\/wp-content\/uploads\/2022\/01\/772325-industrial-computer-stand-150x150.jpg 150w\" sizes=\"auto, (max-width: 499px) 100vw, 499px\" title=\"\"><\/a>\n    <h3><a href='https:\/\/afcindustries.com\/es\/producto\/ordenador-industrial-soporte-de-suelo\/' title='Soporte de ordenador industrial para montaje en el suelo'>Soporte de ordenador industrial para montaje en el suelo<\/a><\/h3>\n\t\tSKU:772325\n<\/li><li id=\"woopack-product-20187\"  data-product-id=\"20187\">\n\t<a href='https:\/\/afcindustries.com\/es\/producto\/estacion-de-trabajo-con-soporte-para-ordenador-2\/' title='Estaci\u00f3n de trabajo con soporte para ordenador'><img width=\"499\" height=\"499\" src=\"https:\/\/afcindustries.com\/wp-content\/uploads\/2022\/01\/772458-bolted-pole-stand-computer-workstation.jpg\" alt=\"772458 bolted pole stand computer workstation\" itemprop=\"image\" decoding=\"async\" loading=\"lazy\" srcset=\"https:\/\/afcindustries.com\/wp-content\/uploads\/2022\/01\/772458-bolted-pole-stand-computer-workstation.jpg 499w, https:\/\/afcindustries.com\/wp-content\/uploads\/2022\/01\/772458-bolted-pole-stand-computer-workstation-300x300.jpg 300w, https:\/\/afcindustries.com\/wp-content\/uploads\/2022\/01\/772458-bolted-pole-stand-computer-workstation-100x100.jpg 100w, https:\/\/afcindustries.com\/wp-content\/uploads\/2022\/01\/772458-bolted-pole-stand-computer-workstation-150x150.jpg 150w\" sizes=\"auto, (max-width: 499px) 100vw, 499px\" title=\"\"><\/a>\n    <h3><a href='https:\/\/afcindustries.com\/es\/producto\/estacion-de-trabajo-con-soporte-para-ordenador-2\/' title='Estaci\u00f3n de trabajo con soporte para ordenador'>Estaci\u00f3n de trabajo con soporte para ordenador<\/a><\/h3>\n\t\tSKU:772458\n<\/li><li id=\"woopack-product-20164\"  data-product-id=\"20164\">\n\t<a href='https:\/\/afcindustries.com\/es\/producto\/estacion-de-trabajo-para-portatiles-montada-en-la-pared\/' title='Estaci\u00f3n de trabajo para port\u00e1tiles montada en la pared'><img width=\"499\" height=\"499\" src=\"https:\/\/afcindustries.com\/wp-content\/uploads\/2022\/01\/772086-wall-mounted-laptop-workstation.jpg\" alt=\"772086 wall mounted laptop workstation\" itemprop=\"image\" decoding=\"async\" loading=\"lazy\" srcset=\"https:\/\/afcindustries.com\/wp-content\/uploads\/2022\/01\/772086-wall-mounted-laptop-workstation.jpg 499w, https:\/\/afcindustries.com\/wp-content\/uploads\/2022\/01\/772086-wall-mounted-laptop-workstation-300x300.jpg 300w, https:\/\/afcindustries.com\/wp-content\/uploads\/2022\/01\/772086-wall-mounted-laptop-workstation-100x100.jpg 100w, https:\/\/afcindustries.com\/wp-content\/uploads\/2022\/01\/772086-wall-mounted-laptop-workstation-150x150.jpg 150w\" sizes=\"auto, (max-width: 499px) 100vw, 499px\" title=\"\"><\/a>\n    <h3><a href='https:\/\/afcindustries.com\/es\/producto\/estacion-de-trabajo-para-portatiles-montada-en-la-pared\/' title='Estaci\u00f3n de trabajo para port\u00e1tiles montada en la pared'>Estaci\u00f3n de trabajo para port\u00e1tiles montada en la pared<\/a><\/h3>\n\t\tSKU:772086\n<\/li><li id=\"woopack-product-20169\"  data-product-id=\"20169\">\n\t<a href='https:\/\/afcindustries.com\/es\/producto\/soporte-para-ordenador-de-pared\/' title='Soporte para ordenador de pared'><img width=\"499\" height=\"499\" src=\"https:\/\/afcindustries.com\/wp-content\/uploads\/2022\/01\/772000-wall-mounted-computer-bracket.jpg\" alt=\"772000 wall mounted computer bracket\" itemprop=\"image\" decoding=\"async\" loading=\"lazy\" srcset=\"https:\/\/afcindustries.com\/wp-content\/uploads\/2022\/01\/772000-wall-mounted-computer-bracket.jpg 499w, https:\/\/afcindustries.com\/wp-content\/uploads\/2022\/01\/772000-wall-mounted-computer-bracket-300x300.jpg 300w, https:\/\/afcindustries.com\/wp-content\/uploads\/2022\/01\/772000-wall-mounted-computer-bracket-100x100.jpg 100w, https:\/\/afcindustries.com\/wp-content\/uploads\/2022\/01\/772000-wall-mounted-computer-bracket-150x150.jpg 150w\" sizes=\"auto, (max-width: 499px) 100vw, 499px\" title=\"\"><\/a>\n    <h3><a href='https:\/\/afcindustries.com\/es\/producto\/soporte-para-ordenador-de-pared\/' title='Soporte para ordenador de pared'>Soporte para ordenador de pared<\/a><\/h3>\n\t\tSKU:772000\n<\/li><li id=\"woopack-product-20188\"  data-product-id=\"20188\">\n\t<a href='https:\/\/afcindustries.com\/es\/producto\/brazo-de-monitor-extensible-y-ajustable-para-montaje-en-pared\/' title='Brazo de monitor extensible y ajustable para montaje en pared'><img width=\"499\" height=\"499\" src=\"https:\/\/afcindustries.com\/wp-content\/uploads\/2022\/01\/772451-adjustable-wall-mounted-extending-monitor-arm.jpg\" alt=\"772451 adjustable wall mounted extending monitor arm\" itemprop=\"image\" decoding=\"async\" loading=\"lazy\" srcset=\"https:\/\/afcindustries.com\/wp-content\/uploads\/2022\/01\/772451-adjustable-wall-mounted-extending-monitor-arm.jpg 499w, https:\/\/afcindustries.com\/wp-content\/uploads\/2022\/01\/772451-adjustable-wall-mounted-extending-monitor-arm-300x300.jpg 300w, https:\/\/afcindustries.com\/wp-content\/uploads\/2022\/01\/772451-adjustable-wall-mounted-extending-monitor-arm-100x100.jpg 100w, https:\/\/afcindustries.com\/wp-content\/uploads\/2022\/01\/772451-adjustable-wall-mounted-extending-monitor-arm-150x150.jpg 150w\" sizes=\"auto, (max-width: 499px) 100vw, 499px\" title=\"\"><\/a>\n    <h3><a href='https:\/\/afcindustries.com\/es\/producto\/brazo-de-monitor-extensible-y-ajustable-para-montaje-en-pared\/' title='Brazo de monitor extensible y ajustable para montaje en pared'>Brazo de monitor extensible y ajustable para montaje en pared<\/a><\/h3>\n\t\tSKU:772451\n<\/li><li id=\"woopack-product-20152\"  data-product-id=\"20152\">\n\t<a href='https:\/\/afcindustries.com\/es\/producto\/soporte-para-monitor-de-pantalla-portatil\/' title='Soporte para monitor de pantalla port\u00e1til'><img width=\"499\" height=\"499\" src=\"https:\/\/afcindustries.com\/wp-content\/uploads\/2022\/01\/771315-portable-swivel-display-monitor-mount-with-swivel-mount.jpg\" alt=\"771315 portable swivel display monitor mount with swivel mount\" itemprop=\"image\" decoding=\"async\" loading=\"lazy\" srcset=\"https:\/\/afcindustries.com\/wp-content\/uploads\/2022\/01\/771315-portable-swivel-display-monitor-mount-with-swivel-mount.jpg 499w, https:\/\/afcindustries.com\/wp-content\/uploads\/2022\/01\/771315-portable-swivel-display-monitor-mount-with-swivel-mount-300x300.jpg 300w, https:\/\/afcindustries.com\/wp-content\/uploads\/2022\/01\/771315-portable-swivel-display-monitor-mount-with-swivel-mount-100x100.jpg 100w, https:\/\/afcindustries.com\/wp-content\/uploads\/2022\/01\/771315-portable-swivel-display-monitor-mount-with-swivel-mount-150x150.jpg 150w\" sizes=\"auto, (max-width: 499px) 100vw, 499px\" title=\"\"><\/a>\n    <h3><a href='https:\/\/afcindustries.com\/es\/producto\/soporte-para-monitor-de-pantalla-portatil\/' title='Soporte para monitor de pantalla port\u00e1til'>Soporte para monitor de pantalla port\u00e1til<\/a><\/h3>\n\t\tSKU:771315\n<\/li><li id=\"woopack-product-20173\"  data-product-id=\"20173\">\n\t<a href='https:\/\/afcindustries.com\/es\/producto\/combo-de-estacion-de-trabajo-de-ordenador-montada-en-la-pared\/' title='Combo de estaci\u00f3n de trabajo de ordenador montada en la pared'><img width=\"499\" height=\"499\" src=\"https:\/\/afcindustries.com\/wp-content\/uploads\/2022\/01\/772381-wall-mount-computer-workstation-combo.jpg\" alt=\"772381 wall mount computer workstation combo\" itemprop=\"image\" decoding=\"async\" loading=\"lazy\" srcset=\"https:\/\/afcindustries.com\/wp-content\/uploads\/2022\/01\/772381-wall-mount-computer-workstation-combo.jpg 499w, https:\/\/afcindustries.com\/wp-content\/uploads\/2022\/01\/772381-wall-mount-computer-workstation-combo-300x300.jpg 300w, https:\/\/afcindustries.com\/wp-content\/uploads\/2022\/01\/772381-wall-mount-computer-workstation-combo-100x100.jpg 100w, https:\/\/afcindustries.com\/wp-content\/uploads\/2022\/01\/772381-wall-mount-computer-workstation-combo-150x150.jpg 150w\" sizes=\"auto, (max-width: 499px) 100vw, 499px\" title=\"\"><\/a>\n    <h3><a href='https:\/\/afcindustries.com\/es\/producto\/combo-de-estacion-de-trabajo-de-ordenador-montada-en-la-pared\/' title='Combo de estaci\u00f3n de trabajo de ordenador montada en la pared'>Combo de estaci\u00f3n de trabajo de ordenador montada en la pared<\/a><\/h3>\n\t\tSKU:772381\n<\/li><li id=\"woopack-product-20159\"  data-product-id=\"20159\">\n\t<a href='https:\/\/afcindustries.com\/es\/producto\/estacion-de-trabajo-de-ordenador-montada-en-la-pared-con-soporte-para-cpu\/' title='Estaci\u00f3n de trabajo de ordenador montada en la pared con soporte para CPU'><img width=\"499\" height=\"499\" src=\"https:\/\/afcindustries.com\/wp-content\/uploads\/2022\/01\/771803-elegant-wall-mounted-workstation.jpg\" alt=\"771803 elegant wall mounted workstation\" itemprop=\"image\" decoding=\"async\" loading=\"lazy\" srcset=\"https:\/\/afcindustries.com\/wp-content\/uploads\/2022\/01\/771803-elegant-wall-mounted-workstation.jpg 499w, https:\/\/afcindustries.com\/wp-content\/uploads\/2022\/01\/771803-elegant-wall-mounted-workstation-300x300.jpg 300w, https:\/\/afcindustries.com\/wp-content\/uploads\/2022\/01\/771803-elegant-wall-mounted-workstation-100x100.jpg 100w, https:\/\/afcindustries.com\/wp-content\/uploads\/2022\/01\/771803-elegant-wall-mounted-workstation-150x150.jpg 150w\" sizes=\"auto, (max-width: 499px) 100vw, 499px\" title=\"\"><\/a>\n    <h3><a href='https:\/\/afcindustries.com\/es\/producto\/estacion-de-trabajo-de-ordenador-montada-en-la-pared-con-soporte-para-cpu\/' title='Estaci\u00f3n de trabajo de ordenador montada en la pared con soporte para CPU'>Estaci\u00f3n de trabajo de ordenador montada en la pared con soporte para CPU<\/a><\/h3>\n\t\tSKU:771803\n<\/li><li id=\"woopack-product-20128\"  data-product-id=\"20128\">\n\t<a href='https:\/\/afcindustries.com\/es\/producto\/armario-de-pared-para-estacion-de-trabajo-con-ordenador\/' title='Armario de pared para estaci\u00f3n de trabajo con ordenador'><img width=\"499\" height=\"499\" src=\"https:\/\/afcindustries.com\/wp-content\/uploads\/2022\/01\/771808-computer-workstation-wall-cabinet.jpg\" alt=\"771808 computer workstation wall cabinet\" itemprop=\"image\" decoding=\"async\" loading=\"lazy\" srcset=\"https:\/\/afcindustries.com\/wp-content\/uploads\/2022\/01\/771808-computer-workstation-wall-cabinet.jpg 499w, https:\/\/afcindustries.com\/wp-content\/uploads\/2022\/01\/771808-computer-workstation-wall-cabinet-300x300.jpg 300w, https:\/\/afcindustries.com\/wp-content\/uploads\/2022\/01\/771808-computer-workstation-wall-cabinet-100x100.jpg 100w, https:\/\/afcindustries.com\/wp-content\/uploads\/2022\/01\/771808-computer-workstation-wall-cabinet-150x150.jpg 150w\" sizes=\"auto, (max-width: 499px) 100vw, 499px\" title=\"\"><\/a>\n    <h3><a href='https:\/\/afcindustries.com\/es\/producto\/armario-de-pared-para-estacion-de-trabajo-con-ordenador\/' title='Armario de pared para estaci\u00f3n de trabajo con ordenador'>Armario de pared para estaci\u00f3n de trabajo con ordenador<\/a><\/h3>\n\t\tSKU:771808\n<\/li><li id=\"woopack-product-20107\"  data-product-id=\"20107\">\n\t<a href='https:\/\/afcindustries.com\/es\/producto\/soporte-de-pared-para-varios-monitores-montado-en-carril\/' title='Soporte de pared para varios monitores montado en carril'><img width=\"499\" height=\"499\" src=\"https:\/\/afcindustries.com\/wp-content\/uploads\/2022\/01\/772261-multi-monitor-wall-mount.jpg\" alt=\"772261 multi monitor wall mount\" itemprop=\"image\" decoding=\"async\" loading=\"lazy\" srcset=\"https:\/\/afcindustries.com\/wp-content\/uploads\/2022\/01\/772261-multi-monitor-wall-mount.jpg 499w, https:\/\/afcindustries.com\/wp-content\/uploads\/2022\/01\/772261-multi-monitor-wall-mount-300x300.jpg 300w, https:\/\/afcindustries.com\/wp-content\/uploads\/2022\/01\/772261-multi-monitor-wall-mount-100x100.jpg 100w, https:\/\/afcindustries.com\/wp-content\/uploads\/2022\/01\/772261-multi-monitor-wall-mount-150x150.jpg 150w\" sizes=\"auto, (max-width: 499px) 100vw, 499px\" title=\"\"><\/a>\n    <h3><a href='https:\/\/afcindustries.com\/es\/producto\/soporte-de-pared-para-varios-monitores-montado-en-carril\/' title='Soporte de pared para varios monitores montado en carril'>Soporte de pared para varios monitores montado en carril<\/a><\/h3>\n\t\tSKU:772261\n<\/li><li id=\"woopack-product-20140\"  data-product-id=\"20140\">\n\t<a href='https:\/\/afcindustries.com\/es\/producto\/estacion-de-trabajo-de-ordenador-con-cerradura-montada-en-la-pared\/' title='Estaci\u00f3n de trabajo de ordenador con cerradura montada en la pared'><img width=\"499\" height=\"499\" src=\"https:\/\/afcindustries.com\/wp-content\/uploads\/2022\/01\/772125-lockable-wall-mounted-workstation.jpg\" alt=\"772125 lockable wall mounted workstation\" itemprop=\"image\" decoding=\"async\" loading=\"lazy\" srcset=\"https:\/\/afcindustries.com\/wp-content\/uploads\/2022\/01\/772125-lockable-wall-mounted-workstation.jpg 499w, https:\/\/afcindustries.com\/wp-content\/uploads\/2022\/01\/772125-lockable-wall-mounted-workstation-300x300.jpg 300w, https:\/\/afcindustries.com\/wp-content\/uploads\/2022\/01\/772125-lockable-wall-mounted-workstation-100x100.jpg 100w, https:\/\/afcindustries.com\/wp-content\/uploads\/2022\/01\/772125-lockable-wall-mounted-workstation-150x150.jpg 150w\" sizes=\"auto, (max-width: 499px) 100vw, 499px\" title=\"\"><\/a>\n    <h3><a href='https:\/\/afcindustries.com\/es\/producto\/estacion-de-trabajo-de-ordenador-con-cerradura-montada-en-la-pared\/' title='Estaci\u00f3n de trabajo de ordenador con cerradura montada en la pared'>Estaci\u00f3n de trabajo de ordenador con cerradura montada en la pared<\/a><\/h3>\n\t\tSKU:772125\n<\/li>\t\t\t\t\n\t\t\t<\/ul>\n\t<ul class='page-numbers'>\n\t<li>1<\/li>\n\t<li><a href=\"https:\/\/afcindustries.com\/es\/page\/2\/?page_id=20799&#038;fl_builder\">2<\/a><\/li>\n\t<li><a href=\"https:\/\/afcindustries.com\/es\/page\/3\/?page_id=20799&#038;fl_builder\">3<\/a><\/li>\n\t<li>&hellip;<\/li>\n\t<li><a href=\"https:\/\/afcindustries.com\/es\/page\/12\/?page_id=20799&#038;fl_builder\">12<\/a><\/li>\n\t<li><a href=\"https:\/\/afcindustries.com\/es\/page\/2\/?page_id=20799&#038;fl_builder\">Siguiente &raquo;<\/a><\/li>\n<\/ul>\n<h2>\n\t\tSoporte de escritorio para brazo de monitor\n\t<\/h2>\n\t<p>Los soportes ergon\u00f3micos para monitores de sobremesa de AFC Industries est\u00e1n dise\u00f1ados para proporcionar al usuario la posici\u00f3n m\u00e1s id\u00f3nea del monitor para que pueda trabajar con m\u00e1s comodidad y ver la pantalla del ordenador con gran visi\u00f3n. Disponemos de brazos para monitores hechos a medida, tales como: soportes para monitores de sobremesa simples, dobles, triples y m\u00faltiples pantallas y abrazaderas. Cada uno tiene un soporte de monitor ajustable y tambi\u00e9n est\u00e1 disponible con brazos retr\u00e1ctiles que se extienden f\u00e1cilmente si el usuario lo prefiere. Fabricado con materiales duraderos para garantizar su uso de por vida, aumentando as\u00ed el rendimiento de su inversi\u00f3n.<\/p>\n\n","protected":false},"excerpt":{"rendered":"<p>Soportes Ergon\u00f3micos Mostrando el \u00fanico resultado Orden predeterminadoOrdenar por popularidadOrdenar por los \u00faltimosOrdenar por precio: bajo a altoOrdenar por precio: alto a bajo Soporte para monitor de poste de mesa SKU:772534 Soporte de ordenador industrial para montaje en el suelo SKU:772325 Estaci\u00f3n de trabajo con soporte para ordenador SKU:772458 Estaci\u00f3n de trabajo para port\u00e1tiles montada&hellip;<\/p>\n","protected":false},"author":1,"featured_media":0,"parent":0,"menu_order":0,"comment_status":"closed","ping_status":"closed","template":"","meta":{"_acf_changed":false,"inline_featured_image":false,"footnotes":""},"class_list":["post-20799","page","type-page","status-publish","hentry"],"acf":[],"_links":{"self":[{"href":"https:\/\/afcindustries.com\/es\/wp-json\/wp\/v2\/pages\/20799","targetHints":{"allow":["GET"]}}],"collection":[{"href":"https:\/\/afcindustries.com\/es\/wp-json\/wp\/v2\/pages"}],"about":[{"href":"https:\/\/afcindustries.com\/es\/wp-json\/wp\/v2\/types\/page"}],"author":[{"embeddable":true,"href":"https:\/\/afcindustries.com\/es\/wp-json\/wp\/v2\/users\/1"}],"replies":[{"embeddable":true,"href":"https:\/\/afcindustries.com\/es\/wp-json\/wp\/v2\/comments?post=20799"}],"version-history":[{"count":0,"href":"https:\/\/afcindustries.com\/es\/wp-json\/wp\/v2\/pages\/20799\/revisions"}],"wp:attachment":[{"href":"https:\/\/afcindustries.com\/es\/wp-json\/wp\/v2\/media?parent=20799"}],"curies":[{"name":"wp","href":"https:\/\/api.w.org\/{rel}","templated":true}]}}