{"id":19739,"date":"2022-02-17T08:48:19","date_gmt":"2022-02-17T13:48:19","guid":{"rendered":"https:\/\/afcindustries.com\/carros-para-tabletas\/"},"modified":"2024-10-04T14:37:31","modified_gmt":"2024-10-04T18:37:31","slug":"carros-para-tabletas","status":"publish","type":"page","link":"https:\/\/afcindustries.com\/es\/carros-para-tabletas\/","title":{"rendered":"Carros para tabletas"},"content":{"rendered":"\n\n\t<h2>\n\t\tCarros M\u00e9dicos\n\t<\/h2>\n\t\t\t\t\t\t\t\t<a href=\"https:\/\/afcindustries.com\/contact\/\" target=\"_self\" itemprop=\"url\" rel=\"noopener\">\n\t\t\t\t\t\t\t\t\t<img loading=\"lazy\" decoding=\"async\" src=\"https:\/\/afcindustries.com\/wp-content\/uploads\/2022\/05\/Promo-Fall-23.gif\" alt=\"Promo Fall\" itemprop=\"image\" height=\"450\" width=\"280\" title=\"Promo Fall\" onerror=\"this.style.display='none'\"  \/>\n\t\t\t\t\t\t\t\t\t\t\t\t\t<\/a>\n\n\n\tMostrando el \u00fanico resultado\n<form method=\"get\">\n\t<select name=\"orderby\" aria-label=\"Pedido de la tienda\">\n\t\t\t\t\t<option value=\"menu_order\"  selected='selected'>Orden predeterminado<\/option>\n\t\t\t\t\t<option value=\"popularity\">Ordenar por popularidad<\/option>\n\t\t\t\t\t<option value=\"date\">Ordenar por los \u00faltimos<\/option>\n\t\t\t\t\t<option value=\"price\">Ordenar por precio: bajo a alto<\/option>\n\t\t\t\t\t<option value=\"price-desc\">Ordenar por precio: alto a bajo<\/option>\n\t\t\t<\/select>\n\t<input type=\"hidden\" name=\"paged\" value=\"1\" \/>\n\t<input type=\"hidden\" name=\"page_id\" value=\"19739\" \/><input type=\"hidden\" name=\"fl_builder\" value=\"\" \/><\/form>\n\t\t\t<ul>\n\t\t\t\t<li id=\"woopack-product-19964\"  data-product-id=\"19964\">\n\t<a href='https:\/\/afcindustries.com\/es\/producto\/carro-movil-elbi-con-almacenamiento-de-alambre-con-cierre-seguro\/' title='Carro m\u00f3vil ELBI con almacenamiento de alambre con cierre seguro'><img width=\"800\" height=\"800\" src=\"https:\/\/afcindustries.com\/wp-content\/uploads\/2023\/08\/772912-new-image.jpg\" alt=\"Cart for Tablet Management\" itemprop=\"image\" decoding=\"async\" loading=\"lazy\" srcset=\"https:\/\/afcindustries.com\/wp-content\/uploads\/2023\/08\/772912-new-image.jpg 800w, https:\/\/afcindustries.com\/wp-content\/uploads\/2023\/08\/772912-new-image-300x300.jpg 300w, https:\/\/afcindustries.com\/wp-content\/uploads\/2023\/08\/772912-new-image-150x150.jpg 150w, https:\/\/afcindustries.com\/wp-content\/uploads\/2023\/08\/772912-new-image-768x768.jpg 768w, https:\/\/afcindustries.com\/wp-content\/uploads\/2023\/08\/772912-new-image-600x600.jpg 600w, https:\/\/afcindustries.com\/wp-content\/uploads\/2023\/08\/772912-new-image-100x100.jpg 100w\" sizes=\"auto, (max-width: 800px) 100vw, 800px\" title=\"\"><\/a>\n    <h3><a href='https:\/\/afcindustries.com\/es\/producto\/carro-movil-elbi-con-almacenamiento-de-alambre-con-cierre-seguro\/' title='Carro m\u00f3vil ELBI con almacenamiento de alambre con cierre seguro'>Carro m\u00f3vil ELBI con almacenamiento de alambre con cierre seguro<\/a><\/h3>\n\t\tSKU:772912\n<\/li><li id=\"woopack-product-19911\"  data-product-id=\"19911\">\n\t<a href='https:\/\/afcindustries.com\/es\/producto\/carro-movil-para-tabletas-con-cesta-de-alambre-con-cierre-elbi-y-cestas-de-almacenamiento\/' title='Carro m\u00f3vil para tabletas con cesta de alambre con cierre ELBI y cestas de almacenamiento'><img width=\"499\" height=\"499\" src=\"https:\/\/afcindustries.com\/wp-content\/uploads\/2022\/01\/772871-mobile-cart-with-locking-wire-baskets-and-extra-storage.jpg\" alt=\"772871 mobile cart with locking wire baskets and extra storage\" itemprop=\"image\" decoding=\"async\" loading=\"lazy\" srcset=\"https:\/\/afcindustries.com\/wp-content\/uploads\/2022\/01\/772871-mobile-cart-with-locking-wire-baskets-and-extra-storage.jpg 499w, https:\/\/afcindustries.com\/wp-content\/uploads\/2022\/01\/772871-mobile-cart-with-locking-wire-baskets-and-extra-storage-300x300.jpg 300w, https:\/\/afcindustries.com\/wp-content\/uploads\/2022\/01\/772871-mobile-cart-with-locking-wire-baskets-and-extra-storage-100x100.jpg 100w, https:\/\/afcindustries.com\/wp-content\/uploads\/2022\/01\/772871-mobile-cart-with-locking-wire-baskets-and-extra-storage-150x150.jpg 150w\" sizes=\"auto, (max-width: 499px) 100vw, 499px\" title=\"\"><\/a>\n    <h3><a href='https:\/\/afcindustries.com\/es\/producto\/carro-movil-para-tabletas-con-cesta-de-alambre-con-cierre-elbi-y-cestas-de-almacenamiento\/' title='Carro m\u00f3vil para tabletas con cesta de alambre con cierre ELBI y cestas de almacenamiento'>Carro m\u00f3vil para tabletas con cesta de alambre con cierre ELBI y cestas de almacenamiento<\/a><\/h3>\n\t\tSKU:772871\n<\/li><li id=\"woopack-product-20147\"  data-product-id=\"20147\">\n\t<a href='https:\/\/afcindustries.com\/es\/producto\/soporte-de-suelo-ergonomico-y-ajustable-de-alta-calidad-para-tabletas\/' title='Soporte de suelo ergon\u00f3mico y ajustable de alta calidad para tabletas'><img width=\"499\" height=\"499\" src=\"https:\/\/afcindustries.com\/wp-content\/uploads\/2022\/01\/772397-tablet-floor-stand.jpg\" alt=\"772397 tablet floor stand\" itemprop=\"image\" decoding=\"async\" loading=\"lazy\" srcset=\"https:\/\/afcindustries.com\/wp-content\/uploads\/2022\/01\/772397-tablet-floor-stand.jpg 499w, https:\/\/afcindustries.com\/wp-content\/uploads\/2022\/01\/772397-tablet-floor-stand-300x300.jpg 300w, https:\/\/afcindustries.com\/wp-content\/uploads\/2022\/01\/772397-tablet-floor-stand-100x100.jpg 100w, https:\/\/afcindustries.com\/wp-content\/uploads\/2022\/01\/772397-tablet-floor-stand-150x150.jpg 150w\" sizes=\"auto, (max-width: 499px) 100vw, 499px\" title=\"\"><\/a>\n    <h3><a href='https:\/\/afcindustries.com\/es\/producto\/soporte-de-suelo-ergonomico-y-ajustable-de-alta-calidad-para-tabletas\/' title='Soporte de suelo ergon\u00f3mico y ajustable de alta calidad para tabletas'>Soporte de suelo ergon\u00f3mico y ajustable de alta calidad para tabletas<\/a><\/h3>\n\t\tSKU:772397\n<\/li><li id=\"woopack-product-20049\"  data-product-id=\"20049\">\n\t<a href='https:\/\/afcindustries.com\/es\/producto\/carro-movil-para-tabletas-con-brazo-articulado-para-un-mayor-alcance\/' title='Carro m\u00f3vil para tabletas con brazo articulado para un mayor alcance'><img width=\"499\" height=\"499\" src=\"https:\/\/afcindustries.com\/wp-content\/uploads\/2022\/01\/772820-mobile-tablet-cart-with-extended-arm.jpg\" alt=\"772820 mobile tablet cart with extended arm\" itemprop=\"image\" decoding=\"async\" loading=\"lazy\" srcset=\"https:\/\/afcindustries.com\/wp-content\/uploads\/2022\/01\/772820-mobile-tablet-cart-with-extended-arm.jpg 499w, https:\/\/afcindustries.com\/wp-content\/uploads\/2022\/01\/772820-mobile-tablet-cart-with-extended-arm-300x300.jpg 300w, https:\/\/afcindustries.com\/wp-content\/uploads\/2022\/01\/772820-mobile-tablet-cart-with-extended-arm-100x100.jpg 100w, https:\/\/afcindustries.com\/wp-content\/uploads\/2022\/01\/772820-mobile-tablet-cart-with-extended-arm-150x150.jpg 150w\" sizes=\"auto, (max-width: 499px) 100vw, 499px\" title=\"\"><\/a>\n    <h3><a href='https:\/\/afcindustries.com\/es\/producto\/carro-movil-para-tabletas-con-brazo-articulado-para-un-mayor-alcance\/' title='Carro m\u00f3vil para tabletas con brazo articulado para un mayor alcance'>Carro m\u00f3vil para tabletas con brazo articulado para un mayor alcance<\/a><\/h3>\n\t\tSKU:772820\n<\/li><li id=\"woopack-product-20015\"  data-product-id=\"20015\">\n\t<a href='https:\/\/afcindustries.com\/es\/producto\/soporte-de-suelo-remoto-soporte-de-suelo-para-tabletas\/' title='Soporte de suelo Remoto\/ Soporte de suelo para tabletas'><img width=\"499\" height=\"499\" src=\"https:\/\/afcindustries.com\/wp-content\/uploads\/2022\/01\/772571-ipad-tablet-floor-stand.jpg\" alt=\"772571 ipad tablet floor stand\" itemprop=\"image\" decoding=\"async\" loading=\"lazy\" srcset=\"https:\/\/afcindustries.com\/wp-content\/uploads\/2022\/01\/772571-ipad-tablet-floor-stand.jpg 499w, https:\/\/afcindustries.com\/wp-content\/uploads\/2022\/01\/772571-ipad-tablet-floor-stand-300x300.jpg 300w, https:\/\/afcindustries.com\/wp-content\/uploads\/2022\/01\/772571-ipad-tablet-floor-stand-100x100.jpg 100w, https:\/\/afcindustries.com\/wp-content\/uploads\/2022\/01\/772571-ipad-tablet-floor-stand-150x150.jpg 150w\" sizes=\"auto, (max-width: 499px) 100vw, 499px\" title=\"\"><\/a>\n    <h3><a href='https:\/\/afcindustries.com\/es\/producto\/soporte-de-suelo-remoto-soporte-de-suelo-para-tabletas\/' title='Soporte de suelo Remoto\/ Soporte de suelo para tabletas'>Soporte de suelo Remoto\/ Soporte de suelo para tabletas<\/a><\/h3>\n\t\tSKU:772571\n<\/li><li id=\"woopack-product-19975\"  data-product-id=\"19975\">\n\t<a href='https:\/\/afcindustries.com\/es\/producto\/carro-de-deteccion-movil-con-bandeja-para-el-teclado-de-dos-monitores-y-soporte-para-la-camara\/' title='Carro de detecci\u00f3n m\u00f3vil con bandeja para el teclado de dos monitores y soporte para la c\u00e1mara'><img width=\"499\" height=\"499\" src=\"https:\/\/afcindustries.com\/wp-content\/uploads\/2022\/01\/772817-mobile-pole-cart-with-dual-monitors-and-camera-mount-for-scanning.jpg\" alt=\"772817 mobile pole cart with dual monitors and camera mount for scanning\" itemprop=\"image\" decoding=\"async\" loading=\"lazy\" srcset=\"https:\/\/afcindustries.com\/wp-content\/uploads\/2022\/01\/772817-mobile-pole-cart-with-dual-monitors-and-camera-mount-for-scanning.jpg 499w, https:\/\/afcindustries.com\/wp-content\/uploads\/2022\/01\/772817-mobile-pole-cart-with-dual-monitors-and-camera-mount-for-scanning-300x300.jpg 300w, https:\/\/afcindustries.com\/wp-content\/uploads\/2022\/01\/772817-mobile-pole-cart-with-dual-monitors-and-camera-mount-for-scanning-100x100.jpg 100w, https:\/\/afcindustries.com\/wp-content\/uploads\/2022\/01\/772817-mobile-pole-cart-with-dual-monitors-and-camera-mount-for-scanning-150x150.jpg 150w\" sizes=\"auto, (max-width: 499px) 100vw, 499px\" title=\"\"><\/a>\n    <h3><a href='https:\/\/afcindustries.com\/es\/producto\/carro-de-deteccion-movil-con-bandeja-para-el-teclado-de-dos-monitores-y-soporte-para-la-camara\/' title='Carro de detecci\u00f3n m\u00f3vil con bandeja para el teclado de dos monitores y soporte para la c\u00e1mara'>Carro de detecci\u00f3n m\u00f3vil con bandeja para el teclado de dos monitores y soporte para la c\u00e1mara<\/a><\/h3>\n\t\tSKU:772817\n<\/li><li id=\"woopack-product-19931\"  data-product-id=\"19931\">\n\t<a href='https:\/\/afcindustries.com\/es\/producto\/soporte-de-suelo-universal-para-ipad\/' title='Soporte de suelo universal para iPad'><img width=\"499\" height=\"499\" src=\"https:\/\/afcindustries.com\/wp-content\/uploads\/2022\/01\/772799-ipad-tablet-floor-stand.jpg\" alt=\"772799 ipad tablet floor stand\" itemprop=\"image\" decoding=\"async\" loading=\"lazy\" srcset=\"https:\/\/afcindustries.com\/wp-content\/uploads\/2022\/01\/772799-ipad-tablet-floor-stand.jpg 499w, https:\/\/afcindustries.com\/wp-content\/uploads\/2022\/01\/772799-ipad-tablet-floor-stand-300x300.jpg 300w, https:\/\/afcindustries.com\/wp-content\/uploads\/2022\/01\/772799-ipad-tablet-floor-stand-100x100.jpg 100w, https:\/\/afcindustries.com\/wp-content\/uploads\/2022\/01\/772799-ipad-tablet-floor-stand-150x150.jpg 150w\" sizes=\"auto, (max-width: 499px) 100vw, 499px\" title=\"\"><\/a>\n    <h3><a href='https:\/\/afcindustries.com\/es\/producto\/soporte-de-suelo-universal-para-ipad\/' title='Soporte de suelo universal para iPad'>Soporte de suelo universal para iPad<\/a><\/h3>\n\t\tSKU:772799\n<\/li><li id=\"woopack-product-19937\"  data-product-id=\"19937\">\n\t<a href='https:\/\/afcindustries.com\/es\/producto\/soporte-de-quiosco-ergonomico-de-alta-calidad-para-tabletas\/' title='Soporte de quiosco ergon\u00f3mico de alta calidad para tabletas'><img width=\"499\" height=\"499\" src=\"https:\/\/afcindustries.com\/wp-content\/uploads\/2022\/01\/772097-tablet-kiosk-stand.jpg\" alt=\"772097 tablet kiosk stand\" itemprop=\"image\" decoding=\"async\" loading=\"lazy\" srcset=\"https:\/\/afcindustries.com\/wp-content\/uploads\/2022\/01\/772097-tablet-kiosk-stand.jpg 499w, https:\/\/afcindustries.com\/wp-content\/uploads\/2022\/01\/772097-tablet-kiosk-stand-300x300.jpg 300w, https:\/\/afcindustries.com\/wp-content\/uploads\/2022\/01\/772097-tablet-kiosk-stand-100x100.jpg 100w, https:\/\/afcindustries.com\/wp-content\/uploads\/2022\/01\/772097-tablet-kiosk-stand-150x150.jpg 150w\" sizes=\"auto, (max-width: 499px) 100vw, 499px\" title=\"\"><\/a>\n    <h3><a href='https:\/\/afcindustries.com\/es\/producto\/soporte-de-quiosco-ergonomico-de-alta-calidad-para-tabletas\/' title='Soporte de quiosco ergon\u00f3mico de alta calidad para tabletas'>Soporte de quiosco ergon\u00f3mico de alta calidad para tabletas<\/a><\/h3>\n\t\tSKU:772097\n<\/li><li id=\"woopack-product-19940\"  data-product-id=\"19940\">\n\t<a href='https:\/\/afcindustries.com\/es\/producto\/comunicacion-remota-con-el-carro-de-la-tableta-de-peso-ligero\/' title='Comunicaci\u00f3n remota con el carro de la tableta de peso ligero'><img width=\"499\" height=\"499\" src=\"https:\/\/afcindustries.com\/wp-content\/uploads\/2022\/01\/772815-tablet-cart-lightweight-with-ipad-accessory.jpg\" alt=\"772815 tablet cart lightweight with ipad accessory\" itemprop=\"image\" decoding=\"async\" loading=\"lazy\" srcset=\"https:\/\/afcindustries.com\/wp-content\/uploads\/2022\/01\/772815-tablet-cart-lightweight-with-ipad-accessory.jpg 499w, https:\/\/afcindustries.com\/wp-content\/uploads\/2022\/01\/772815-tablet-cart-lightweight-with-ipad-accessory-300x300.jpg 300w, https:\/\/afcindustries.com\/wp-content\/uploads\/2022\/01\/772815-tablet-cart-lightweight-with-ipad-accessory-100x100.jpg 100w, https:\/\/afcindustries.com\/wp-content\/uploads\/2022\/01\/772815-tablet-cart-lightweight-with-ipad-accessory-150x150.jpg 150w\" sizes=\"auto, (max-width: 499px) 100vw, 499px\" title=\"\"><\/a>\n    <h3><a href='https:\/\/afcindustries.com\/es\/producto\/comunicacion-remota-con-el-carro-de-la-tableta-de-peso-ligero\/' title='Comunicaci\u00f3n remota con el carro de la tableta de peso ligero'>Comunicaci\u00f3n remota con el carro de la tableta de peso ligero<\/a><\/h3>\n\t\tSKU:772815\n<\/li><li id=\"woopack-product-19879\"  data-product-id=\"19879\">\n\t<a href='https:\/\/afcindustries.com\/es\/producto\/soporte-de-suelo-ergonomico-de-alta-calidad-para-ipad-para-tiendas\/' title='Soporte de suelo ergon\u00f3mico de alta calidad para iPad para tiendas'><img width=\"499\" height=\"499\" src=\"https:\/\/afcindustries.com\/wp-content\/uploads\/2022\/01\/772685-ipad-floor-stand.jpg\" alt=\"772685 ipad floor stand\" itemprop=\"image\" decoding=\"async\" loading=\"lazy\" srcset=\"https:\/\/afcindustries.com\/wp-content\/uploads\/2022\/01\/772685-ipad-floor-stand.jpg 499w, https:\/\/afcindustries.com\/wp-content\/uploads\/2022\/01\/772685-ipad-floor-stand-300x300.jpg 300w, https:\/\/afcindustries.com\/wp-content\/uploads\/2022\/01\/772685-ipad-floor-stand-100x100.jpg 100w, https:\/\/afcindustries.com\/wp-content\/uploads\/2022\/01\/772685-ipad-floor-stand-150x150.jpg 150w\" sizes=\"auto, (max-width: 499px) 100vw, 499px\" title=\"\"><\/a>\n    <h3><a href='https:\/\/afcindustries.com\/es\/producto\/soporte-de-suelo-ergonomico-de-alta-calidad-para-ipad-para-tiendas\/' title='Soporte de suelo ergon\u00f3mico de alta calidad para iPad para tiendas'>Soporte de suelo ergon\u00f3mico de alta calidad para iPad para tiendas<\/a><\/h3>\n\t\tSKU:772685\n<\/li><li id=\"woopack-product-19897\"  data-product-id=\"19897\">\n\t<a href='https:\/\/afcindustries.com\/es\/producto\/carro-de-soporte-para-tabletas-moviles-ipad\/' title='Carro de soporte para tabletas m\u00f3viles iPad'><img width=\"499\" height=\"499\" src=\"https:\/\/afcindustries.com\/wp-content\/uploads\/2022\/01\/772099-ipad-floor-tablet-cart.jpg\" alt=\"772099 ipad floor tablet cart\" itemprop=\"image\" decoding=\"async\" loading=\"lazy\" srcset=\"https:\/\/afcindustries.com\/wp-content\/uploads\/2022\/01\/772099-ipad-floor-tablet-cart.jpg 499w, https:\/\/afcindustries.com\/wp-content\/uploads\/2022\/01\/772099-ipad-floor-tablet-cart-300x300.jpg 300w, https:\/\/afcindustries.com\/wp-content\/uploads\/2022\/01\/772099-ipad-floor-tablet-cart-100x100.jpg 100w, https:\/\/afcindustries.com\/wp-content\/uploads\/2022\/01\/772099-ipad-floor-tablet-cart-150x150.jpg 150w\" sizes=\"auto, (max-width: 499px) 100vw, 499px\" title=\"\"><\/a>\n    <h3><a href='https:\/\/afcindustries.com\/es\/producto\/carro-de-soporte-para-tabletas-moviles-ipad\/' title='Carro de soporte para tabletas m\u00f3viles iPad'>Carro de soporte para tabletas m\u00f3viles iPad<\/a><\/h3>\n\t\tSKU:772099\n<\/li><li id=\"woopack-product-19865\"  data-product-id=\"19865\">\n\t<a href='https:\/\/afcindustries.com\/es\/producto\/soporte-de-quiosco-para-ipad-ergonomico-de-alta-calidad\/' title='Soporte de quiosco para iPad ergon\u00f3mico de alta calidad'><img width=\"499\" height=\"499\" src=\"https:\/\/afcindustries.com\/wp-content\/uploads\/2022\/01\/772756-ipad-kiosk-stand.jpg\" alt=\"772756 ipad kiosk stand\" itemprop=\"image\" decoding=\"async\" loading=\"lazy\" srcset=\"https:\/\/afcindustries.com\/wp-content\/uploads\/2022\/01\/772756-ipad-kiosk-stand.jpg 499w, https:\/\/afcindustries.com\/wp-content\/uploads\/2022\/01\/772756-ipad-kiosk-stand-300x300.jpg 300w, https:\/\/afcindustries.com\/wp-content\/uploads\/2022\/01\/772756-ipad-kiosk-stand-100x100.jpg 100w, https:\/\/afcindustries.com\/wp-content\/uploads\/2022\/01\/772756-ipad-kiosk-stand-150x150.jpg 150w\" sizes=\"auto, (max-width: 499px) 100vw, 499px\" title=\"\"><\/a>\n    <h3><a href='https:\/\/afcindustries.com\/es\/producto\/soporte-de-quiosco-para-ipad-ergonomico-de-alta-calidad\/' title='Soporte de quiosco para iPad ergon\u00f3mico de alta calidad'>Soporte de quiosco para iPad ergon\u00f3mico de alta calidad<\/a><\/h3>\n\t\tSKU:772756\n<\/li>\t\t\t\t\n\t\t\t<\/ul>\n\t<ul class='page-numbers'>\n\t<li>1<\/li>\n\t<li><a href=\"https:\/\/afcindustries.com\/es\/page\/2\/?page_id=19739&#038;fl_builder\">2<\/a><\/li>\n\t<li><a href=\"https:\/\/afcindustries.com\/es\/page\/2\/?page_id=19739&#038;fl_builder\">Siguiente &raquo;<\/a><\/li>\n<\/ul>\n<h2>\n\t\tCarros de ordenador m\u00f3vil para tabletas\n\t<\/h2>\n\t<p>Estos carritos para tabletas m\u00f3viles son otro ejemplo de ergonom\u00eda aplicada para la comodidad, seguridad y productividad del usuario. Pueden utilizarse para compartir informaci\u00f3n o guiar a un paciente a trav\u00e9s de un procedimiento o plan de atenci\u00f3n espec\u00edfico.<\/p>\n<p>Este carro m\u00f3vil para tabletas ocupa poco espacio y acerca al paciente para que contribuya y trabaje con el m\u00e9dico, de modo que puedan navegar conjuntamente por un programa, revisar una imagen y compartir verdaderamente el proceso de atenci\u00f3n sanitaria.<\/p>\n<p>&#8211; Este carro m\u00f3vil de tabletas sobre ruedas proporciona una experiencia compartida y permite una mejor comunicaci\u00f3n entre los m\u00e9dicos y sus pacientes.<\/p>\n<p>&#8211; Crea un entorno en el que la informaci\u00f3n es precisa, fiable y est\u00e1 al d\u00eda de los \u00faltimos avances en tecnolog\u00eda m\u00e9dica.<\/p>\n<p>&#8211; El carro m\u00f3vil con ruedas para tabletas puede utilizarse como herramienta de ense\u00f1anza para el personal nuevo, a fin de reforzar la educaci\u00f3n de los pacientes.<\/p>\n<p>&#8211; Proporciona a los m\u00e9dicos par\u00e1metros adecuados de atenci\u00f3n y planes de tratamiento antes de ver al paciente.<\/p>\n<p>&#8211; Este carro m\u00f3vil sobre ruedas permite a los pacientes revisar, imprimir o enviar por correo electr\u00f3nico su informaci\u00f3n entre las visitas, para que no haya p\u00e9rdida de informaci\u00f3n.<\/p>\n<p>&#8211; Este carro m\u00f3vil para tabletas proporciona un proceso verdaderamente colaborativo entre los pacientes y sus cuidadores con acceso a informaci\u00f3n altamente validada que puede influir inmediatamente en su plan de tratamiento.<\/p>\n\n","protected":false},"excerpt":{"rendered":"<p>Carros M\u00e9dicos Mostrando el \u00fanico resultado Orden predeterminadoOrdenar por popularidadOrdenar por los \u00faltimosOrdenar por precio: bajo a altoOrdenar por precio: alto a bajo Carro m\u00f3vil ELBI con almacenamiento de alambre con cierre seguro SKU:772912 Carro m\u00f3vil para tabletas con cesta de alambre con cierre ELBI y cestas de almacenamiento SKU:772871 Soporte de suelo ergon\u00f3mico y&hellip;<\/p>\n","protected":false},"author":1,"featured_media":0,"parent":0,"menu_order":0,"comment_status":"closed","ping_status":"closed","template":"","meta":{"_acf_changed":false,"inline_featured_image":false,"footnotes":""},"class_list":["post-19739","page","type-page","status-publish","hentry"],"acf":[],"_links":{"self":[{"href":"https:\/\/afcindustries.com\/es\/wp-json\/wp\/v2\/pages\/19739","targetHints":{"allow":["GET"]}}],"collection":[{"href":"https:\/\/afcindustries.com\/es\/wp-json\/wp\/v2\/pages"}],"about":[{"href":"https:\/\/afcindustries.com\/es\/wp-json\/wp\/v2\/types\/page"}],"author":[{"embeddable":true,"href":"https:\/\/afcindustries.com\/es\/wp-json\/wp\/v2\/users\/1"}],"replies":[{"embeddable":true,"href":"https:\/\/afcindustries.com\/es\/wp-json\/wp\/v2\/comments?post=19739"}],"version-history":[{"count":0,"href":"https:\/\/afcindustries.com\/es\/wp-json\/wp\/v2\/pages\/19739\/revisions"}],"wp:attachment":[{"href":"https:\/\/afcindustries.com\/es\/wp-json\/wp\/v2\/media?parent=19739"}],"curies":[{"name":"wp","href":"https:\/\/api.w.org\/{rel}","templated":true}]}}