{"id":19735,"date":"2022-02-17T11:09:09","date_gmt":"2022-02-17T16:09:09","guid":{"rendered":"https:\/\/afcindustries.com\/carros-de-baterias\/"},"modified":"2024-10-04T14:40:32","modified_gmt":"2024-10-04T18:40:32","slug":"carros-de-baterias","status":"publish","type":"page","link":"https:\/\/afcindustries.com\/es\/carros-de-baterias\/","title":{"rendered":"Carros de bater\u00edas"},"content":{"rendered":"\n\n\t<h2>\n\t\tCarros m\u00e9dicos\n\t<\/h2>\n\t\t\t\t\t\t\t\t<a href=\"https:\/\/afcindustries.com\/contact\/\" target=\"_self\" itemprop=\"url\" rel=\"noopener\">\n\t\t\t\t\t\t\t\t\t<img loading=\"lazy\" decoding=\"async\" src=\"https:\/\/afcindustries.com\/wp-content\/uploads\/2022\/05\/Promo-Fall-23.gif\" alt=\"Promo Fall\" itemprop=\"image\" height=\"450\" width=\"280\" title=\"Promo Fall\" onerror=\"this.style.display='none'\"  \/>\n\t\t\t\t\t\t\t\t\t\t\t\t\t<\/a>\n\n\n\tMostrando el \u00fanico resultado\n<form method=\"get\">\n\t<select name=\"orderby\" aria-label=\"Pedido de la tienda\">\n\t\t\t\t\t<option value=\"menu_order\"  selected='selected'>Orden predeterminado<\/option>\n\t\t\t\t\t<option value=\"popularity\">Ordenar por popularidad<\/option>\n\t\t\t\t\t<option value=\"date\">Ordenar por los \u00faltimos<\/option>\n\t\t\t\t\t<option value=\"price\">Ordenar por precio: bajo a alto<\/option>\n\t\t\t\t\t<option value=\"price-desc\">Ordenar por precio: alto a bajo<\/option>\n\t\t\t<\/select>\n\t<input type=\"hidden\" name=\"paged\" value=\"1\" \/>\n\t<input type=\"hidden\" name=\"page_id\" value=\"19735\" \/><input type=\"hidden\" name=\"fl_builder\" value=\"\" \/><\/form>\n\t\t\t<ul>\n\t\t\t\t<li id=\"woopack-product-20131\"  data-product-id=\"20131\">\n\t<a href='https:\/\/afcindustries.com\/es\/producto\/carro-de-ordenador-medico-3\/' title='Carro de ordenador m\u00e9dico'><img width=\"499\" height=\"499\" src=\"https:\/\/afcindustries.com\/wp-content\/uploads\/2022\/01\/772080-medical-computer-cart-on-wheels.jpg\" alt=\"772080 medical computer cart on wheels\" itemprop=\"image\" decoding=\"async\" loading=\"lazy\" srcset=\"https:\/\/afcindustries.com\/wp-content\/uploads\/2022\/01\/772080-medical-computer-cart-on-wheels.jpg 499w, https:\/\/afcindustries.com\/wp-content\/uploads\/2022\/01\/772080-medical-computer-cart-on-wheels-300x300.jpg 300w, https:\/\/afcindustries.com\/wp-content\/uploads\/2022\/01\/772080-medical-computer-cart-on-wheels-100x100.jpg 100w, https:\/\/afcindustries.com\/wp-content\/uploads\/2022\/01\/772080-medical-computer-cart-on-wheels-150x150.jpg 150w\" sizes=\"auto, (max-width: 499px) 100vw, 499px\" title=\"\"><\/a>\n    <h3><a href='https:\/\/afcindustries.com\/es\/producto\/carro-de-ordenador-medico-3\/' title='Carro de ordenador m\u00e9dico'>Carro de ordenador m\u00e9dico<\/a><\/h3>\n\t\tSKU:772080\n<\/li><li id=\"woopack-product-19640\"  data-product-id=\"19640\">\n\t<a href='https:\/\/afcindustries.com\/es\/producto\/carro-de-ordenador-para-hospitales\/' title='Carro de ordenador para hospitales'><img width=\"499\" height=\"499\" src=\"https:\/\/afcindustries.com\/wp-content\/uploads\/2022\/01\/771899-best-telemedicine-computer-cart.jpg\" alt=\"771899 best telemedicine computer cart\" itemprop=\"image\" decoding=\"async\" loading=\"lazy\" srcset=\"https:\/\/afcindustries.com\/wp-content\/uploads\/2022\/01\/771899-best-telemedicine-computer-cart.jpg 499w, https:\/\/afcindustries.com\/wp-content\/uploads\/2022\/01\/771899-best-telemedicine-computer-cart-300x300.jpg 300w, https:\/\/afcindustries.com\/wp-content\/uploads\/2022\/01\/771899-best-telemedicine-computer-cart-100x100.jpg 100w, https:\/\/afcindustries.com\/wp-content\/uploads\/2022\/01\/771899-best-telemedicine-computer-cart-150x150.jpg 150w\" sizes=\"auto, (max-width: 499px) 100vw, 499px\" title=\"\"><\/a>\n    <h3><a href='https:\/\/afcindustries.com\/es\/producto\/carro-de-ordenador-para-hospitales\/' title='Carro de ordenador para hospitales'>Carro de ordenador para hospitales<\/a><\/h3>\n\t\tSKU:771899\n<\/li><li id=\"woopack-product-20110\"  data-product-id=\"20110\">\n\t<a href='https:\/\/afcindustries.com\/es\/producto\/carro-de-telemedicina-ajustable\/' title='Carro de ordenador ajustable para telemedicina'><img width=\"499\" height=\"499\" src=\"https:\/\/afcindustries.com\/wp-content\/uploads\/2022\/01\/772731-medical-computer-carts-on-wheels.jpg\" alt=\"772731 carros de ordenador m\u00e9dico con ruedas\" itemprop=\"image\" decoding=\"async\" loading=\"lazy\" srcset=\"https:\/\/afcindustries.com\/wp-content\/uploads\/2022\/01\/772731-medical-computer-carts-on-wheels.jpg 499w, https:\/\/afcindustries.com\/wp-content\/uploads\/2022\/01\/772731-medical-computer-carts-on-wheels-300x300.jpg 300w, https:\/\/afcindustries.com\/wp-content\/uploads\/2022\/01\/772731-medical-computer-carts-on-wheels-100x100.jpg 100w, https:\/\/afcindustries.com\/wp-content\/uploads\/2022\/01\/772731-medical-computer-carts-on-wheels-150x150.jpg 150w\" sizes=\"auto, (max-width: 499px) 100vw, 499px\" title=\"\"><\/a>\n    <h3><a href='https:\/\/afcindustries.com\/es\/producto\/carro-de-telemedicina-ajustable\/' title='Carro de ordenador ajustable para telemedicina'>Carro de ordenador ajustable para telemedicina<\/a><\/h3>\n\t\tSKU:772731\n<\/li><li id=\"woopack-product-20099\"  data-product-id=\"20099\">\n\t<a href='https:\/\/afcindustries.com\/es\/producto\/carro-ergonomico-telemedico-camara\/' title='Carro ergon\u00f3mico para c\u00e1maras de telemedicina'><img width=\"499\" height=\"499\" src=\"https:\/\/afcindustries.com\/wp-content\/uploads\/2022\/01\/772434-adjustable-medical-computer-cart.jpg\" alt=\"772434 carro de ordenador m\u00e9dico ajustable\" itemprop=\"image\" decoding=\"async\" loading=\"lazy\" srcset=\"https:\/\/afcindustries.com\/wp-content\/uploads\/2022\/01\/772434-adjustable-medical-computer-cart.jpg 499w, https:\/\/afcindustries.com\/wp-content\/uploads\/2022\/01\/772434-adjustable-medical-computer-cart-300x300.jpg 300w, https:\/\/afcindustries.com\/wp-content\/uploads\/2022\/01\/772434-adjustable-medical-computer-cart-100x100.jpg 100w, https:\/\/afcindustries.com\/wp-content\/uploads\/2022\/01\/772434-adjustable-medical-computer-cart-150x150.jpg 150w\" sizes=\"auto, (max-width: 499px) 100vw, 499px\" title=\"\"><\/a>\n    <h3><a href='https:\/\/afcindustries.com\/es\/producto\/carro-ergonomico-telemedico-camara\/' title='Carro ergon\u00f3mico para c\u00e1maras de telemedicina'>Carro ergon\u00f3mico para c\u00e1maras de telemedicina<\/a><\/h3>\n\t\tSKU:772434\n<\/li><li id=\"woopack-product-19959\"  data-product-id=\"19959\">\n\t<a href='https:\/\/afcindustries.com\/es\/producto\/carro-para-servidores-de-ordenador-de-hospital\/' title='Carro para servidores de ordenador de hospital'><img width=\"499\" height=\"499\" src=\"https:\/\/afcindustries.com\/wp-content\/uploads\/2022\/01\/772730-medical-computer-cart.jpg\" alt=\"772730 medical computer cart\" itemprop=\"image\" decoding=\"async\" loading=\"lazy\" srcset=\"https:\/\/afcindustries.com\/wp-content\/uploads\/2022\/01\/772730-medical-computer-cart.jpg 499w, https:\/\/afcindustries.com\/wp-content\/uploads\/2022\/01\/772730-medical-computer-cart-300x300.jpg 300w, https:\/\/afcindustries.com\/wp-content\/uploads\/2022\/01\/772730-medical-computer-cart-100x100.jpg 100w, https:\/\/afcindustries.com\/wp-content\/uploads\/2022\/01\/772730-medical-computer-cart-150x150.jpg 150w\" sizes=\"auto, (max-width: 499px) 100vw, 499px\" title=\"\"><\/a>\n    <h3><a href='https:\/\/afcindustries.com\/es\/producto\/carro-para-servidores-de-ordenador-de-hospital\/' title='Carro para servidores de ordenador de hospital'>Carro para servidores de ordenador de hospital<\/a><\/h3>\n\t\tSKU:772730\n<\/li><li id=\"woopack-product-19814\"  data-product-id=\"19814\">\n\t<a href='https:\/\/afcindustries.com\/es\/producto\/carro-ergonomico-medico-ordenador\/' title='Carro de ordenador m\u00e9dico ergon\u00f3mico'><img width=\"499\" height=\"499\" src=\"https:\/\/afcindustries.com\/wp-content\/uploads\/2022\/01\/772018-computer-on-wheels-hospital.jpg\" alt=\"772018 ordenador sobre ruedas hospital\" itemprop=\"image\" decoding=\"async\" loading=\"lazy\" srcset=\"https:\/\/afcindustries.com\/wp-content\/uploads\/2022\/01\/772018-computer-on-wheels-hospital.jpg 499w, https:\/\/afcindustries.com\/wp-content\/uploads\/2022\/01\/772018-computer-on-wheels-hospital-300x300.jpg 300w, https:\/\/afcindustries.com\/wp-content\/uploads\/2022\/01\/772018-computer-on-wheels-hospital-100x100.jpg 100w, https:\/\/afcindustries.com\/wp-content\/uploads\/2022\/01\/772018-computer-on-wheels-hospital-150x150.jpg 150w\" sizes=\"auto, (max-width: 499px) 100vw, 499px\" title=\"\"><\/a>\n    <h3><a href='https:\/\/afcindustries.com\/es\/producto\/carro-ergonomico-medico-ordenador\/' title='Carro de ordenador m\u00e9dico ergon\u00f3mico'>Carro de ordenador m\u00e9dico ergon\u00f3mico<\/a><\/h3>\n\t\tSKU:772018\n<\/li><li id=\"woopack-product-19620\"  data-product-id=\"19620\">\n\t<a href='https:\/\/afcindustries.com\/es\/producto\/carro-de-ordenador-medico\/' title='Carro de ordenador m\u00e9dico'><img width=\"800\" height=\"800\" src=\"https:\/\/afcindustries.com\/wp-content\/uploads\/2023\/09\/09-custom.jpg\" alt=\"Computer desks and carts by AFC, featuring sleek design and functionality for modern workspaces.\" itemprop=\"image\" decoding=\"async\" loading=\"lazy\" srcset=\"https:\/\/afcindustries.com\/wp-content\/uploads\/2023\/09\/09-custom.jpg 800w, https:\/\/afcindustries.com\/wp-content\/uploads\/2023\/09\/09-custom-300x300.jpg 300w, https:\/\/afcindustries.com\/wp-content\/uploads\/2023\/09\/09-custom-150x150.jpg 150w, https:\/\/afcindustries.com\/wp-content\/uploads\/2023\/09\/09-custom-768x768.jpg 768w, https:\/\/afcindustries.com\/wp-content\/uploads\/2023\/09\/09-custom-600x600.jpg 600w, https:\/\/afcindustries.com\/wp-content\/uploads\/2023\/09\/09-custom-100x100.jpg 100w\" sizes=\"auto, (max-width: 800px) 100vw, 800px\" title=\"\"><\/a>\n    <h3><a href='https:\/\/afcindustries.com\/es\/producto\/carro-de-ordenador-medico\/' title='Carro de ordenador m\u00e9dico'>Carro de ordenador m\u00e9dico<\/a><\/h3>\n\t\tSKU:771900\n<\/li>\t\t\t\t\n\t\t\t<\/ul>\n<h2>\n\t\tCarros de ordenador con bater\u00eda para trabajos pesados\n\t<\/h2>\n\t<p>Explore la gama de carros m\u00f3viles el\u00e9ctricos de AFC Industries, dise\u00f1ados meticulosamente para aumentar la productividad y la eficiencia de los profesionales en sus entornos de trabajo. Estos carros alimentados por bater\u00eda cuentan con dise\u00f1os ergon\u00f3micos de vanguardia y funciones f\u00e1ciles de usar como est\u00e1ndar. Equipados con funcionalidades de \u00faltima generaci\u00f3n, nuestros carros m\u00e9dicos m\u00f3viles ofrecen a los operadores una comodidad \u00f3ptima, facilidad de uso y versatilidad de dispositivos para mejoras fluidas en el flujo de trabajo.<\/p>\n<p>Ofrecemos los siguientes carros de bater\u00eda de alta calidad para satisfacer las necesidades de los profesionales m\u00e9dicos y sanitarios: Carros de laboratorio m\u00e9dico; Carros de punto de atenci\u00f3n (POC); Carros de telemedicina y Estaciones de trabajo de entrada de datos inform\u00e1ticos m\u00f3viles.<\/p>\n<p>Con m\u00e1s de 25 a\u00f1os de excelencia en la fabricaci\u00f3n de muebles, AFC Industries sigue liderando el mercado del mobiliario industrial al continuar proporcionando productos de la m\u00e1s alta calidad que cumplen con las exigentes necesidades de cada cliente.<\/p>\n\n","protected":false},"excerpt":{"rendered":"<p>Carros m\u00e9dicos Mostrando el \u00fanico resultado Orden predeterminadoOrdenar por popularidadOrdenar por los \u00faltimosOrdenar por precio: bajo a altoOrdenar por precio: alto a bajo Carro de ordenador m\u00e9dico SKU:772080 Carro de ordenador para hospitales SKU:771899 Carro de ordenador ajustable para telemedicina SKU:772731 Carro ergon\u00f3mico para c\u00e1maras de telemedicina SKU:772434 Carro para servidores de ordenador de hospital&hellip;<\/p>\n","protected":false},"author":1,"featured_media":0,"parent":0,"menu_order":0,"comment_status":"closed","ping_status":"closed","template":"","meta":{"_acf_changed":false,"inline_featured_image":false,"footnotes":""},"class_list":["post-19735","page","type-page","status-publish","hentry"],"acf":[],"_links":{"self":[{"href":"https:\/\/afcindustries.com\/es\/wp-json\/wp\/v2\/pages\/19735","targetHints":{"allow":["GET"]}}],"collection":[{"href":"https:\/\/afcindustries.com\/es\/wp-json\/wp\/v2\/pages"}],"about":[{"href":"https:\/\/afcindustries.com\/es\/wp-json\/wp\/v2\/types\/page"}],"author":[{"embeddable":true,"href":"https:\/\/afcindustries.com\/es\/wp-json\/wp\/v2\/users\/1"}],"replies":[{"embeddable":true,"href":"https:\/\/afcindustries.com\/es\/wp-json\/wp\/v2\/comments?post=19735"}],"version-history":[{"count":0,"href":"https:\/\/afcindustries.com\/es\/wp-json\/wp\/v2\/pages\/19735\/revisions"}],"wp:attachment":[{"href":"https:\/\/afcindustries.com\/es\/wp-json\/wp\/v2\/media?parent=19735"}],"curies":[{"name":"wp","href":"https:\/\/api.w.org\/{rel}","templated":true}]}}