{"id":19733,"date":"2022-02-16T11:28:52","date_gmt":"2022-02-16T16:28:52","guid":{"rendered":"https:\/\/afcindustries.com\/soportes-ergonomicos\/"},"modified":"2024-11-27T10:12:18","modified_gmt":"2024-11-27T15:12:18","slug":"soportes-ergonomicos","status":"publish","type":"page","link":"https:\/\/afcindustries.com\/es\/soportes-ergonomicos\/","title":{"rendered":"SOPORTES ERGON\u00d3MICOS"},"content":{"rendered":"\r\n<p>&nbsp;<\/p>\r\n<h3>Escritorios\/estaciones de trabajo de pie<\/h3>\r\n<p>&nbsp;<\/p>\r\n<h3>Sistemas inform\u00e1ticos murales<\/h3>\r\n<p>&nbsp;<\/p>\r\n<h3>Carros de comunicaci\u00f3n<\/h3>\r\n<h1>Soluciones de montaje de pantallas ergon\u00f3micas<\/h1>\r\n<p><img loading=\"lazy\" decoding=\"async\" title=\"Modern Wall Mounted Computer Station by AFC Industries\" src=\"https:\/\/afcindustries.com\/wp-content\/uploads\/2022\/02\/ergonomic-mount-section-banner-1140x281-1.jpg\" sizes=\"auto, (max-width: 1140px) 100vw, 1140px\" srcset=\"https:\/\/afcindustries.com\/wp-content\/uploads\/2022\/02\/ergonomic-mount-section-banner-1140x281-1.jpg 1140w, https:\/\/afcindustries.com\/wp-content\/uploads\/2022\/02\/ergonomic-mount-section-banner-1140x281-1-300x74.jpg 300w, https:\/\/afcindustries.com\/wp-content\/uploads\/2022\/02\/ergonomic-mount-section-banner-1140x281-1-1024x252.jpg 1024w, https:\/\/afcindustries.com\/wp-content\/uploads\/2022\/02\/ergonomic-mount-section-banner-1140x281-1-768x189.jpg 768w, https:\/\/afcindustries.com\/wp-content\/uploads\/2022\/02\/ergonomic-mount-section-banner-1140x281-1-600x148.jpg 600w\" alt=\"Modern Wall Mounted Computer Station by AFC Industries\" width=\"1140\" height=\"281\" \/><\/p>\r\n<h2>Soportes ergon\u00f3micos para monitores<\/h2>\r\n<p>AFC ofrece <strong>soluciones de montaje de monitores ergon\u00f3micos<\/strong> de alta calidad. AFC se centra en la ingenier\u00eda, fabricaci\u00f3n y distribuci\u00f3n de productos de primera calidad y ofrece soportes de monitor ergon\u00f3micos y confiables. Ofrecemos una amplia colecci\u00f3n de soportes para pantallas planas, brazos para monitores y soportes. Elija entre nuestras m\u00faltiples variaciones de opciones de montaje, incluidos los brazos articulados extensibles y los soportes para monitores. Consiga las mejores soluciones de montaje de monitores para su hogar y su oficina.<\/p>\r\n<p><a href=\"https:\/\/afcindustries.com\/all-ergonomic-mounts\/\" target=\"_self\" rel=\"noopener\"> <img loading=\"lazy\" decoding=\"async\" title=\"07 all product for mounting solutions\" src=\"https:\/\/afcindustries.com\/wp-content\/uploads\/2022\/02\/07-all-product-for-mounting-solutions.jpg\" sizes=\"auto, (max-width: 300px) 100vw, 300px\" srcset=\"https:\/\/afcindustries.com\/wp-content\/uploads\/2022\/02\/07-all-product-for-mounting-solutions.jpg 300w, https:\/\/afcindustries.com\/wp-content\/uploads\/2022\/02\/07-all-product-for-mounting-solutions-150x150.jpg 150w, https:\/\/afcindustries.com\/wp-content\/uploads\/2022\/02\/07-all-product-for-mounting-solutions-100x100.jpg 100w\" alt=\"07 all product for mounting solutions\" width=\"300\" height=\"300\" \/> <\/a><\/p>\r\n<h2><a title=\"Soluciones de montaje de ordenadores y monitores\" href=\"https:\/\/afcindustries.com\/es\/todos-los-soportes-ergonomicos\/\" target=\"_self\" rel=\"noopener\"> Soluciones de montaje de ordenadores y monitores <\/a><\/h2>\r\n<p>Le ofrecemos nuestro montaje de pantalla de ordenador y monitor de alta calidad para garantizar el 100% de la fiabilidad de la celebraci\u00f3n de sus dispositivos de ordenador y monitor de pantalla para el uso de toda la vida.<\/p>\r\n<p><a href=\"https:\/\/afcindustries.com\/computer-wall-mounts\/\" target=\"_self\" rel=\"noopener\"> <img loading=\"lazy\" decoding=\"async\" title=\"wall mount afc 1\" src=\"https:\/\/afcindustries.com\/wp-content\/uploads\/2022\/02\/wall-mount-afc-1.jpg\" sizes=\"auto, (max-width: 300px) 100vw, 300px\" srcset=\"https:\/\/afcindustries.com\/wp-content\/uploads\/2022\/02\/wall-mount-afc-1.jpg 300w, https:\/\/afcindustries.com\/wp-content\/uploads\/2022\/02\/wall-mount-afc-1-150x150.jpg 150w, https:\/\/afcindustries.com\/wp-content\/uploads\/2022\/02\/wall-mount-afc-1-100x100.jpg 100w\" alt=\"wall mount afc 1\" width=\"300\" height=\"300\" \/> <\/a><\/p>\r\n<h2><a title=\"Brazo de ordenador para montaje en pared Estaciones\" href=\"https:\/\/afcindustries.com\/es\/soportes-de-pared-para-ordenador\/\" target=\"_self\" rel=\"noopener\"> Brazo de ordenador para montaje en pared Estaciones <\/a><\/h2>\r\n<p>Estaci\u00f3n de ordenador ajustable montada en la pared y soportes para ordenadores port\u00e1tiles.<br \/>\u2714 Ergon\u00f3mico<br \/>\u2714 Ajustable en altura<br \/>\u2714 Fabricado en los U.S.A.<br \/>\u2714 Ajustable <a href=\"https:\/\/afcindustries.com\/wall-mounted-monitor-arms\/\" target=\"_self\" rel=\"noopener\"> <img loading=\"lazy\" decoding=\"async\" title=\"wall mounted monitor arms\" src=\"https:\/\/afcindustries.com\/wp-content\/uploads\/2022\/02\/wall-mounted-monitor-arms.jpg\" sizes=\"auto, (max-width: 300px) 100vw, 300px\" srcset=\"https:\/\/afcindustries.com\/wp-content\/uploads\/2022\/02\/wall-mounted-monitor-arms.jpg 300w, https:\/\/afcindustries.com\/wp-content\/uploads\/2022\/02\/wall-mounted-monitor-arms-150x150.jpg 150w, https:\/\/afcindustries.com\/wp-content\/uploads\/2022\/02\/wall-mounted-monitor-arms-100x100.jpg 100w\" alt=\"wall mounted monitor arms\" width=\"300\" height=\"300\" \/> <\/a><\/p>\r\n<h2><a title=\"Brazos para monitores montados en la pared\" href=\"https:\/\/afcindustries.com\/es\/brazos-para-monitores-montados-en-la-pared\/\" target=\"_self\" rel=\"noopener\"> Brazos para monitores montados en la pared <\/a><\/h2>\r\n<p>Los brazos para monitores montados en la pared de AFC son perfectos para los espacios de trabajo activos en los que se debe maximizar el espacio para la eficiencia del trabajo y mejorar considerablemente la gesti\u00f3n del tr\u00e1fico.<\/p>\r\n<p><a href=\"https:\/\/afcindustries.com\/desktop-monitor-arms\/\" target=\"_self\" rel=\"noopener\"> <img loading=\"lazy\" decoding=\"async\" title=\"03 desktop monitor arms afc\" src=\"https:\/\/afcindustries.com\/wp-content\/uploads\/2022\/02\/03-desktop-monitor-arms-afc.jpg\" sizes=\"auto, (max-width: 300px) 100vw, 300px\" srcset=\"https:\/\/afcindustries.com\/wp-content\/uploads\/2022\/02\/03-desktop-monitor-arms-afc.jpg 300w, https:\/\/afcindustries.com\/wp-content\/uploads\/2022\/02\/03-desktop-monitor-arms-afc-150x150.jpg 150w, https:\/\/afcindustries.com\/wp-content\/uploads\/2022\/02\/03-desktop-monitor-arms-afc-100x100.jpg 100w\" alt=\"03 desktop monitor arms afc\" width=\"300\" height=\"300\" \/> <\/a><\/p>\r\n<h2><a title=\"Soporte de brazo para monitor de sobremesa\" href=\"https:\/\/afcindustries.com\/es\/brazos-para-monitores-de-sobremesa\/\" target=\"_self\" rel=\"noopener\"> Soporte de brazo para monitor de sobremesa <\/a><\/h2>\r\n<p>Fabricante de brazos para monitores y brazos para LCD, soluciones de montaje de monitores personalizadas para pantallas planas VESA 100, VESA 75 y soportes de techo para LCD.<\/p>\r\n<p><a href=\"https:\/\/afcindustries.com\/wall-mounted-workstation\/\" target=\"_self\" rel=\"noopener\"> <img loading=\"lazy\" decoding=\"async\" title=\"wall mounted workstation afc\" src=\"https:\/\/afcindustries.com\/wp-content\/uploads\/2022\/02\/wall-mounted-workstation-afc.jpg\" sizes=\"auto, (max-width: 300px) 100vw, 300px\" srcset=\"https:\/\/afcindustries.com\/wp-content\/uploads\/2022\/02\/wall-mounted-workstation-afc.jpg 300w, https:\/\/afcindustries.com\/wp-content\/uploads\/2022\/02\/wall-mounted-workstation-afc-150x150.jpg 150w, https:\/\/afcindustries.com\/wp-content\/uploads\/2022\/02\/wall-mounted-workstation-afc-100x100.jpg 100w\" alt=\"wall mounted workstation afc\" width=\"300\" height=\"300\" \/> <\/a><\/p>\r\n<h2><a title=\"Estaci\u00f3n de trabajo de PC montada en la pared\" href=\"https:\/\/afcindustries.com\/es\/estacion-de-trabajo-montada-en-la-pared\/\" target=\"_self\" rel=\"noopener\"> Estaci\u00f3n de trabajo de PC montada en la pared <\/a><\/h2>\r\n<p>Nuestras elegantes y compactas estaciones de trabajo de PC montadas en la pared pueden montarse en paredes donde se necesita un ordenador; donde el uso de un escritorio no es pr\u00e1ctico.<\/p>\r\n<p><a href=\"https:\/\/afcindustries.com\/ceiling-mounted-monitor-arms\/\" target=\"_self\" rel=\"noopener\"> <img loading=\"lazy\" decoding=\"async\" title=\"Ceiling Mounted Monitor Mount afc\" src=\"https:\/\/afcindustries.com\/wp-content\/uploads\/2022\/02\/Ceiling-Mounted-Monitor-Mount-afc.jpg\" sizes=\"auto, (max-width: 300px) 100vw, 300px\" srcset=\"https:\/\/afcindustries.com\/wp-content\/uploads\/2022\/02\/Ceiling-Mounted-Monitor-Mount-afc.jpg 300w, https:\/\/afcindustries.com\/wp-content\/uploads\/2022\/02\/Ceiling-Mounted-Monitor-Mount-afc-150x150.jpg 150w, https:\/\/afcindustries.com\/wp-content\/uploads\/2022\/02\/Ceiling-Mounted-Monitor-Mount-afc-100x100.jpg 100w\" alt=\"Ceiling Mounted Monitor Mount afc\" width=\"300\" height=\"300\" \/> <\/a><\/p>\r\n<h2><a title=\"Brazos para monitores montados en el techo\" href=\"https:\/\/afcindustries.com\/es\/brazos-para-monitores-montados-en-el-techo\/\" target=\"_self\" rel=\"noopener\"> Brazos para monitores montados en el techo <\/a><\/h2>\r\n<p>Brazos articulados para monitores con montaje VESA que permiten a los usuarios configurar f\u00e1cilmente el m\u00e1ximo \u00e1ngulo de visi\u00f3n y visibilidad con su vers\u00e1til brazo de techo.<\/p>\r\n<p><a href=\"https:\/\/afcindustries.com\/floor-mount-stand\/\" target=\"_self\" rel=\"noopener\"> <img loading=\"lazy\" decoding=\"async\" title=\"floor mounted computer workstation\" src=\"https:\/\/afcindustries.com\/wp-content\/uploads\/2022\/02\/floor-mounted-computer-workstation.jpg\" sizes=\"auto, (max-width: 300px) 100vw, 300px\" srcset=\"https:\/\/afcindustries.com\/wp-content\/uploads\/2022\/02\/floor-mounted-computer-workstation.jpg 300w, https:\/\/afcindustries.com\/wp-content\/uploads\/2022\/02\/floor-mounted-computer-workstation-150x150.jpg 150w, https:\/\/afcindustries.com\/wp-content\/uploads\/2022\/02\/floor-mounted-computer-workstation-100x100.jpg 100w\" alt=\"floor mounted computer workstation\" width=\"300\" height=\"300\" \/> <\/a><\/p>\r\n<h2><a title=\"Soportes de estaci\u00f3n de computaci\u00f3n montados en el suelo\" href=\"https:\/\/afcindustries.com\/es\/soporte-de-suelo\/\" target=\"_self\" rel=\"noopener\"> Soportes de estaci\u00f3n de computaci\u00f3n montados en el suelo <\/a><\/h2>\r\n<p>Los soportes para monitores de suelo y puestos de trabajo de ordenador de AFC est\u00e1n dise\u00f1ados para cumplir con los requisitos m\u00e1s exigentes de los entornos de trabajo industriales.<\/p>\r\n","protected":false},"excerpt":{"rendered":"<p>&nbsp; Escritorios\/estaciones de trabajo de pie &nbsp; Sistemas inform\u00e1ticos murales &nbsp; Carros de comunicaci\u00f3n Soluciones de montaje de pantallas ergon\u00f3micas Soportes ergon\u00f3micos para monitores AFC ofrece soluciones de montaje de monitores ergon\u00f3micos de alta calidad. AFC se centra en la ingenier\u00eda, fabricaci\u00f3n y distribuci\u00f3n de productos de primera calidad y ofrece soportes de monitor ergon\u00f3micos&hellip;<\/p>\n","protected":false},"author":1,"featured_media":0,"parent":0,"menu_order":0,"comment_status":"closed","ping_status":"closed","template":"","meta":{"_acf_changed":false,"inline_featured_image":false,"footnotes":""},"class_list":["post-19733","page","type-page","status-publish","hentry"],"acf":[],"_links":{"self":[{"href":"https:\/\/afcindustries.com\/es\/wp-json\/wp\/v2\/pages\/19733","targetHints":{"allow":["GET"]}}],"collection":[{"href":"https:\/\/afcindustries.com\/es\/wp-json\/wp\/v2\/pages"}],"about":[{"href":"https:\/\/afcindustries.com\/es\/wp-json\/wp\/v2\/types\/page"}],"author":[{"embeddable":true,"href":"https:\/\/afcindustries.com\/es\/wp-json\/wp\/v2\/users\/1"}],"replies":[{"embeddable":true,"href":"https:\/\/afcindustries.com\/es\/wp-json\/wp\/v2\/comments?post=19733"}],"version-history":[{"count":0,"href":"https:\/\/afcindustries.com\/es\/wp-json\/wp\/v2\/pages\/19733\/revisions"}],"wp:attachment":[{"href":"https:\/\/afcindustries.com\/es\/wp-json\/wp\/v2\/media?parent=19733"}],"curies":[{"name":"wp","href":"https:\/\/api.w.org\/{rel}","templated":true}]}}