{"id":19730,"date":"2022-02-16T20:02:57","date_gmt":"2022-02-17T01:02:57","guid":{"rendered":"https:\/\/afcindustries.com\/todos-los-escritorios-de-pie\/"},"modified":"2024-10-04T14:11:58","modified_gmt":"2024-10-04T18:11:58","slug":"todos-los-escritorios-de-pie","status":"publish","type":"page","link":"https:\/\/afcindustries.com\/es\/todos-los-escritorios-de-pie\/","title":{"rendered":"Todos los escritorios de pie"},"content":{"rendered":"\n\n\t<h2>\n\t\tESCRITORIO DE PIE\n\t<\/h2>\n\t\t\t\t\t\t\t\t<a href=\"https:\/\/afcindustries.com\/contact\/\" target=\"_self\" itemprop=\"url\" rel=\"noopener\">\n\t\t\t\t\t\t\t\t\t<img loading=\"lazy\" decoding=\"async\" src=\"https:\/\/afcindustries.com\/wp-content\/uploads\/2022\/05\/Promo-Fall-23.gif\" alt=\"Promo Fall\" itemprop=\"image\" height=\"450\" width=\"280\" title=\"Promo Fall\" onerror=\"this.style.display='none'\"  \/>\n\t\t\t\t\t\t\t\t\t\t\t\t\t<\/a>\n\n\n\tMostrando el \u00fanico resultado\n<form method=\"get\">\n\t<select name=\"orderby\" aria-label=\"Pedido de la tienda\">\n\t\t\t\t\t<option value=\"menu_order\"  selected='selected'>Orden predeterminado<\/option>\n\t\t\t\t\t<option value=\"popularity\">Ordenar por popularidad<\/option>\n\t\t\t\t\t<option value=\"date\">Ordenar por los \u00faltimos<\/option>\n\t\t\t\t\t<option value=\"price\">Ordenar por precio: bajo a alto<\/option>\n\t\t\t\t\t<option value=\"price-desc\">Ordenar por precio: alto a bajo<\/option>\n\t\t\t<\/select>\n\t<input type=\"hidden\" name=\"paged\" value=\"1\" \/>\n\t<input type=\"hidden\" name=\"page_id\" value=\"19730\" \/><input type=\"hidden\" name=\"fl_builder\" value=\"\" \/><\/form>\n\t\t\t<ul>\n\t\t\t\t<li id=\"woopack-product-20153\"  data-product-id=\"20153\">\n\t<a href='https:\/\/afcindustries.com\/es\/producto\/escritorio-ordenador-ergonomico-de-pie\/' title='Escritorio de pie ergon\u00f3mico Uplift'><img width=\"800\" height=\"800\" src=\"https:\/\/afcindustries.com\/wp-content\/uploads\/2024\/01\/771411-01.jpg\" alt=\"Single-tier home office desk by AFC. Sleek design with ample workspace. Perfect for productivity and organization.\" itemprop=\"image\" decoding=\"async\" loading=\"lazy\" srcset=\"https:\/\/afcindustries.com\/wp-content\/uploads\/2024\/01\/771411-01.jpg 800w, https:\/\/afcindustries.com\/wp-content\/uploads\/2024\/01\/771411-01-300x300.jpg 300w, https:\/\/afcindustries.com\/wp-content\/uploads\/2024\/01\/771411-01-150x150.jpg 150w, https:\/\/afcindustries.com\/wp-content\/uploads\/2024\/01\/771411-01-768x768.jpg 768w, https:\/\/afcindustries.com\/wp-content\/uploads\/2024\/01\/771411-01-600x600.jpg 600w, https:\/\/afcindustries.com\/wp-content\/uploads\/2024\/01\/771411-01-100x100.jpg 100w\" sizes=\"auto, (max-width: 800px) 100vw, 800px\" title=\"\"><\/a>\n    <h3><a href='https:\/\/afcindustries.com\/es\/producto\/escritorio-ordenador-ergonomico-de-pie\/' title='Escritorio de pie ergon\u00f3mico Uplift'>Escritorio de pie ergon\u00f3mico Uplift<\/a><\/h3>\n\t\tSKU:771411\n<\/li><li id=\"woopack-product-20111\"  data-product-id=\"20111\">\n\t<a href='https:\/\/afcindustries.com\/es\/producto\/escritorio-ergonomico\/' title='Escritorio ergon\u00f3mico'><img width=\"800\" height=\"800\" src=\"https:\/\/afcindustries.com\/wp-content\/uploads\/2024\/01\/772204-01.jpg\" alt=\"772204 Best Standing Desk for Home Office\" itemprop=\"image\" decoding=\"async\" loading=\"lazy\" srcset=\"https:\/\/afcindustries.com\/wp-content\/uploads\/2024\/01\/772204-01.jpg 800w, https:\/\/afcindustries.com\/wp-content\/uploads\/2024\/01\/772204-01-300x300.jpg 300w, https:\/\/afcindustries.com\/wp-content\/uploads\/2024\/01\/772204-01-150x150.jpg 150w, https:\/\/afcindustries.com\/wp-content\/uploads\/2024\/01\/772204-01-768x768.jpg 768w, https:\/\/afcindustries.com\/wp-content\/uploads\/2024\/01\/772204-01-600x600.jpg 600w, https:\/\/afcindustries.com\/wp-content\/uploads\/2024\/01\/772204-01-100x100.jpg 100w\" sizes=\"auto, (max-width: 800px) 100vw, 800px\" title=\"\"><\/a>\n    <h3><a href='https:\/\/afcindustries.com\/es\/producto\/escritorio-ergonomico\/' title='Escritorio ergon\u00f3mico'>Escritorio ergon\u00f3mico<\/a><\/h3>\n\t\tSKU:772204\n<\/li><li id=\"woopack-product-20142\"  data-product-id=\"20142\">\n\t<a href='https:\/\/afcindustries.com\/es\/producto\/escritorio-ergonomico-regulable\/' title='Escritorio ergon\u00f3mico de esquina para ordenador'><img width=\"800\" height=\"800\" src=\"https:\/\/afcindustries.com\/wp-content\/uploads\/2024\/01\/771639-01.jpg\" alt=\"771639 Stand Up Desk for Home\" itemprop=\"image\" decoding=\"async\" loading=\"lazy\" srcset=\"https:\/\/afcindustries.com\/wp-content\/uploads\/2024\/01\/771639-01.jpg 800w, https:\/\/afcindustries.com\/wp-content\/uploads\/2024\/01\/771639-01-300x300.jpg 300w, https:\/\/afcindustries.com\/wp-content\/uploads\/2024\/01\/771639-01-150x150.jpg 150w, https:\/\/afcindustries.com\/wp-content\/uploads\/2024\/01\/771639-01-768x768.jpg 768w, https:\/\/afcindustries.com\/wp-content\/uploads\/2024\/01\/771639-01-600x600.jpg 600w, https:\/\/afcindustries.com\/wp-content\/uploads\/2024\/01\/771639-01-100x100.jpg 100w\" sizes=\"auto, (max-width: 800px) 100vw, 800px\" title=\"\"><\/a>\n    <h3><a href='https:\/\/afcindustries.com\/es\/producto\/escritorio-ergonomico-regulable\/' title='Escritorio ergon\u00f3mico de esquina para ordenador'>Escritorio ergon\u00f3mico de esquina para ordenador<\/a><\/h3>\n\t\tSKU:771639\n<\/li><li id=\"woopack-product-20105\"  data-product-id=\"20105\">\n\t<a href='https:\/\/afcindustries.com\/es\/producto\/escritorio-electrico-2\/' title='Escritorio el\u00e9ctrico de pie'><img width=\"800\" height=\"800\" src=\"https:\/\/afcindustries.com\/wp-content\/uploads\/2022\/01\/01-425.jpg\" alt=\"Ergoomic Standing Desk\" itemprop=\"image\" decoding=\"async\" loading=\"lazy\" srcset=\"https:\/\/afcindustries.com\/wp-content\/uploads\/2022\/01\/01-425.jpg 800w, https:\/\/afcindustries.com\/wp-content\/uploads\/2022\/01\/01-425-300x300.jpg 300w, https:\/\/afcindustries.com\/wp-content\/uploads\/2022\/01\/01-425-150x150.jpg 150w, https:\/\/afcindustries.com\/wp-content\/uploads\/2022\/01\/01-425-768x768.jpg 768w, https:\/\/afcindustries.com\/wp-content\/uploads\/2022\/01\/01-425-600x600.jpg 600w, https:\/\/afcindustries.com\/wp-content\/uploads\/2022\/01\/01-425-100x100.jpg 100w\" sizes=\"auto, (max-width: 800px) 100vw, 800px\" title=\"\"><\/a>\n    <h3><a href='https:\/\/afcindustries.com\/es\/producto\/escritorio-electrico-2\/' title='Escritorio el\u00e9ctrico de pie'>Escritorio el\u00e9ctrico de pie<\/a><\/h3>\n\t\tSKU:772432\n<\/li><li id=\"woopack-product-20132\"  data-product-id=\"20132\">\n\t<a href='https:\/\/afcindustries.com\/es\/producto\/escritorio-motorizado-de-pie\/' title='Escritorio de pie motorizado'><img width=\"800\" height=\"800\" src=\"https:\/\/afcindustries.com\/wp-content\/uploads\/2023\/11\/771370-01.jpg\" alt=\"771370 motorized lift standing desk\" itemprop=\"image\" decoding=\"async\" loading=\"lazy\" srcset=\"https:\/\/afcindustries.com\/wp-content\/uploads\/2023\/11\/771370-01.jpg 800w, https:\/\/afcindustries.com\/wp-content\/uploads\/2023\/11\/771370-01-300x300.jpg 300w, https:\/\/afcindustries.com\/wp-content\/uploads\/2023\/11\/771370-01-150x150.jpg 150w, https:\/\/afcindustries.com\/wp-content\/uploads\/2023\/11\/771370-01-768x768.jpg 768w, https:\/\/afcindustries.com\/wp-content\/uploads\/2023\/11\/771370-01-600x600.jpg 600w, https:\/\/afcindustries.com\/wp-content\/uploads\/2023\/11\/771370-01-100x100.jpg 100w\" sizes=\"auto, (max-width: 800px) 100vw, 800px\" title=\"\"><\/a>\n    <h3><a href='https:\/\/afcindustries.com\/es\/producto\/escritorio-motorizado-de-pie\/' title='Escritorio de pie motorizado'>Escritorio de pie motorizado<\/a><\/h3>\n\t\tSKU:771370\n<\/li><li id=\"woopack-product-20127\"  data-product-id=\"20127\">\n\t<a href='https:\/\/afcindustries.com\/es\/producto\/escritorio-ergonomico-de-pie-2\/' title='Escritorio ergon\u00f3mico de pie'><img width=\"800\" height=\"800\" src=\"https:\/\/afcindustries.com\/wp-content\/uploads\/2022\/01\/AFC-single-tier-Corner-desk-for-office.jpg\" alt=\"\" itemprop=\"image\" decoding=\"async\" loading=\"lazy\" srcset=\"https:\/\/afcindustries.com\/wp-content\/uploads\/2022\/01\/AFC-single-tier-Corner-desk-for-office.jpg 800w, https:\/\/afcindustries.com\/wp-content\/uploads\/2022\/01\/AFC-single-tier-Corner-desk-for-office-300x300.jpg 300w, https:\/\/afcindustries.com\/wp-content\/uploads\/2022\/01\/AFC-single-tier-Corner-desk-for-office-150x150.jpg 150w, https:\/\/afcindustries.com\/wp-content\/uploads\/2022\/01\/AFC-single-tier-Corner-desk-for-office-768x768.jpg 768w, https:\/\/afcindustries.com\/wp-content\/uploads\/2022\/01\/AFC-single-tier-Corner-desk-for-office-600x600.jpg 600w, https:\/\/afcindustries.com\/wp-content\/uploads\/2022\/01\/AFC-single-tier-Corner-desk-for-office-100x100.jpg 100w\" sizes=\"auto, (max-width: 800px) 100vw, 800px\" title=\"\"><\/a>\n    <h3><a href='https:\/\/afcindustries.com\/es\/producto\/escritorio-ergonomico-de-pie-2\/' title='Escritorio ergon\u00f3mico de pie'>Escritorio ergon\u00f3mico de pie<\/a><\/h3>\n\t\tSKU:771426\n<\/li><li id=\"woopack-product-20134\"  data-product-id=\"20134\">\n\t<a href='https:\/\/afcindustries.com\/es\/producto\/mesa-de-trabajo-de-altura-regulable-para-pacs\/' title='Escritorio de pie ajustable en altura para estaci\u00f3n de trabajo PACS'><img width=\"800\" height=\"800\" src=\"https:\/\/afcindustries.com\/wp-content\/uploads\/2022\/01\/Reading-Room-Height-Adjustable-Desk-772444-01.jpg\" alt=\"AFC&#039;s sit-stand office furniture offering dynamic work solutions.\" itemprop=\"image\" decoding=\"async\" loading=\"lazy\" srcset=\"https:\/\/afcindustries.com\/wp-content\/uploads\/2022\/01\/Reading-Room-Height-Adjustable-Desk-772444-01.jpg 800w, https:\/\/afcindustries.com\/wp-content\/uploads\/2022\/01\/Reading-Room-Height-Adjustable-Desk-772444-01-300x300.jpg 300w, https:\/\/afcindustries.com\/wp-content\/uploads\/2022\/01\/Reading-Room-Height-Adjustable-Desk-772444-01-150x150.jpg 150w, https:\/\/afcindustries.com\/wp-content\/uploads\/2022\/01\/Reading-Room-Height-Adjustable-Desk-772444-01-768x768.jpg 768w, https:\/\/afcindustries.com\/wp-content\/uploads\/2022\/01\/Reading-Room-Height-Adjustable-Desk-772444-01-600x600.jpg 600w, https:\/\/afcindustries.com\/wp-content\/uploads\/2022\/01\/Reading-Room-Height-Adjustable-Desk-772444-01-100x100.jpg 100w\" sizes=\"auto, (max-width: 800px) 100vw, 800px\" title=\"\"><\/a>\n    <h3><a href='https:\/\/afcindustries.com\/es\/producto\/mesa-de-trabajo-de-altura-regulable-para-pacs\/' title='Escritorio de pie ajustable en altura para estaci\u00f3n de trabajo PACS'>Escritorio de pie ajustable en altura para estaci\u00f3n de trabajo PACS<\/a><\/h3>\n\t\tSKU:772444\n<\/li><li id=\"woopack-product-20126\"  data-product-id=\"20126\">\n\t<a href='https:\/\/afcindustries.com\/es\/producto\/escritorio-ergonomico-ajustable-de-pie-para-radiologia\/' title='Escritorio Ergon\u00f3mico Ajustable de Pie para Radiolog\u00eda'><img width=\"800\" height=\"800\" src=\"https:\/\/afcindustries.com\/wp-content\/uploads\/2022\/01\/Radiologist-Standing-Desk-772569-01.jpg\" alt=\"AFC&#039;s height altering workstations for flexible office setups.\" itemprop=\"image\" decoding=\"async\" loading=\"lazy\" srcset=\"https:\/\/afcindustries.com\/wp-content\/uploads\/2022\/01\/Radiologist-Standing-Desk-772569-01.jpg 800w, https:\/\/afcindustries.com\/wp-content\/uploads\/2022\/01\/Radiologist-Standing-Desk-772569-01-300x300.jpg 300w, https:\/\/afcindustries.com\/wp-content\/uploads\/2022\/01\/Radiologist-Standing-Desk-772569-01-150x150.jpg 150w, https:\/\/afcindustries.com\/wp-content\/uploads\/2022\/01\/Radiologist-Standing-Desk-772569-01-768x768.jpg 768w, https:\/\/afcindustries.com\/wp-content\/uploads\/2022\/01\/Radiologist-Standing-Desk-772569-01-600x600.jpg 600w, https:\/\/afcindustries.com\/wp-content\/uploads\/2022\/01\/Radiologist-Standing-Desk-772569-01-100x100.jpg 100w\" sizes=\"auto, (max-width: 800px) 100vw, 800px\" title=\"\"><\/a>\n    <h3><a href='https:\/\/afcindustries.com\/es\/producto\/escritorio-ergonomico-ajustable-de-pie-para-radiologia\/' title='Escritorio Ergon\u00f3mico Ajustable de Pie para Radiolog\u00eda'>Escritorio Ergon\u00f3mico Ajustable de Pie para Radiolog\u00eda<\/a><\/h3>\n\t\tSKU:772569\n<\/li><li id=\"woopack-product-20114\"  data-product-id=\"20114\">\n\t<a href='https:\/\/afcindustries.com\/es\/producto\/escritorio-ergonomico-de-pie\/' title='Escritorio ergon\u00f3mico de pie'><img width=\"800\" height=\"800\" src=\"https:\/\/afcindustries.com\/wp-content\/uploads\/2022\/01\/Dual-Tier-Standing-Table-772163-01.jpg\" alt=\"2022\/01\/Dual-Tier-Standing-Table-772163-01.jpg\" itemprop=\"image\" decoding=\"async\" loading=\"lazy\" srcset=\"https:\/\/afcindustries.com\/wp-content\/uploads\/2022\/01\/Dual-Tier-Standing-Table-772163-01.jpg 800w, https:\/\/afcindustries.com\/wp-content\/uploads\/2022\/01\/Dual-Tier-Standing-Table-772163-01-300x300.jpg 300w, https:\/\/afcindustries.com\/wp-content\/uploads\/2022\/01\/Dual-Tier-Standing-Table-772163-01-150x150.jpg 150w, https:\/\/afcindustries.com\/wp-content\/uploads\/2022\/01\/Dual-Tier-Standing-Table-772163-01-768x768.jpg 768w, https:\/\/afcindustries.com\/wp-content\/uploads\/2022\/01\/Dual-Tier-Standing-Table-772163-01-600x600.jpg 600w, https:\/\/afcindustries.com\/wp-content\/uploads\/2022\/01\/Dual-Tier-Standing-Table-772163-01-100x100.jpg 100w\" sizes=\"auto, (max-width: 800px) 100vw, 800px\" title=\"\"><\/a>\n    <h3><a href='https:\/\/afcindustries.com\/es\/producto\/escritorio-ergonomico-de-pie\/' title='Escritorio ergon\u00f3mico de pie'>Escritorio ergon\u00f3mico de pie<\/a><\/h3>\n\t\tSKU:772163\n<\/li><li id=\"woopack-product-20097\"  data-product-id=\"20097\">\n\t<a href='https:\/\/afcindustries.com\/es\/producto\/escritorio-ergonomico-elevable-2\/' title='Escritorio ergon\u00f3mico elevable'><img width=\"800\" height=\"800\" src=\"https:\/\/afcindustries.com\/wp-content\/uploads\/2022\/01\/ergonomic-rising-dual-tier-desk-771657-01.jpg\" alt=\"Dual tier standing workstations by AFC: Ergonomic design with adjustable height. Promotes productivity and better posture.\" itemprop=\"image\" decoding=\"async\" loading=\"lazy\" srcset=\"https:\/\/afcindustries.com\/wp-content\/uploads\/2022\/01\/ergonomic-rising-dual-tier-desk-771657-01.jpg 800w, https:\/\/afcindustries.com\/wp-content\/uploads\/2022\/01\/ergonomic-rising-dual-tier-desk-771657-01-300x300.jpg 300w, https:\/\/afcindustries.com\/wp-content\/uploads\/2022\/01\/ergonomic-rising-dual-tier-desk-771657-01-150x150.jpg 150w, https:\/\/afcindustries.com\/wp-content\/uploads\/2022\/01\/ergonomic-rising-dual-tier-desk-771657-01-768x768.jpg 768w, https:\/\/afcindustries.com\/wp-content\/uploads\/2022\/01\/ergonomic-rising-dual-tier-desk-771657-01-600x600.jpg 600w, https:\/\/afcindustries.com\/wp-content\/uploads\/2022\/01\/ergonomic-rising-dual-tier-desk-771657-01-100x100.jpg 100w\" sizes=\"auto, (max-width: 800px) 100vw, 800px\" title=\"\"><\/a>\n    <h3><a href='https:\/\/afcindustries.com\/es\/producto\/escritorio-ergonomico-elevable-2\/' title='Escritorio ergon\u00f3mico elevable'>Escritorio ergon\u00f3mico elevable<\/a><\/h3>\n\t\tSKU:771657\n<\/li><li id=\"woopack-product-20092\"  data-product-id=\"20092\">\n\t<a href='https:\/\/afcindustries.com\/es\/producto\/escritorio-electrico-ergonomico-sit-stand\/' title='Escritorio el\u00e9ctrico ajustable para sentarse de pie'><img width=\"800\" height=\"800\" src=\"https:\/\/afcindustries.com\/wp-content\/uploads\/2022\/01\/Dual-Tier-Standing-Desk-Height-Adjustable-771662-01.jpg\" alt=\"Dual tier U-shaped desks by AFC, featuring a sleek design with ample workspace for productivity.\" itemprop=\"image\" decoding=\"async\" loading=\"lazy\" srcset=\"https:\/\/afcindustries.com\/wp-content\/uploads\/2022\/01\/Dual-Tier-Standing-Desk-Height-Adjustable-771662-01.jpg 800w, https:\/\/afcindustries.com\/wp-content\/uploads\/2022\/01\/Dual-Tier-Standing-Desk-Height-Adjustable-771662-01-300x300.jpg 300w, https:\/\/afcindustries.com\/wp-content\/uploads\/2022\/01\/Dual-Tier-Standing-Desk-Height-Adjustable-771662-01-150x150.jpg 150w, https:\/\/afcindustries.com\/wp-content\/uploads\/2022\/01\/Dual-Tier-Standing-Desk-Height-Adjustable-771662-01-768x768.jpg 768w, https:\/\/afcindustries.com\/wp-content\/uploads\/2022\/01\/Dual-Tier-Standing-Desk-Height-Adjustable-771662-01-600x600.jpg 600w, https:\/\/afcindustries.com\/wp-content\/uploads\/2022\/01\/Dual-Tier-Standing-Desk-Height-Adjustable-771662-01-100x100.jpg 100w\" sizes=\"auto, (max-width: 800px) 100vw, 800px\" title=\"\"><\/a>\n    <h3><a href='https:\/\/afcindustries.com\/es\/producto\/escritorio-electrico-ergonomico-sit-stand\/' title='Escritorio el\u00e9ctrico ajustable para sentarse de pie'>Escritorio el\u00e9ctrico ajustable para sentarse de pie<\/a><\/h3>\n\t\tSKU:771662\n<\/li><li id=\"woopack-product-20095\"  data-product-id=\"20095\">\n\t<a href='https:\/\/afcindustries.com\/es\/producto\/escritorio-ergonomico-hidraulico-de-pie\/' title='Escritorio Ergon\u00f3mico Hidr\u00e1ulico de Bipedestaci\u00f3n'><img width=\"800\" height=\"800\" src=\"https:\/\/afcindustries.com\/wp-content\/uploads\/2022\/01\/01-514.jpg\" alt=\"Ergonomic Hydraulic Standing Uplift Desk\" itemprop=\"image\" decoding=\"async\" loading=\"lazy\" srcset=\"https:\/\/afcindustries.com\/wp-content\/uploads\/2022\/01\/01-514.jpg 800w, https:\/\/afcindustries.com\/wp-content\/uploads\/2022\/01\/01-514-300x300.jpg 300w, https:\/\/afcindustries.com\/wp-content\/uploads\/2022\/01\/01-514-150x150.jpg 150w, https:\/\/afcindustries.com\/wp-content\/uploads\/2022\/01\/01-514-768x768.jpg 768w, https:\/\/afcindustries.com\/wp-content\/uploads\/2022\/01\/01-514-600x600.jpg 600w, https:\/\/afcindustries.com\/wp-content\/uploads\/2022\/01\/01-514-100x100.jpg 100w\" sizes=\"auto, (max-width: 800px) 100vw, 800px\" title=\"\"><\/a>\n    <h3><a href='https:\/\/afcindustries.com\/es\/producto\/escritorio-ergonomico-hidraulico-de-pie\/' title='Escritorio Ergon\u00f3mico Hidr\u00e1ulico de Bipedestaci\u00f3n'>Escritorio Ergon\u00f3mico Hidr\u00e1ulico de Bipedestaci\u00f3n<\/a><\/h3>\n\t\tSKU:771375\n<\/li>\t\t\t\t\n\t\t\t<\/ul>\n\t<ul class='page-numbers'>\n\t<li>1<\/li>\n\t<li><a href=\"https:\/\/afcindustries.com\/es\/page\/2\/?page_id=19730&#038;fl_builder\">2<\/a><\/li>\n\t<li><a href=\"https:\/\/afcindustries.com\/es\/page\/3\/?page_id=19730&#038;fl_builder\">3<\/a><\/li>\n\t<li>&hellip;<\/li>\n\t<li><a href=\"https:\/\/afcindustries.com\/es\/page\/7\/?page_id=19730&#038;fl_builder\">7<\/a><\/li>\n\t<li><a href=\"https:\/\/afcindustries.com\/es\/page\/2\/?page_id=19730&#038;fl_builder\">Siguiente &raquo;<\/a><\/li>\n<\/ul>\n<h2>\n\t\tEstaciones de trabajo de altura regulable Escritorios de pie\n\t<\/h2>\n\t<p>Estos escritorios de pie ergon\u00f3micos para ordenador vienen con controles electr\u00f3nicos independientes de ajuste de altura, estantes inferiores, soportes de brazo de monitor ajustables y ruedas.<\/p>\n<p>Estos puestos de trabajo con escritorio de pie para ordenador de altura regulable integran la funcionalidad y la est\u00e9tica en su dise\u00f1o. Nuestros escritorios de pie ergon\u00f3micos para ordenador vienen con controles electr\u00f3nicos independientes de ajuste de altura, estantes inferiores, soportes de brazo de monitor ajustables y ruedas.<\/p>\n<p>Disponemos de los siguientes modelos: mesas ergo tier de lujo, mesas de doble grada, mesas de radiolog\u00eda, mesas de una grada, mesas de estaci\u00f3n de trabajo whitestone que est\u00e1n equipadas con superficies de trabajo de escritorio que son ajustables en altura de forma independiente; y, accionadas con patas telesc\u00f3picas el\u00e9ctricas que pueden ser controladas pulsando un bot\u00f3n para configurar los ajustes de altura para adaptarse a las preferencias del usuario.<\/p>\n<p>AFC Industries fabrica muebles y equipos modernos que superan las expectativas est\u00e1ndar en lo que respecta a la practicidad, el dise\u00f1o ergon\u00f3mico y la excelente artesan\u00eda. Nuestras estaciones de trabajo ergon\u00f3micas de escritorio de pie para ordenador se desarrollan utilizando materiales superiores que proporcionan seguridad, estabilidad y longevidad.<\/p>\n<p>Hemos enviado nuestros productos a diferentes pa\u00edses como Australia, Singapur, Nueva Zelanda, Dubai y Estados Unidos. Nuestros dise\u00f1os patentados son reconocidos internacionalmente por su car\u00e1cter innovador y su alto nivel de calidad. Nos esforzamos constantemente por trabajar en nuevas tecnolog\u00edas que satisfagan los requisitos en constante evoluci\u00f3n de nuestros clientes.<\/p>\n<p>Nuestros escritorios ergon\u00f3micos de pie para ordenador, tambi\u00e9n conocidos como escritorios de altura regulable o escritorio de altura regulable, son ideales para dise\u00f1adores de interiores, arquitectos, directores de oficinas y compradores de muebles. Los brazos de los monitores de led se pliegan y quedan fuera de la vista cuando no se necesitan.<\/p>\n<p>Nuestros puestos de trabajo ergon\u00f3micos de pie para ordenador se fabrican en diferentes configuraciones. Cada configuraci\u00f3n est\u00e1 pensada para adaptarse a las necesidades de diversos clientes que quieren aprovechar el espacio de forma m\u00e1s eficiente.<\/p>\n<p>Por ejemplo, nuestros escritorios ergo tier de lujo son perfectos para centros m\u00e9dicos u oficinas gubernamentales donde hay muchos empleados que trabajan con ordenadores durante todo el d\u00eda.<\/p>\n<p>Por otro lado, las mesas de doble nivel son apropiadas para espacios que necesitan acomodar a numerosas personas a la vez. El brazo de monitor ajustable de estas estaciones de trabajo ergon\u00f3micas de escritorio de pie para ordenador es perfecto para las personas que quieren mejorar su postura cuando est\u00e1n en sus escritorios durante horas trabajando en hojas de c\u00e1lculo o escribiendo documentos.<\/p>\n<p>Nuestras estaciones de trabajo ergon\u00f3micas con escritorio de pie para ordenador tienen un dise\u00f1o caracter\u00edstico y elegante que queda muy bien en cualquier espacio de oficina. Muchos dise\u00f1adores de interiores y arquitectos han ideado mejores formas de aprovechar el espacio.<\/p>\n<p>Si se colocan numerosos puestos de trabajo ergon\u00f3micos con escritorios de pie en una misma sala, los empleados pueden tener sus propios espacios designados mientras trabajan en diferentes proyectos. Esta configuraci\u00f3n no s\u00f3lo mejora la productividad de los empleados, sino que tambi\u00e9n crea un entorno de trabajo comunicativo en el que los empleados pueden hablar f\u00e1cilmente entre s\u00ed durante las reuniones o las conferencias telef\u00f3nicas.<\/p>\n<p>Para los compradores de muebles que est\u00e1n a la caza de escritorios de pie ergon\u00f3micos para ordenador, nuestros productos son opciones perfectas para cualquier espacio de oficina. Disponemos de una amplia gama de escritorios ajustables en altura a precios asequibles que puede consultar en nuestra p\u00e1gina web.<\/p>\n\n","protected":false},"excerpt":{"rendered":"<p>ESCRITORIO DE PIE Mostrando el \u00fanico resultado Orden predeterminadoOrdenar por popularidadOrdenar por los \u00faltimosOrdenar por precio: bajo a altoOrdenar por precio: alto a bajo Escritorio de pie ergon\u00f3mico Uplift SKU:771411 Escritorio ergon\u00f3mico SKU:772204 Escritorio ergon\u00f3mico de esquina para ordenador SKU:771639 Escritorio el\u00e9ctrico de pie SKU:772432 Escritorio de pie motorizado SKU:771370 Escritorio ergon\u00f3mico de pie SKU:771426&hellip;<\/p>\n","protected":false},"author":1,"featured_media":0,"parent":0,"menu_order":0,"comment_status":"closed","ping_status":"closed","template":"","meta":{"_acf_changed":false,"inline_featured_image":false,"footnotes":""},"class_list":["post-19730","page","type-page","status-publish","hentry"],"acf":[],"_links":{"self":[{"href":"https:\/\/afcindustries.com\/es\/wp-json\/wp\/v2\/pages\/19730","targetHints":{"allow":["GET"]}}],"collection":[{"href":"https:\/\/afcindustries.com\/es\/wp-json\/wp\/v2\/pages"}],"about":[{"href":"https:\/\/afcindustries.com\/es\/wp-json\/wp\/v2\/types\/page"}],"author":[{"embeddable":true,"href":"https:\/\/afcindustries.com\/es\/wp-json\/wp\/v2\/users\/1"}],"replies":[{"embeddable":true,"href":"https:\/\/afcindustries.com\/es\/wp-json\/wp\/v2\/comments?post=19730"}],"version-history":[{"count":0,"href":"https:\/\/afcindustries.com\/es\/wp-json\/wp\/v2\/pages\/19730\/revisions"}],"wp:attachment":[{"href":"https:\/\/afcindustries.com\/es\/wp-json\/wp\/v2\/media?parent=19730"}],"curies":[{"name":"wp","href":"https:\/\/api.w.org\/{rel}","templated":true}]}}