{"id":19726,"date":"2022-02-17T07:27:59","date_gmt":"2022-02-17T12:27:59","guid":{"rendered":"https:\/\/afcindustries.com\/todos-los-escritorios-mesas\/"},"modified":"2024-10-04T14:18:37","modified_gmt":"2024-10-04T18:18:37","slug":"todos-los-escritorios-mesas","status":"publish","type":"page","link":"https:\/\/afcindustries.com\/es\/todos-los-escritorios-mesas\/","title":{"rendered":"Todos los escritorios\/mesas"},"content":{"rendered":"\n\n\t<h2>\n\t\tEscritorios y mesas\n\t<\/h2>\n\t\t\t\t\t\t\t\t<a href=\"https:\/\/afcindustries.com\/contact\/\" target=\"_self\" itemprop=\"url\" rel=\"noopener\">\n\t\t\t\t\t\t\t\t\t<img loading=\"lazy\" decoding=\"async\" src=\"https:\/\/afcindustries.com\/wp-content\/uploads\/2022\/05\/Promo-Fall-23.gif\" alt=\"Promo Fall\" itemprop=\"image\" height=\"450\" width=\"280\" title=\"Promo Fall\" onerror=\"this.style.display='none'\"  \/>\n\t\t\t\t\t\t\t\t\t\t\t\t\t<\/a>\n\n\n\tMostrando el \u00fanico resultado\n<form method=\"get\">\n\t<select name=\"orderby\" aria-label=\"Pedido de la tienda\">\n\t\t\t\t\t<option value=\"menu_order\"  selected='selected'>Orden predeterminado<\/option>\n\t\t\t\t\t<option value=\"popularity\">Ordenar por popularidad<\/option>\n\t\t\t\t\t<option value=\"date\">Ordenar por los \u00faltimos<\/option>\n\t\t\t\t\t<option value=\"price\">Ordenar por precio: bajo a alto<\/option>\n\t\t\t\t\t<option value=\"price-desc\">Ordenar por precio: alto a bajo<\/option>\n\t\t\t<\/select>\n\t<input type=\"hidden\" name=\"paged\" value=\"1\" \/>\n\t<input type=\"hidden\" name=\"page_id\" value=\"19726\" \/><input type=\"hidden\" name=\"fl_builder\" value=\"\" \/><\/form>\n\t\t\t<ul>\n\t\t\t\t<li id=\"woopack-product-32631\"  data-product-id=\"32631\">\n\t<a href='https:\/\/afcindustries.com\/es\/producto\/banco-de-trabajo-industrial-con-superficie-de-escritorio-esd-y-pantalla-de-monitor\/' title='Banco de trabajo industrial con superficie de escritorio ESD y pantalla de monitor'><img width=\"800\" height=\"800\" src=\"https:\/\/afcindustries.com\/wp-content\/uploads\/2023\/03\/Industrial-Workbench-772860-01.jpg\" alt=\"Industrial workbench by AFC, featuring a sturdy design suitable for various heavy-duty tasks and projects in workshops.\" itemprop=\"image\" decoding=\"async\" loading=\"lazy\" srcset=\"https:\/\/afcindustries.com\/wp-content\/uploads\/2023\/03\/Industrial-Workbench-772860-01.jpg 800w, https:\/\/afcindustries.com\/wp-content\/uploads\/2023\/03\/Industrial-Workbench-772860-01-300x300.jpg 300w, https:\/\/afcindustries.com\/wp-content\/uploads\/2023\/03\/Industrial-Workbench-772860-01-150x150.jpg 150w, https:\/\/afcindustries.com\/wp-content\/uploads\/2023\/03\/Industrial-Workbench-772860-01-768x768.jpg 768w, https:\/\/afcindustries.com\/wp-content\/uploads\/2023\/03\/Industrial-Workbench-772860-01-600x600.jpg 600w, https:\/\/afcindustries.com\/wp-content\/uploads\/2023\/03\/Industrial-Workbench-772860-01-100x100.jpg 100w\" sizes=\"auto, (max-width: 800px) 100vw, 800px\" title=\"\"><\/a>\n    <h3><a href='https:\/\/afcindustries.com\/es\/producto\/banco-de-trabajo-industrial-con-superficie-de-escritorio-esd-y-pantalla-de-monitor\/' title='Banco de trabajo industrial con superficie de escritorio ESD y pantalla de monitor'>Banco de trabajo industrial con superficie de escritorio ESD y pantalla de monitor<\/a><\/h3>\n\t\tSKU:772860-WB\n<\/li><li id=\"woopack-product-20182\"  data-product-id=\"20182\">\n\t<a href='https:\/\/afcindustries.com\/es\/producto\/escritorio-de-ordenador-con-armario\/' title='Escritorio de ordenador con armario'><img width=\"499\" height=\"499\" src=\"https:\/\/afcindustries.com\/wp-content\/uploads\/2022\/01\/772275-computer-desk-stand-rack-with-cabinet.jpg\" alt=\"772275 computer desk stand rack with cabinet\" itemprop=\"image\" decoding=\"async\" loading=\"lazy\" srcset=\"https:\/\/afcindustries.com\/wp-content\/uploads\/2022\/01\/772275-computer-desk-stand-rack-with-cabinet.jpg 499w, https:\/\/afcindustries.com\/wp-content\/uploads\/2022\/01\/772275-computer-desk-stand-rack-with-cabinet-300x300.jpg 300w, https:\/\/afcindustries.com\/wp-content\/uploads\/2022\/01\/772275-computer-desk-stand-rack-with-cabinet-100x100.jpg 100w, https:\/\/afcindustries.com\/wp-content\/uploads\/2022\/01\/772275-computer-desk-stand-rack-with-cabinet-150x150.jpg 150w\" sizes=\"auto, (max-width: 499px) 100vw, 499px\" title=\"\"><\/a>\n    <h3><a href='https:\/\/afcindustries.com\/es\/producto\/escritorio-de-ordenador-con-armario\/' title='Escritorio de ordenador con armario'>Escritorio de ordenador con armario<\/a><\/h3>\n\t\tSKU:772275\n<\/li><li id=\"woopack-product-20150\"  data-product-id=\"20150\">\n\t<a href='https:\/\/afcindustries.com\/es\/producto\/escritorio-de-oficina-en-l-con-conejera\/' title='Escritorio de oficina en L con conejera'><img width=\"499\" height=\"499\" src=\"https:\/\/afcindustries.com\/wp-content\/uploads\/2022\/01\/772306-adjustable-sit-and-stand-corner-workstation.jpg\" alt=\"772306 adjustable sit and stand corner workstation\" itemprop=\"image\" decoding=\"async\" loading=\"lazy\" srcset=\"https:\/\/afcindustries.com\/wp-content\/uploads\/2022\/01\/772306-adjustable-sit-and-stand-corner-workstation.jpg 499w, https:\/\/afcindustries.com\/wp-content\/uploads\/2022\/01\/772306-adjustable-sit-and-stand-corner-workstation-300x300.jpg 300w, https:\/\/afcindustries.com\/wp-content\/uploads\/2022\/01\/772306-adjustable-sit-and-stand-corner-workstation-100x100.jpg 100w, https:\/\/afcindustries.com\/wp-content\/uploads\/2022\/01\/772306-adjustable-sit-and-stand-corner-workstation-150x150.jpg 150w\" sizes=\"auto, (max-width: 499px) 100vw, 499px\" title=\"\"><\/a>\n    <h3><a href='https:\/\/afcindustries.com\/es\/producto\/escritorio-de-oficina-en-l-con-conejera\/' title='Escritorio de oficina en L con conejera'>Escritorio de oficina en L con conejera<\/a><\/h3>\n\t\tSKU:772306\n<\/li><li id=\"woopack-product-20129\"  data-product-id=\"20129\">\n\t<a href='https:\/\/afcindustries.com\/es\/producto\/mesa-de-ordenador-multibandeja\/' title='Escritorio de ordenador con varias bandejas'><img width=\"500\" height=\"500\" src=\"https:\/\/afcindustries.com\/wp-content\/uploads\/2022\/01\/772310-multi-tray-computer-desk.jpg\" alt=\"772310 mesa de ordenador con varias bandejas\" itemprop=\"image\" decoding=\"async\" loading=\"lazy\" srcset=\"https:\/\/afcindustries.com\/wp-content\/uploads\/2022\/01\/772310-multi-tray-computer-desk.jpg 500w, https:\/\/afcindustries.com\/wp-content\/uploads\/2022\/01\/772310-multi-tray-computer-desk-300x300.jpg 300w, https:\/\/afcindustries.com\/wp-content\/uploads\/2022\/01\/772310-multi-tray-computer-desk-100x100.jpg 100w, https:\/\/afcindustries.com\/wp-content\/uploads\/2022\/01\/772310-multi-tray-computer-desk-150x150.jpg 150w\" sizes=\"auto, (max-width: 500px) 100vw, 500px\" title=\"\"><\/a>\n    <h3><a href='https:\/\/afcindustries.com\/es\/producto\/mesa-de-ordenador-multibandeja\/' title='Escritorio de ordenador con varias bandejas'>Escritorio de ordenador con varias bandejas<\/a><\/h3>\n\t\tSKU:772310\n<\/li><li id=\"woopack-product-20052\"  data-product-id=\"20052\">\n\t<a href='https:\/\/afcindustries.com\/es\/producto\/escritorio-de-ordenador-pequeno-de-dos-niveles\/' title='Escritorio de ordenador peque\u00f1o de dos niveles'><img width=\"499\" height=\"499\" src=\"https:\/\/afcindustries.com\/wp-content\/uploads\/2022\/01\/772277-two-level-small-computer-desk.jpg\" alt=\"772277 two level small computer desk\" itemprop=\"image\" decoding=\"async\" loading=\"lazy\" srcset=\"https:\/\/afcindustries.com\/wp-content\/uploads\/2022\/01\/772277-two-level-small-computer-desk.jpg 499w, https:\/\/afcindustries.com\/wp-content\/uploads\/2022\/01\/772277-two-level-small-computer-desk-300x300.jpg 300w, https:\/\/afcindustries.com\/wp-content\/uploads\/2022\/01\/772277-two-level-small-computer-desk-100x100.jpg 100w, https:\/\/afcindustries.com\/wp-content\/uploads\/2022\/01\/772277-two-level-small-computer-desk-150x150.jpg 150w\" sizes=\"auto, (max-width: 499px) 100vw, 499px\" title=\"\"><\/a>\n    <h3><a href='https:\/\/afcindustries.com\/es\/producto\/escritorio-de-ordenador-pequeno-de-dos-niveles\/' title='Escritorio de ordenador peque\u00f1o de dos niveles'>Escritorio de ordenador peque\u00f1o de dos niveles<\/a><\/h3>\n\t\tSKU:772277\n<\/li><li id=\"woopack-product-20007\"  data-product-id=\"20007\">\n\t<a href='https:\/\/afcindustries.com\/es\/producto\/rack-de-ordenadores-con-armarios-superiores\/' title='Rack de ordenadores con armarios superiores'><img width=\"499\" height=\"499\" src=\"https:\/\/afcindustries.com\/wp-content\/uploads\/2022\/01\/772276-computer-rack-with-cabinets.jpg\" alt=\"772276 computer rack with cabinets\" itemprop=\"image\" decoding=\"async\" loading=\"lazy\" srcset=\"https:\/\/afcindustries.com\/wp-content\/uploads\/2022\/01\/772276-computer-rack-with-cabinets.jpg 499w, https:\/\/afcindustries.com\/wp-content\/uploads\/2022\/01\/772276-computer-rack-with-cabinets-300x300.jpg 300w, https:\/\/afcindustries.com\/wp-content\/uploads\/2022\/01\/772276-computer-rack-with-cabinets-100x100.jpg 100w, https:\/\/afcindustries.com\/wp-content\/uploads\/2022\/01\/772276-computer-rack-with-cabinets-150x150.jpg 150w\" sizes=\"auto, (max-width: 499px) 100vw, 499px\" title=\"\"><\/a>\n    <h3><a href='https:\/\/afcindustries.com\/es\/producto\/rack-de-ordenadores-con-armarios-superiores\/' title='Rack de ordenadores con armarios superiores'>Rack de ordenadores con armarios superiores<\/a><\/h3>\n\t\tSKU:772276\n<\/li><li id=\"woopack-product-20050\"  data-product-id=\"20050\">\n\t<a href='https:\/\/afcindustries.com\/es\/producto\/estacion-de-trabajo-informatica-rodante\/' title='Estaci\u00f3n de trabajo inform\u00e1tica rodante'><img width=\"499\" height=\"499\" src=\"https:\/\/afcindustries.com\/wp-content\/uploads\/2022\/01\/772311-rolling-computer-workstation.jpg\" alt=\"772311 rolling computer workstation\" itemprop=\"image\" decoding=\"async\" loading=\"lazy\" srcset=\"https:\/\/afcindustries.com\/wp-content\/uploads\/2022\/01\/772311-rolling-computer-workstation.jpg 499w, https:\/\/afcindustries.com\/wp-content\/uploads\/2022\/01\/772311-rolling-computer-workstation-300x300.jpg 300w, https:\/\/afcindustries.com\/wp-content\/uploads\/2022\/01\/772311-rolling-computer-workstation-100x100.jpg 100w, https:\/\/afcindustries.com\/wp-content\/uploads\/2022\/01\/772311-rolling-computer-workstation-150x150.jpg 150w\" sizes=\"auto, (max-width: 499px) 100vw, 499px\" title=\"\"><\/a>\n    <h3><a href='https:\/\/afcindustries.com\/es\/producto\/estacion-de-trabajo-informatica-rodante\/' title='Estaci\u00f3n de trabajo inform\u00e1tica rodante'>Estaci\u00f3n de trabajo inform\u00e1tica rodante<\/a><\/h3>\n\t\tSKU:772311\n<\/li><li id=\"woopack-product-19986\"  data-product-id=\"19986\">\n\t<a href='https:\/\/afcindustries.com\/es\/producto\/escritorio-de-ordenador-en-forma-de-l-con-cuatro-monitores\/' title='Escritorio de ordenador en forma de L con cuatro monitores'><img width=\"499\" height=\"499\" src=\"https:\/\/afcindustries.com\/wp-content\/uploads\/2022\/01\/772708-quad-monitor-l-shaped-computer-desk.jpg\" alt=\"772708 quad monitor l shaped computer desk\" itemprop=\"image\" decoding=\"async\" loading=\"lazy\" srcset=\"https:\/\/afcindustries.com\/wp-content\/uploads\/2022\/01\/772708-quad-monitor-l-shaped-computer-desk.jpg 499w, https:\/\/afcindustries.com\/wp-content\/uploads\/2022\/01\/772708-quad-monitor-l-shaped-computer-desk-300x300.jpg 300w, https:\/\/afcindustries.com\/wp-content\/uploads\/2022\/01\/772708-quad-monitor-l-shaped-computer-desk-100x100.jpg 100w, https:\/\/afcindustries.com\/wp-content\/uploads\/2022\/01\/772708-quad-monitor-l-shaped-computer-desk-150x150.jpg 150w\" sizes=\"auto, (max-width: 499px) 100vw, 499px\" title=\"\"><\/a>\n    <h3><a href='https:\/\/afcindustries.com\/es\/producto\/escritorio-de-ordenador-en-forma-de-l-con-cuatro-monitores\/' title='Escritorio de ordenador en forma de L con cuatro monitores'>Escritorio de ordenador en forma de L con cuatro monitores<\/a><\/h3>\n\t\tSKU:772708\n<\/li><li id=\"woopack-product-19984\"  data-product-id=\"19984\">\n\t<a href='https:\/\/afcindustries.com\/es\/producto\/escritorio-de-ordenador-para-el-aula\/' title='Escritorio de ordenador para el aula'><img width=\"499\" height=\"499\" src=\"https:\/\/afcindustries.com\/wp-content\/uploads\/2022\/01\/772367-classroom-computer-desk-with-lcd-monitor-mount.jpg\" alt=\"772367 classroom computer desk with lcd monitor mount\" itemprop=\"image\" decoding=\"async\" loading=\"lazy\" srcset=\"https:\/\/afcindustries.com\/wp-content\/uploads\/2022\/01\/772367-classroom-computer-desk-with-lcd-monitor-mount.jpg 499w, https:\/\/afcindustries.com\/wp-content\/uploads\/2022\/01\/772367-classroom-computer-desk-with-lcd-monitor-mount-300x300.jpg 300w, https:\/\/afcindustries.com\/wp-content\/uploads\/2022\/01\/772367-classroom-computer-desk-with-lcd-monitor-mount-100x100.jpg 100w, https:\/\/afcindustries.com\/wp-content\/uploads\/2022\/01\/772367-classroom-computer-desk-with-lcd-monitor-mount-150x150.jpg 150w\" sizes=\"auto, (max-width: 499px) 100vw, 499px\" title=\"\"><\/a>\n    <h3><a href='https:\/\/afcindustries.com\/es\/producto\/escritorio-de-ordenador-para-el-aula\/' title='Escritorio de ordenador para el aula'>Escritorio de ordenador para el aula<\/a><\/h3>\n\t\tSKU:772367\n<\/li><li id=\"woopack-product-19972\"  data-product-id=\"19972\">\n\t<a href='https:\/\/afcindustries.com\/es\/producto\/mesa-de-ordenador-de-oficina-pequena\/' title='Mesa de ordenador de oficina peque\u00f1a'><img width=\"499\" height=\"499\" src=\"https:\/\/afcindustries.com\/wp-content\/uploads\/2022\/01\/772293-small-office-computer-desk-with-monitor-stand.jpg\" alt=\"772293 small office computer desk with monitor stand\" itemprop=\"image\" decoding=\"async\" loading=\"lazy\" srcset=\"https:\/\/afcindustries.com\/wp-content\/uploads\/2022\/01\/772293-small-office-computer-desk-with-monitor-stand.jpg 499w, https:\/\/afcindustries.com\/wp-content\/uploads\/2022\/01\/772293-small-office-computer-desk-with-monitor-stand-300x300.jpg 300w, https:\/\/afcindustries.com\/wp-content\/uploads\/2022\/01\/772293-small-office-computer-desk-with-monitor-stand-100x100.jpg 100w, https:\/\/afcindustries.com\/wp-content\/uploads\/2022\/01\/772293-small-office-computer-desk-with-monitor-stand-150x150.jpg 150w\" sizes=\"auto, (max-width: 499px) 100vw, 499px\" title=\"\"><\/a>\n    <h3><a href='https:\/\/afcindustries.com\/es\/producto\/mesa-de-ordenador-de-oficina-pequena\/' title='Mesa de ordenador de oficina peque\u00f1a'>Mesa de ordenador de oficina peque\u00f1a<\/a><\/h3>\n\t\tSKU:772293\n<\/li><li id=\"woopack-product-19943\"  data-product-id=\"19943\">\n\t<a href='https:\/\/afcindustries.com\/es\/producto\/escritorio-medico-de-dos-niveles-con-brazo-para-monitor\/' title='Escritorio m\u00e9dico de dos niveles con brazo para monitor'><img width=\"499\" height=\"499\" src=\"https:\/\/afcindustries.com\/wp-content\/uploads\/2022\/01\/772279-bi-level-medical-computer-desk.jpg\" alt=\"772279 bi level medical computer desk\" itemprop=\"image\" decoding=\"async\" loading=\"lazy\" srcset=\"https:\/\/afcindustries.com\/wp-content\/uploads\/2022\/01\/772279-bi-level-medical-computer-desk.jpg 499w, https:\/\/afcindustries.com\/wp-content\/uploads\/2022\/01\/772279-bi-level-medical-computer-desk-300x300.jpg 300w, https:\/\/afcindustries.com\/wp-content\/uploads\/2022\/01\/772279-bi-level-medical-computer-desk-100x100.jpg 100w, https:\/\/afcindustries.com\/wp-content\/uploads\/2022\/01\/772279-bi-level-medical-computer-desk-150x150.jpg 150w\" sizes=\"auto, (max-width: 499px) 100vw, 499px\" title=\"\"><\/a>\n    <h3><a href='https:\/\/afcindustries.com\/es\/producto\/escritorio-medico-de-dos-niveles-con-brazo-para-monitor\/' title='Escritorio m\u00e9dico de dos niveles con brazo para monitor'>Escritorio m\u00e9dico de dos niveles con brazo para monitor<\/a><\/h3>\n\t\tSKU:772279\n<\/li><li id=\"woopack-product-19908\"  data-product-id=\"19908\">\n\t<a href='https:\/\/afcindustries.com\/es\/producto\/mesa-de-ordenador-en-forma-de-hexagono\/' title='Mesa de ordenador en forma de hex\u00e1gono'><img width=\"499\" height=\"499\" src=\"https:\/\/afcindustries.com\/wp-content\/uploads\/2022\/01\/772300-hexagon-shaped-computer-table.jpg\" alt=\"772300 hexagon shaped computer table\" itemprop=\"image\" decoding=\"async\" loading=\"lazy\" srcset=\"https:\/\/afcindustries.com\/wp-content\/uploads\/2022\/01\/772300-hexagon-shaped-computer-table.jpg 499w, https:\/\/afcindustries.com\/wp-content\/uploads\/2022\/01\/772300-hexagon-shaped-computer-table-300x300.jpg 300w, https:\/\/afcindustries.com\/wp-content\/uploads\/2022\/01\/772300-hexagon-shaped-computer-table-100x100.jpg 100w, https:\/\/afcindustries.com\/wp-content\/uploads\/2022\/01\/772300-hexagon-shaped-computer-table-150x150.jpg 150w\" sizes=\"auto, (max-width: 499px) 100vw, 499px\" title=\"\"><\/a>\n    <h3><a href='https:\/\/afcindustries.com\/es\/producto\/mesa-de-ordenador-en-forma-de-hexagono\/' title='Mesa de ordenador en forma de hex\u00e1gono'>Mesa de ordenador en forma de hex\u00e1gono<\/a><\/h3>\n\t\tSKU:772300\n<\/li>\t\t\t\t\n\t\t\t<\/ul>\n\t<ul class='page-numbers'>\n\t<li>1<\/li>\n\t<li><a href=\"https:\/\/afcindustries.com\/es\/page\/2\/?page_id=19726&#038;fl_builder\">2<\/a><\/li>\n\t<li><a href=\"https:\/\/afcindustries.com\/es\/page\/3\/?page_id=19726&#038;fl_builder\">3<\/a><\/li>\n\t<li><a href=\"https:\/\/afcindustries.com\/es\/page\/2\/?page_id=19726&#038;fl_builder\">Siguiente &raquo;<\/a><\/li>\n<\/ul>\n<h2>\n\t\tEscritorios m\u00e9dicos m\u00f3viles para ordenadores\n\t<\/h2>\n<h3>\n\t\tMejorar la eficiencia de la atenci\u00f3n m\u00e9dica con escritorios inform\u00e1ticos m\u00e9dicos m\u00f3viles\n\t<\/h3>\n\t<p>Descubra los escritorios m\u00e9dicos m\u00f3viles de primera calidad de AFC Industries, dise\u00f1ados meticulosamente para garantizar la comodidad ergon\u00f3mica y mejorar la eficiencia del espacio de trabajo para los profesionales m\u00e9dicos. Nuestras confiables estaciones de trabajo m\u00f3viles priorizan la productividad y la comodidad, y ayudan a los expertos en atenci\u00f3n m\u00e9dica en sus tareas cruciales.<\/p>\n<p>Los escritorios ergon\u00f3micos para puestos de trabajo de ordenador de AFC son muy fiables a la hora de proporcionar el rendimiento necesario sin fallos, ya que est\u00e1n construidos con materiales resistentes que garantizan su uso durante toda la vida. Tambi\u00e9n son f\u00e1ciles de transportar a cualquier lugar de trabajo, ya que se pueden reubicar f\u00e1cilmente; son ajustables en altura y est\u00e1n bien estructurados para que no se caigan f\u00e1cilmente.<\/p>\n<p>AFC Industries ha sido el l\u00edder de la industria en el suministro de estaciones de trabajo de oficina de alta calidad y otros muebles comerciales durante m\u00e1s de dos d\u00e9cadas. Seguimos marcando la pauta en materia de mobiliario industrial al ofrecer los productos m\u00e1s fiables que satisfacen las distintas necesidades de nuestros consumidores. Al ser pioneros en el mercado de la fabricaci\u00f3n de escritorios para estaciones de trabajo inform\u00e1ticas, sabemos c\u00f3mo utilizar materiales de alta calidad que garanticen un 100% de fiabilidad y eficacia.<\/p>\n<p>Nuestros expertos ingenieros y dise\u00f1adores cuentan con una amplia formaci\u00f3n y experiencia para desarrollar los muebles de oficina m\u00e1s fiables, incluidos los puestos de trabajo inform\u00e1ticos m\u00e9dicos fiables, las sillas ergon\u00f3micas y otros muebles comerciales. Tambi\u00e9n ofrecemos servicios de decoraci\u00f3n de interiores para cualquier tipo de establecimiento comercial. AFC tambi\u00e9n env\u00eda nuestros productos a todo el pa\u00eds a precios asequibles. Para obtener m\u00e1s informaci\u00f3n sobre nuestra amplia gama de muebles hechos a medida o para solicitar un presupuesto de escritorios para estaciones de trabajo m\u00e9dicas rodantes, p\u00f3ngase en contacto con nosotros hoy mismo por tel\u00e9fono o correo electr\u00f3nico.<\/p>\n\n","protected":false},"excerpt":{"rendered":"<p>Escritorios y mesas Mostrando el \u00fanico resultado Orden predeterminadoOrdenar por popularidadOrdenar por los \u00faltimosOrdenar por precio: bajo a altoOrdenar por precio: alto a bajo Banco de trabajo industrial con superficie de escritorio ESD y pantalla de monitor SKU:772860-WB Escritorio de ordenador con armario SKU:772275 Escritorio de oficina en L con conejera SKU:772306 Escritorio de ordenador&hellip;<\/p>\n","protected":false},"author":1,"featured_media":0,"parent":0,"menu_order":0,"comment_status":"closed","ping_status":"closed","template":"","meta":{"_acf_changed":false,"inline_featured_image":false,"footnotes":""},"class_list":["post-19726","page","type-page","status-publish","hentry"],"acf":[],"_links":{"self":[{"href":"https:\/\/afcindustries.com\/es\/wp-json\/wp\/v2\/pages\/19726","targetHints":{"allow":["GET"]}}],"collection":[{"href":"https:\/\/afcindustries.com\/es\/wp-json\/wp\/v2\/pages"}],"about":[{"href":"https:\/\/afcindustries.com\/es\/wp-json\/wp\/v2\/types\/page"}],"author":[{"embeddable":true,"href":"https:\/\/afcindustries.com\/es\/wp-json\/wp\/v2\/users\/1"}],"replies":[{"embeddable":true,"href":"https:\/\/afcindustries.com\/es\/wp-json\/wp\/v2\/comments?post=19726"}],"version-history":[{"count":0,"href":"https:\/\/afcindustries.com\/es\/wp-json\/wp\/v2\/pages\/19726\/revisions"}],"wp:attachment":[{"href":"https:\/\/afcindustries.com\/es\/wp-json\/wp\/v2\/media?parent=19726"}],"curies":[{"name":"wp","href":"https:\/\/api.w.org\/{rel}","templated":true}]}}