{"id":19720,"date":"2022-02-17T08:49:07","date_gmt":"2022-02-17T13:49:07","guid":{"rendered":"https:\/\/afcindustries.com\/soporte-de-monitor-movil\/"},"modified":"2024-10-04T14:37:40","modified_gmt":"2024-10-04T18:37:40","slug":"soporte-de-monitor-movil","status":"publish","type":"page","link":"https:\/\/afcindustries.com\/es\/soporte-de-monitor-movil\/","title":{"rendered":"Soporte de monitor m\u00f3vil"},"content":{"rendered":"\n\n\t<h2>\n\t\tCarros M\u00e9dicos\n\t<\/h2>\n\t\t\t\t\t\t\t\t<a href=\"https:\/\/afcindustries.com\/contact\/\" target=\"_self\" itemprop=\"url\" rel=\"noopener\">\n\t\t\t\t\t\t\t\t\t<img loading=\"lazy\" decoding=\"async\" src=\"https:\/\/afcindustries.com\/wp-content\/uploads\/2022\/05\/Promo-Fall-23.gif\" alt=\"Promo Fall\" itemprop=\"image\" height=\"450\" width=\"280\" title=\"Promo Fall\" onerror=\"this.style.display='none'\"  \/>\n\t\t\t\t\t\t\t\t\t\t\t\t\t<\/a>\n\n\n\tMostrando el \u00fanico resultado\n<form method=\"get\">\n\t<select name=\"orderby\" aria-label=\"Pedido de la tienda\">\n\t\t\t\t\t<option value=\"menu_order\"  selected='selected'>Orden predeterminado<\/option>\n\t\t\t\t\t<option value=\"popularity\">Ordenar por popularidad<\/option>\n\t\t\t\t\t<option value=\"date\">Ordenar por los \u00faltimos<\/option>\n\t\t\t\t\t<option value=\"price\">Ordenar por precio: bajo a alto<\/option>\n\t\t\t\t\t<option value=\"price-desc\">Ordenar por precio: alto a bajo<\/option>\n\t\t\t<\/select>\n\t<input type=\"hidden\" name=\"paged\" value=\"1\" \/>\n\t<input type=\"hidden\" name=\"page_id\" value=\"19720\" \/><input type=\"hidden\" name=\"fl_builder\" value=\"\" \/><\/form>\n\t\t\t<ul>\n\t\t\t\t<li id=\"woopack-product-20116\"  data-product-id=\"20116\">\n\t<a href='https:\/\/afcindustries.com\/es\/producto\/brazo-de-monitor-para-carro-de-ordenador-movil-con-proteccion-contra-estornudos-y-tos\/' title='Brazo de monitor para carro de ordenador m\u00f3vil con protecci\u00f3n contra estornudos y tos'><img width=\"800\" height=\"800\" src=\"https:\/\/afcindustries.com\/wp-content\/uploads\/2022\/01\/Mobile-Computer-Cart-Monitor-Arm-with-Sneeze-and-Cough-Guard-772818-01.jpg\" alt=\"\" itemprop=\"image\" decoding=\"async\" loading=\"lazy\" srcset=\"https:\/\/afcindustries.com\/wp-content\/uploads\/2022\/01\/Mobile-Computer-Cart-Monitor-Arm-with-Sneeze-and-Cough-Guard-772818-01.jpg 800w, https:\/\/afcindustries.com\/wp-content\/uploads\/2022\/01\/Mobile-Computer-Cart-Monitor-Arm-with-Sneeze-and-Cough-Guard-772818-01-300x300.jpg 300w, https:\/\/afcindustries.com\/wp-content\/uploads\/2022\/01\/Mobile-Computer-Cart-Monitor-Arm-with-Sneeze-and-Cough-Guard-772818-01-150x150.jpg 150w, https:\/\/afcindustries.com\/wp-content\/uploads\/2022\/01\/Mobile-Computer-Cart-Monitor-Arm-with-Sneeze-and-Cough-Guard-772818-01-768x768.jpg 768w, https:\/\/afcindustries.com\/wp-content\/uploads\/2022\/01\/Mobile-Computer-Cart-Monitor-Arm-with-Sneeze-and-Cough-Guard-772818-01-600x600.jpg 600w, https:\/\/afcindustries.com\/wp-content\/uploads\/2022\/01\/Mobile-Computer-Cart-Monitor-Arm-with-Sneeze-and-Cough-Guard-772818-01-100x100.jpg 100w\" sizes=\"auto, (max-width: 800px) 100vw, 800px\" title=\"\"><\/a>\n    <h3><a href='https:\/\/afcindustries.com\/es\/producto\/brazo-de-monitor-para-carro-de-ordenador-movil-con-proteccion-contra-estornudos-y-tos\/' title='Brazo de monitor para carro de ordenador m\u00f3vil con protecci\u00f3n contra estornudos y tos'>Brazo de monitor para carro de ordenador m\u00f3vil con protecci\u00f3n contra estornudos y tos<\/a><\/h3>\n\t\tSKU:772818\n<\/li><li id=\"woopack-product-20085\"  data-product-id=\"20085\">\n\t<a href='https:\/\/afcindustries.com\/es\/producto\/soporte-ergonomico-para-pantallas-planas\/' title='Soporte ergon\u00f3mico para pantallas planas'><img width=\"800\" height=\"800\" src=\"https:\/\/afcindustries.com\/wp-content\/uploads\/2022\/01\/Rolling-Large-Flat-Screen-Stand-772026-01.jpg\" alt=\"AFC&#039;s Rolling TV Computer Cart and Stand\" itemprop=\"image\" decoding=\"async\" loading=\"lazy\" srcset=\"https:\/\/afcindustries.com\/wp-content\/uploads\/2022\/01\/Rolling-Large-Flat-Screen-Stand-772026-01.jpg 800w, https:\/\/afcindustries.com\/wp-content\/uploads\/2022\/01\/Rolling-Large-Flat-Screen-Stand-772026-01-300x300.jpg 300w, https:\/\/afcindustries.com\/wp-content\/uploads\/2022\/01\/Rolling-Large-Flat-Screen-Stand-772026-01-150x150.jpg 150w, https:\/\/afcindustries.com\/wp-content\/uploads\/2022\/01\/Rolling-Large-Flat-Screen-Stand-772026-01-768x768.jpg 768w, https:\/\/afcindustries.com\/wp-content\/uploads\/2022\/01\/Rolling-Large-Flat-Screen-Stand-772026-01-600x600.jpg 600w, https:\/\/afcindustries.com\/wp-content\/uploads\/2022\/01\/Rolling-Large-Flat-Screen-Stand-772026-01-100x100.jpg 100w\" sizes=\"auto, (max-width: 800px) 100vw, 800px\" title=\"\"><\/a>\n    <h3><a href='https:\/\/afcindustries.com\/es\/producto\/soporte-ergonomico-para-pantallas-planas\/' title='Soporte ergon\u00f3mico para pantallas planas'>Soporte ergon\u00f3mico para pantallas planas<\/a><\/h3>\n\t\tSKU:772026\n<\/li><li id=\"woopack-product-20078\"  data-product-id=\"20078\">\n\t<a href='https:\/\/afcindustries.com\/es\/producto\/carrito-ordenador-ergonomico-medico-de-conferencia\/' title='Carro de ordenador ergon\u00f3mico para teleconferencias m\u00e9dicas'><img width=\"499\" height=\"499\" src=\"https:\/\/afcindustries.com\/wp-content\/uploads\/2022\/01\/772435-telemedicine-video-teleconference-cart.jpg\" alt=\"772435 carro de teleconferencia de v\u00eddeo de telemedicina\" itemprop=\"image\" decoding=\"async\" loading=\"lazy\" srcset=\"https:\/\/afcindustries.com\/wp-content\/uploads\/2022\/01\/772435-telemedicine-video-teleconference-cart.jpg 499w, https:\/\/afcindustries.com\/wp-content\/uploads\/2022\/01\/772435-telemedicine-video-teleconference-cart-300x300.jpg 300w, https:\/\/afcindustries.com\/wp-content\/uploads\/2022\/01\/772435-telemedicine-video-teleconference-cart-100x100.jpg 100w, https:\/\/afcindustries.com\/wp-content\/uploads\/2022\/01\/772435-telemedicine-video-teleconference-cart-150x150.jpg 150w\" sizes=\"auto, (max-width: 499px) 100vw, 499px\" title=\"\"><\/a>\n    <h3><a href='https:\/\/afcindustries.com\/es\/producto\/carrito-ordenador-ergonomico-medico-de-conferencia\/' title='Carro de ordenador ergon\u00f3mico para teleconferencias m\u00e9dicas'>Carro de ordenador ergon\u00f3mico para teleconferencias m\u00e9dicas<\/a><\/h3>\n\t\tSKU:772435\n<\/li><li id=\"woopack-product-20074\"  data-product-id=\"20074\">\n\t<a href='https:\/\/afcindustries.com\/es\/producto\/carro-de-ordenador-ergonomico-con-ruedas-2\/' title='Carro de ordenador ergon\u00f3mico con ruedas'><img width=\"800\" height=\"800\" src=\"https:\/\/afcindustries.com\/wp-content\/uploads\/2022\/01\/Rolling-Computer-Desk-772091-01-1.jpg\" alt=\"A sleek rolling computer desk by AFC, featuring a modern design with wheels for easy mobility and ample workspace.\" itemprop=\"image\" decoding=\"async\" loading=\"lazy\" srcset=\"https:\/\/afcindustries.com\/wp-content\/uploads\/2022\/01\/Rolling-Computer-Desk-772091-01-1.jpg 800w, https:\/\/afcindustries.com\/wp-content\/uploads\/2022\/01\/Rolling-Computer-Desk-772091-01-1-300x300.jpg 300w, https:\/\/afcindustries.com\/wp-content\/uploads\/2022\/01\/Rolling-Computer-Desk-772091-01-1-150x150.jpg 150w, https:\/\/afcindustries.com\/wp-content\/uploads\/2022\/01\/Rolling-Computer-Desk-772091-01-1-768x768.jpg 768w, https:\/\/afcindustries.com\/wp-content\/uploads\/2022\/01\/Rolling-Computer-Desk-772091-01-1-600x600.jpg 600w, https:\/\/afcindustries.com\/wp-content\/uploads\/2022\/01\/Rolling-Computer-Desk-772091-01-1-100x100.jpg 100w\" sizes=\"auto, (max-width: 800px) 100vw, 800px\" title=\"\"><\/a>\n    <h3><a href='https:\/\/afcindustries.com\/es\/producto\/carro-de-ordenador-ergonomico-con-ruedas-2\/' title='Carro de ordenador ergon\u00f3mico con ruedas'>Carro de ordenador ergon\u00f3mico con ruedas<\/a><\/h3>\n\t\tSKU:772091\n<\/li><li id=\"woopack-product-20032\"  data-product-id=\"20032\">\n\t<a href='https:\/\/afcindustries.com\/es\/producto\/carro-ergonomico-para-pc\/' title='Carro ergon\u00f3mico para PC'><img width=\"800\" height=\"800\" src=\"https:\/\/afcindustries.com\/wp-content\/uploads\/2022\/01\/PC-Monitor-Cart-on-Wheels-772818-01.jpg\" alt=\"Mobile PC monitor cart by AFC, featuring wheels for easy movement and adjustable height for versatile viewing options.\" itemprop=\"image\" decoding=\"async\" loading=\"lazy\" srcset=\"https:\/\/afcindustries.com\/wp-content\/uploads\/2022\/01\/PC-Monitor-Cart-on-Wheels-772818-01.jpg 800w, https:\/\/afcindustries.com\/wp-content\/uploads\/2022\/01\/PC-Monitor-Cart-on-Wheels-772818-01-300x300.jpg 300w, https:\/\/afcindustries.com\/wp-content\/uploads\/2022\/01\/PC-Monitor-Cart-on-Wheels-772818-01-150x150.jpg 150w, https:\/\/afcindustries.com\/wp-content\/uploads\/2022\/01\/PC-Monitor-Cart-on-Wheels-772818-01-768x768.jpg 768w, https:\/\/afcindustries.com\/wp-content\/uploads\/2022\/01\/PC-Monitor-Cart-on-Wheels-772818-01-600x600.jpg 600w, https:\/\/afcindustries.com\/wp-content\/uploads\/2022\/01\/PC-Monitor-Cart-on-Wheels-772818-01-100x100.jpg 100w\" sizes=\"auto, (max-width: 800px) 100vw, 800px\" title=\"\"><\/a>\n    <h3><a href='https:\/\/afcindustries.com\/es\/producto\/carro-ergonomico-para-pc\/' title='Carro ergon\u00f3mico para PC'>Carro ergon\u00f3mico para PC<\/a><\/h3>\n\t\tSKU:772594\n<\/li><li id=\"woopack-product-20044\"  data-product-id=\"20044\">\n\t<a href='https:\/\/afcindustries.com\/es\/producto\/soporte-de-suelo-para-monitor-de-ordenador-ergonomico\/' title='Soporte de suelo para monitor de ordenador ergon\u00f3mico'><img width=\"800\" height=\"800\" src=\"https:\/\/afcindustries.com\/wp-content\/uploads\/2022\/01\/AFCs-Portable-Telehealth-Workstations-for-efficient-telehealth-services.jpg\" alt=\"\" itemprop=\"image\" decoding=\"async\" loading=\"lazy\" srcset=\"https:\/\/afcindustries.com\/wp-content\/uploads\/2022\/01\/AFCs-Portable-Telehealth-Workstations-for-efficient-telehealth-services.jpg 800w, https:\/\/afcindustries.com\/wp-content\/uploads\/2022\/01\/AFCs-Portable-Telehealth-Workstations-for-efficient-telehealth-services-300x300.jpg 300w, https:\/\/afcindustries.com\/wp-content\/uploads\/2022\/01\/AFCs-Portable-Telehealth-Workstations-for-efficient-telehealth-services-150x150.jpg 150w, https:\/\/afcindustries.com\/wp-content\/uploads\/2022\/01\/AFCs-Portable-Telehealth-Workstations-for-efficient-telehealth-services-768x768.jpg 768w, https:\/\/afcindustries.com\/wp-content\/uploads\/2022\/01\/AFCs-Portable-Telehealth-Workstations-for-efficient-telehealth-services-600x600.jpg 600w, https:\/\/afcindustries.com\/wp-content\/uploads\/2022\/01\/AFCs-Portable-Telehealth-Workstations-for-efficient-telehealth-services-100x100.jpg 100w\" sizes=\"auto, (max-width: 800px) 100vw, 800px\" title=\"\"><\/a>\n    <h3><a href='https:\/\/afcindustries.com\/es\/producto\/soporte-de-suelo-para-monitor-de-ordenador-ergonomico\/' title='Soporte de suelo para monitor de ordenador ergon\u00f3mico'>Soporte de suelo para monitor de ordenador ergon\u00f3mico<\/a><\/h3>\n\t\tSKU:772677\n<\/li><li id=\"woopack-product-20033\"  data-product-id=\"20033\">\n\t<a href='https:\/\/afcindustries.com\/es\/producto\/carro-de-ordenador-industrial-ergonomico\/' title='Carro de ordenador industrial ergon\u00f3mico'><img width=\"800\" height=\"800\" src=\"https:\/\/afcindustries.com\/wp-content\/uploads\/2022\/01\/772666-industrial-computer-cart-1.jpg\" alt=\"772666 industrial computer cart\" itemprop=\"image\" decoding=\"async\" loading=\"lazy\" srcset=\"https:\/\/afcindustries.com\/wp-content\/uploads\/2022\/01\/772666-industrial-computer-cart-1.jpg 800w, https:\/\/afcindustries.com\/wp-content\/uploads\/2022\/01\/772666-industrial-computer-cart-1-300x300.jpg 300w, https:\/\/afcindustries.com\/wp-content\/uploads\/2022\/01\/772666-industrial-computer-cart-1-150x150.jpg 150w, https:\/\/afcindustries.com\/wp-content\/uploads\/2022\/01\/772666-industrial-computer-cart-1-768x768.jpg 768w, https:\/\/afcindustries.com\/wp-content\/uploads\/2022\/01\/772666-industrial-computer-cart-1-600x600.jpg 600w, https:\/\/afcindustries.com\/wp-content\/uploads\/2022\/01\/772666-industrial-computer-cart-1-100x100.jpg 100w\" sizes=\"auto, (max-width: 800px) 100vw, 800px\" title=\"\"><\/a>\n    <h3><a href='https:\/\/afcindustries.com\/es\/producto\/carro-de-ordenador-industrial-ergonomico\/' title='Carro de ordenador industrial ergon\u00f3mico'>Carro de ordenador industrial ergon\u00f3mico<\/a><\/h3>\n\t\tSKU:772666-1\n<\/li><li id=\"woopack-product-19952\"  data-product-id=\"19952\">\n\t<a href='https:\/\/afcindustries.com\/es\/producto\/soporte-de-ordenador-ergonomico-con-ruedas\/' title='Soporte de ordenador ergon\u00f3mico con ruedas'><img width=\"800\" height=\"800\" src=\"https:\/\/afcindustries.com\/wp-content\/uploads\/2022\/01\/Ergonomic-Computer-Stand-on-Wheels-772023-01.jpg\" alt=\"Ergonomic computer stand on wheels by AFC, designed for mobility and comfort in workspace organization and efficiency.\" itemprop=\"image\" decoding=\"async\" loading=\"lazy\" srcset=\"https:\/\/afcindustries.com\/wp-content\/uploads\/2022\/01\/Ergonomic-Computer-Stand-on-Wheels-772023-01.jpg 800w, https:\/\/afcindustries.com\/wp-content\/uploads\/2022\/01\/Ergonomic-Computer-Stand-on-Wheels-772023-01-300x300.jpg 300w, https:\/\/afcindustries.com\/wp-content\/uploads\/2022\/01\/Ergonomic-Computer-Stand-on-Wheels-772023-01-150x150.jpg 150w, https:\/\/afcindustries.com\/wp-content\/uploads\/2022\/01\/Ergonomic-Computer-Stand-on-Wheels-772023-01-768x768.jpg 768w, https:\/\/afcindustries.com\/wp-content\/uploads\/2022\/01\/Ergonomic-Computer-Stand-on-Wheels-772023-01-600x600.jpg 600w, https:\/\/afcindustries.com\/wp-content\/uploads\/2022\/01\/Ergonomic-Computer-Stand-on-Wheels-772023-01-100x100.jpg 100w\" sizes=\"auto, (max-width: 800px) 100vw, 800px\" title=\"\"><\/a>\n    <h3><a href='https:\/\/afcindustries.com\/es\/producto\/soporte-de-ordenador-ergonomico-con-ruedas\/' title='Soporte de ordenador ergon\u00f3mico con ruedas'>Soporte de ordenador ergon\u00f3mico con ruedas<\/a><\/h3>\n\t\tSKU:772023\n<\/li><li id=\"woopack-product-19935\"  data-product-id=\"19935\">\n\t<a href='https:\/\/afcindustries.com\/es\/producto\/soporte-de-suelo-para-tv-ergonomico\/' title='Soporte de suelo para TV ergon\u00f3mico'><img width=\"800\" height=\"800\" src=\"https:\/\/afcindustries.com\/wp-content\/uploads\/2022\/01\/TV-Floor-Stand-772029-01.jpg\" alt=\"TV floor stand by AFC, designed for stability and style, suitable for various television sizes and home decor.\" itemprop=\"image\" decoding=\"async\" loading=\"lazy\" srcset=\"https:\/\/afcindustries.com\/wp-content\/uploads\/2022\/01\/TV-Floor-Stand-772029-01.jpg 800w, https:\/\/afcindustries.com\/wp-content\/uploads\/2022\/01\/TV-Floor-Stand-772029-01-300x300.jpg 300w, https:\/\/afcindustries.com\/wp-content\/uploads\/2022\/01\/TV-Floor-Stand-772029-01-150x150.jpg 150w, https:\/\/afcindustries.com\/wp-content\/uploads\/2022\/01\/TV-Floor-Stand-772029-01-768x768.jpg 768w, https:\/\/afcindustries.com\/wp-content\/uploads\/2022\/01\/TV-Floor-Stand-772029-01-600x600.jpg 600w, https:\/\/afcindustries.com\/wp-content\/uploads\/2022\/01\/TV-Floor-Stand-772029-01-100x100.jpg 100w\" sizes=\"auto, (max-width: 800px) 100vw, 800px\" title=\"\"><\/a>\n    <h3><a href='https:\/\/afcindustries.com\/es\/producto\/soporte-de-suelo-para-tv-ergonomico\/' title='Soporte de suelo para TV ergon\u00f3mico'>Soporte de suelo para TV ergon\u00f3mico<\/a><\/h3>\n\t\tSKU:772029\n<\/li><li id=\"woopack-product-19859\"  data-product-id=\"19859\">\n\t<a href='https:\/\/afcindustries.com\/es\/producto\/carro-ergonomico-para-monitores\/' title='Carro ergon\u00f3mico para monitores'><img width=\"800\" height=\"800\" src=\"https:\/\/afcindustries.com\/wp-content\/uploads\/2022\/01\/Computer-Monitor-Stand-772022-01.jpg\" alt=\"Computer monitor stand by AFC, designed for ergonomic support and improved workspace organization.\" itemprop=\"image\" decoding=\"async\" loading=\"lazy\" srcset=\"https:\/\/afcindustries.com\/wp-content\/uploads\/2022\/01\/Computer-Monitor-Stand-772022-01.jpg 800w, https:\/\/afcindustries.com\/wp-content\/uploads\/2022\/01\/Computer-Monitor-Stand-772022-01-300x300.jpg 300w, https:\/\/afcindustries.com\/wp-content\/uploads\/2022\/01\/Computer-Monitor-Stand-772022-01-150x150.jpg 150w, https:\/\/afcindustries.com\/wp-content\/uploads\/2022\/01\/Computer-Monitor-Stand-772022-01-768x768.jpg 768w, https:\/\/afcindustries.com\/wp-content\/uploads\/2022\/01\/Computer-Monitor-Stand-772022-01-600x600.jpg 600w, https:\/\/afcindustries.com\/wp-content\/uploads\/2022\/01\/Computer-Monitor-Stand-772022-01-100x100.jpg 100w\" sizes=\"auto, (max-width: 800px) 100vw, 800px\" title=\"\"><\/a>\n    <h3><a href='https:\/\/afcindustries.com\/es\/producto\/carro-ergonomico-para-monitores\/' title='Carro ergon\u00f3mico para monitores'>Carro ergon\u00f3mico para monitores<\/a><\/h3>\n\t\tSKU:772022\n<\/li><li id=\"woopack-product-19892\"  data-product-id=\"19892\">\n\t<a href='https:\/\/afcindustries.com\/es\/producto\/puesto-de-ordenador-movil-ergonomico\/' title='Puesto de ordenador m\u00f3vil ergon\u00f3mico'><img width=\"499\" height=\"499\" src=\"https:\/\/afcindustries.com\/wp-content\/uploads\/2022\/01\/772615-mobile-computer-station.jpg\" alt=\"772615 mobile computer station\" itemprop=\"image\" decoding=\"async\" loading=\"lazy\" srcset=\"https:\/\/afcindustries.com\/wp-content\/uploads\/2022\/01\/772615-mobile-computer-station.jpg 499w, https:\/\/afcindustries.com\/wp-content\/uploads\/2022\/01\/772615-mobile-computer-station-300x300.jpg 300w, https:\/\/afcindustries.com\/wp-content\/uploads\/2022\/01\/772615-mobile-computer-station-100x100.jpg 100w, https:\/\/afcindustries.com\/wp-content\/uploads\/2022\/01\/772615-mobile-computer-station-150x150.jpg 150w\" sizes=\"auto, (max-width: 499px) 100vw, 499px\" title=\"\"><\/a>\n    <h3><a href='https:\/\/afcindustries.com\/es\/producto\/puesto-de-ordenador-movil-ergonomico\/' title='Puesto de ordenador m\u00f3vil ergon\u00f3mico'>Puesto de ordenador m\u00f3vil ergon\u00f3mico<\/a><\/h3>\n\t\tSKU:772615\n<\/li><li id=\"woopack-product-19896\"  data-product-id=\"19896\">\n\t<a href='https:\/\/afcindustries.com\/es\/producto\/soporte-ergonomico-para-ordenador-con-ruedas\/' title='Soporte ergon\u00f3mico para ordenador con ruedas'><img width=\"800\" height=\"800\" src=\"https:\/\/afcindustries.com\/wp-content\/uploads\/2022\/01\/AFC-Height-Adjustable-Mobile-Workstation-772028-01.jpg\" alt=\"Height adjustable mobile workstation by AFC, designed for flexibility and ease of use in various work environments.\" itemprop=\"image\" decoding=\"async\" loading=\"lazy\" srcset=\"https:\/\/afcindustries.com\/wp-content\/uploads\/2022\/01\/AFC-Height-Adjustable-Mobile-Workstation-772028-01.jpg 800w, https:\/\/afcindustries.com\/wp-content\/uploads\/2022\/01\/AFC-Height-Adjustable-Mobile-Workstation-772028-01-300x300.jpg 300w, https:\/\/afcindustries.com\/wp-content\/uploads\/2022\/01\/AFC-Height-Adjustable-Mobile-Workstation-772028-01-150x150.jpg 150w, https:\/\/afcindustries.com\/wp-content\/uploads\/2022\/01\/AFC-Height-Adjustable-Mobile-Workstation-772028-01-768x768.jpg 768w, https:\/\/afcindustries.com\/wp-content\/uploads\/2022\/01\/AFC-Height-Adjustable-Mobile-Workstation-772028-01-600x600.jpg 600w, https:\/\/afcindustries.com\/wp-content\/uploads\/2022\/01\/AFC-Height-Adjustable-Mobile-Workstation-772028-01-100x100.jpg 100w\" sizes=\"auto, (max-width: 800px) 100vw, 800px\" title=\"\"><\/a>\n    <h3><a href='https:\/\/afcindustries.com\/es\/producto\/soporte-ergonomico-para-ordenador-con-ruedas\/' title='Soporte ergon\u00f3mico para ordenador con ruedas'>Soporte ergon\u00f3mico para ordenador con ruedas<\/a><\/h3>\n\t\tSKU:772028\n<\/li>\t\t\t\t\n\t\t\t<\/ul>\n\t<ul class='page-numbers'>\n\t<li>1<\/li>\n\t<li><a href=\"https:\/\/afcindustries.com\/es\/page\/2\/?page_id=19720&#038;fl_builder\">2<\/a><\/li>\n\t<li><a href=\"https:\/\/afcindustries.com\/es\/page\/3\/?page_id=19720&#038;fl_builder\">3<\/a><\/li>\n\t<li><a href=\"https:\/\/afcindustries.com\/es\/page\/2\/?page_id=19720&#038;fl_builder\">Siguiente &raquo;<\/a><\/li>\n<\/ul>\n<h1>\n\t\tCarros de soporte de TV m\u00f3viles\n\t<\/h1>\n\t<p>El soporte de monitor de TV m\u00f3vil es el dise\u00f1o de <strong>carro de medios<\/strong> definitivo. Fabricado en acero laminado en fr\u00edo, es una soluci\u00f3n duradera y m\u00f3vil para las pantallas planas utilizadas para la se\u00f1alizaci\u00f3n, las direcciones o el desplazamiento de informaci\u00f3n.<\/p>\n<p>Adem\u00e1s, tiene numerosas aplicaciones como<strong> soporte m\u00f3vil de TV<\/strong> en el aula o en la sala de juntas. Como uno de los mejores carros audiovisuales producidos, puede acomodar m\u00faltiples monitores mientras sus estantes pueden sostener todos sus aparatos electr\u00f3nicos.<\/p>\n\n","protected":false},"excerpt":{"rendered":"<p>Carros M\u00e9dicos Mostrando el \u00fanico resultado Orden predeterminadoOrdenar por popularidadOrdenar por los \u00faltimosOrdenar por precio: bajo a altoOrdenar por precio: alto a bajo Brazo de monitor para carro de ordenador m\u00f3vil con protecci\u00f3n contra estornudos y tos SKU:772818 Soporte ergon\u00f3mico para pantallas planas SKU:772026 Carro de ordenador ergon\u00f3mico para teleconferencias m\u00e9dicas SKU:772435 Carro de ordenador&hellip;<\/p>\n","protected":false},"author":1,"featured_media":0,"parent":0,"menu_order":0,"comment_status":"closed","ping_status":"closed","template":"","meta":{"_acf_changed":false,"inline_featured_image":false,"footnotes":""},"class_list":["post-19720","page","type-page","status-publish","hentry"],"acf":[],"_links":{"self":[{"href":"https:\/\/afcindustries.com\/es\/wp-json\/wp\/v2\/pages\/19720","targetHints":{"allow":["GET"]}}],"collection":[{"href":"https:\/\/afcindustries.com\/es\/wp-json\/wp\/v2\/pages"}],"about":[{"href":"https:\/\/afcindustries.com\/es\/wp-json\/wp\/v2\/types\/page"}],"author":[{"embeddable":true,"href":"https:\/\/afcindustries.com\/es\/wp-json\/wp\/v2\/users\/1"}],"replies":[{"embeddable":true,"href":"https:\/\/afcindustries.com\/es\/wp-json\/wp\/v2\/comments?post=19720"}],"version-history":[{"count":0,"href":"https:\/\/afcindustries.com\/es\/wp-json\/wp\/v2\/pages\/19720\/revisions"}],"wp:attachment":[{"href":"https:\/\/afcindustries.com\/es\/wp-json\/wp\/v2\/media?parent=19720"}],"curies":[{"name":"wp","href":"https:\/\/api.w.org\/{rel}","templated":true}]}}