{"id":19715,"date":"2022-02-16T11:47:40","date_gmt":"2022-02-16T16:47:40","guid":{"rendered":"https:\/\/afcindustries.com\/seguridad-y-salas-de-control\/"},"modified":"2024-10-15T09:40:42","modified_gmt":"2024-10-15T13:40:42","slug":"seguridad-y-salas-de-control","status":"publish","type":"page","link":"https:\/\/afcindustries.com\/es\/seguridad-y-salas-de-control\/","title":{"rendered":"SEGURIDAD Y SALAS DE CONTROL"},"content":{"rendered":"\n\n\t\t\t<a href=\"https:\/\/afcindustries.com\/es\/todos-los-escritorios-de-pie\/\" target=\"_self\" rel=\"noopener\">\n\t\t<h3>Escritorios\/estaciones de trabajo de pie<\/h3>\n\t\t<\/a>\n\t\t\t<a href=\"https:\/\/afcindustries.com\/es\/soportes-de-pared-para-ordenador\/\" target=\"_self\" rel=\"noopener\">\n\t\t<h3>Sistemas inform\u00e1ticos murales<\/h3>\n\t\t<\/a>\n\t\t\t<a href=\"https:\/\/afcindustries.com\/es\/carro-de-telemedicina\/\" target=\"_self\" rel=\"noopener\">\n\t\t<h3>Carros de comunicaci\u00f3n<\/h3>\n\t\t<\/a>\n\t<h1>\n\t\tConsolas de la sala de control de seguridad\n\t<\/h1>\n\t\t\t\t\t\t\t\t\t<img loading=\"lazy\" decoding=\"async\" src=\"https:\/\/afcindustries.com\/wp-content\/uploads\/2022\/02\/security-control-rooms-section-banner-1140x281-1.jpg\" alt=\"High-performance Control Room Consoles by AFC Industries\" itemprop=\"image\" height=\"281\" width=\"1140\" srcset=\"https:\/\/afcindustries.com\/wp-content\/uploads\/2022\/02\/security-control-rooms-section-banner-1140x281-1.jpg 1140w, https:\/\/afcindustries.com\/wp-content\/uploads\/2022\/02\/security-control-rooms-section-banner-1140x281-1-300x74.jpg 300w, https:\/\/afcindustries.com\/wp-content\/uploads\/2022\/02\/security-control-rooms-section-banner-1140x281-1-1024x252.jpg 1024w, https:\/\/afcindustries.com\/wp-content\/uploads\/2022\/02\/security-control-rooms-section-banner-1140x281-1-768x189.jpg 768w, https:\/\/afcindustries.com\/wp-content\/uploads\/2022\/02\/security-control-rooms-section-banner-1140x281-1-600x148.jpg 600w\" sizes=\"auto, (max-width: 1140px) 100vw, 1140px\" title=\"High-performance Control Room Consoles by AFC Industries\" onerror=\"this.style.display='none'\"  \/>\n<h2>\n\t\tConsolas de vigilancia de seguridad y de sala de control industrial\n\t<\/h2>\n\t<p>En AFC Industries, nos especializamos en el dise\u00f1o y la fabricaci\u00f3n de soluciones de vanguardia para salas de control que satisfacen las necesidades \u00fanicas de los entornos de misi\u00f3n cr\u00edtica. Nuestro mobiliario para salas de control est\u00e1 construido con precisi\u00f3n e innovaci\u00f3n, y ofrece dise\u00f1os ergon\u00f3micos que mejoran la comodidad y la eficiencia del operador. Ya sea que se trate de centros de comando, salas de monitoreo de seguridad u otras aplicaciones cr\u00edticas, nuestro mobiliario para salas de control ofrece confiabilidad y funcionalidad. Explore nuestra gama de soluciones adaptadas a sus necesidades de mobiliario para salas de control y mejore sus capacidades operativas con AFC Industries.    El Smart Rack es una soluci\u00f3n modular que ahorra espacio para alojar una gran variedad de equipos t\u00e9cnicos. Con un dise\u00f1o de calidad, viene en m\u00faltiples configuraciones para montar LCDs, CRTs, CPUs y todos los equipos est\u00e1ndar de montaje en rack de 19 pulgadas.  <strong>Soluciones de pupitres de seguridad<\/strong> de altura regulable que abarcan desde entornos de un solo usuario hasta instalaciones de salas de control con varios operadores, dise\u00f1adas espec\u00edficamente para la supervisi\u00f3n 24\/7. Soluciones completas para la industria de la radiodifusi\u00f3n, la sala de control de seguridad, los aeropuertos, las infraestructuras cr\u00edticas, el ferrocarril y mucho m\u00e1s.<\/p>\n\t\t\t\t\t\t\t\t<a href=\"https:\/\/afcindustries.com\/all-security-control-rooms\/\" target=\"_self\" itemprop=\"url\" rel=\"noopener\">\n\t\t\t\t\t\t\t\t\t<img loading=\"lazy\" decoding=\"async\" src=\"https:\/\/afcindustries.com\/wp-content\/uploads\/2022\/02\/security-and-control-rooms.jpg\" alt=\"security and control rooms\" itemprop=\"image\" height=\"300\" width=\"300\" srcset=\"https:\/\/afcindustries.com\/wp-content\/uploads\/2022\/02\/security-and-control-rooms.jpg 300w, https:\/\/afcindustries.com\/wp-content\/uploads\/2022\/02\/security-and-control-rooms-150x150.jpg 150w, https:\/\/afcindustries.com\/wp-content\/uploads\/2022\/02\/security-and-control-rooms-100x100.jpg 100w\" sizes=\"auto, (max-width: 300px) 100vw, 300px\" title=\"security and control rooms\" onerror=\"this.style.display='none'\"  \/>\n\t\t\t\t\t\t\t\t\t\t\t\t\t<\/a>\n<h2>\n\t\tEscritorios de pie con ordenador de la sala de control de seguridad\n\t<\/h2>\n\t<p>AFC Industries ofrece muebles de alta calidad para salas de seguridad con dise\u00f1os modernos, ergonom\u00eda confortable y caracter\u00edsticas vers\u00e1tiles adecuadas para las exigentes necesidades del personal de seguridad.<\/p>\n\t\t\t\t\t\t\t\t<a href=\"https:\/\/afcindustries.com\/security-desk\/\" target=\"_self\" itemprop=\"url\" rel=\"noopener\">\n\t\t\t\t\t\t\t\t\t<img loading=\"lazy\" decoding=\"async\" src=\"https:\/\/afcindustries.com\/wp-content\/uploads\/2022\/02\/control-security-desks-room-afc-1.jpg\" alt=\"control security desks room afc 1\" itemprop=\"image\" height=\"300\" width=\"300\" srcset=\"https:\/\/afcindustries.com\/wp-content\/uploads\/2022\/02\/control-security-desks-room-afc-1.jpg 300w, https:\/\/afcindustries.com\/wp-content\/uploads\/2022\/02\/control-security-desks-room-afc-1-150x150.jpg 150w, https:\/\/afcindustries.com\/wp-content\/uploads\/2022\/02\/control-security-desks-room-afc-1-100x100.jpg 100w\" sizes=\"auto, (max-width: 300px) 100vw, 300px\" title=\"control security desks room afc 1\" onerror=\"this.style.display='none'\"  \/>\n\t\t\t\t\t\t\t\t\t\t\t\t\t<\/a>\n<h2>\n\t\t<a href=\"https:\/\/afcindustries.com\/es\/mostrador-de-seguridad\/\" title=\"Escritorios de seguridad | Heavy Duty\" target=\"_self\" rel=\"noopener\">\n\t\tEscritorios de seguridad | Heavy Duty\n\t\t<\/a>\n\t<\/h2>\n\t<p>Las consolas de vigilancia y control de seguridad de altura regulable son puestos de trabajo dise\u00f1ados ergon\u00f3micamente para diversos entornos de trabajo.<\/p>\n\t\t\t\t\t\t\t\t<a href=\"https:\/\/afcindustries.com\/free-standing-video-wall\/\" target=\"_self\" itemprop=\"url\" rel=\"noopener\">\n\t\t\t\t\t\t\t\t\t<img loading=\"lazy\" decoding=\"async\" src=\"https:\/\/afcindustries.com\/wp-content\/uploads\/2022\/02\/free-standing-video-wall-mount.jpg\" alt=\"free standing video wall mount\" itemprop=\"image\" height=\"300\" width=\"300\" srcset=\"https:\/\/afcindustries.com\/wp-content\/uploads\/2022\/02\/free-standing-video-wall-mount.jpg 300w, https:\/\/afcindustries.com\/wp-content\/uploads\/2022\/02\/free-standing-video-wall-mount-150x150.jpg 150w, https:\/\/afcindustries.com\/wp-content\/uploads\/2022\/02\/free-standing-video-wall-mount-100x100.jpg 100w\" sizes=\"auto, (max-width: 300px) 100vw, 300px\" title=\"free standing video wall mount\" onerror=\"this.style.display='none'\"  \/>\n\t\t\t\t\t\t\t\t\t\t\t\t\t<\/a>\n<h2>\n\t\t<a href=\"https:\/\/afcindustries.com\/es\/videowall-independiente\/\" title=\"Soportes de suelo para pantallas multimonitor\" target=\"_self\" rel=\"noopener\">\n\t\tSoportes de suelo para pantallas multimonitor\n\t\t<\/a>\n\t<\/h2>\n\t<p>AFC ofrece soportes de suelo para pantallas multimonitor de alta calidad con dise\u00f1os est\u00e9ticos modernos que son pr\u00e1cticos de usar, y est\u00e1n construidos con caracter\u00edsticas vers\u00e1tiles que cumplen con las exigentes necesidades del personal de la sala de control y de los operadores comerciales.<\/p>\n\n","protected":false},"excerpt":{"rendered":"<p>Escritorios\/estaciones de trabajo de pie Sistemas inform\u00e1ticos murales Carros de comunicaci\u00f3n Consolas de la sala de control de seguridad Consolas de vigilancia de seguridad y de sala de control industrial En AFC Industries, nos especializamos en el dise\u00f1o y la fabricaci\u00f3n de soluciones de vanguardia para salas de control que satisfacen las necesidades \u00fanicas de&hellip;<\/p>\n","protected":false},"author":1,"featured_media":0,"parent":0,"menu_order":0,"comment_status":"closed","ping_status":"closed","template":"","meta":{"_acf_changed":false,"inline_featured_image":false,"footnotes":""},"class_list":["post-19715","page","type-page","status-publish","hentry"],"acf":[],"_links":{"self":[{"href":"https:\/\/afcindustries.com\/es\/wp-json\/wp\/v2\/pages\/19715","targetHints":{"allow":["GET"]}}],"collection":[{"href":"https:\/\/afcindustries.com\/es\/wp-json\/wp\/v2\/pages"}],"about":[{"href":"https:\/\/afcindustries.com\/es\/wp-json\/wp\/v2\/types\/page"}],"author":[{"embeddable":true,"href":"https:\/\/afcindustries.com\/es\/wp-json\/wp\/v2\/users\/1"}],"replies":[{"embeddable":true,"href":"https:\/\/afcindustries.com\/es\/wp-json\/wp\/v2\/comments?post=19715"}],"version-history":[{"count":0,"href":"https:\/\/afcindustries.com\/es\/wp-json\/wp\/v2\/pages\/19715\/revisions"}],"wp:attachment":[{"href":"https:\/\/afcindustries.com\/es\/wp-json\/wp\/v2\/media?parent=19715"}],"curies":[{"name":"wp","href":"https:\/\/api.w.org\/{rel}","templated":true}]}}