{"id":19714,"date":"2022-02-17T11:09:53","date_gmt":"2022-02-17T16:09:53","guid":{"rendered":"https:\/\/afcindustries.com\/carro-para-pc-en-el-punto-de-atencion\/"},"modified":"2024-10-04T14:40:51","modified_gmt":"2024-10-04T18:40:51","slug":"carro-para-pc-en-el-punto-de-atencion","status":"publish","type":"page","link":"https:\/\/afcindustries.com\/es\/carro-para-pc-en-el-punto-de-atencion\/","title":{"rendered":"Carro para PC en el punto de atenci\u00f3n"},"content":{"rendered":"\n\n\t<h2>\n\t\tCarros m\u00e9dicos\n\t<\/h2>\n\t\t\t\t\t\t\t\t<a href=\"https:\/\/afcindustries.com\/contact\/\" target=\"_self\" itemprop=\"url\" rel=\"noopener\">\n\t\t\t\t\t\t\t\t\t<img loading=\"lazy\" decoding=\"async\" src=\"https:\/\/afcindustries.com\/wp-content\/uploads\/2022\/05\/Promo-Fall-23.gif\" alt=\"Promo Fall\" itemprop=\"image\" height=\"450\" width=\"280\" title=\"Promo Fall\" onerror=\"this.style.display='none'\"  \/>\n\t\t\t\t\t\t\t\t\t\t\t\t\t<\/a>\n\n\n\tMostrando el \u00fanico resultado\n<form method=\"get\">\n\t<select name=\"orderby\" aria-label=\"Pedido de la tienda\">\n\t\t\t\t\t<option value=\"menu_order\"  selected='selected'>Orden predeterminado<\/option>\n\t\t\t\t\t<option value=\"popularity\">Ordenar por popularidad<\/option>\n\t\t\t\t\t<option value=\"date\">Ordenar por los \u00faltimos<\/option>\n\t\t\t\t\t<option value=\"price\">Ordenar por precio: bajo a alto<\/option>\n\t\t\t\t\t<option value=\"price-desc\">Ordenar por precio: alto a bajo<\/option>\n\t\t\t<\/select>\n\t<input type=\"hidden\" name=\"paged\" value=\"1\" \/>\n\t<input type=\"hidden\" name=\"page_id\" value=\"19714\" \/><input type=\"hidden\" name=\"fl_builder\" value=\"\" \/><\/form>\n\t\t\t<ul>\n\t\t\t\t<li id=\"woopack-product-20131\"  data-product-id=\"20131\">\n\t<a href='https:\/\/afcindustries.com\/es\/producto\/carro-de-ordenador-medico-3\/' title='Carro de ordenador m\u00e9dico'><img width=\"499\" height=\"499\" src=\"https:\/\/afcindustries.com\/wp-content\/uploads\/2022\/01\/772080-medical-computer-cart-on-wheels.jpg\" alt=\"772080 medical computer cart on wheels\" itemprop=\"image\" decoding=\"async\" loading=\"lazy\" srcset=\"https:\/\/afcindustries.com\/wp-content\/uploads\/2022\/01\/772080-medical-computer-cart-on-wheels.jpg 499w, https:\/\/afcindustries.com\/wp-content\/uploads\/2022\/01\/772080-medical-computer-cart-on-wheels-300x300.jpg 300w, https:\/\/afcindustries.com\/wp-content\/uploads\/2022\/01\/772080-medical-computer-cart-on-wheels-100x100.jpg 100w, https:\/\/afcindustries.com\/wp-content\/uploads\/2022\/01\/772080-medical-computer-cart-on-wheels-150x150.jpg 150w\" sizes=\"auto, (max-width: 499px) 100vw, 499px\" title=\"\"><\/a>\n    <h3><a href='https:\/\/afcindustries.com\/es\/producto\/carro-de-ordenador-medico-3\/' title='Carro de ordenador m\u00e9dico'>Carro de ordenador m\u00e9dico<\/a><\/h3>\n\t\tSKU:772080\n<\/li><li id=\"woopack-product-19640\"  data-product-id=\"19640\">\n\t<a href='https:\/\/afcindustries.com\/es\/producto\/carro-de-ordenador-para-hospitales\/' title='Carro de ordenador para hospitales'><img width=\"499\" height=\"499\" src=\"https:\/\/afcindustries.com\/wp-content\/uploads\/2022\/01\/771899-best-telemedicine-computer-cart.jpg\" alt=\"771899 best telemedicine computer cart\" itemprop=\"image\" decoding=\"async\" loading=\"lazy\" srcset=\"https:\/\/afcindustries.com\/wp-content\/uploads\/2022\/01\/771899-best-telemedicine-computer-cart.jpg 499w, https:\/\/afcindustries.com\/wp-content\/uploads\/2022\/01\/771899-best-telemedicine-computer-cart-300x300.jpg 300w, https:\/\/afcindustries.com\/wp-content\/uploads\/2022\/01\/771899-best-telemedicine-computer-cart-100x100.jpg 100w, https:\/\/afcindustries.com\/wp-content\/uploads\/2022\/01\/771899-best-telemedicine-computer-cart-150x150.jpg 150w\" sizes=\"auto, (max-width: 499px) 100vw, 499px\" title=\"\"><\/a>\n    <h3><a href='https:\/\/afcindustries.com\/es\/producto\/carro-de-ordenador-para-hospitales\/' title='Carro de ordenador para hospitales'>Carro de ordenador para hospitales<\/a><\/h3>\n\t\tSKU:771899\n<\/li><li id=\"woopack-product-20244\"  data-product-id=\"20244\">\n    <h3><a href='https:\/\/afcindustries.com\/es\/producto\/' title='Carrito de fleb\u00f3tomos'>Carrito de fleb\u00f3tomos<\/a><\/h3>\n\t\tSKU:772937\n<\/li><li id=\"woopack-product-20166\"  data-product-id=\"20166\">\n\t<a href='https:\/\/afcindustries.com\/es\/producto\/carro-movil-del-ecografo-portatil\/' title='Carro m\u00f3vil del ec\u00f3grafo port\u00e1til'><img width=\"800\" height=\"800\" src=\"https:\/\/afcindustries.com\/wp-content\/uploads\/2022\/01\/772804-Computer-Workstation-Carts-01.jpg\" alt=\"772804 Computer Workstation Carts\" itemprop=\"image\" decoding=\"async\" loading=\"lazy\" srcset=\"https:\/\/afcindustries.com\/wp-content\/uploads\/2022\/01\/772804-Computer-Workstation-Carts-01.jpg 800w, https:\/\/afcindustries.com\/wp-content\/uploads\/2022\/01\/772804-Computer-Workstation-Carts-01-300x300.jpg 300w, https:\/\/afcindustries.com\/wp-content\/uploads\/2022\/01\/772804-Computer-Workstation-Carts-01-150x150.jpg 150w, https:\/\/afcindustries.com\/wp-content\/uploads\/2022\/01\/772804-Computer-Workstation-Carts-01-768x768.jpg 768w, https:\/\/afcindustries.com\/wp-content\/uploads\/2022\/01\/772804-Computer-Workstation-Carts-01-600x600.jpg 600w, https:\/\/afcindustries.com\/wp-content\/uploads\/2022\/01\/772804-Computer-Workstation-Carts-01-100x100.jpg 100w\" sizes=\"auto, (max-width: 800px) 100vw, 800px\" title=\"\"><\/a>\n    <h3><a href='https:\/\/afcindustries.com\/es\/producto\/carro-movil-del-ecografo-portatil\/' title='Carro m\u00f3vil del ec\u00f3grafo port\u00e1til'>Carro m\u00f3vil del ec\u00f3grafo port\u00e1til<\/a><\/h3>\n\t\tSKU:772804-A\n<\/li><li id=\"woopack-product-20110\"  data-product-id=\"20110\">\n\t<a href='https:\/\/afcindustries.com\/es\/producto\/carro-de-telemedicina-ajustable\/' title='Carro de ordenador ajustable para telemedicina'><img width=\"499\" height=\"499\" src=\"https:\/\/afcindustries.com\/wp-content\/uploads\/2022\/01\/772731-medical-computer-carts-on-wheels.jpg\" alt=\"772731 carros de ordenador m\u00e9dico con ruedas\" itemprop=\"image\" decoding=\"async\" loading=\"lazy\" srcset=\"https:\/\/afcindustries.com\/wp-content\/uploads\/2022\/01\/772731-medical-computer-carts-on-wheels.jpg 499w, https:\/\/afcindustries.com\/wp-content\/uploads\/2022\/01\/772731-medical-computer-carts-on-wheels-300x300.jpg 300w, https:\/\/afcindustries.com\/wp-content\/uploads\/2022\/01\/772731-medical-computer-carts-on-wheels-100x100.jpg 100w, https:\/\/afcindustries.com\/wp-content\/uploads\/2022\/01\/772731-medical-computer-carts-on-wheels-150x150.jpg 150w\" sizes=\"auto, (max-width: 499px) 100vw, 499px\" title=\"\"><\/a>\n    <h3><a href='https:\/\/afcindustries.com\/es\/producto\/carro-de-telemedicina-ajustable\/' title='Carro de ordenador ajustable para telemedicina'>Carro de ordenador ajustable para telemedicina<\/a><\/h3>\n\t\tSKU:772731\n<\/li><li id=\"woopack-product-20099\"  data-product-id=\"20099\">\n\t<a href='https:\/\/afcindustries.com\/es\/producto\/carro-ergonomico-telemedico-camara\/' title='Carro ergon\u00f3mico para c\u00e1maras de telemedicina'><img width=\"499\" height=\"499\" src=\"https:\/\/afcindustries.com\/wp-content\/uploads\/2022\/01\/772434-adjustable-medical-computer-cart.jpg\" alt=\"772434 carro de ordenador m\u00e9dico ajustable\" itemprop=\"image\" decoding=\"async\" loading=\"lazy\" srcset=\"https:\/\/afcindustries.com\/wp-content\/uploads\/2022\/01\/772434-adjustable-medical-computer-cart.jpg 499w, https:\/\/afcindustries.com\/wp-content\/uploads\/2022\/01\/772434-adjustable-medical-computer-cart-300x300.jpg 300w, https:\/\/afcindustries.com\/wp-content\/uploads\/2022\/01\/772434-adjustable-medical-computer-cart-100x100.jpg 100w, https:\/\/afcindustries.com\/wp-content\/uploads\/2022\/01\/772434-adjustable-medical-computer-cart-150x150.jpg 150w\" sizes=\"auto, (max-width: 499px) 100vw, 499px\" title=\"\"><\/a>\n    <h3><a href='https:\/\/afcindustries.com\/es\/producto\/carro-ergonomico-telemedico-camara\/' title='Carro ergon\u00f3mico para c\u00e1maras de telemedicina'>Carro ergon\u00f3mico para c\u00e1maras de telemedicina<\/a><\/h3>\n\t\tSKU:772434\n<\/li><li id=\"woopack-product-20083\"  data-product-id=\"20083\">\n\t<a href='https:\/\/afcindustries.com\/es\/producto\/carro-medico-de-punto-de-atencion-movil\/' title='Carro m\u00e9dico de punto de atenci\u00f3n m\u00f3vil'><img width=\"499\" height=\"499\" src=\"https:\/\/afcindustries.com\/wp-content\/uploads\/2022\/01\/772735-mobile-ergonomic-point-of-care-medical-cart.jpg\" alt=\"772735 mobile ergonomic point of care medical cart\" itemprop=\"image\" decoding=\"async\" loading=\"lazy\" srcset=\"https:\/\/afcindustries.com\/wp-content\/uploads\/2022\/01\/772735-mobile-ergonomic-point-of-care-medical-cart.jpg 499w, https:\/\/afcindustries.com\/wp-content\/uploads\/2022\/01\/772735-mobile-ergonomic-point-of-care-medical-cart-300x300.jpg 300w, https:\/\/afcindustries.com\/wp-content\/uploads\/2022\/01\/772735-mobile-ergonomic-point-of-care-medical-cart-100x100.jpg 100w, https:\/\/afcindustries.com\/wp-content\/uploads\/2022\/01\/772735-mobile-ergonomic-point-of-care-medical-cart-150x150.jpg 150w\" sizes=\"auto, (max-width: 499px) 100vw, 499px\" title=\"\"><\/a>\n    <h3><a href='https:\/\/afcindustries.com\/es\/producto\/carro-medico-de-punto-de-atencion-movil\/' title='Carro m\u00e9dico de punto de atenci\u00f3n m\u00f3vil'>Carro m\u00e9dico de punto de atenci\u00f3n m\u00f3vil<\/a><\/h3>\n\t\tSKU:772735\n<\/li><li id=\"woopack-product-19959\"  data-product-id=\"19959\">\n\t<a href='https:\/\/afcindustries.com\/es\/producto\/carro-para-servidores-de-ordenador-de-hospital\/' title='Carro para servidores de ordenador de hospital'><img width=\"499\" height=\"499\" src=\"https:\/\/afcindustries.com\/wp-content\/uploads\/2022\/01\/772730-medical-computer-cart.jpg\" alt=\"772730 medical computer cart\" itemprop=\"image\" decoding=\"async\" loading=\"lazy\" srcset=\"https:\/\/afcindustries.com\/wp-content\/uploads\/2022\/01\/772730-medical-computer-cart.jpg 499w, https:\/\/afcindustries.com\/wp-content\/uploads\/2022\/01\/772730-medical-computer-cart-300x300.jpg 300w, https:\/\/afcindustries.com\/wp-content\/uploads\/2022\/01\/772730-medical-computer-cart-100x100.jpg 100w, https:\/\/afcindustries.com\/wp-content\/uploads\/2022\/01\/772730-medical-computer-cart-150x150.jpg 150w\" sizes=\"auto, (max-width: 499px) 100vw, 499px\" title=\"\"><\/a>\n    <h3><a href='https:\/\/afcindustries.com\/es\/producto\/carro-para-servidores-de-ordenador-de-hospital\/' title='Carro para servidores de ordenador de hospital'>Carro para servidores de ordenador de hospital<\/a><\/h3>\n\t\tSKU:772730\n<\/li><li id=\"woopack-product-19864\"  data-product-id=\"19864\">\n\t<a href='https:\/\/afcindustries.com\/es\/producto\/carro-de-ordenador-movil-con-brazo-para-dos-monitores\/' title='Carro de ordenador m\u00f3vil con brazo para dos monitores'><img width=\"499\" height=\"499\" src=\"https:\/\/afcindustries.com\/wp-content\/uploads\/2022\/01\/772740-mobile-hospital-point-of-care-computer-cart.jpg\" alt=\"772740 mobile hospital point of care computer cart\" itemprop=\"image\" decoding=\"async\" loading=\"lazy\" srcset=\"https:\/\/afcindustries.com\/wp-content\/uploads\/2022\/01\/772740-mobile-hospital-point-of-care-computer-cart.jpg 499w, https:\/\/afcindustries.com\/wp-content\/uploads\/2022\/01\/772740-mobile-hospital-point-of-care-computer-cart-300x300.jpg 300w, https:\/\/afcindustries.com\/wp-content\/uploads\/2022\/01\/772740-mobile-hospital-point-of-care-computer-cart-100x100.jpg 100w, https:\/\/afcindustries.com\/wp-content\/uploads\/2022\/01\/772740-mobile-hospital-point-of-care-computer-cart-150x150.jpg 150w\" sizes=\"auto, (max-width: 499px) 100vw, 499px\" title=\"\"><\/a>\n    <h3><a href='https:\/\/afcindustries.com\/es\/producto\/carro-de-ordenador-movil-con-brazo-para-dos-monitores\/' title='Carro de ordenador m\u00f3vil con brazo para dos monitores'>Carro de ordenador m\u00f3vil con brazo para dos monitores<\/a><\/h3>\n\t\tSKU:772740\n<\/li><li id=\"woopack-product-19824\"  data-product-id=\"19824\">\n\t<a href='https:\/\/afcindustries.com\/es\/producto\/carro-de-ordenador-medico-rodante-de-alta-calidad-para-el-punto-de-atencion\/' title='Carro de ordenador m\u00e9dico rodante de alta calidad para el punto de atenci\u00f3n'><img width=\"499\" height=\"499\" src=\"https:\/\/afcindustries.com\/wp-content\/uploads\/2022\/01\/772737-rolling-point-of-care-medical-computer-cart.jpg\" alt=\"772737 rolling point of care medical computer cart\" itemprop=\"image\" decoding=\"async\" loading=\"lazy\" srcset=\"https:\/\/afcindustries.com\/wp-content\/uploads\/2022\/01\/772737-rolling-point-of-care-medical-computer-cart.jpg 499w, https:\/\/afcindustries.com\/wp-content\/uploads\/2022\/01\/772737-rolling-point-of-care-medical-computer-cart-300x300.jpg 300w, https:\/\/afcindustries.com\/wp-content\/uploads\/2022\/01\/772737-rolling-point-of-care-medical-computer-cart-100x100.jpg 100w, https:\/\/afcindustries.com\/wp-content\/uploads\/2022\/01\/772737-rolling-point-of-care-medical-computer-cart-150x150.jpg 150w\" sizes=\"auto, (max-width: 499px) 100vw, 499px\" title=\"\"><\/a>\n    <h3><a href='https:\/\/afcindustries.com\/es\/producto\/carro-de-ordenador-medico-rodante-de-alta-calidad-para-el-punto-de-atencion\/' title='Carro de ordenador m\u00e9dico rodante de alta calidad para el punto de atenci\u00f3n'>Carro de ordenador m\u00e9dico rodante de alta calidad para el punto de atenci\u00f3n<\/a><\/h3>\n\t\tSKU:772737\n<\/li><li id=\"woopack-product-19814\"  data-product-id=\"19814\">\n\t<a href='https:\/\/afcindustries.com\/es\/producto\/carro-ergonomico-medico-ordenador\/' title='Carro de ordenador m\u00e9dico ergon\u00f3mico'><img width=\"499\" height=\"499\" src=\"https:\/\/afcindustries.com\/wp-content\/uploads\/2022\/01\/772018-computer-on-wheels-hospital.jpg\" alt=\"772018 ordenador sobre ruedas hospital\" itemprop=\"image\" decoding=\"async\" loading=\"lazy\" srcset=\"https:\/\/afcindustries.com\/wp-content\/uploads\/2022\/01\/772018-computer-on-wheels-hospital.jpg 499w, https:\/\/afcindustries.com\/wp-content\/uploads\/2022\/01\/772018-computer-on-wheels-hospital-300x300.jpg 300w, https:\/\/afcindustries.com\/wp-content\/uploads\/2022\/01\/772018-computer-on-wheels-hospital-100x100.jpg 100w, https:\/\/afcindustries.com\/wp-content\/uploads\/2022\/01\/772018-computer-on-wheels-hospital-150x150.jpg 150w\" sizes=\"auto, (max-width: 499px) 100vw, 499px\" title=\"\"><\/a>\n    <h3><a href='https:\/\/afcindustries.com\/es\/producto\/carro-ergonomico-medico-ordenador\/' title='Carro de ordenador m\u00e9dico ergon\u00f3mico'>Carro de ordenador m\u00e9dico ergon\u00f3mico<\/a><\/h3>\n\t\tSKU:772018\n<\/li><li id=\"woopack-product-19620\"  data-product-id=\"19620\">\n\t<a href='https:\/\/afcindustries.com\/es\/producto\/carro-de-ordenador-medico\/' title='Carro de ordenador m\u00e9dico'><img width=\"800\" height=\"800\" src=\"https:\/\/afcindustries.com\/wp-content\/uploads\/2023\/09\/09-custom.jpg\" alt=\"Computer desks and carts by AFC, featuring sleek design and functionality for modern workspaces.\" itemprop=\"image\" decoding=\"async\" loading=\"lazy\" srcset=\"https:\/\/afcindustries.com\/wp-content\/uploads\/2023\/09\/09-custom.jpg 800w, https:\/\/afcindustries.com\/wp-content\/uploads\/2023\/09\/09-custom-300x300.jpg 300w, https:\/\/afcindustries.com\/wp-content\/uploads\/2023\/09\/09-custom-150x150.jpg 150w, https:\/\/afcindustries.com\/wp-content\/uploads\/2023\/09\/09-custom-768x768.jpg 768w, https:\/\/afcindustries.com\/wp-content\/uploads\/2023\/09\/09-custom-600x600.jpg 600w, https:\/\/afcindustries.com\/wp-content\/uploads\/2023\/09\/09-custom-100x100.jpg 100w\" sizes=\"auto, (max-width: 800px) 100vw, 800px\" title=\"\"><\/a>\n    <h3><a href='https:\/\/afcindustries.com\/es\/producto\/carro-de-ordenador-medico\/' title='Carro de ordenador m\u00e9dico'>Carro de ordenador m\u00e9dico<\/a><\/h3>\n\t\tSKU:771900\n<\/li>\t\t\t\t\n\t\t\t<\/ul>\n<h2>\n\t\tCarros m\u00e9dicos POC (Point of Care)\n\t<\/h2>\n\t<p>AFC Industries presenta un carro sanitario dise\u00f1ado para una utilidad \u00f3ptima en el punto de atenci\u00f3n. Estos carros, que cuentan con funciones avanzadas, permiten a los profesionales sanitarios centrarse en lo que m\u00e1s importa: brindar una atenci\u00f3n excepcional en el punto de necesidad. <\/p>\n<h2>\n\t\tMejorar el punto de atenci\u00f3n con Healthcare Cart\n\t<\/h2>\n\t<p>Carro de punto de atenci\u00f3n de telemedicina m\u00f3vil para uso sanitario. Dise\u00f1ado para una m\u00e1xima flexibilidad y una movilidad racionalizada. Los accesorios adicionales que se incluyen son el sistema de alimentaci\u00f3n por bater\u00eda modular, el teclado retr\u00e1ctil, las bandejas para el rat\u00f3n y muchos m\u00e1s que ya se incluyen en nuestros carros de punto de atenci\u00f3n.<\/p>\n<p>El carro POC de telesalud sobre ruedas est\u00e1 fabricado en acero, lo que permite su desinfecci\u00f3n y limpieza con bastante facilidad. Estos equipos de telemedicina sanitaria vienen en muchas configuraciones diferentes.<\/p>\n\n","protected":false},"excerpt":{"rendered":"<p>Carros m\u00e9dicos Mostrando el \u00fanico resultado Orden predeterminadoOrdenar por popularidadOrdenar por los \u00faltimosOrdenar por precio: bajo a altoOrdenar por precio: alto a bajo Carro de ordenador m\u00e9dico SKU:772080 Carro de ordenador para hospitales SKU:771899 Carrito de fleb\u00f3tomos SKU:772937 Carro m\u00f3vil del ec\u00f3grafo port\u00e1til SKU:772804-A Carro de ordenador ajustable para telemedicina SKU:772731 Carro ergon\u00f3mico para c\u00e1maras&hellip;<\/p>\n","protected":false},"author":1,"featured_media":0,"parent":0,"menu_order":0,"comment_status":"closed","ping_status":"closed","template":"","meta":{"_acf_changed":false,"inline_featured_image":false,"footnotes":""},"class_list":["post-19714","page","type-page","status-publish","hentry"],"acf":[],"_links":{"self":[{"href":"https:\/\/afcindustries.com\/es\/wp-json\/wp\/v2\/pages\/19714","targetHints":{"allow":["GET"]}}],"collection":[{"href":"https:\/\/afcindustries.com\/es\/wp-json\/wp\/v2\/pages"}],"about":[{"href":"https:\/\/afcindustries.com\/es\/wp-json\/wp\/v2\/types\/page"}],"author":[{"embeddable":true,"href":"https:\/\/afcindustries.com\/es\/wp-json\/wp\/v2\/users\/1"}],"replies":[{"embeddable":true,"href":"https:\/\/afcindustries.com\/es\/wp-json\/wp\/v2\/comments?post=19714"}],"version-history":[{"count":0,"href":"https:\/\/afcindustries.com\/es\/wp-json\/wp\/v2\/pages\/19714\/revisions"}],"wp:attachment":[{"href":"https:\/\/afcindustries.com\/es\/wp-json\/wp\/v2\/media?parent=19714"}],"curies":[{"name":"wp","href":"https:\/\/api.w.org\/{rel}","templated":true}]}}