{"id":19713,"date":"2022-02-16T20:16:07","date_gmt":"2022-02-17T01:16:07","guid":{"rendered":"https:\/\/afcindustries.com\/estacion-de-trabajo-whitestone\/"},"modified":"2024-11-29T10:42:24","modified_gmt":"2024-11-29T15:42:24","slug":"estacion-de-trabajo-whitestone","status":"publish","type":"page","link":"https:\/\/afcindustries.com\/es\/estacion-de-trabajo-whitestone\/","title":{"rendered":"Estaci\u00f3n de trabajo Whitestone"},"content":{"rendered":"\n\n\t<h2>\n\t\tESCRITORIO DE PIE\n\t<\/h2>\n\t\t\t\t\t\t\t\t<a href=\"https:\/\/afcindustries.com\/contact\/\" target=\"_self\" itemprop=\"url\">\n\t\t\t\t\t\t\t\t\t<img loading=\"lazy\" decoding=\"async\" src=\"https:\/\/afcindustries.com\/wp-content\/uploads\/2022\/05\/Promo-Fall-23.gif\" alt=\"Promo Fall\" itemprop=\"image\" height=\"450\" width=\"280\" title=\"Promo Fall\" onerror=\"this.style.display='none'\"  \/>\n\t\t\t\t\t\t\t\t\t\t\t\t\t<\/a>\n\n\t\t\t<ul>\n\t\t\t\t<li id=\"woopack-product-20025\"  data-product-id=\"20025\">\n\t<a href='https:\/\/afcindustries.com\/es\/producto\/escritorios-de-pie-para-estaciones-de-trabajo-pacs-en-centros-de-radiologia\/' title='Escritorios de pie para estaciones de trabajo PACS en centros de radiolog\u00eda'><img width=\"499\" height=\"499\" src=\"https:\/\/afcindustries.com\/wp-content\/uploads\/2022\/01\/772126-standing-desks-for-radiology-imaging-center-pacs-workstation.jpg\" alt=\"772126 standing desks for radiology imaging center pacs workstation\" itemprop=\"image\" decoding=\"async\" loading=\"lazy\" srcset=\"https:\/\/afcindustries.com\/wp-content\/uploads\/2022\/01\/772126-standing-desks-for-radiology-imaging-center-pacs-workstation.jpg 499w, https:\/\/afcindustries.com\/wp-content\/uploads\/2022\/01\/772126-standing-desks-for-radiology-imaging-center-pacs-workstation-300x300.jpg 300w, https:\/\/afcindustries.com\/wp-content\/uploads\/2022\/01\/772126-standing-desks-for-radiology-imaging-center-pacs-workstation-100x100.jpg 100w, https:\/\/afcindustries.com\/wp-content\/uploads\/2022\/01\/772126-standing-desks-for-radiology-imaging-center-pacs-workstation-150x150.jpg 150w\" sizes=\"auto, (max-width: 499px) 100vw, 499px\" title=\"\"><\/a>\n    <h3><a href='https:\/\/afcindustries.com\/es\/producto\/escritorios-de-pie-para-estaciones-de-trabajo-pacs-en-centros-de-radiologia\/' title='Escritorios de pie para estaciones de trabajo PACS en centros de radiolog\u00eda'>Escritorios de pie para estaciones de trabajo PACS en centros de radiolog\u00eda<\/a><\/h3>\n\t\tSKU:772126\n<\/li><li id=\"woopack-product-19866\"  data-product-id=\"19866\">\n\t<a href='https:\/\/afcindustries.com\/es\/producto\/escritorio-ergonomico-de-pie-para-puestos-de-trabajo-de-radiologia-pacs\/' title='Escritorio ergon\u00f3mico de pie para puestos de trabajo de radiolog\u00eda PACS'><img width=\"499\" height=\"499\" src=\"https:\/\/afcindustries.com\/wp-content\/uploads\/2022\/01\/772127-ergonomic-standing-desk-for-radiology-pacs-workstations.jpg\" alt=\"772127 ergonomic standing desk for radiology pacs workstations\" itemprop=\"image\" decoding=\"async\" loading=\"lazy\" srcset=\"https:\/\/afcindustries.com\/wp-content\/uploads\/2022\/01\/772127-ergonomic-standing-desk-for-radiology-pacs-workstations.jpg 499w, https:\/\/afcindustries.com\/wp-content\/uploads\/2022\/01\/772127-ergonomic-standing-desk-for-radiology-pacs-workstations-300x300.jpg 300w, https:\/\/afcindustries.com\/wp-content\/uploads\/2022\/01\/772127-ergonomic-standing-desk-for-radiology-pacs-workstations-100x100.jpg 100w, https:\/\/afcindustries.com\/wp-content\/uploads\/2022\/01\/772127-ergonomic-standing-desk-for-radiology-pacs-workstations-150x150.jpg 150w\" sizes=\"auto, (max-width: 499px) 100vw, 499px\" title=\"\"><\/a>\n    <h3><a href='https:\/\/afcindustries.com\/es\/producto\/escritorio-ergonomico-de-pie-para-puestos-de-trabajo-de-radiologia-pacs\/' title='Escritorio ergon\u00f3mico de pie para puestos de trabajo de radiolog\u00eda PACS'>Escritorio ergon\u00f3mico de pie para puestos de trabajo de radiolog\u00eda PACS<\/a><\/h3>\n\t\tSKU:772127\n<\/li><li id=\"woopack-product-19901\"  data-product-id=\"19901\">\n\t<a href='https:\/\/afcindustries.com\/es\/producto\/mesa-de-trabajo-de-pie-pacs\/' title='Mesa de trabajo de pie PACS'><img width=\"499\" height=\"499\" src=\"https:\/\/afcindustries.com\/wp-content\/uploads\/2022\/01\/772132-stand-up-desks-for-radiology-workstation.jpg\" alt=\"772132 stand up desks for radiology workstation\" itemprop=\"image\" decoding=\"async\" loading=\"lazy\" srcset=\"https:\/\/afcindustries.com\/wp-content\/uploads\/2022\/01\/772132-stand-up-desks-for-radiology-workstation.jpg 499w, https:\/\/afcindustries.com\/wp-content\/uploads\/2022\/01\/772132-stand-up-desks-for-radiology-workstation-300x300.jpg 300w, https:\/\/afcindustries.com\/wp-content\/uploads\/2022\/01\/772132-stand-up-desks-for-radiology-workstation-100x100.jpg 100w, https:\/\/afcindustries.com\/wp-content\/uploads\/2022\/01\/772132-stand-up-desks-for-radiology-workstation-150x150.jpg 150w\" sizes=\"auto, (max-width: 499px) 100vw, 499px\" title=\"\"><\/a>\n    <h3><a href='https:\/\/afcindustries.com\/es\/producto\/mesa-de-trabajo-de-pie-pacs\/' title='Mesa de trabajo de pie PACS'>Mesa de trabajo de pie PACS<\/a><\/h3>\n\t\tSKU:772132\n<\/li><li id=\"woopack-product-19796\"  data-product-id=\"19796\">\n\t<a href='https:\/\/afcindustries.com\/es\/producto\/escritorios-ergonomicos-para-puestos-de-trabajo-de-radiologia\/' title='Escritorios ergon\u00f3micos Sit Stand para puestos de trabajo de radiolog\u00eda PACS'><img width=\"499\" height=\"499\" src=\"https:\/\/afcindustries.com\/wp-content\/uploads\/2022\/01\/772128-sit-stand-desk-for-radiology-pacs-imaging-centers.jpg\" alt=\"772128 sit stand desk for radiology pacs imaging centers\" itemprop=\"image\" decoding=\"async\" loading=\"lazy\" srcset=\"https:\/\/afcindustries.com\/wp-content\/uploads\/2022\/01\/772128-sit-stand-desk-for-radiology-pacs-imaging-centers.jpg 499w, https:\/\/afcindustries.com\/wp-content\/uploads\/2022\/01\/772128-sit-stand-desk-for-radiology-pacs-imaging-centers-300x300.jpg 300w, https:\/\/afcindustries.com\/wp-content\/uploads\/2022\/01\/772128-sit-stand-desk-for-radiology-pacs-imaging-centers-100x100.jpg 100w, https:\/\/afcindustries.com\/wp-content\/uploads\/2022\/01\/772128-sit-stand-desk-for-radiology-pacs-imaging-centers-150x150.jpg 150w\" sizes=\"auto, (max-width: 499px) 100vw, 499px\" title=\"\"><\/a>\n    <h3><a href='https:\/\/afcindustries.com\/es\/producto\/escritorios-ergonomicos-para-puestos-de-trabajo-de-radiologia\/' title='Escritorios ergon\u00f3micos Sit Stand para puestos de trabajo de radiolog\u00eda PACS'>Escritorios ergon\u00f3micos Sit Stand para puestos de trabajo de radiolog\u00eda PACS<\/a><\/h3>\n\t\tSKU:772128\n<\/li>\t\t\t\t\n\t\t\t<\/ul>\n<h2>\n\t\tMejore su espacio de trabajo con las estaciones de trabajo Whitestone de AFC Industries\n\t<\/h2>\n\t<p>\u00a1Hola, guerreros del espacio de trabajo! Si has llegado a este sitio web, sin duda est\u00e1s buscando una estaci\u00f3n de trabajo superior que combine durabilidad, estilo y practicidad. \u00a1Entonces est\u00e1s en el lugar correcto! Saludos de AFC Industries, donde puedes conseguir la mejor ergonom\u00eda y un dise\u00f1o de vanguardia. Consulta la categor\u00eda de estaciones de trabajo Whitestone. <\/p>\n<h3><b>Para su estaci\u00f3n de trabajo Whitestone, \u00bfpor qu\u00e9 elegir AFC Industries?<\/b><\/h3>\n<p>Su puesto de trabajo en AFC Industries debe reflejar su energ\u00eda y eficiencia. Nuestra colecci\u00f3n de puestos de trabajo Whitestone est\u00e1 dise\u00f1ada cuidadosamente para satisfacer todas sus necesidades laborales y, al mismo tiempo, garantizar una comodidad y una eficiencia \u00f3ptimas. A continuaci\u00f3n, se indican las razones por las que AFC Industries es la opci\u00f3n ideal para su puesto de trabajo: <\/p>\n<h4><b>Dise\u00f1ado con ergonom\u00eda para m\u00e1xima comodidad<\/b><\/h4>\n<p>Somos conscientes de que trabajar muchas horas en un escritorio puede resultar complicado. La ergonom\u00eda es un factor clave en el dise\u00f1o de nuestras estaciones de trabajo Whitestone. Varias caracter\u00edsticas, como brazos de monitor m\u00f3viles, mesas de trabajo espaciosas y alturas ajustables, le ayudan a mantener una postura adecuada y a reducir la tensi\u00f3n f\u00edsica. \u00a1D\u00edgale adi\u00f3s a los dolores de espalda y d\u00e9 la bienvenida a un trabajo m\u00e1s relajado y eficaz! <\/p>\n<h4><b>Adaptabilidad para adaptarse a cualquier situaci\u00f3n<\/b><\/h4>\n<p>Nuestras estaciones de trabajo Whitestone se pueden instalar en una oficina en casa, un espacio de trabajo corporativo o una instituci\u00f3n de atenci\u00f3n m\u00e9dica, ya que son lo suficientemente adaptables como para integrarse en cualquier contexto. Puede dise\u00f1ar un espacio de trabajo con una variedad de configuraciones y caracter\u00edsticas ajustables que se adapten exactamente a sus requisitos y opciones de estilo. <\/p>\n<h4><b>Construido para durar<\/b><\/h4>\n<p>Al comprar una estaci\u00f3n de trabajo, es necesario tener muy en cuenta su durabilidad. En AFC Industries, nos enorgullecemos de emplear t\u00e9cnicas de construcci\u00f3n duraderas y materiales de primera calidad para asegurarnos de que su estaci\u00f3n de trabajo Whitestone dure muchos a\u00f1os. Nuestras estaciones de trabajo son una inversi\u00f3n inteligente para cualquier entorno profesional, ya que est\u00e1n dise\u00f1adas para resistir los rigores del uso diario. <\/p>\n<h4><b>Est\u00e9tica elegante y moderna<\/b><\/h4>\n<p>\u00bfQui\u00e9n dice que no es posible tener estaciones de trabajo elegantes? Cualquier oficina se ve realzada con un toque de lujo gracias a la apariencia elegante y contempor\u00e1nea de nuestras estaciones de trabajo Whitestone. Nuestras estaciones de trabajo, con su dise\u00f1o elegante y moderno y sus l\u00edneas limpias, mejoran tanto su productividad como la apariencia general de su oficina. <\/p>\n<h4><b>Configuraci\u00f3n y montaje sencillos<\/b><\/h4>\n<p>Sabemos que est\u00e1 ocupado y no tiene tiempo para perder el tiempo con instrucciones de montaje complicadas. Nuestras estaciones de trabajo Whitestone est\u00e1n dise\u00f1adas para que sean f\u00e1ciles de montar y configurar por este motivo. Se incluyen todas las herramientas que necesita y puede configurar r\u00e1pidamente su nueva estaci\u00f3n de trabajo con instrucciones sencillas. <\/p>\n<h4><b>Servicio al cliente en el que puede confiar<\/b><\/h4>\n<p>La satisfacci\u00f3n del cliente es nuestra prioridad en AFC Industries. Contamos siempre con un equipo de atenci\u00f3n al cliente comprometido y disponible para ayudarle con cualquier consulta o problema que pueda tener. Desde ayudarle a seleccionar la estaci\u00f3n de trabajo ideal hasta ofrecerle asistencia posterior a la compra, nuestro objetivo es asegurarnos de que su experiencia sea perfecta y placentera de principio a fin. <\/p>\n<h3><b>Examine nuestra selecci\u00f3n de estaciones de trabajo Whitestone<\/b><\/h3>\n<p>Nuestra categor\u00eda de puestos de trabajo Whitestone ofrece una amplia selecci\u00f3n de productos dise\u00f1ados para satisfacer los requisitos particulares de distintos tipos de profesionales. A continuaci\u00f3n, se ofrece una vista previa de algunas de las caracter\u00edsticas exclusivas que est\u00e1n presentes en nuestra selecci\u00f3n de productos: <\/p>\n<p><b>Escritorios de altura ajustable:<\/b> Ideal para personas que prefieren alternar entre estar de pie y sentados durante el d\u00eda. Fomenta una mejor postura y reduce los peligros de estar sentado durante mucho tiempo. <\/p>\n<p><b>Soportes y brazos para monitor:<\/b> Con nuestros soportes m\u00f3viles para monitores, puede obtener el \u00e1ngulo de visi\u00f3n ideal. Mantenga las pantallas a la altura de los ojos para reducir la presi\u00f3n en el cuello. <\/p>\n<p><b>Amplias superficies de trabajo:<\/b> Nuestras estaciones de trabajo tienen suficiente superficie para soportar numerosos monitores, documentos y otros equipos, manteniendo su flujo de trabajo eficiente y bien organizado.<b>Sistemas de gesti\u00f3n de cables:<\/b> Con la ayuda de nuestras soluciones integradas de gesti\u00f3n de cables, puede mantener su espacio de trabajo ordenado. Un lugar de trabajo limpio y bien organizado le dar\u00e1 la bienvenida en lugar de cables enredados. <\/p>\n<p><b>Soluciones para Almacenamiento:<\/b> Nuestras estaciones de trabajo brindan alternativas de almacenamiento \u00fatiles para mantener sus necesidades a mano, como cajones incorporados y posibilidades de estantes adicionales.<\/p>\n<h3><b>\u00a1\u00danase hoy a la familia de AFC Industries!<\/b><\/h3>\n<p>\u00bfEst\u00e1 preparado para utilizar las \u00faltimas innovaciones en dise\u00f1o ergon\u00f3mico para renovar por completo su espacio de trabajo? Consulte nuestra selecci\u00f3n de estaciones de trabajo Whitestone para encontrar el art\u00edculo ideal para sus necesidades. AFC Industries es su socio en el dise\u00f1o de un entorno de trabajo pr\u00e1ctico, acogedor y motivador. Somos m\u00e1s que un simple fabricante. <\/p>\n<p>Agradecemos que haya elegido AFC Industries. Estamos encantados de acompa\u00f1arlo en su camino hacia una estaci\u00f3n de trabajo mejor y m\u00e1s eficiente. \u00a1Saludos y feliz trabajo de parte de la familia AFC! <\/p>\n\n","protected":false},"excerpt":{"rendered":"<p>ESCRITORIO DE PIE Escritorios de pie para estaciones de trabajo PACS en centros de radiolog\u00eda SKU:772126 Escritorio ergon\u00f3mico de pie para puestos de trabajo de radiolog\u00eda PACS SKU:772127 Mesa de trabajo de pie PACS SKU:772132 Escritorios ergon\u00f3micos Sit Stand para puestos de trabajo de radiolog\u00eda PACS SKU:772128 Mejore su espacio de trabajo con las estaciones&hellip;<\/p>\n","protected":false},"author":1,"featured_media":0,"parent":0,"menu_order":0,"comment_status":"closed","ping_status":"closed","template":"","meta":{"_acf_changed":false,"inline_featured_image":false,"footnotes":""},"class_list":["post-19713","page","type-page","status-publish","hentry"],"acf":[],"_links":{"self":[{"href":"https:\/\/afcindustries.com\/es\/wp-json\/wp\/v2\/pages\/19713","targetHints":{"allow":["GET"]}}],"collection":[{"href":"https:\/\/afcindustries.com\/es\/wp-json\/wp\/v2\/pages"}],"about":[{"href":"https:\/\/afcindustries.com\/es\/wp-json\/wp\/v2\/types\/page"}],"author":[{"embeddable":true,"href":"https:\/\/afcindustries.com\/es\/wp-json\/wp\/v2\/users\/1"}],"replies":[{"embeddable":true,"href":"https:\/\/afcindustries.com\/es\/wp-json\/wp\/v2\/comments?post=19713"}],"version-history":[{"count":0,"href":"https:\/\/afcindustries.com\/es\/wp-json\/wp\/v2\/pages\/19713\/revisions"}],"wp:attachment":[{"href":"https:\/\/afcindustries.com\/es\/wp-json\/wp\/v2\/media?parent=19713"}],"curies":[{"name":"wp","href":"https:\/\/api.w.org\/{rel}","templated":true}]}}