{"id":19707,"date":"2022-02-17T07:28:33","date_gmt":"2022-02-17T12:28:33","guid":{"rendered":"https:\/\/afcindustries.com\/escritorio-intellicart\/"},"modified":"2024-10-04T14:18:58","modified_gmt":"2024-10-04T18:18:58","slug":"escritorio-intellicart","status":"publish","type":"page","link":"https:\/\/afcindustries.com\/es\/escritorio-intellicart\/","title":{"rendered":"Escritorio IntelliCart"},"content":{"rendered":"\n\n\t<h2>\n\t\tEscritorios y mesas\n\t<\/h2>\n\t\t\t\t\t\t\t\t<a href=\"https:\/\/afcindustries.com\/contact\/\" target=\"_self\" itemprop=\"url\" rel=\"noopener\">\n\t\t\t\t\t\t\t\t\t<img loading=\"lazy\" decoding=\"async\" src=\"https:\/\/afcindustries.com\/wp-content\/uploads\/2022\/05\/Promo-Fall-23.gif\" alt=\"Promo Fall\" itemprop=\"image\" height=\"450\" width=\"280\" title=\"Promo Fall\" onerror=\"this.style.display='none'\"  \/>\n\t\t\t\t\t\t\t\t\t\t\t\t\t<\/a>\n\n\n\tMostrando el \u00fanico resultado\n<form method=\"get\">\n\t<select name=\"orderby\" aria-label=\"Pedido de la tienda\">\n\t\t\t\t\t<option value=\"menu_order\"  selected='selected'>Orden predeterminado<\/option>\n\t\t\t\t\t<option value=\"popularity\">Ordenar por popularidad<\/option>\n\t\t\t\t\t<option value=\"date\">Ordenar por los \u00faltimos<\/option>\n\t\t\t\t\t<option value=\"price\">Ordenar por precio: bajo a alto<\/option>\n\t\t\t\t\t<option value=\"price-desc\">Ordenar por precio: alto a bajo<\/option>\n\t\t\t<\/select>\n\t<input type=\"hidden\" name=\"paged\" value=\"1\" \/>\n\t<input type=\"hidden\" name=\"page_id\" value=\"19707\" \/><input type=\"hidden\" name=\"fl_builder\" value=\"\" \/><\/form>\n\t\t\t<ul>\n\t\t\t\t<li id=\"woopack-product-20182\"  data-product-id=\"20182\">\n\t<a href='https:\/\/afcindustries.com\/es\/producto\/escritorio-de-ordenador-con-armario\/' title='Escritorio de ordenador con armario'><img width=\"499\" height=\"499\" src=\"https:\/\/afcindustries.com\/wp-content\/uploads\/2022\/01\/772275-computer-desk-stand-rack-with-cabinet.jpg\" alt=\"772275 computer desk stand rack with cabinet\" itemprop=\"image\" decoding=\"async\" loading=\"lazy\" srcset=\"https:\/\/afcindustries.com\/wp-content\/uploads\/2022\/01\/772275-computer-desk-stand-rack-with-cabinet.jpg 499w, https:\/\/afcindustries.com\/wp-content\/uploads\/2022\/01\/772275-computer-desk-stand-rack-with-cabinet-300x300.jpg 300w, https:\/\/afcindustries.com\/wp-content\/uploads\/2022\/01\/772275-computer-desk-stand-rack-with-cabinet-100x100.jpg 100w, https:\/\/afcindustries.com\/wp-content\/uploads\/2022\/01\/772275-computer-desk-stand-rack-with-cabinet-150x150.jpg 150w\" sizes=\"auto, (max-width: 499px) 100vw, 499px\" title=\"\"><\/a>\n    <h3><a href='https:\/\/afcindustries.com\/es\/producto\/escritorio-de-ordenador-con-armario\/' title='Escritorio de ordenador con armario'>Escritorio de ordenador con armario<\/a><\/h3>\n\t\tSKU:772275\n<\/li><li id=\"woopack-product-20052\"  data-product-id=\"20052\">\n\t<a href='https:\/\/afcindustries.com\/es\/producto\/escritorio-de-ordenador-pequeno-de-dos-niveles\/' title='Escritorio de ordenador peque\u00f1o de dos niveles'><img width=\"499\" height=\"499\" src=\"https:\/\/afcindustries.com\/wp-content\/uploads\/2022\/01\/772277-two-level-small-computer-desk.jpg\" alt=\"772277 two level small computer desk\" itemprop=\"image\" decoding=\"async\" loading=\"lazy\" srcset=\"https:\/\/afcindustries.com\/wp-content\/uploads\/2022\/01\/772277-two-level-small-computer-desk.jpg 499w, https:\/\/afcindustries.com\/wp-content\/uploads\/2022\/01\/772277-two-level-small-computer-desk-300x300.jpg 300w, https:\/\/afcindustries.com\/wp-content\/uploads\/2022\/01\/772277-two-level-small-computer-desk-100x100.jpg 100w, https:\/\/afcindustries.com\/wp-content\/uploads\/2022\/01\/772277-two-level-small-computer-desk-150x150.jpg 150w\" sizes=\"auto, (max-width: 499px) 100vw, 499px\" title=\"\"><\/a>\n    <h3><a href='https:\/\/afcindustries.com\/es\/producto\/escritorio-de-ordenador-pequeno-de-dos-niveles\/' title='Escritorio de ordenador peque\u00f1o de dos niveles'>Escritorio de ordenador peque\u00f1o de dos niveles<\/a><\/h3>\n\t\tSKU:772277\n<\/li><li id=\"woopack-product-20007\"  data-product-id=\"20007\">\n\t<a href='https:\/\/afcindustries.com\/es\/producto\/rack-de-ordenadores-con-armarios-superiores\/' title='Rack de ordenadores con armarios superiores'><img width=\"499\" height=\"499\" src=\"https:\/\/afcindustries.com\/wp-content\/uploads\/2022\/01\/772276-computer-rack-with-cabinets.jpg\" alt=\"772276 computer rack with cabinets\" itemprop=\"image\" decoding=\"async\" loading=\"lazy\" srcset=\"https:\/\/afcindustries.com\/wp-content\/uploads\/2022\/01\/772276-computer-rack-with-cabinets.jpg 499w, https:\/\/afcindustries.com\/wp-content\/uploads\/2022\/01\/772276-computer-rack-with-cabinets-300x300.jpg 300w, https:\/\/afcindustries.com\/wp-content\/uploads\/2022\/01\/772276-computer-rack-with-cabinets-100x100.jpg 100w, https:\/\/afcindustries.com\/wp-content\/uploads\/2022\/01\/772276-computer-rack-with-cabinets-150x150.jpg 150w\" sizes=\"auto, (max-width: 499px) 100vw, 499px\" title=\"\"><\/a>\n    <h3><a href='https:\/\/afcindustries.com\/es\/producto\/rack-de-ordenadores-con-armarios-superiores\/' title='Rack de ordenadores con armarios superiores'>Rack de ordenadores con armarios superiores<\/a><\/h3>\n\t\tSKU:772276\n<\/li><li id=\"woopack-product-19806\"  data-product-id=\"19806\">\n\t<a href='https:\/\/afcindustries.com\/es\/producto\/escritorio-para-estacion-de-trabajo-con-ordenador-de-dos-niveles\/' title='Escritorio para estaci\u00f3n de trabajo con ordenador de dos niveles'><img width=\"499\" height=\"499\" src=\"https:\/\/afcindustries.com\/wp-content\/uploads\/2022\/01\/772294-computer-workstation-desk.jpg\" alt=\"772294 computer workstation desk\" itemprop=\"image\" decoding=\"async\" loading=\"lazy\" srcset=\"https:\/\/afcindustries.com\/wp-content\/uploads\/2022\/01\/772294-computer-workstation-desk.jpg 499w, https:\/\/afcindustries.com\/wp-content\/uploads\/2022\/01\/772294-computer-workstation-desk-300x300.jpg 300w, https:\/\/afcindustries.com\/wp-content\/uploads\/2022\/01\/772294-computer-workstation-desk-100x100.jpg 100w, https:\/\/afcindustries.com\/wp-content\/uploads\/2022\/01\/772294-computer-workstation-desk-150x150.jpg 150w\" sizes=\"auto, (max-width: 499px) 100vw, 499px\" title=\"\"><\/a>\n    <h3><a href='https:\/\/afcindustries.com\/es\/producto\/escritorio-para-estacion-de-trabajo-con-ordenador-de-dos-niveles\/' title='Escritorio para estaci\u00f3n de trabajo con ordenador de dos niveles'>Escritorio para estaci\u00f3n de trabajo con ordenador de dos niveles<\/a><\/h3>\n\t\tSKU:772294\n<\/li><li id=\"woopack-product-19613\"  data-product-id=\"19613\">\n\t<a href='https:\/\/afcindustries.com\/es\/producto\/mesa-de-ordenador-con-soporte-para-tres-monitores\/' title='Mesa de ordenador con soporte para tres monitores'><img width=\"499\" height=\"499\" src=\"https:\/\/afcindustries.com\/wp-content\/uploads\/2022\/01\/772280-two-level-surface-computer-desk.jpg\" alt=\"772280 two level surface computer desk\" itemprop=\"image\" decoding=\"async\" loading=\"lazy\" srcset=\"https:\/\/afcindustries.com\/wp-content\/uploads\/2022\/01\/772280-two-level-surface-computer-desk.jpg 499w, https:\/\/afcindustries.com\/wp-content\/uploads\/2022\/01\/772280-two-level-surface-computer-desk-300x300.jpg 300w, https:\/\/afcindustries.com\/wp-content\/uploads\/2022\/01\/772280-two-level-surface-computer-desk-100x100.jpg 100w, https:\/\/afcindustries.com\/wp-content\/uploads\/2022\/01\/772280-two-level-surface-computer-desk-150x150.jpg 150w\" sizes=\"auto, (max-width: 499px) 100vw, 499px\" title=\"\"><\/a>\n    <h3><a href='https:\/\/afcindustries.com\/es\/producto\/mesa-de-ordenador-con-soporte-para-tres-monitores\/' title='Mesa de ordenador con soporte para tres monitores'>Mesa de ordenador con soporte para tres monitores<\/a><\/h3>\n\t\tSKU:772280\n<\/li><li id=\"woopack-product-19636\"  data-product-id=\"19636\">\n\t<a href='https:\/\/afcindustries.com\/es\/producto\/mesa-de-ordenador-de-dos-niveles-con-bandeja-para-el-teclado\/' title='Mesa de ordenador de dos niveles con bandeja para el teclado'><img width=\"499\" height=\"499\" src=\"https:\/\/afcindustries.com\/wp-content\/uploads\/2022\/01\/772278-two-level-computer-desk-with-keyboard-tray.jpg\" alt=\"772278 two level computer desk with keyboard tray\" itemprop=\"image\" decoding=\"async\" loading=\"lazy\" srcset=\"https:\/\/afcindustries.com\/wp-content\/uploads\/2022\/01\/772278-two-level-computer-desk-with-keyboard-tray.jpg 499w, https:\/\/afcindustries.com\/wp-content\/uploads\/2022\/01\/772278-two-level-computer-desk-with-keyboard-tray-300x300.jpg 300w, https:\/\/afcindustries.com\/wp-content\/uploads\/2022\/01\/772278-two-level-computer-desk-with-keyboard-tray-100x100.jpg 100w, https:\/\/afcindustries.com\/wp-content\/uploads\/2022\/01\/772278-two-level-computer-desk-with-keyboard-tray-150x150.jpg 150w\" sizes=\"auto, (max-width: 499px) 100vw, 499px\" title=\"\"><\/a>\n    <h3><a href='https:\/\/afcindustries.com\/es\/producto\/mesa-de-ordenador-de-dos-niveles-con-bandeja-para-el-teclado\/' title='Mesa de ordenador de dos niveles con bandeja para el teclado'>Mesa de ordenador de dos niveles con bandeja para el teclado<\/a><\/h3>\n\t\tSKU:772278\n<\/li>\t\t\t\t\n\t\t\t<\/ul>\n<h2>\n\t\tEscritorios de doble nivel ajustables manualmente en altura\n\t<\/h2>\n<h3>\n\t\t\u00bfPor qu\u00e9 elegir los escritorios IntelliCart de AFC Industries?\n\t<\/h3>\n\t<p>Explore los escritorios IntelliCart de AFC Industries. El IntelliCart es un escritorio de dos niveles que aumenta la utilidad del lugar de trabajo y al mismo tiempo mejora significativamente la comodidad y la productividad de los usuarios finales.<\/p>\n<p>Estos puestos de trabajo con carro de varios niveles se caracterizan por sus formas ergon\u00f3micas, lo que los hace ideales para su uso como mesa de ordenador multimonitor. El IntelliCart tambi\u00e9n es altamente personalizable, con la opci\u00f3n de a\u00f1adir una amplia variedad de accesorios para maximizar tanto el espacio de almacenamiento como la eficiencia del trabajo.<\/p>\n<p>Al girar los niveles, el escritorio puede adaptarse f\u00e1cilmente para incorporar cualquier n\u00famero de componentes opcionales, como soportes para CPU y brazos para monitores, cajas de leche y revisteros, cubos de archivo y cajones, o peque\u00f1os aparatos como protectores de sobretensi\u00f3n y concentradores USB.<\/p>\n<p>Los principales aspectos del dise\u00f1o de IntelliCart son tres:<\/p>\n<p>1. Integraci\u00f3n perfecta con el mobiliario de oficina existente, ya que realza el atractivo est\u00e9tico general de cualquier espacio de trabajo y, al mismo tiempo, aumenta su funcionalidad.<\/p>\n<p>2. Un sistema de bloqueo mec\u00e1nico \u00fanico, pendiente de patente, que ajusta la altura y la orientaci\u00f3n de cada grada de forma independiente para soportar una amplia gama de aplicaciones.<\/p>\n<p>3. Un sinf\u00edn de configuraciones posibles para soportar pr\u00e1cticamente cualquier n\u00famero y combinaci\u00f3n de perif\u00e9ricos inform\u00e1ticos, cajas de almacenamiento, aparatos de sobremesa u otros dispositivos encima, debajo o entre los niveles de las estaciones de trabajo en innumerables disposiciones diferentes seg\u00fan las necesidades espec\u00edficas del usuario.<\/p>\n<p>La naturaleza modular del dise\u00f1o lo hace ideal para los usuarios que necesitan varios monitores pero tienen un espacio limitado en los escritorios.<\/p>\n\n","protected":false},"excerpt":{"rendered":"<p>Escritorios y mesas Mostrando el \u00fanico resultado Orden predeterminadoOrdenar por popularidadOrdenar por los \u00faltimosOrdenar por precio: bajo a altoOrdenar por precio: alto a bajo Escritorio de ordenador con armario SKU:772275 Escritorio de ordenador peque\u00f1o de dos niveles SKU:772277 Rack de ordenadores con armarios superiores SKU:772276 Escritorio para estaci\u00f3n de trabajo con ordenador de dos niveles&hellip;<\/p>\n","protected":false},"author":1,"featured_media":0,"parent":0,"menu_order":0,"comment_status":"closed","ping_status":"closed","template":"","meta":{"_acf_changed":false,"inline_featured_image":false,"footnotes":""},"class_list":["post-19707","page","type-page","status-publish","hentry"],"acf":[],"_links":{"self":[{"href":"https:\/\/afcindustries.com\/es\/wp-json\/wp\/v2\/pages\/19707","targetHints":{"allow":["GET"]}}],"collection":[{"href":"https:\/\/afcindustries.com\/es\/wp-json\/wp\/v2\/pages"}],"about":[{"href":"https:\/\/afcindustries.com\/es\/wp-json\/wp\/v2\/types\/page"}],"author":[{"embeddable":true,"href":"https:\/\/afcindustries.com\/es\/wp-json\/wp\/v2\/users\/1"}],"replies":[{"embeddable":true,"href":"https:\/\/afcindustries.com\/es\/wp-json\/wp\/v2\/comments?post=19707"}],"version-history":[{"count":0,"href":"https:\/\/afcindustries.com\/es\/wp-json\/wp\/v2\/pages\/19707\/revisions"}],"wp:attachment":[{"href":"https:\/\/afcindustries.com\/es\/wp-json\/wp\/v2\/media?parent=19707"}],"curies":[{"name":"wp","href":"https:\/\/api.w.org\/{rel}","templated":true}]}}