{"id":19702,"date":"2022-02-17T08:50:04","date_gmt":"2022-02-17T13:50:04","guid":{"rendered":"https:\/\/afcindustries.com\/carro-de-varillas\/"},"modified":"2024-10-04T14:37:49","modified_gmt":"2024-10-04T18:37:49","slug":"carro-de-varillas","status":"publish","type":"page","link":"https:\/\/afcindustries.com\/es\/carro-de-varillas\/","title":{"rendered":"Carro de varillas"},"content":{"rendered":"\n\n\t<h2>\n\t\tCarros M\u00e9dicos\n\t<\/h2>\n\t\t\t\t\t\t\t\t<a href=\"https:\/\/afcindustries.com\/contact\/\" target=\"_self\" itemprop=\"url\" rel=\"noopener\">\n\t\t\t\t\t\t\t\t\t<img loading=\"lazy\" decoding=\"async\" src=\"https:\/\/afcindustries.com\/wp-content\/uploads\/2022\/05\/Promo-Fall-23.gif\" alt=\"Promo Fall\" itemprop=\"image\" height=\"450\" width=\"280\" title=\"Promo Fall\" onerror=\"this.style.display='none'\"  \/>\n\t\t\t\t\t\t\t\t\t\t\t\t\t<\/a>\n\n\n\tMostrando el \u00fanico resultado\n<form method=\"get\">\n\t<select name=\"orderby\" aria-label=\"Pedido de la tienda\">\n\t\t\t\t\t<option value=\"menu_order\"  selected='selected'>Orden predeterminado<\/option>\n\t\t\t\t\t<option value=\"popularity\">Ordenar por popularidad<\/option>\n\t\t\t\t\t<option value=\"date\">Ordenar por los \u00faltimos<\/option>\n\t\t\t\t\t<option value=\"price\">Ordenar por precio: bajo a alto<\/option>\n\t\t\t\t\t<option value=\"price-desc\">Ordenar por precio: alto a bajo<\/option>\n\t\t\t<\/select>\n\t<input type=\"hidden\" name=\"paged\" value=\"1\" \/>\n\t<input type=\"hidden\" name=\"page_id\" value=\"19702\" \/><input type=\"hidden\" name=\"fl_builder\" value=\"\" \/><\/form>\n\t\t\t<ul>\n\t\t\t\t<li id=\"woopack-product-19911\"  data-product-id=\"19911\">\n\t<a href='https:\/\/afcindustries.com\/es\/producto\/carro-movil-para-tabletas-con-cesta-de-alambre-con-cierre-elbi-y-cestas-de-almacenamiento\/' title='Carro m\u00f3vil para tabletas con cesta de alambre con cierre ELBI y cestas de almacenamiento'><img width=\"499\" height=\"499\" src=\"https:\/\/afcindustries.com\/wp-content\/uploads\/2022\/01\/772871-mobile-cart-with-locking-wire-baskets-and-extra-storage.jpg\" alt=\"772871 mobile cart with locking wire baskets and extra storage\" itemprop=\"image\" decoding=\"async\" loading=\"lazy\" srcset=\"https:\/\/afcindustries.com\/wp-content\/uploads\/2022\/01\/772871-mobile-cart-with-locking-wire-baskets-and-extra-storage.jpg 499w, https:\/\/afcindustries.com\/wp-content\/uploads\/2022\/01\/772871-mobile-cart-with-locking-wire-baskets-and-extra-storage-300x300.jpg 300w, https:\/\/afcindustries.com\/wp-content\/uploads\/2022\/01\/772871-mobile-cart-with-locking-wire-baskets-and-extra-storage-100x100.jpg 100w, https:\/\/afcindustries.com\/wp-content\/uploads\/2022\/01\/772871-mobile-cart-with-locking-wire-baskets-and-extra-storage-150x150.jpg 150w\" sizes=\"auto, (max-width: 499px) 100vw, 499px\" title=\"\"><\/a>\n    <h3><a href='https:\/\/afcindustries.com\/es\/producto\/carro-movil-para-tabletas-con-cesta-de-alambre-con-cierre-elbi-y-cestas-de-almacenamiento\/' title='Carro m\u00f3vil para tabletas con cesta de alambre con cierre ELBI y cestas de almacenamiento'>Carro m\u00f3vil para tabletas con cesta de alambre con cierre ELBI y cestas de almacenamiento<\/a><\/h3>\n\t\tSKU:772871\n<\/li><li id=\"woopack-product-20077\"  data-product-id=\"20077\">\n\t<a href='https:\/\/afcindustries.com\/es\/producto\/carro-de-poste-de-ordenador-movil-de-doble-monitor\/' title='Carro de poste de ordenador m\u00f3vil de doble monitor'><img width=\"499\" height=\"499\" src=\"https:\/\/afcindustries.com\/wp-content\/uploads\/2022\/01\/772742-dual-monitor-mobile-computer-pole-cart.jpg\" alt=\"772742 dual monitor mobile computer pole cart\" itemprop=\"image\" decoding=\"async\" loading=\"lazy\" srcset=\"https:\/\/afcindustries.com\/wp-content\/uploads\/2022\/01\/772742-dual-monitor-mobile-computer-pole-cart.jpg 499w, https:\/\/afcindustries.com\/wp-content\/uploads\/2022\/01\/772742-dual-monitor-mobile-computer-pole-cart-300x300.jpg 300w, https:\/\/afcindustries.com\/wp-content\/uploads\/2022\/01\/772742-dual-monitor-mobile-computer-pole-cart-100x100.jpg 100w, https:\/\/afcindustries.com\/wp-content\/uploads\/2022\/01\/772742-dual-monitor-mobile-computer-pole-cart-150x150.jpg 150w\" sizes=\"auto, (max-width: 499px) 100vw, 499px\" title=\"\"><\/a>\n    <h3><a href='https:\/\/afcindustries.com\/es\/producto\/carro-de-poste-de-ordenador-movil-de-doble-monitor\/' title='Carro de poste de ordenador m\u00f3vil de doble monitor'>Carro de poste de ordenador m\u00f3vil de doble monitor<\/a><\/h3>\n\t\tSKU:772742\n<\/li><li id=\"woopack-product-19976\"  data-product-id=\"19976\">\n\t<a href='https:\/\/afcindustries.com\/es\/producto\/carro-para-estacion-de-trabajo-con-poste-medico\/' title='Carro para estaci\u00f3n de trabajo con poste m\u00e9dico'><img width=\"499\" height=\"499\" src=\"https:\/\/afcindustries.com\/wp-content\/uploads\/2022\/01\/772768-medical-pole-workstation-stand-cart.jpg\" alt=\"772768 medical pole workstation stand cart\" itemprop=\"image\" decoding=\"async\" loading=\"lazy\" srcset=\"https:\/\/afcindustries.com\/wp-content\/uploads\/2022\/01\/772768-medical-pole-workstation-stand-cart.jpg 499w, https:\/\/afcindustries.com\/wp-content\/uploads\/2022\/01\/772768-medical-pole-workstation-stand-cart-300x300.jpg 300w, https:\/\/afcindustries.com\/wp-content\/uploads\/2022\/01\/772768-medical-pole-workstation-stand-cart-100x100.jpg 100w, https:\/\/afcindustries.com\/wp-content\/uploads\/2022\/01\/772768-medical-pole-workstation-stand-cart-150x150.jpg 150w\" sizes=\"auto, (max-width: 499px) 100vw, 499px\" title=\"\"><\/a>\n    <h3><a href='https:\/\/afcindustries.com\/es\/producto\/carro-para-estacion-de-trabajo-con-poste-medico\/' title='Carro para estaci\u00f3n de trabajo con poste m\u00e9dico'>Carro para estaci\u00f3n de trabajo con poste m\u00e9dico<\/a><\/h3>\n\t\tSKU:772768\n<\/li><li id=\"woopack-product-19944\"  data-product-id=\"19944\">\n\t<a href='https:\/\/afcindustries.com\/es\/producto\/soporte-de-ordenador-medico-movil-sobre-ruedas\/' title='Soporte de ordenador m\u00e9dico m\u00f3vil sobre ruedas'><img width=\"499\" height=\"499\" src=\"https:\/\/afcindustries.com\/wp-content\/uploads\/2022\/01\/772774-mobile-medical-computer-stand-on-wheels.jpg\" alt=\"772774 mobile medical computer stand on wheels\" itemprop=\"image\" decoding=\"async\" loading=\"lazy\" srcset=\"https:\/\/afcindustries.com\/wp-content\/uploads\/2022\/01\/772774-mobile-medical-computer-stand-on-wheels.jpg 499w, https:\/\/afcindustries.com\/wp-content\/uploads\/2022\/01\/772774-mobile-medical-computer-stand-on-wheels-300x300.jpg 300w, https:\/\/afcindustries.com\/wp-content\/uploads\/2022\/01\/772774-mobile-medical-computer-stand-on-wheels-100x100.jpg 100w, https:\/\/afcindustries.com\/wp-content\/uploads\/2022\/01\/772774-mobile-medical-computer-stand-on-wheels-150x150.jpg 150w\" sizes=\"auto, (max-width: 499px) 100vw, 499px\" title=\"\"><\/a>\n    <h3><a href='https:\/\/afcindustries.com\/es\/producto\/soporte-de-ordenador-medico-movil-sobre-ruedas\/' title='Soporte de ordenador m\u00e9dico m\u00f3vil sobre ruedas'>Soporte de ordenador m\u00e9dico m\u00f3vil sobre ruedas<\/a><\/h3>\n\t\tSKU:772774\n<\/li><li id=\"woopack-product-19898\"  data-product-id=\"19898\">\n\t<a href='https:\/\/afcindustries.com\/es\/producto\/soporte-de-ordenador-medico-rodante-2\/' title='Soporte de ordenador m\u00e9dico rodante'><img width=\"499\" height=\"499\" src=\"https:\/\/afcindustries.com\/wp-content\/uploads\/2022\/01\/772775-rolling-medical-computer-stand.jpg\" alt=\"772775 rolling medical computer stand\" itemprop=\"image\" decoding=\"async\" loading=\"lazy\" srcset=\"https:\/\/afcindustries.com\/wp-content\/uploads\/2022\/01\/772775-rolling-medical-computer-stand.jpg 499w, https:\/\/afcindustries.com\/wp-content\/uploads\/2022\/01\/772775-rolling-medical-computer-stand-300x300.jpg 300w, https:\/\/afcindustries.com\/wp-content\/uploads\/2022\/01\/772775-rolling-medical-computer-stand-100x100.jpg 100w, https:\/\/afcindustries.com\/wp-content\/uploads\/2022\/01\/772775-rolling-medical-computer-stand-150x150.jpg 150w\" sizes=\"auto, (max-width: 499px) 100vw, 499px\" title=\"\"><\/a>\n    <h3><a href='https:\/\/afcindustries.com\/es\/producto\/soporte-de-ordenador-medico-rodante-2\/' title='Soporte de ordenador m\u00e9dico rodante'>Soporte de ordenador m\u00e9dico rodante<\/a><\/h3>\n\t\tSKU:772775\n<\/li><li id=\"woopack-product-19870\"  data-product-id=\"19870\">\n\t<a href='https:\/\/afcindustries.com\/es\/producto\/carro-de-poste-para-ordenador-movil-dell-wyse-mini-pc\/' title='Carro de poste para ordenador m\u00f3vil DELL WYSE Mini-PC'><img width=\"499\" height=\"499\" src=\"https:\/\/afcindustries.com\/wp-content\/uploads\/2022\/01\/772757-mobile-dell-wyse-medical-pc-cart.jpg\" alt=\"772757 mobile dell wyse medical pc cart\" itemprop=\"image\" decoding=\"async\" loading=\"lazy\" srcset=\"https:\/\/afcindustries.com\/wp-content\/uploads\/2022\/01\/772757-mobile-dell-wyse-medical-pc-cart.jpg 499w, https:\/\/afcindustries.com\/wp-content\/uploads\/2022\/01\/772757-mobile-dell-wyse-medical-pc-cart-300x300.jpg 300w, https:\/\/afcindustries.com\/wp-content\/uploads\/2022\/01\/772757-mobile-dell-wyse-medical-pc-cart-100x100.jpg 100w, https:\/\/afcindustries.com\/wp-content\/uploads\/2022\/01\/772757-mobile-dell-wyse-medical-pc-cart-150x150.jpg 150w\" sizes=\"auto, (max-width: 499px) 100vw, 499px\" title=\"\"><\/a>\n    <h3><a href='https:\/\/afcindustries.com\/es\/producto\/carro-de-poste-para-ordenador-movil-dell-wyse-mini-pc\/' title='Carro de poste para ordenador m\u00f3vil DELL WYSE Mini-PC'>Carro de poste para ordenador m\u00f3vil DELL WYSE Mini-PC<\/a><\/h3>\n\t\tSKU:772757\n<\/li><li id=\"woopack-product-19890\"  data-product-id=\"19890\">\n\t<a href='https:\/\/afcindustries.com\/es\/producto\/carro-medico-ligero-con-fuente-de-alimentacion\/' title='Carro m\u00e9dico ligero con fuente de alimentaci\u00f3n'><img width=\"499\" height=\"499\" src=\"https:\/\/afcindustries.com\/wp-content\/uploads\/2022\/01\/772741-computer-pole-cart-with-battery-pack.jpg\" alt=\"772741 computer pole cart with battery pack\" itemprop=\"image\" decoding=\"async\" loading=\"lazy\" srcset=\"https:\/\/afcindustries.com\/wp-content\/uploads\/2022\/01\/772741-computer-pole-cart-with-battery-pack.jpg 499w, https:\/\/afcindustries.com\/wp-content\/uploads\/2022\/01\/772741-computer-pole-cart-with-battery-pack-300x300.jpg 300w, https:\/\/afcindustries.com\/wp-content\/uploads\/2022\/01\/772741-computer-pole-cart-with-battery-pack-100x100.jpg 100w, https:\/\/afcindustries.com\/wp-content\/uploads\/2022\/01\/772741-computer-pole-cart-with-battery-pack-150x150.jpg 150w\" sizes=\"auto, (max-width: 499px) 100vw, 499px\" title=\"\"><\/a>\n    <h3><a href='https:\/\/afcindustries.com\/es\/producto\/carro-medico-ligero-con-fuente-de-alimentacion\/' title='Carro m\u00e9dico ligero con fuente de alimentaci\u00f3n'>Carro m\u00e9dico ligero con fuente de alimentaci\u00f3n<\/a><\/h3>\n\t\tSKU:772741\n<\/li><li id=\"woopack-product-19904\"  data-product-id=\"19904\">\n\t<a href='https:\/\/afcindustries.com\/es\/producto\/carro-de-poste-para-ordenador-medico-dell-wyse-mini-pc\/' title='Carro de poste para ordenador m\u00e9dico DELL WYSE Mini-PC'><img width=\"499\" height=\"499\" src=\"https:\/\/afcindustries.com\/wp-content\/uploads\/2022\/01\/772758-dell-wyse-mini-pc-medical-computer-pole-cart.jpg\" alt=\"772758 dell wyse mini pc medical computer pole cart\" itemprop=\"image\" decoding=\"async\" loading=\"lazy\" srcset=\"https:\/\/afcindustries.com\/wp-content\/uploads\/2022\/01\/772758-dell-wyse-mini-pc-medical-computer-pole-cart.jpg 499w, https:\/\/afcindustries.com\/wp-content\/uploads\/2022\/01\/772758-dell-wyse-mini-pc-medical-computer-pole-cart-300x300.jpg 300w, https:\/\/afcindustries.com\/wp-content\/uploads\/2022\/01\/772758-dell-wyse-mini-pc-medical-computer-pole-cart-100x100.jpg 100w, https:\/\/afcindustries.com\/wp-content\/uploads\/2022\/01\/772758-dell-wyse-mini-pc-medical-computer-pole-cart-150x150.jpg 150w\" sizes=\"auto, (max-width: 499px) 100vw, 499px\" title=\"\"><\/a>\n    <h3><a href='https:\/\/afcindustries.com\/es\/producto\/carro-de-poste-para-ordenador-medico-dell-wyse-mini-pc\/' title='Carro de poste para ordenador m\u00e9dico DELL WYSE Mini-PC'>Carro de poste para ordenador m\u00e9dico DELL WYSE Mini-PC<\/a><\/h3>\n\t\tSKU:772758\n<\/li><li id=\"woopack-product-19862\"  data-product-id=\"19862\">\n\t<a href='https:\/\/afcindustries.com\/es\/producto\/carro-de-ordenador-para-estacion-de-trabajo-movil\/' title='Carro de ordenador para estaci\u00f3n de trabajo m\u00f3vil'><img width=\"800\" height=\"800\" src=\"https:\/\/afcindustries.com\/wp-content\/uploads\/2022\/01\/AFC-wheeled-laptop-desk-for-convenient-mobile-computing.jpg\" alt=\"\" itemprop=\"image\" decoding=\"async\" loading=\"lazy\" srcset=\"https:\/\/afcindustries.com\/wp-content\/uploads\/2022\/01\/AFC-wheeled-laptop-desk-for-convenient-mobile-computing.jpg 800w, https:\/\/afcindustries.com\/wp-content\/uploads\/2022\/01\/AFC-wheeled-laptop-desk-for-convenient-mobile-computing-300x300.jpg 300w, https:\/\/afcindustries.com\/wp-content\/uploads\/2022\/01\/AFC-wheeled-laptop-desk-for-convenient-mobile-computing-150x150.jpg 150w, https:\/\/afcindustries.com\/wp-content\/uploads\/2022\/01\/AFC-wheeled-laptop-desk-for-convenient-mobile-computing-768x768.jpg 768w, https:\/\/afcindustries.com\/wp-content\/uploads\/2022\/01\/AFC-wheeled-laptop-desk-for-convenient-mobile-computing-600x600.jpg 600w, https:\/\/afcindustries.com\/wp-content\/uploads\/2022\/01\/AFC-wheeled-laptop-desk-for-convenient-mobile-computing-100x100.jpg 100w\" sizes=\"auto, (max-width: 800px) 100vw, 800px\" title=\"\"><\/a>\n    <h3><a href='https:\/\/afcindustries.com\/es\/producto\/carro-de-ordenador-para-estacion-de-trabajo-movil\/' title='Carro de ordenador para estaci\u00f3n de trabajo m\u00f3vil'>Carro de ordenador para estaci\u00f3n de trabajo m\u00f3vil<\/a><\/h3>\n\t\tSKU:771569\n<\/li><li id=\"woopack-product-19844\"  data-product-id=\"19844\">\n\t<a href='https:\/\/afcindustries.com\/es\/producto\/soporte-medico-ergonomico-para-ordenador-con-ruedas\/' title='Soporte m\u00e9dico ergon\u00f3mico para ordenador con ruedas'><img width=\"499\" height=\"499\" src=\"https:\/\/afcindustries.com\/wp-content\/uploads\/2022\/01\/772773-ergonomic-rolling-medical-computer-stand.jpg\" alt=\"772773 ergonomic rolling medical computer stand\" itemprop=\"image\" decoding=\"async\" loading=\"lazy\" srcset=\"https:\/\/afcindustries.com\/wp-content\/uploads\/2022\/01\/772773-ergonomic-rolling-medical-computer-stand.jpg 499w, https:\/\/afcindustries.com\/wp-content\/uploads\/2022\/01\/772773-ergonomic-rolling-medical-computer-stand-300x300.jpg 300w, https:\/\/afcindustries.com\/wp-content\/uploads\/2022\/01\/772773-ergonomic-rolling-medical-computer-stand-100x100.jpg 100w, https:\/\/afcindustries.com\/wp-content\/uploads\/2022\/01\/772773-ergonomic-rolling-medical-computer-stand-150x150.jpg 150w\" sizes=\"auto, (max-width: 499px) 100vw, 499px\" title=\"\"><\/a>\n    <h3><a href='https:\/\/afcindustries.com\/es\/producto\/soporte-medico-ergonomico-para-ordenador-con-ruedas\/' title='Soporte m\u00e9dico ergon\u00f3mico para ordenador con ruedas'>Soporte m\u00e9dico ergon\u00f3mico para ordenador con ruedas<\/a><\/h3>\n\t\tSKU:772773\n<\/li><li id=\"woopack-product-19841\"  data-product-id=\"19841\">\n\t<a href='https:\/\/afcindustries.com\/es\/producto\/carro-de-soporte-de-ordenador-movil\/' title='Carro de soporte de ordenador m\u00f3vil'><img width=\"800\" height=\"800\" src=\"https:\/\/afcindustries.com\/wp-content\/uploads\/2022\/01\/Computer-trolley-desk-by-AFC-a-mobile-workstation-with-wheels-perfect-for-holding-a-computer-and-other-accessories.jpg\" alt=\"\" itemprop=\"image\" decoding=\"async\" loading=\"lazy\" srcset=\"https:\/\/afcindustries.com\/wp-content\/uploads\/2022\/01\/Computer-trolley-desk-by-AFC-a-mobile-workstation-with-wheels-perfect-for-holding-a-computer-and-other-accessories.jpg 800w, https:\/\/afcindustries.com\/wp-content\/uploads\/2022\/01\/Computer-trolley-desk-by-AFC-a-mobile-workstation-with-wheels-perfect-for-holding-a-computer-and-other-accessories-300x300.jpg 300w, https:\/\/afcindustries.com\/wp-content\/uploads\/2022\/01\/Computer-trolley-desk-by-AFC-a-mobile-workstation-with-wheels-perfect-for-holding-a-computer-and-other-accessories-150x150.jpg 150w, https:\/\/afcindustries.com\/wp-content\/uploads\/2022\/01\/Computer-trolley-desk-by-AFC-a-mobile-workstation-with-wheels-perfect-for-holding-a-computer-and-other-accessories-768x768.jpg 768w, https:\/\/afcindustries.com\/wp-content\/uploads\/2022\/01\/Computer-trolley-desk-by-AFC-a-mobile-workstation-with-wheels-perfect-for-holding-a-computer-and-other-accessories-600x600.jpg 600w, https:\/\/afcindustries.com\/wp-content\/uploads\/2022\/01\/Computer-trolley-desk-by-AFC-a-mobile-workstation-with-wheels-perfect-for-holding-a-computer-and-other-accessories-100x100.jpg 100w\" sizes=\"auto, (max-width: 800px) 100vw, 800px\" title=\"\"><\/a>\n    <h3><a href='https:\/\/afcindustries.com\/es\/producto\/carro-de-soporte-de-ordenador-movil\/' title='Carro de soporte de ordenador m\u00f3vil'>Carro de soporte de ordenador m\u00f3vil<\/a><\/h3>\n\t\tSKU:771568\n<\/li><li id=\"woopack-product-19802\"  data-product-id=\"19802\">\n\t<a href='https:\/\/afcindustries.com\/es\/producto\/soporte-de-ordenador-medico-rodante\/' title='Soporte de ordenador m\u00e9dico rodante'><img width=\"499\" height=\"499\" src=\"https:\/\/afcindustries.com\/wp-content\/uploads\/2022\/01\/772772-rolling-computer-pole-stand.jpg\" alt=\"772772 rolling computer pole stand\" itemprop=\"image\" decoding=\"async\" loading=\"lazy\" srcset=\"https:\/\/afcindustries.com\/wp-content\/uploads\/2022\/01\/772772-rolling-computer-pole-stand.jpg 499w, https:\/\/afcindustries.com\/wp-content\/uploads\/2022\/01\/772772-rolling-computer-pole-stand-300x300.jpg 300w, https:\/\/afcindustries.com\/wp-content\/uploads\/2022\/01\/772772-rolling-computer-pole-stand-100x100.jpg 100w, https:\/\/afcindustries.com\/wp-content\/uploads\/2022\/01\/772772-rolling-computer-pole-stand-150x150.jpg 150w\" sizes=\"auto, (max-width: 499px) 100vw, 499px\" title=\"\"><\/a>\n    <h3><a href='https:\/\/afcindustries.com\/es\/producto\/soporte-de-ordenador-medico-rodante\/' title='Soporte de ordenador m\u00e9dico rodante'>Soporte de ordenador m\u00e9dico rodante<\/a><\/h3>\n\t\tSKU:772772\n<\/li>\t\t\t\t\n\t\t\t<\/ul>\n\t<ul class='page-numbers'>\n\t<li>1<\/li>\n\t<li><a href=\"https:\/\/afcindustries.com\/es\/page\/2\/?page_id=19702&#038;fl_builder\">2<\/a><\/li>\n\t<li><a href=\"https:\/\/afcindustries.com\/es\/page\/2\/?page_id=19702&#038;fl_builder\">Siguiente &raquo;<\/a><\/li>\n<\/ul>\n<h2>\n\t\tCPU Pole Carts\u2122 MPC200\n\t<\/h2>\n\t<p>Nuestros carros de poste para ordenadores tienen un tama\u00f1o compacto y, gracias a su reducido tama\u00f1o, son perfectos para zonas estrechas y muy transitadas. Traslada f\u00e1cilmente un sistema inform\u00e1tico de una habitaci\u00f3n a otra. Puede colocar hasta 2 monitores planos, un teclado y una CPU en el punto que necesite. Ajustable para las posiciones de sentado y de pie. El MPC 200 se puede ajustar con las opciones de a\u00f1adir ruedas para la movilidad y la privacidad. El carro para computadora m\u00f3vil de AFC Industries puede soportar una bandeja de impresora montada, un soporte de monitor, una bandeja de teclado retr\u00e1ctil montada, una caja de administraci\u00f3n de cables y una base de equilibrio de peso que mantiene el carro para computadora estable en todas las superficies.<\/p>\n\n","protected":false},"excerpt":{"rendered":"<p>Carros M\u00e9dicos Mostrando el \u00fanico resultado Orden predeterminadoOrdenar por popularidadOrdenar por los \u00faltimosOrdenar por precio: bajo a altoOrdenar por precio: alto a bajo Carro m\u00f3vil para tabletas con cesta de alambre con cierre ELBI y cestas de almacenamiento SKU:772871 Carro de poste de ordenador m\u00f3vil de doble monitor SKU:772742 Carro para estaci\u00f3n de trabajo con&hellip;<\/p>\n","protected":false},"author":1,"featured_media":0,"parent":0,"menu_order":0,"comment_status":"closed","ping_status":"closed","template":"","meta":{"_acf_changed":false,"inline_featured_image":false,"footnotes":""},"class_list":["post-19702","page","type-page","status-publish","hentry"],"acf":[],"_links":{"self":[{"href":"https:\/\/afcindustries.com\/es\/wp-json\/wp\/v2\/pages\/19702","targetHints":{"allow":["GET"]}}],"collection":[{"href":"https:\/\/afcindustries.com\/es\/wp-json\/wp\/v2\/pages"}],"about":[{"href":"https:\/\/afcindustries.com\/es\/wp-json\/wp\/v2\/types\/page"}],"author":[{"embeddable":true,"href":"https:\/\/afcindustries.com\/es\/wp-json\/wp\/v2\/users\/1"}],"replies":[{"embeddable":true,"href":"https:\/\/afcindustries.com\/es\/wp-json\/wp\/v2\/comments?post=19702"}],"version-history":[{"count":0,"href":"https:\/\/afcindustries.com\/es\/wp-json\/wp\/v2\/pages\/19702\/revisions"}],"wp:attachment":[{"href":"https:\/\/afcindustries.com\/es\/wp-json\/wp\/v2\/media?parent=19702"}],"curies":[{"name":"wp","href":"https:\/\/api.w.org\/{rel}","templated":true}]}}