{"id":19687,"date":"2022-02-17T07:28:54","date_gmt":"2022-02-17T12:28:54","guid":{"rendered":"https:\/\/afcindustries.com\/escritorio-smallcart\/"},"modified":"2024-10-04T14:19:16","modified_gmt":"2024-10-04T18:19:16","slug":"escritorio-smartcart","status":"publish","type":"page","link":"https:\/\/afcindustries.com\/es\/escritorio-smartcart\/","title":{"rendered":"Escritorio SmartCart"},"content":{"rendered":"\n\n\t<h2>\n\t\tEscritorios y mesas\n\t<\/h2>\n\t\t\t\t\t\t\t\t<a href=\"https:\/\/afcindustries.com\/contact\/\" target=\"_self\" itemprop=\"url\" rel=\"noopener\">\n\t\t\t\t\t\t\t\t\t<img loading=\"lazy\" decoding=\"async\" src=\"https:\/\/afcindustries.com\/wp-content\/uploads\/2022\/05\/Promo-Fall-23.gif\" alt=\"Promo Fall\" itemprop=\"image\" height=\"450\" width=\"280\" title=\"Promo Fall\" onerror=\"this.style.display='none'\"  \/>\n\t\t\t\t\t\t\t\t\t\t\t\t\t<\/a>\n\n\n\tMostrando el \u00fanico resultado\n<form method=\"get\">\n\t<select name=\"orderby\" aria-label=\"Pedido de la tienda\">\n\t\t\t\t\t<option value=\"menu_order\"  selected='selected'>Orden predeterminado<\/option>\n\t\t\t\t\t<option value=\"popularity\">Ordenar por popularidad<\/option>\n\t\t\t\t\t<option value=\"date\">Ordenar por los \u00faltimos<\/option>\n\t\t\t\t\t<option value=\"price\">Ordenar por precio: bajo a alto<\/option>\n\t\t\t\t\t<option value=\"price-desc\">Ordenar por precio: alto a bajo<\/option>\n\t\t\t<\/select>\n\t<input type=\"hidden\" name=\"paged\" value=\"1\" \/>\n\t<input type=\"hidden\" name=\"page_id\" value=\"19687\" \/><input type=\"hidden\" name=\"fl_builder\" value=\"\" \/><\/form>\n\t\t\t<ul>\n\t\t\t\t<li id=\"woopack-product-20150\"  data-product-id=\"20150\">\n\t<a href='https:\/\/afcindustries.com\/es\/producto\/escritorio-de-oficina-en-l-con-conejera\/' title='Escritorio de oficina en L con conejera'><img width=\"499\" height=\"499\" src=\"https:\/\/afcindustries.com\/wp-content\/uploads\/2022\/01\/772306-adjustable-sit-and-stand-corner-workstation.jpg\" alt=\"772306 adjustable sit and stand corner workstation\" itemprop=\"image\" decoding=\"async\" loading=\"lazy\" srcset=\"https:\/\/afcindustries.com\/wp-content\/uploads\/2022\/01\/772306-adjustable-sit-and-stand-corner-workstation.jpg 499w, https:\/\/afcindustries.com\/wp-content\/uploads\/2022\/01\/772306-adjustable-sit-and-stand-corner-workstation-300x300.jpg 300w, https:\/\/afcindustries.com\/wp-content\/uploads\/2022\/01\/772306-adjustable-sit-and-stand-corner-workstation-100x100.jpg 100w, https:\/\/afcindustries.com\/wp-content\/uploads\/2022\/01\/772306-adjustable-sit-and-stand-corner-workstation-150x150.jpg 150w\" sizes=\"auto, (max-width: 499px) 100vw, 499px\" title=\"\"><\/a>\n    <h3><a href='https:\/\/afcindustries.com\/es\/producto\/escritorio-de-oficina-en-l-con-conejera\/' title='Escritorio de oficina en L con conejera'>Escritorio de oficina en L con conejera<\/a><\/h3>\n\t\tSKU:772306\n<\/li><li id=\"woopack-product-19986\"  data-product-id=\"19986\">\n\t<a href='https:\/\/afcindustries.com\/es\/producto\/escritorio-de-ordenador-en-forma-de-l-con-cuatro-monitores\/' title='Escritorio de ordenador en forma de L con cuatro monitores'><img width=\"499\" height=\"499\" src=\"https:\/\/afcindustries.com\/wp-content\/uploads\/2022\/01\/772708-quad-monitor-l-shaped-computer-desk.jpg\" alt=\"772708 quad monitor l shaped computer desk\" itemprop=\"image\" decoding=\"async\" loading=\"lazy\" srcset=\"https:\/\/afcindustries.com\/wp-content\/uploads\/2022\/01\/772708-quad-monitor-l-shaped-computer-desk.jpg 499w, https:\/\/afcindustries.com\/wp-content\/uploads\/2022\/01\/772708-quad-monitor-l-shaped-computer-desk-300x300.jpg 300w, https:\/\/afcindustries.com\/wp-content\/uploads\/2022\/01\/772708-quad-monitor-l-shaped-computer-desk-100x100.jpg 100w, https:\/\/afcindustries.com\/wp-content\/uploads\/2022\/01\/772708-quad-monitor-l-shaped-computer-desk-150x150.jpg 150w\" sizes=\"auto, (max-width: 499px) 100vw, 499px\" title=\"\"><\/a>\n    <h3><a href='https:\/\/afcindustries.com\/es\/producto\/escritorio-de-ordenador-en-forma-de-l-con-cuatro-monitores\/' title='Escritorio de ordenador en forma de L con cuatro monitores'>Escritorio de ordenador en forma de L con cuatro monitores<\/a><\/h3>\n\t\tSKU:772708\n<\/li><li id=\"woopack-product-19972\"  data-product-id=\"19972\">\n\t<a href='https:\/\/afcindustries.com\/es\/producto\/mesa-de-ordenador-de-oficina-pequena\/' title='Mesa de ordenador de oficina peque\u00f1a'><img width=\"499\" height=\"499\" src=\"https:\/\/afcindustries.com\/wp-content\/uploads\/2022\/01\/772293-small-office-computer-desk-with-monitor-stand.jpg\" alt=\"772293 small office computer desk with monitor stand\" itemprop=\"image\" decoding=\"async\" loading=\"lazy\" srcset=\"https:\/\/afcindustries.com\/wp-content\/uploads\/2022\/01\/772293-small-office-computer-desk-with-monitor-stand.jpg 499w, https:\/\/afcindustries.com\/wp-content\/uploads\/2022\/01\/772293-small-office-computer-desk-with-monitor-stand-300x300.jpg 300w, https:\/\/afcindustries.com\/wp-content\/uploads\/2022\/01\/772293-small-office-computer-desk-with-monitor-stand-100x100.jpg 100w, https:\/\/afcindustries.com\/wp-content\/uploads\/2022\/01\/772293-small-office-computer-desk-with-monitor-stand-150x150.jpg 150w\" sizes=\"auto, (max-width: 499px) 100vw, 499px\" title=\"\"><\/a>\n    <h3><a href='https:\/\/afcindustries.com\/es\/producto\/mesa-de-ordenador-de-oficina-pequena\/' title='Mesa de ordenador de oficina peque\u00f1a'>Mesa de ordenador de oficina peque\u00f1a<\/a><\/h3>\n\t\tSKU:772293\n<\/li><li id=\"woopack-product-19984\"  data-product-id=\"19984\">\n\t<a href='https:\/\/afcindustries.com\/es\/producto\/escritorio-de-ordenador-para-el-aula\/' title='Escritorio de ordenador para el aula'><img width=\"499\" height=\"499\" src=\"https:\/\/afcindustries.com\/wp-content\/uploads\/2022\/01\/772367-classroom-computer-desk-with-lcd-monitor-mount.jpg\" alt=\"772367 classroom computer desk with lcd monitor mount\" itemprop=\"image\" decoding=\"async\" loading=\"lazy\" srcset=\"https:\/\/afcindustries.com\/wp-content\/uploads\/2022\/01\/772367-classroom-computer-desk-with-lcd-monitor-mount.jpg 499w, https:\/\/afcindustries.com\/wp-content\/uploads\/2022\/01\/772367-classroom-computer-desk-with-lcd-monitor-mount-300x300.jpg 300w, https:\/\/afcindustries.com\/wp-content\/uploads\/2022\/01\/772367-classroom-computer-desk-with-lcd-monitor-mount-100x100.jpg 100w, https:\/\/afcindustries.com\/wp-content\/uploads\/2022\/01\/772367-classroom-computer-desk-with-lcd-monitor-mount-150x150.jpg 150w\" sizes=\"auto, (max-width: 499px) 100vw, 499px\" title=\"\"><\/a>\n    <h3><a href='https:\/\/afcindustries.com\/es\/producto\/escritorio-de-ordenador-para-el-aula\/' title='Escritorio de ordenador para el aula'>Escritorio de ordenador para el aula<\/a><\/h3>\n\t\tSKU:772367\n<\/li><li id=\"woopack-product-19943\"  data-product-id=\"19943\">\n\t<a href='https:\/\/afcindustries.com\/es\/producto\/escritorio-medico-de-dos-niveles-con-brazo-para-monitor\/' title='Escritorio m\u00e9dico de dos niveles con brazo para monitor'><img width=\"499\" height=\"499\" src=\"https:\/\/afcindustries.com\/wp-content\/uploads\/2022\/01\/772279-bi-level-medical-computer-desk.jpg\" alt=\"772279 bi level medical computer desk\" itemprop=\"image\" decoding=\"async\" loading=\"lazy\" srcset=\"https:\/\/afcindustries.com\/wp-content\/uploads\/2022\/01\/772279-bi-level-medical-computer-desk.jpg 499w, https:\/\/afcindustries.com\/wp-content\/uploads\/2022\/01\/772279-bi-level-medical-computer-desk-300x300.jpg 300w, https:\/\/afcindustries.com\/wp-content\/uploads\/2022\/01\/772279-bi-level-medical-computer-desk-100x100.jpg 100w, https:\/\/afcindustries.com\/wp-content\/uploads\/2022\/01\/772279-bi-level-medical-computer-desk-150x150.jpg 150w\" sizes=\"auto, (max-width: 499px) 100vw, 499px\" title=\"\"><\/a>\n    <h3><a href='https:\/\/afcindustries.com\/es\/producto\/escritorio-medico-de-dos-niveles-con-brazo-para-monitor\/' title='Escritorio m\u00e9dico de dos niveles con brazo para monitor'>Escritorio m\u00e9dico de dos niveles con brazo para monitor<\/a><\/h3>\n\t\tSKU:772279\n<\/li><li id=\"woopack-product-19908\"  data-product-id=\"19908\">\n\t<a href='https:\/\/afcindustries.com\/es\/producto\/mesa-de-ordenador-en-forma-de-hexagono\/' title='Mesa de ordenador en forma de hex\u00e1gono'><img width=\"499\" height=\"499\" src=\"https:\/\/afcindustries.com\/wp-content\/uploads\/2022\/01\/772300-hexagon-shaped-computer-table.jpg\" alt=\"772300 hexagon shaped computer table\" itemprop=\"image\" decoding=\"async\" loading=\"lazy\" srcset=\"https:\/\/afcindustries.com\/wp-content\/uploads\/2022\/01\/772300-hexagon-shaped-computer-table.jpg 499w, https:\/\/afcindustries.com\/wp-content\/uploads\/2022\/01\/772300-hexagon-shaped-computer-table-300x300.jpg 300w, https:\/\/afcindustries.com\/wp-content\/uploads\/2022\/01\/772300-hexagon-shaped-computer-table-100x100.jpg 100w, https:\/\/afcindustries.com\/wp-content\/uploads\/2022\/01\/772300-hexagon-shaped-computer-table-150x150.jpg 150w\" sizes=\"auto, (max-width: 499px) 100vw, 499px\" title=\"\"><\/a>\n    <h3><a href='https:\/\/afcindustries.com\/es\/producto\/mesa-de-ordenador-en-forma-de-hexagono\/' title='Mesa de ordenador en forma de hex\u00e1gono'>Mesa de ordenador en forma de hex\u00e1gono<\/a><\/h3>\n\t\tSKU:772300\n<\/li><li id=\"woopack-product-19876\"  data-product-id=\"19876\">\n\t<a href='https:\/\/afcindustries.com\/es\/producto\/mesa-de-ordenador-con-armarios\/' title='Mesa de ordenador con armarios'><img width=\"499\" height=\"499\" src=\"https:\/\/afcindustries.com\/wp-content\/uploads\/2022\/01\/772297-computer-table-with-spacious-storage-cabinets.jpg\" alt=\"772297 computer table with spacious storage cabinets\" itemprop=\"image\" decoding=\"async\" loading=\"lazy\" srcset=\"https:\/\/afcindustries.com\/wp-content\/uploads\/2022\/01\/772297-computer-table-with-spacious-storage-cabinets.jpg 499w, https:\/\/afcindustries.com\/wp-content\/uploads\/2022\/01\/772297-computer-table-with-spacious-storage-cabinets-300x300.jpg 300w, https:\/\/afcindustries.com\/wp-content\/uploads\/2022\/01\/772297-computer-table-with-spacious-storage-cabinets-100x100.jpg 100w, https:\/\/afcindustries.com\/wp-content\/uploads\/2022\/01\/772297-computer-table-with-spacious-storage-cabinets-150x150.jpg 150w\" sizes=\"auto, (max-width: 499px) 100vw, 499px\" title=\"\"><\/a>\n    <h3><a href='https:\/\/afcindustries.com\/es\/producto\/mesa-de-ordenador-con-armarios\/' title='Mesa de ordenador con armarios'>Mesa de ordenador con armarios<\/a><\/h3>\n\t\tSKU:772297\n<\/li><li id=\"woopack-product-19868\"  data-product-id=\"19868\">\n\t<a href='https:\/\/afcindustries.com\/es\/producto\/estacion-de-trabajo-de-doble-monitor-con-forma-curva\/' title='Estaci\u00f3n de trabajo de doble monitor con forma curva'><img width=\"499\" height=\"499\" src=\"https:\/\/afcindustries.com\/wp-content\/uploads\/2022\/01\/772299-custom-shaped-computer-table.jpg\" alt=\"772299 custom shaped computer table\" itemprop=\"image\" decoding=\"async\" loading=\"lazy\" srcset=\"https:\/\/afcindustries.com\/wp-content\/uploads\/2022\/01\/772299-custom-shaped-computer-table.jpg 499w, https:\/\/afcindustries.com\/wp-content\/uploads\/2022\/01\/772299-custom-shaped-computer-table-300x300.jpg 300w, https:\/\/afcindustries.com\/wp-content\/uploads\/2022\/01\/772299-custom-shaped-computer-table-100x100.jpg 100w, https:\/\/afcindustries.com\/wp-content\/uploads\/2022\/01\/772299-custom-shaped-computer-table-150x150.jpg 150w\" sizes=\"auto, (max-width: 499px) 100vw, 499px\" title=\"\"><\/a>\n    <h3><a href='https:\/\/afcindustries.com\/es\/producto\/estacion-de-trabajo-de-doble-monitor-con-forma-curva\/' title='Estaci\u00f3n de trabajo de doble monitor con forma curva'>Estaci\u00f3n de trabajo de doble monitor con forma curva<\/a><\/h3>\n\t\tSKU:772299\n<\/li><li id=\"woopack-product-19760\"  data-product-id=\"19760\">\n\t<a href='https:\/\/afcindustries.com\/es\/producto\/mesa-de-trabajo-para-ordenador-en-forma-de-u\/' title='Mesa de trabajo para ordenador en forma de U'><img width=\"499\" height=\"499\" src=\"https:\/\/afcindustries.com\/wp-content\/uploads\/2022\/01\/772307-u-shaped-computer-desk.jpg\" alt=\"772307 u shaped computer desk\" itemprop=\"image\" decoding=\"async\" loading=\"lazy\" srcset=\"https:\/\/afcindustries.com\/wp-content\/uploads\/2022\/01\/772307-u-shaped-computer-desk.jpg 499w, https:\/\/afcindustries.com\/wp-content\/uploads\/2022\/01\/772307-u-shaped-computer-desk-300x300.jpg 300w, https:\/\/afcindustries.com\/wp-content\/uploads\/2022\/01\/772307-u-shaped-computer-desk-100x100.jpg 100w, https:\/\/afcindustries.com\/wp-content\/uploads\/2022\/01\/772307-u-shaped-computer-desk-150x150.jpg 150w\" sizes=\"auto, (max-width: 499px) 100vw, 499px\" title=\"\"><\/a>\n    <h3><a href='https:\/\/afcindustries.com\/es\/producto\/mesa-de-trabajo-para-ordenador-en-forma-de-u\/' title='Mesa de trabajo para ordenador en forma de U'>Mesa de trabajo para ordenador en forma de U<\/a><\/h3>\n\t\tSKU:772307\n<\/li><li id=\"woopack-product-19751\"  data-product-id=\"19751\">\n\t<a href='https:\/\/afcindustries.com\/es\/producto\/mesa-de-ordenador-de-esquina-ergonomica-en-forma-de-l\/' title='Mesa de ordenador de esquina ergon\u00f3mica en forma de L'><img width=\"499\" height=\"499\" src=\"https:\/\/afcindustries.com\/wp-content\/uploads\/2022\/01\/772305-l-shape-ergonomic-corner-computer-table.jpg\" alt=\"772305 l shape ergonomic corner computer table\" itemprop=\"image\" decoding=\"async\" loading=\"lazy\" srcset=\"https:\/\/afcindustries.com\/wp-content\/uploads\/2022\/01\/772305-l-shape-ergonomic-corner-computer-table.jpg 499w, https:\/\/afcindustries.com\/wp-content\/uploads\/2022\/01\/772305-l-shape-ergonomic-corner-computer-table-300x300.jpg 300w, https:\/\/afcindustries.com\/wp-content\/uploads\/2022\/01\/772305-l-shape-ergonomic-corner-computer-table-150x150.jpg 150w, https:\/\/afcindustries.com\/wp-content\/uploads\/2022\/01\/772305-l-shape-ergonomic-corner-computer-table-100x100.jpg 100w\" sizes=\"auto, (max-width: 499px) 100vw, 499px\" title=\"\"><\/a>\n    <h3><a href='https:\/\/afcindustries.com\/es\/producto\/mesa-de-ordenador-de-esquina-ergonomica-en-forma-de-l\/' title='Mesa de ordenador de esquina ergon\u00f3mica en forma de L'>Mesa de ordenador de esquina ergon\u00f3mica en forma de L<\/a><\/h3>\n\t\tSKU:772305\n<\/li><li id=\"woopack-product-19630\"  data-product-id=\"19630\">\n\t<a href='https:\/\/afcindustries.com\/es\/producto\/escritorio-de-ordenador-de-oficina-de-doble-monitor\/' title='Escritorio de ordenador de oficina de doble monitor'><img width=\"499\" height=\"499\" src=\"https:\/\/afcindustries.com\/wp-content\/uploads\/2022\/01\/772439-dual-monitor-office-computer-desk.jpg\" alt=\"772439 dual monitor office computer desk\" itemprop=\"image\" decoding=\"async\" loading=\"lazy\" srcset=\"https:\/\/afcindustries.com\/wp-content\/uploads\/2022\/01\/772439-dual-monitor-office-computer-desk.jpg 499w, https:\/\/afcindustries.com\/wp-content\/uploads\/2022\/01\/772439-dual-monitor-office-computer-desk-300x300.jpg 300w, https:\/\/afcindustries.com\/wp-content\/uploads\/2022\/01\/772439-dual-monitor-office-computer-desk-150x150.jpg 150w, https:\/\/afcindustries.com\/wp-content\/uploads\/2022\/01\/772439-dual-monitor-office-computer-desk-100x100.jpg 100w\" sizes=\"auto, (max-width: 499px) 100vw, 499px\" title=\"\"><\/a>\n    <h3><a href='https:\/\/afcindustries.com\/es\/producto\/escritorio-de-ordenador-de-oficina-de-doble-monitor\/' title='Escritorio de ordenador de oficina de doble monitor'>Escritorio de ordenador de oficina de doble monitor<\/a><\/h3>\n\t\tSKU:772439\n<\/li><li id=\"woopack-product-19633\"  data-product-id=\"19633\">\n\t<a href='https:\/\/afcindustries.com\/es\/producto\/escritorio-de-ordenador-con-soportes-de-monitor-de-pared-de-listones\/' title='Escritorio de ordenador con soportes de monitor de pared de listones'><img width=\"499\" height=\"499\" src=\"https:\/\/afcindustries.com\/wp-content\/uploads\/2022\/01\/772578-wide-computer-desk-with-slat-wall-monitor-mounts.jpg\" alt=\"772578 wide computer desk with slat wall monitor mounts\" itemprop=\"image\" decoding=\"async\" loading=\"lazy\" srcset=\"https:\/\/afcindustries.com\/wp-content\/uploads\/2022\/01\/772578-wide-computer-desk-with-slat-wall-monitor-mounts.jpg 499w, https:\/\/afcindustries.com\/wp-content\/uploads\/2022\/01\/772578-wide-computer-desk-with-slat-wall-monitor-mounts-300x300.jpg 300w, https:\/\/afcindustries.com\/wp-content\/uploads\/2022\/01\/772578-wide-computer-desk-with-slat-wall-monitor-mounts-100x100.jpg 100w, https:\/\/afcindustries.com\/wp-content\/uploads\/2022\/01\/772578-wide-computer-desk-with-slat-wall-monitor-mounts-150x150.jpg 150w\" sizes=\"auto, (max-width: 499px) 100vw, 499px\" title=\"\"><\/a>\n    <h3><a href='https:\/\/afcindustries.com\/es\/producto\/escritorio-de-ordenador-con-soportes-de-monitor-de-pared-de-listones\/' title='Escritorio de ordenador con soportes de monitor de pared de listones'>Escritorio de ordenador con soportes de monitor de pared de listones<\/a><\/h3>\n\t\tSKU:772578\n<\/li>\t\t\t\t\n\t\t\t<\/ul>\n\t<ul class='page-numbers'>\n\t<li>1<\/li>\n\t<li><a href=\"https:\/\/afcindustries.com\/es\/page\/2\/?page_id=19687&#038;fl_builder\">2<\/a><\/li>\n\t<li><a href=\"https:\/\/afcindustries.com\/es\/page\/2\/?page_id=19687&#038;fl_builder\">Siguiente &raquo;<\/a><\/li>\n<\/ul>\n<h2>\n\t\tMesas de ordenador ajustables (altura fija)\n\t<\/h2>\n<h3>\n\t\tBeneficios de los escritorios SmartCart\n\t<\/h3>\n\t<p>Experimente la comodidad de los escritorios SmartCart, nuestras estaciones de trabajo para computadora de altura fija con ruedas, dise\u00f1adas para una movilidad sin esfuerzo. Priorizamos la calidad de construcci\u00f3n de primer nivel, y ofrecemos una variedad de formas y acabados para satisfacer diversas demandas. Personalice su espacio de trabajo con nuestros escritorios\/mesas para computadora de altura fija con impresi\u00f3n personalizada, adaptados a sus preferencias.<\/p>\n<p>Con la proliferaci\u00f3n de los ordenadores, la necesidad de escritorios inform\u00e1ticos adecuados ha aumentado en consecuencia. Las mesas de ordenador ajustables impresas son soluciones perfectas para oficinas y hogares. Ofrecemos varios tama\u00f1os para acomodar a usuarios de diferentes formas y tama\u00f1os. Los puestos de trabajo inform\u00e1ticos ajustables le permiten subirlos o bajarlos en funci\u00f3n de sus necesidades de altura antes de empezar a trabajar o jugar en ellos.<\/p>\n<p>Son ideales para el uso dom\u00e9stico, as\u00ed como en oficinas donde hay m\u00e1s de una persona que utiliza las mismas estaciones. Estos productos impresos se fabrican con diversos materiales, por lo que pueden utilizarse en otros lugares adem\u00e1s de las oficinas, como en hogares, hoteles, escuelas y empresas. Nuestros escritorios ajustables se han dise\u00f1ado pensando en la comodidad, para que pueda cambiar su altura sin hacer mucho esfuerzo. Esto significa que se acab\u00f3 el esfuerzo al teclear durante horas o el cansancio incluso antes de empezar el d\u00eda. Nuestros escritorios de ordenador personalizables pueden adaptarse a cualquier dise\u00f1o de oficina existente, pero tambi\u00e9n son una gran adici\u00f3n a las nuevas instalaciones. Ofrecemos una gran variedad de formas y acabados para garantizar que obtendr\u00e1 exactamente lo que desea. Tambi\u00e9n podemos dise\u00f1ar mesas de ordenador promocionales a medida para que se integren en la estructura de su oficina.<\/p>\n\n","protected":false},"excerpt":{"rendered":"<p>Escritorios y mesas Mostrando el \u00fanico resultado Orden predeterminadoOrdenar por popularidadOrdenar por los \u00faltimosOrdenar por precio: bajo a altoOrdenar por precio: alto a bajo Escritorio de oficina en L con conejera SKU:772306 Escritorio de ordenador en forma de L con cuatro monitores SKU:772708 Mesa de ordenador de oficina peque\u00f1a SKU:772293 Escritorio de ordenador para el&hellip;<\/p>\n","protected":false},"author":1,"featured_media":0,"parent":0,"menu_order":0,"comment_status":"closed","ping_status":"closed","template":"","meta":{"_acf_changed":false,"inline_featured_image":false,"footnotes":""},"class_list":["post-19687","page","type-page","status-publish","hentry"],"acf":[],"_links":{"self":[{"href":"https:\/\/afcindustries.com\/es\/wp-json\/wp\/v2\/pages\/19687","targetHints":{"allow":["GET"]}}],"collection":[{"href":"https:\/\/afcindustries.com\/es\/wp-json\/wp\/v2\/pages"}],"about":[{"href":"https:\/\/afcindustries.com\/es\/wp-json\/wp\/v2\/types\/page"}],"author":[{"embeddable":true,"href":"https:\/\/afcindustries.com\/es\/wp-json\/wp\/v2\/users\/1"}],"replies":[{"embeddable":true,"href":"https:\/\/afcindustries.com\/es\/wp-json\/wp\/v2\/comments?post=19687"}],"version-history":[{"count":0,"href":"https:\/\/afcindustries.com\/es\/wp-json\/wp\/v2\/pages\/19687\/revisions"}],"wp:attachment":[{"href":"https:\/\/afcindustries.com\/es\/wp-json\/wp\/v2\/media?parent=19687"}],"curies":[{"name":"wp","href":"https:\/\/api.w.org\/{rel}","templated":true}]}}