{"id":19678,"date":"2022-02-17T08:50:23","date_gmt":"2022-02-17T13:50:23","guid":{"rendered":"https:\/\/afcindustries.com\/carro-de-la-compra\/"},"modified":"2024-10-04T14:37:59","modified_gmt":"2024-10-04T18:37:59","slug":"carro-de-la-compra","status":"publish","type":"page","link":"https:\/\/afcindustries.com\/es\/carro-de-la-compra\/","title":{"rendered":"Carro de la compra"},"content":{"rendered":"\n\n\t<h2>\n\t\tCarros M\u00e9dicos\n\t<\/h2>\n\t\t\t\t\t\t\t\t<a href=\"https:\/\/afcindustries.com\/contact\/\" target=\"_self\" itemprop=\"url\" rel=\"noopener\">\n\t\t\t\t\t\t\t\t\t<img loading=\"lazy\" decoding=\"async\" src=\"https:\/\/afcindustries.com\/wp-content\/uploads\/2022\/05\/Promo-Fall-23.gif\" alt=\"Promo Fall\" itemprop=\"image\" height=\"450\" width=\"280\" title=\"Promo Fall\" onerror=\"this.style.display='none'\"  \/>\n\t\t\t\t\t\t\t\t\t\t\t\t\t<\/a>\n\n\n\tMostrando el \u00fanico resultado\n<form method=\"get\">\n\t<select name=\"orderby\" aria-label=\"Pedido de la tienda\">\n\t\t\t\t\t<option value=\"menu_order\"  selected='selected'>Orden predeterminado<\/option>\n\t\t\t\t\t<option value=\"popularity\">Ordenar por popularidad<\/option>\n\t\t\t\t\t<option value=\"date\">Ordenar por los \u00faltimos<\/option>\n\t\t\t\t\t<option value=\"price\">Ordenar por precio: bajo a alto<\/option>\n\t\t\t\t\t<option value=\"price-desc\">Ordenar por precio: alto a bajo<\/option>\n\t\t\t<\/select>\n\t<input type=\"hidden\" name=\"paged\" value=\"1\" \/>\n\t<input type=\"hidden\" name=\"page_id\" value=\"19678\" \/><input type=\"hidden\" name=\"fl_builder\" value=\"\" \/><\/form>\n\t\t\t<ul>\n\t\t\t\t<li id=\"woopack-product-19962\"  data-product-id=\"19962\">\n\t<a href='https:\/\/afcindustries.com\/es\/producto\/carro-de-ordenador-utilitario-movil-con-estanteria-de-42-de-altura\/' title='Carro de ordenador utilitario m\u00f3vil con estanter\u00eda de 42&#8243; de altura'><img width=\"499\" height=\"499\" src=\"https:\/\/afcindustries.com\/wp-content\/uploads\/2022\/01\/772823-mobile-computer-utility-cart-strong-and-stable-design.jpg\" alt=\"772823 mobile computer utility cart strong and stable design\" itemprop=\"image\" decoding=\"async\" loading=\"lazy\" srcset=\"https:\/\/afcindustries.com\/wp-content\/uploads\/2022\/01\/772823-mobile-computer-utility-cart-strong-and-stable-design.jpg 499w, https:\/\/afcindustries.com\/wp-content\/uploads\/2022\/01\/772823-mobile-computer-utility-cart-strong-and-stable-design-300x300.jpg 300w, https:\/\/afcindustries.com\/wp-content\/uploads\/2022\/01\/772823-mobile-computer-utility-cart-strong-and-stable-design-100x100.jpg 100w, https:\/\/afcindustries.com\/wp-content\/uploads\/2022\/01\/772823-mobile-computer-utility-cart-strong-and-stable-design-150x150.jpg 150w\" sizes=\"auto, (max-width: 499px) 100vw, 499px\" title=\"\"><\/a>\n    <h3><a href='https:\/\/afcindustries.com\/es\/producto\/carro-de-ordenador-utilitario-movil-con-estanteria-de-42-de-altura\/' title='Carro de ordenador utilitario m\u00f3vil con estanter\u00eda de 42&#8243; de altura'>Carro de ordenador utilitario m\u00f3vil con estanter\u00eda de 42&#8243; de altura<\/a><\/h3>\n\t\tSKU:772823\n<\/li><li id=\"woopack-product-19921\"  data-product-id=\"19921\">\n\t<a href='https:\/\/afcindustries.com\/es\/producto\/carro-de-estanteria-movil-para-ordenadores-diseno-sencillo-y-resistente\/' title='Carro de estanter\u00eda m\u00f3vil para ordenadores Dise\u00f1o sencillo y resistente'><img width=\"499\" height=\"499\" src=\"https:\/\/afcindustries.com\/wp-content\/uploads\/2022\/01\/772822-mobile-computer-cart-computer-workstation-utility-shelving-station.jpg\" alt=\"772822 mobile computer cart computer workstation utility shelving station\" itemprop=\"image\" decoding=\"async\" loading=\"lazy\" srcset=\"https:\/\/afcindustries.com\/wp-content\/uploads\/2022\/01\/772822-mobile-computer-cart-computer-workstation-utility-shelving-station.jpg 499w, https:\/\/afcindustries.com\/wp-content\/uploads\/2022\/01\/772822-mobile-computer-cart-computer-workstation-utility-shelving-station-300x300.jpg 300w, https:\/\/afcindustries.com\/wp-content\/uploads\/2022\/01\/772822-mobile-computer-cart-computer-workstation-utility-shelving-station-100x100.jpg 100w, https:\/\/afcindustries.com\/wp-content\/uploads\/2022\/01\/772822-mobile-computer-cart-computer-workstation-utility-shelving-station-150x150.jpg 150w\" sizes=\"auto, (max-width: 499px) 100vw, 499px\" title=\"\"><\/a>\n    <h3><a href='https:\/\/afcindustries.com\/es\/producto\/carro-de-estanteria-movil-para-ordenadores-diseno-sencillo-y-resistente\/' title='Carro de estanter\u00eda m\u00f3vil para ordenadores Dise\u00f1o sencillo y resistente'>Carro de estanter\u00eda m\u00f3vil para ordenadores Dise\u00f1o sencillo y resistente<\/a><\/h3>\n\t\tSKU:772822\n<\/li><li id=\"woopack-product-19625\"  data-product-id=\"19625\">\n\t<a href='https:\/\/afcindustries.com\/es\/producto\/carro-de-ordenador-movil-con-estante-de-escritorio-a-la-altura-del-asiento-30\/' title='Carro de ordenador m\u00f3vil con estante de escritorio a la altura del asiento 30&#8243;.'><img width=\"499\" height=\"499\" src=\"https:\/\/afcindustries.com\/wp-content\/uploads\/2022\/01\/772824-mobile-utility-computer-cart-with-single-desktop-shelf.jpg\" alt=\"772824 mobile utility computer cart with single desktop shelf\" itemprop=\"image\" decoding=\"async\" loading=\"lazy\" srcset=\"https:\/\/afcindustries.com\/wp-content\/uploads\/2022\/01\/772824-mobile-utility-computer-cart-with-single-desktop-shelf.jpg 499w, https:\/\/afcindustries.com\/wp-content\/uploads\/2022\/01\/772824-mobile-utility-computer-cart-with-single-desktop-shelf-300x300.jpg 300w, https:\/\/afcindustries.com\/wp-content\/uploads\/2022\/01\/772824-mobile-utility-computer-cart-with-single-desktop-shelf-150x150.jpg 150w, https:\/\/afcindustries.com\/wp-content\/uploads\/2022\/01\/772824-mobile-utility-computer-cart-with-single-desktop-shelf-100x100.jpg 100w\" sizes=\"auto, (max-width: 499px) 100vw, 499px\" title=\"\"><\/a>\n    <h3><a href='https:\/\/afcindustries.com\/es\/producto\/carro-de-ordenador-movil-con-estante-de-escritorio-a-la-altura-del-asiento-30\/' title='Carro de ordenador m\u00f3vil con estante de escritorio a la altura del asiento 30&#8243;.'>Carro de ordenador m\u00f3vil con estante de escritorio a la altura del asiento 30&#8243;.<\/a><\/h3>\n\t\tSKU:772824\n<\/li>\t\t\t\t\n\t\t\t<\/ul>\n<h2>\n\t\tEstaciones de trabajo m\u00f3viles con carro de PCs utilitarios\n\t<\/h2>\n\t<p>Carrito m\u00f3vil para ordenador de dise\u00f1o sencillo y robusto. Estos carros son ideales para cualquier tipo de utilidad, tanto si necesita una estaci\u00f3n de trabajo m\u00f3vil sencilla y resistente que pueda maniobrar f\u00e1cilmente de una habitaci\u00f3n a otra, como un carro de ordenador fijo para albergar su sistema de PC y todos sus perif\u00e9ricos.<\/p>\n<p>Estos carros est\u00e1n construidos con montantes y soportes de acero laminado en fr\u00edo que se combinan con superficies de trabajo y estantes de laminado de alta presi\u00f3n. Creaci\u00f3n de una robusta unidad independiente con m\u00faltiples usos.<\/p>\n<p>Disponible en tres tama\u00f1os y alturas est\u00e1ndar, desde la estaci\u00f3n de trabajo de ordenador de pie de altura completa hasta los carros utilitarios de tama\u00f1o medio o m\u00e1s cortos. Construido con productos de calidad en los U.S.A. y hecho para durar.<\/p>\n<p><b>Nota: No incluye el monitor, el soporte del monitor, el teclado y la CPU del ordenador.<\/b><\/p>\n\n","protected":false},"excerpt":{"rendered":"<p>Carros M\u00e9dicos Mostrando el \u00fanico resultado Orden predeterminadoOrdenar por popularidadOrdenar por los \u00faltimosOrdenar por precio: bajo a altoOrdenar por precio: alto a bajo Carro de ordenador utilitario m\u00f3vil con estanter\u00eda de 42&#8243; de altura SKU:772823 Carro de estanter\u00eda m\u00f3vil para ordenadores Dise\u00f1o sencillo y resistente SKU:772822 Carro de ordenador m\u00f3vil con estante de escritorio a&hellip;<\/p>\n","protected":false},"author":1,"featured_media":0,"parent":0,"menu_order":0,"comment_status":"closed","ping_status":"closed","template":"","meta":{"_acf_changed":false,"inline_featured_image":false,"footnotes":""},"class_list":["post-19678","page","type-page","status-publish","hentry"],"acf":[],"_links":{"self":[{"href":"https:\/\/afcindustries.com\/es\/wp-json\/wp\/v2\/pages\/19678","targetHints":{"allow":["GET"]}}],"collection":[{"href":"https:\/\/afcindustries.com\/es\/wp-json\/wp\/v2\/pages"}],"about":[{"href":"https:\/\/afcindustries.com\/es\/wp-json\/wp\/v2\/types\/page"}],"author":[{"embeddable":true,"href":"https:\/\/afcindustries.com\/es\/wp-json\/wp\/v2\/users\/1"}],"replies":[{"embeddable":true,"href":"https:\/\/afcindustries.com\/es\/wp-json\/wp\/v2\/comments?post=19678"}],"version-history":[{"count":0,"href":"https:\/\/afcindustries.com\/es\/wp-json\/wp\/v2\/pages\/19678\/revisions"}],"wp:attachment":[{"href":"https:\/\/afcindustries.com\/es\/wp-json\/wp\/v2\/media?parent=19678"}],"curies":[{"name":"wp","href":"https:\/\/api.w.org\/{rel}","templated":true}]}}