{"id":19674,"date":"2022-02-16T13:45:26","date_gmt":"2022-02-16T18:45:26","guid":{"rendered":"https:\/\/afcindustries.com\/sobre-nosotros\/"},"modified":"2024-09-27T16:29:23","modified_gmt":"2024-09-27T20:29:23","slug":"sobre-nosotros","status":"publish","type":"page","link":"https:\/\/afcindustries.com\/es\/sobre-nosotros\/","title":{"rendered":"Sobre nosotros"},"content":{"rendered":"\n\n\t<nav id=\"breadcrumbs\" aria-label=\"Breadcrumbs\"><a href=\"https:\/\/afcindustries.com\/es\/\">Home<\/a> \u00bb Sobre nosotros<\/nav><h1>\n\t\tAcerca de AFC Industries\n\t<\/h1>\n<h2>\n\t\tQui\u00e9nes somos\n\t<\/h2>\n\t<p>Desde 1994, AFC Industries, Inc. ha estado a la vanguardia del dise\u00f1o y la fabricaci\u00f3n de muebles ergon\u00f3micos y estaciones de trabajo para ordenadores. Nuestra misi\u00f3n es mejorar la calidad de vida laboral mediante el dise\u00f1o y la fabricaci\u00f3n de productos ergon\u00f3micos innovadores que se integren perfectamente con las nuevas tecnolog\u00edas para lugares de trabajo relacionados con la medicina y el comercio en toda la comunidad global.<\/p>\n<p>AFC Industries, Inc. ofrece una amplia variedad de estaciones de trabajo ajustables en altura\/sentado-de pie; escritorios que ahorran espacio; carros m\u00f3viles; soportes de pared; muebles para computadoras; sistemas de estanter\u00edas; escritorios y estaciones de seguridad; soportes industriales para piso, escritorios y estaciones para salas de lectura; escritorios y estaciones para salas de lectura de radiolog\u00eda; y mamparas insonorizadas. Tambi\u00e9n ofrecemos escritorios de 2 niveles, carros de laboratorio, carros telesc\u00f3picos, unidades y carros de pared antimicrobianos, consolas de control, escritorios de seguridad, estaciones de trabajo de TI, sistemas PACS y muebles ergon\u00f3micos. Ofrecemos una amplia variedad de accesorios de alta calidad. Nuestros productos lo ayudan a crear una soluci\u00f3n de trabajo que mejore activamente su salud, comodidad, productividad y desempe\u00f1o en el trabajo.<\/p>\n<p>AFC Industries Inc. opera en varios segmentos importantes del mercado, como la radiolog\u00eda, la cardiolog\u00eda\/cardiovascular, la inform\u00e1tica\/IS, la biomedicina, el diagn\u00f3stico por rayos X, la radiograf\u00eda m\u00e9dica, el TAC, la resonancia magn\u00e9tica, el diagn\u00f3stico por ultrasonidos y la radioterapia, por nombrar s\u00f3lo algunos.<\/p>\n<h2>\n\t\tMisi\u00f3n de la AFC:\n\t<\/h2>\n\t<p>Crear soluciones, a trav\u00e9s de la fabricaci\u00f3n de muebles de dise\u00f1o ergon\u00f3mico y productos relacionados con la tecnolog\u00eda, que aumenten la productividad y alivien el estr\u00e9s f\u00edsico en el lugar de trabajo. Hablamos en serio cuando decimos que nuestras unidades se adaptan a su entorno.<\/p>\n<h2>\n\t\tVentajas de trabajar con AFC Industries\n\t<\/h2>\n\t<p><strong>Dise\u00f1o e ingenier\u00eda<\/strong> Los ingenieros y dise\u00f1adores capacitados en la industria de AFC trabajan directamente con usted y su personal de cuenta dedicado para dise\u00f1ar espec\u00edficamente seg\u00fan sus requisitos. Nuestros productos est\u00e1n dise\u00f1ados ergon\u00f3micamente para lograr la m\u00e1xima eficiencia y comodidad del operador. <\/p>\n<h2>\n\t\tAsistencia con el dise\u00f1o de distribuci\u00f3n de salas\n\t<\/h2>\n\t\t\t\t\t\t\t\t\t<img loading=\"lazy\" decoding=\"async\" src=\"https:\/\/afcindustries.com\/wp-content\/uploads\/2022\/02\/engineer-drawing-room-lay-out.jpg\" alt=\"Professional engineer drawing room layout by AFC Industries\" itemprop=\"image\" height=\"372\" width=\"500\" srcset=\"https:\/\/afcindustries.com\/wp-content\/uploads\/2022\/02\/engineer-drawing-room-lay-out.jpg 500w, https:\/\/afcindustries.com\/wp-content\/uploads\/2022\/02\/engineer-drawing-room-lay-out-300x223.jpg 300w\" sizes=\"auto, (max-width: 500px) 100vw, 500px\" title=\"Professional engineer drawing room layout by AFC Industries\" onerror=\"this.style.display='none'\"  \/>\n<h2>\n\t\tDibujos 3D y CAD\n\t<\/h2>\n\t\t\t\t\t\t\t\t\t<img loading=\"lazy\" decoding=\"async\" src=\"https:\/\/afcindustries.com\/wp-content\/uploads\/2022\/02\/engieer-drawing-height-adjustable-desk.jpg\" alt=\"High-quality height adjustable desk engineering drawing by AFC Industries\" itemprop=\"image\" height=\"372\" width=\"466\" srcset=\"https:\/\/afcindustries.com\/wp-content\/uploads\/2022\/02\/engieer-drawing-height-adjustable-desk.jpg 466w, https:\/\/afcindustries.com\/wp-content\/uploads\/2022\/02\/engieer-drawing-height-adjustable-desk-300x239.jpg 300w\" sizes=\"auto, (max-width: 466px) 100vw, 466px\" title=\"High-quality height adjustable desk engineering drawing by AFC Industries\" onerror=\"this.style.display='none'\"  \/>\n<h2>\n\t\tFabricado con calidad y orgullo en Nueva York\n\t<\/h2>\n\t<p>Todo el dise\u00f1o, la producci\u00f3n, el montaje y el control de calidad se realizan en nuestras instalaciones de College Point, Nueva York, un suburbio de la ciudad de Nueva York. Es esta orgullosa atenci\u00f3n a los detalles lo que nos diferencia de otros fabricantes.<\/p>\n<h2>\n\t\tTaller de madera in situ\n\t<\/h2>\n\t<p>Todas las superficies de trabajo de madera y los estantes tienen laminado presurizado, resistente a los ara\u00f1azos y de larga duraci\u00f3n, y se adaptan a sus dimensiones exactas en nuestro taller de madera.<\/p>\n\t\t\t\t\t\t\t\t\t<img loading=\"lazy\" decoding=\"async\" src=\"https:\/\/afcindustries.com\/wp-content\/uploads\/2022\/02\/ergonomic-furniture-wood-shop.jpg\" alt=\"ergonomic furniture wood shop\" itemprop=\"image\" height=\"220\" width=\"500\" srcset=\"https:\/\/afcindustries.com\/wp-content\/uploads\/2022\/02\/ergonomic-furniture-wood-shop.jpg 500w, https:\/\/afcindustries.com\/wp-content\/uploads\/2022\/02\/ergonomic-furniture-wood-shop-300x132.jpg 300w\" sizes=\"auto, (max-width: 500px) 100vw, 500px\" title=\"ergonomic furniture wood shop\" onerror=\"this.style.display='none'\"  \/>\n<h2>\n\t\tTaller de metalister\u00eda in situ\n\t<\/h2>\n\t<p>Nuestros carros, estanter\u00edas y puestos de trabajo est\u00e1n construidos exclusivamente con acero reforzado. Nuestro est\u00e1ndar es el acero laminado en fr\u00edo de calibre 11.<\/p>\n\t\t\t\t\t\t\t\t\t<img loading=\"lazy\" decoding=\"async\" src=\"https:\/\/afcindustries.com\/wp-content\/uploads\/2022\/02\/ergonomic-furniture-metal-shop.jpg\" alt=\"ergonomic furniture metal shop\" itemprop=\"image\" height=\"220\" width=\"500\" srcset=\"https:\/\/afcindustries.com\/wp-content\/uploads\/2022\/02\/ergonomic-furniture-metal-shop.jpg 500w, https:\/\/afcindustries.com\/wp-content\/uploads\/2022\/02\/ergonomic-furniture-metal-shop-300x132.jpg 300w\" sizes=\"auto, (max-width: 500px) 100vw, 500px\" title=\"ergonomic furniture metal shop\" onerror=\"this.style.display='none'\"  \/>\n<h2>\n\t\tTaller de pintura in situ\n\t<\/h2>\n\t<p>Est\u00e1n disponibles los acabados de pintura epoxi y antimicrobiana.<\/p>\n\t\t\t\t\t\t\t\t\t<img loading=\"lazy\" decoding=\"async\" src=\"https:\/\/afcindustries.com\/wp-content\/uploads\/2022\/02\/ergonomic-furniture-paint-shop.jpg\" alt=\"ergonomic furniture paint shop\" itemprop=\"image\" height=\"220\" width=\"500\" srcset=\"https:\/\/afcindustries.com\/wp-content\/uploads\/2022\/02\/ergonomic-furniture-paint-shop.jpg 500w, https:\/\/afcindustries.com\/wp-content\/uploads\/2022\/02\/ergonomic-furniture-paint-shop-300x132.jpg 300w\" sizes=\"auto, (max-width: 500px) 100vw, 500px\" title=\"ergonomic furniture paint shop\" onerror=\"this.style.display='none'\"  \/>\n<h2>\n\t\tControl de calidad\n\t<\/h2>\n\t<p>Seguimos un riguroso programa de control de calidad que incluye pruebas completas del producto antes de su env\u00edo.<\/p>\n<h2>\n\t\tEnv\u00edo y montaje\n\t<\/h2>\n\t<p>Entregamos nuestros muebles totalmente ensamblados para una m\u00e1xima resistencia y seguridad. Esto ahorra al cliente tiempo y esfuerzo. Enviamos a todo el mundo.<\/p>\n<h2>\n\t\tGarant\u00eda\n\t<\/h2>\n\t<p>AFC garantiza que nuestros productos estar\u00e1n libres de defectos en los materiales y la mano de obra durante la vida \u00fatil del producto. Los casquillos y otras piezas similares de alto desgaste, incluidas todas las piezas m\u00f3viles, est\u00e1n cubiertos durante cinco a\u00f1os. La electr\u00f3nica y los motores est\u00e1n cubiertos durante un a\u00f1o. Las luces y los iluminadores est\u00e1n cubiertos durante un a\u00f1o. Cualquier modificaci\u00f3n realizada en los productos AFC sin nuestra aprobaci\u00f3n por escrito anular\u00e1 cualquier garant\u00eda. P\u00f3ngase en contacto con AFC para cualquier modificaci\u00f3n de nuestros productos. La garant\u00eda extendida est\u00e1 disponible, <a href=\"https:\/\/afcindustries.com\/es\/contacte-con\/\"><\/a><a href=\"https:\/\/afcindustries.com\/es\/contacte-con\/\">Por favor cont\u00e1ctenos para m\u00e1s detalles.<\/a><\/p>\n<h4><b>CONSEJO NACIONAL DE EMPRESAS EMPRESARIALES DE MUJERES<\/b><\/h4>\n<h4>N\u00famero de certificaci\u00f3n nacional de WBENC: WBE2202886<\/h4>\n\n","protected":false},"excerpt":{"rendered":"<p>Home \u00bb Sobre nosotros Acerca de AFC Industries Qui\u00e9nes somos Desde 1994, AFC Industries, Inc. ha estado a la vanguardia del dise\u00f1o y la fabricaci\u00f3n de muebles ergon\u00f3micos y estaciones de trabajo para ordenadores. Nuestra misi\u00f3n es mejorar la calidad de vida laboral mediante el dise\u00f1o y la fabricaci\u00f3n de productos ergon\u00f3micos innovadores que se&hellip;<\/p>\n","protected":false},"author":1,"featured_media":0,"parent":0,"menu_order":0,"comment_status":"closed","ping_status":"closed","template":"","meta":{"_acf_changed":false,"inline_featured_image":false,"footnotes":""},"class_list":["post-19674","page","type-page","status-publish","hentry"],"acf":[],"_links":{"self":[{"href":"https:\/\/afcindustries.com\/es\/wp-json\/wp\/v2\/pages\/19674","targetHints":{"allow":["GET"]}}],"collection":[{"href":"https:\/\/afcindustries.com\/es\/wp-json\/wp\/v2\/pages"}],"about":[{"href":"https:\/\/afcindustries.com\/es\/wp-json\/wp\/v2\/types\/page"}],"author":[{"embeddable":true,"href":"https:\/\/afcindustries.com\/es\/wp-json\/wp\/v2\/users\/1"}],"replies":[{"embeddable":true,"href":"https:\/\/afcindustries.com\/es\/wp-json\/wp\/v2\/comments?post=19674"}],"version-history":[{"count":0,"href":"https:\/\/afcindustries.com\/es\/wp-json\/wp\/v2\/pages\/19674\/revisions"}],"wp:attachment":[{"href":"https:\/\/afcindustries.com\/es\/wp-json\/wp\/v2\/media?parent=19674"}],"curies":[{"name":"wp","href":"https:\/\/api.w.org\/{rel}","templated":true}]}}