{"id":19671,"date":"2022-02-17T11:11:06","date_gmt":"2022-02-17T16:11:06","guid":{"rendered":"https:\/\/afcindustries.com\/soporte-de-detector-movil\/"},"modified":"2024-10-04T14:41:32","modified_gmt":"2024-10-04T18:41:32","slug":"soporte-de-detector-movil","status":"publish","type":"page","link":"https:\/\/afcindustries.com\/es\/soporte-de-detector-movil\/","title":{"rendered":"Soporte de detector m\u00f3vil"},"content":{"rendered":"\n\n\t<h2>\n\t\tCarros m\u00e9dicos\n\t<\/h2>\n\t\t\t\t\t\t\t\t<a href=\"https:\/\/afcindustries.com\/contact\/\" target=\"_self\" itemprop=\"url\" rel=\"noopener\">\n\t\t\t\t\t\t\t\t\t<img loading=\"lazy\" decoding=\"async\" src=\"https:\/\/afcindustries.com\/wp-content\/uploads\/2022\/05\/Promo-Fall-23.gif\" alt=\"Promo Fall\" itemprop=\"image\" height=\"450\" width=\"280\" title=\"Promo Fall\" onerror=\"this.style.display='none'\"  \/>\n\t\t\t\t\t\t\t\t\t\t\t\t\t<\/a>\n\n\n\tMostrando el \u00fanico resultado\n<form method=\"get\">\n\t<select name=\"orderby\" aria-label=\"Pedido de la tienda\">\n\t\t\t\t\t<option value=\"menu_order\"  selected='selected'>Orden predeterminado<\/option>\n\t\t\t\t\t<option value=\"popularity\">Ordenar por popularidad<\/option>\n\t\t\t\t\t<option value=\"date\">Ordenar por los \u00faltimos<\/option>\n\t\t\t\t\t<option value=\"price\">Ordenar por precio: bajo a alto<\/option>\n\t\t\t\t\t<option value=\"price-desc\">Ordenar por precio: alto a bajo<\/option>\n\t\t\t<\/select>\n\t<input type=\"hidden\" name=\"paged\" value=\"1\" \/>\n\t<input type=\"hidden\" name=\"page_id\" value=\"19671\" \/><input type=\"hidden\" name=\"fl_builder\" value=\"\" \/><\/form>\n\t\t\t<ul>\n\t\t\t\t<li id=\"woopack-product-20160\"  data-product-id=\"20160\">\n\t<a href='https:\/\/afcindustries.com\/es\/producto\/carro-detector-de-radiologia-movil\/' title='Carro detector de radiolog\u00eda m\u00f3vil'><img width=\"800\" height=\"800\" src=\"https:\/\/afcindustries.com\/wp-content\/uploads\/2023\/01\/01-1.jpg\" alt=\"Hospital Rolling Computer Carts\" itemprop=\"image\" decoding=\"async\" loading=\"lazy\" srcset=\"https:\/\/afcindustries.com\/wp-content\/uploads\/2023\/01\/01-1.jpg 800w, https:\/\/afcindustries.com\/wp-content\/uploads\/2023\/01\/01-1-300x300.jpg 300w, https:\/\/afcindustries.com\/wp-content\/uploads\/2023\/01\/01-1-150x150.jpg 150w, https:\/\/afcindustries.com\/wp-content\/uploads\/2023\/01\/01-1-768x768.jpg 768w, https:\/\/afcindustries.com\/wp-content\/uploads\/2023\/01\/01-1-600x600.jpg 600w, https:\/\/afcindustries.com\/wp-content\/uploads\/2023\/01\/01-1-100x100.jpg 100w\" sizes=\"auto, (max-width: 800px) 100vw, 800px\" title=\"\"><\/a>\n    <h3><a href='https:\/\/afcindustries.com\/es\/producto\/carro-detector-de-radiologia-movil\/' title='Carro detector de radiolog\u00eda m\u00f3vil'>Carro detector de radiolog\u00eda m\u00f3vil<\/a><\/h3>\n\t\tSKU:772123\n<\/li><li id=\"woopack-product-19996\"  data-product-id=\"19996\">\n\t<a href='https:\/\/afcindustries.com\/es\/producto\/carro-movil-porta-detectores-de-radiografia\/' title='Carro m\u00f3vil porta-detectores de radiograf\u00eda'><img width=\"499\" height=\"499\" src=\"https:\/\/afcindustries.com\/wp-content\/uploads\/2022\/01\/772124-detector-stand-on-wheels-hospital.jpg\" alt=\"772124 detector stand on wheels hospital\" itemprop=\"image\" decoding=\"async\" loading=\"lazy\" srcset=\"https:\/\/afcindustries.com\/wp-content\/uploads\/2022\/01\/772124-detector-stand-on-wheels-hospital.jpg 499w, https:\/\/afcindustries.com\/wp-content\/uploads\/2022\/01\/772124-detector-stand-on-wheels-hospital-300x300.jpg 300w, https:\/\/afcindustries.com\/wp-content\/uploads\/2022\/01\/772124-detector-stand-on-wheels-hospital-100x100.jpg 100w, https:\/\/afcindustries.com\/wp-content\/uploads\/2022\/01\/772124-detector-stand-on-wheels-hospital-150x150.jpg 150w\" sizes=\"auto, (max-width: 499px) 100vw, 499px\" title=\"\"><\/a>\n    <h3><a href='https:\/\/afcindustries.com\/es\/producto\/carro-movil-porta-detectores-de-radiografia\/' title='Carro m\u00f3vil porta-detectores de radiograf\u00eda'>Carro m\u00f3vil porta-detectores de radiograf\u00eda<\/a><\/h3>\n\t\tSKU:772124\n<\/li>\t\t\t\t\n\t\t\t<\/ul>\n<h2>\n\t\tDetector de radiograf\u00eda digital Spine Smart\u2122(DR)\n\t<\/h2>\n\t<p>Nuestros portadetectores est\u00e1n dise\u00f1ados meticulosamente para proporcionar un posicionamiento estable y preciso para detectores o casetes de radiograf\u00eda digital (DR). Esto garantiza im\u00e1genes de alta calidad constante y diagn\u00f3sticos precisos. <\/p>\n<h3>\n\t\tErgonom\u00eda \u00f3ptima del soporte del detector\n\t<\/h3>\n\t<p>Priorizamos la comodidad y el bienestar del personal m\u00e9dico. Nuestros soportes y soportes ajustables se pueden personalizar f\u00e1cilmente para adaptarse a diferentes alturas y preferencias de los usuarios, lo que reduce la tensi\u00f3n y la fatiga durante procedimientos prolongados. <\/p>\n\t<p>Priorizamos la comodidad y el bienestar del personal m\u00e9dico. Nuestros soportes y soportes ajustables se pueden personalizar f\u00e1cilmente para adaptarse a diferentes alturas y preferencias de los usuarios, lo que reduce la tensi\u00f3n y la fatiga durante procedimientos prolongados. <\/p>\n<h3>\n\t\tFlujo de trabajo eficiente del soporte del detector\n\t<\/h3>\n\t<p>Los soportes para detectores de AFC est\u00e1n dise\u00f1ados para lograr eficiencia. Con ajustes r\u00e1pidos y sencillos, los t\u00e9cnicos pueden optimizar su flujo de trabajo, lo que da como resultado tiempos de examen m\u00e1s cortos y una mejor atenci\u00f3n a los pacientes. <\/p>\n<h3>\n\t\tDetector de radiograf\u00eda digital Spine Smart\u2122(DR)\n\t<\/h3>\n\t<p>El soporte de detector m\u00f3vil SPINE SMART\u2122 de altura ajustable se utiliza en aplicaciones con un detector de radiograf\u00eda digital (DR). Aumenta la precisi\u00f3n y disminuye el tiempo por procedimiento, bas\u00e1ndose en la ingenier\u00eda y el dise\u00f1o de AFC. Una gu\u00eda ajustable codificada por colores asegura el posicionamiento \u00f3ptimo del detector, y el paciente se apoya en una gu\u00eda acr\u00edlica de inclinaci\u00f3n y en correas de sujeci\u00f3n.<\/p>\n\t<p>THE MACH-ONE\u2122 es un soporte de cassette de rayos X m\u00f3vil de altura ajustable que se utiliza en aplicaciones de radiograf\u00eda computarizada (CR). Est\u00e1 disponible con ajuste de altura electr\u00f3nico o neum\u00e1tico y admite casetes de muchos tama\u00f1os y formas diferentes. La MACH-ONE\u2122 tambi\u00e9n est\u00e1 disponible como producto de montaje en pared.<\/p>\n<h3>\n\t\tMACH-ONE\u2122 Soporte de casetes de rayos X(CR)\n\t<\/h3>\n\n","protected":false},"excerpt":{"rendered":"<p>Carros m\u00e9dicos Mostrando el \u00fanico resultado Orden predeterminadoOrdenar por popularidadOrdenar por los \u00faltimosOrdenar por precio: bajo a altoOrdenar por precio: alto a bajo Carro detector de radiolog\u00eda m\u00f3vil SKU:772123 Carro m\u00f3vil porta-detectores de radiograf\u00eda SKU:772124 Detector de radiograf\u00eda digital Spine Smart\u2122(DR) Nuestros portadetectores est\u00e1n dise\u00f1ados meticulosamente para proporcionar un posicionamiento estable y preciso para detectores&hellip;<\/p>\n","protected":false},"author":1,"featured_media":0,"parent":0,"menu_order":0,"comment_status":"closed","ping_status":"closed","template":"","meta":{"_acf_changed":false,"inline_featured_image":false,"footnotes":""},"class_list":["post-19671","page","type-page","status-publish","hentry"],"acf":[],"_links":{"self":[{"href":"https:\/\/afcindustries.com\/es\/wp-json\/wp\/v2\/pages\/19671","targetHints":{"allow":["GET"]}}],"collection":[{"href":"https:\/\/afcindustries.com\/es\/wp-json\/wp\/v2\/pages"}],"about":[{"href":"https:\/\/afcindustries.com\/es\/wp-json\/wp\/v2\/types\/page"}],"author":[{"embeddable":true,"href":"https:\/\/afcindustries.com\/es\/wp-json\/wp\/v2\/users\/1"}],"replies":[{"embeddable":true,"href":"https:\/\/afcindustries.com\/es\/wp-json\/wp\/v2\/comments?post=19671"}],"version-history":[{"count":0,"href":"https:\/\/afcindustries.com\/es\/wp-json\/wp\/v2\/pages\/19671\/revisions"}],"wp:attachment":[{"href":"https:\/\/afcindustries.com\/es\/wp-json\/wp\/v2\/media?parent=19671"}],"curies":[{"name":"wp","href":"https:\/\/api.w.org\/{rel}","templated":true}]}}