{"id":19670,"date":"2022-02-17T07:29:22","date_gmt":"2022-02-17T12:29:22","guid":{"rendered":"https:\/\/afcindustries.com\/escritorio-multinivel-omnibus\/"},"modified":"2024-10-04T14:20:44","modified_gmt":"2024-10-04T18:20:44","slug":"escritorio-multinivel-omnibus","status":"publish","type":"page","link":"https:\/\/afcindustries.com\/es\/escritorio-multinivel-omnibus\/","title":{"rendered":"Escritorio multinivel OmniBus"},"content":{"rendered":"\n\n\t<h2>\n\t\tEscritorios y mesas\n\t<\/h2>\n\t\t\t\t\t\t\t\t<a href=\"https:\/\/afcindustries.com\/contact\/\" target=\"_self\" itemprop=\"url\" rel=\"noopener\">\n\t\t\t\t\t\t\t\t\t<img loading=\"lazy\" decoding=\"async\" src=\"https:\/\/afcindustries.com\/wp-content\/uploads\/2022\/05\/Promo-Fall-23.gif\" alt=\"Promo Fall\" itemprop=\"image\" height=\"450\" width=\"280\" title=\"Promo Fall\" onerror=\"this.style.display='none'\"  \/>\n\t\t\t\t\t\t\t\t\t\t\t\t\t<\/a>\n\n\n\tMostrando el \u00fanico resultado\n<form method=\"get\">\n\t<select name=\"orderby\" aria-label=\"Pedido de la tienda\">\n\t\t\t\t\t<option value=\"menu_order\"  selected='selected'>Orden predeterminado<\/option>\n\t\t\t\t\t<option value=\"popularity\">Ordenar por popularidad<\/option>\n\t\t\t\t\t<option value=\"date\">Ordenar por los \u00faltimos<\/option>\n\t\t\t\t\t<option value=\"price\">Ordenar por precio: bajo a alto<\/option>\n\t\t\t\t\t<option value=\"price-desc\">Ordenar por precio: alto a bajo<\/option>\n\t\t\t<\/select>\n\t<input type=\"hidden\" name=\"paged\" value=\"1\" \/>\n\t<input type=\"hidden\" name=\"page_id\" value=\"19670\" \/><input type=\"hidden\" name=\"fl_builder\" value=\"\" \/><\/form>\n\t\t\t<ul>\n\t\t\t\t<li id=\"woopack-product-20129\"  data-product-id=\"20129\">\n\t<a href='https:\/\/afcindustries.com\/es\/producto\/mesa-de-ordenador-multibandeja\/' title='Escritorio de ordenador con varias bandejas'><img width=\"500\" height=\"500\" src=\"https:\/\/afcindustries.com\/wp-content\/uploads\/2022\/01\/772310-multi-tray-computer-desk.jpg\" alt=\"772310 mesa de ordenador con varias bandejas\" itemprop=\"image\" decoding=\"async\" loading=\"lazy\" srcset=\"https:\/\/afcindustries.com\/wp-content\/uploads\/2022\/01\/772310-multi-tray-computer-desk.jpg 500w, https:\/\/afcindustries.com\/wp-content\/uploads\/2022\/01\/772310-multi-tray-computer-desk-300x300.jpg 300w, https:\/\/afcindustries.com\/wp-content\/uploads\/2022\/01\/772310-multi-tray-computer-desk-100x100.jpg 100w, https:\/\/afcindustries.com\/wp-content\/uploads\/2022\/01\/772310-multi-tray-computer-desk-150x150.jpg 150w\" sizes=\"auto, (max-width: 500px) 100vw, 500px\" title=\"\"><\/a>\n    <h3><a href='https:\/\/afcindustries.com\/es\/producto\/mesa-de-ordenador-multibandeja\/' title='Escritorio de ordenador con varias bandejas'>Escritorio de ordenador con varias bandejas<\/a><\/h3>\n\t\tSKU:772310\n<\/li><li id=\"woopack-product-20050\"  data-product-id=\"20050\">\n\t<a href='https:\/\/afcindustries.com\/es\/producto\/estacion-de-trabajo-informatica-rodante\/' title='Estaci\u00f3n de trabajo inform\u00e1tica rodante'><img width=\"499\" height=\"499\" src=\"https:\/\/afcindustries.com\/wp-content\/uploads\/2022\/01\/772311-rolling-computer-workstation.jpg\" alt=\"772311 rolling computer workstation\" itemprop=\"image\" decoding=\"async\" loading=\"lazy\" srcset=\"https:\/\/afcindustries.com\/wp-content\/uploads\/2022\/01\/772311-rolling-computer-workstation.jpg 499w, https:\/\/afcindustries.com\/wp-content\/uploads\/2022\/01\/772311-rolling-computer-workstation-300x300.jpg 300w, https:\/\/afcindustries.com\/wp-content\/uploads\/2022\/01\/772311-rolling-computer-workstation-100x100.jpg 100w, https:\/\/afcindustries.com\/wp-content\/uploads\/2022\/01\/772311-rolling-computer-workstation-150x150.jpg 150w\" sizes=\"auto, (max-width: 499px) 100vw, 499px\" title=\"\"><\/a>\n    <h3><a href='https:\/\/afcindustries.com\/es\/producto\/estacion-de-trabajo-informatica-rodante\/' title='Estaci\u00f3n de trabajo inform\u00e1tica rodante'>Estaci\u00f3n de trabajo inform\u00e1tica rodante<\/a><\/h3>\n\t\tSKU:772311\n<\/li><li id=\"woopack-product-19641\"  data-product-id=\"19641\">\n\t<a href='https:\/\/afcindustries.com\/es\/producto\/carro-de-ordenador-de-varias-bandejas\/' title='Carro de ordenador de varias bandejas'><img width=\"500\" height=\"500\" src=\"https:\/\/afcindustries.com\/wp-content\/uploads\/2022\/01\/772312-ergonomic-multi-tray-computer-cart.jpg\" alt=\"772312 ergonomic multi tray computer cart\" itemprop=\"image\" decoding=\"async\" loading=\"lazy\" srcset=\"https:\/\/afcindustries.com\/wp-content\/uploads\/2022\/01\/772312-ergonomic-multi-tray-computer-cart.jpg 500w, https:\/\/afcindustries.com\/wp-content\/uploads\/2022\/01\/772312-ergonomic-multi-tray-computer-cart-300x300.jpg 300w, https:\/\/afcindustries.com\/wp-content\/uploads\/2022\/01\/772312-ergonomic-multi-tray-computer-cart-150x150.jpg 150w, https:\/\/afcindustries.com\/wp-content\/uploads\/2022\/01\/772312-ergonomic-multi-tray-computer-cart-100x100.jpg 100w\" sizes=\"auto, (max-width: 500px) 100vw, 500px\" title=\"\"><\/a>\n    <h3><a href='https:\/\/afcindustries.com\/es\/producto\/carro-de-ordenador-de-varias-bandejas\/' title='Carro de ordenador de varias bandejas'>Carro de ordenador de varias bandejas<\/a><\/h3>\n\t\tSKU:772312\n<\/li><li id=\"woopack-product-19629\"  data-product-id=\"19629\">\n\t<a href='https:\/\/afcindustries.com\/es\/producto\/escritorio-de-ordenador-rodante-con-multiples-bandejas\/' title='Escritorio de ordenador rodante con m\u00faltiples bandejas'><img width=\"800\" height=\"800\" src=\"https:\/\/afcindustries.com\/wp-content\/uploads\/2022\/01\/772309-Mobile-Rolling-Multi-Tray-Desk-01.jpg\" alt=\"772309 Mobile Rolling Multi Tray Desk\" itemprop=\"image\" decoding=\"async\" loading=\"lazy\" srcset=\"https:\/\/afcindustries.com\/wp-content\/uploads\/2022\/01\/772309-Mobile-Rolling-Multi-Tray-Desk-01.jpg 800w, https:\/\/afcindustries.com\/wp-content\/uploads\/2022\/01\/772309-Mobile-Rolling-Multi-Tray-Desk-01-300x300.jpg 300w, https:\/\/afcindustries.com\/wp-content\/uploads\/2022\/01\/772309-Mobile-Rolling-Multi-Tray-Desk-01-150x150.jpg 150w, https:\/\/afcindustries.com\/wp-content\/uploads\/2022\/01\/772309-Mobile-Rolling-Multi-Tray-Desk-01-768x768.jpg 768w, https:\/\/afcindustries.com\/wp-content\/uploads\/2022\/01\/772309-Mobile-Rolling-Multi-Tray-Desk-01-600x600.jpg 600w, https:\/\/afcindustries.com\/wp-content\/uploads\/2022\/01\/772309-Mobile-Rolling-Multi-Tray-Desk-01-100x100.jpg 100w\" sizes=\"auto, (max-width: 800px) 100vw, 800px\" title=\"\"><\/a>\n    <h3><a href='https:\/\/afcindustries.com\/es\/producto\/escritorio-de-ordenador-rodante-con-multiples-bandejas\/' title='Escritorio de ordenador rodante con m\u00faltiples bandejas'>Escritorio de ordenador rodante con m\u00faltiples bandejas<\/a><\/h3>\n\t\tSKU:772309\n<\/li>\t\t\t\t\n\t\t\t<\/ul>\n<h2>\n\t\tEscritorios de ordenador rodantes de varios niveles Omnibus\n\t<\/h2>\n<h3>\n\t\tOmniBus Multilevel: Adaptabilidad inigualable\n\t<\/h3>\n\t<p>Explore nuestros escritorios rodantes de varios niveles, incluidos los vers\u00e1tiles escritorios para computadora rodantes de varios niveles OmniBus. Con un perfil adaptable, estas mesas\/escritorios brindan un soporte \u00f3ptimo para el equipo, lo que permite la integraci\u00f3n de carros con diferentes anchos y alturas. Comun\u00edquese con nosotros con sus requisitos espec\u00edficos y crearemos una soluci\u00f3n OmniBus personalizada y adaptada a su espacio de trabajo.<\/p>\n<p>OmniBus redefine el concepto de mesas inform\u00e1ticas multinivel con una soluci\u00f3n \u00fanica e innovadora que simplifica la integraci\u00f3n y la gesti\u00f3n de los equipos inform\u00e1ticos. Puede ajustar OmniBus a sus necesidades mezclando carros de diferente anchura y altura, y luego organizar los puestos de trabajo con varios niveles (ya sea como est\u00e1ndar o compacto) utilizando hasta dos columnas en cada nivel para A\/V, TI, racks de servidores, etc.<\/p>\n<p>La altura est\u00e1ndar de la superficie superior permite almacenar componentes de A\/V, como proyectores, directamente en los tableros. Tras la instalaci\u00f3n, notar\u00e1 c\u00f3mo OmniBus proporciona una estructura de soporte \u00f3ptima para todo tipo de equipos t\u00e9cnicos, desde pantallas y sistemas de iluminaci\u00f3n hasta PC, sistemas de sonido y servidores. OmniBus es robusto, fiable y extremadamente flexible. Es f\u00e1cil de instalar y configurar: todos los componentes se prueban en f\u00e1brica antes de la entrega. El bastidor del OmniBus cuenta con un sistema de cierre inteligente, que lo hace extremadamente seguro y, a la vez, muy r\u00e1pido de montar.<\/p>\n\n","protected":false},"excerpt":{"rendered":"<p>Escritorios y mesas Mostrando el \u00fanico resultado Orden predeterminadoOrdenar por popularidadOrdenar por los \u00faltimosOrdenar por precio: bajo a altoOrdenar por precio: alto a bajo Escritorio de ordenador con varias bandejas SKU:772310 Estaci\u00f3n de trabajo inform\u00e1tica rodante SKU:772311 Carro de ordenador de varias bandejas SKU:772312 Escritorio de ordenador rodante con m\u00faltiples bandejas SKU:772309 Escritorios de ordenador&hellip;<\/p>\n","protected":false},"author":1,"featured_media":0,"parent":0,"menu_order":0,"comment_status":"closed","ping_status":"closed","template":"","meta":{"_acf_changed":false,"inline_featured_image":false,"footnotes":""},"class_list":["post-19670","page","type-page","status-publish","hentry"],"acf":[],"_links":{"self":[{"href":"https:\/\/afcindustries.com\/es\/wp-json\/wp\/v2\/pages\/19670","targetHints":{"allow":["GET"]}}],"collection":[{"href":"https:\/\/afcindustries.com\/es\/wp-json\/wp\/v2\/pages"}],"about":[{"href":"https:\/\/afcindustries.com\/es\/wp-json\/wp\/v2\/types\/page"}],"author":[{"embeddable":true,"href":"https:\/\/afcindustries.com\/es\/wp-json\/wp\/v2\/users\/1"}],"replies":[{"embeddable":true,"href":"https:\/\/afcindustries.com\/es\/wp-json\/wp\/v2\/comments?post=19670"}],"version-history":[{"count":0,"href":"https:\/\/afcindustries.com\/es\/wp-json\/wp\/v2\/pages\/19670\/revisions"}],"wp:attachment":[{"href":"https:\/\/afcindustries.com\/es\/wp-json\/wp\/v2\/media?parent=19670"}],"curies":[{"name":"wp","href":"https:\/\/api.w.org\/{rel}","templated":true}]}}