{"id":19660,"date":"2022-02-17T11:11:26","date_gmt":"2022-02-17T16:11:26","guid":{"rendered":"https:\/\/afcindustries.com\/carro-telescopico\/"},"modified":"2024-10-04T14:42:59","modified_gmt":"2024-10-04T18:42:59","slug":"carro-telescopico","status":"publish","type":"page","link":"https:\/\/afcindustries.com\/es\/carro-telescopico\/","title":{"rendered":"Carro telesc\u00f3pico"},"content":{"rendered":"\n\n\t<h2>\n\t\tCarros m\u00e9dicos\n\t<\/h2>\n\t\t\t\t\t\t\t\t<a href=\"https:\/\/afcindustries.com\/contact\/\" target=\"_self\" itemprop=\"url\" rel=\"noopener\">\n\t\t\t\t\t\t\t\t\t<img loading=\"lazy\" decoding=\"async\" src=\"https:\/\/afcindustries.com\/wp-content\/uploads\/2022\/05\/Promo-Fall-23.gif\" alt=\"Promo Fall\" itemprop=\"image\" height=\"450\" width=\"280\" title=\"Promo Fall\" onerror=\"this.style.display='none'\"  \/>\n\t\t\t\t\t\t\t\t\t\t\t\t\t<\/a>\n\n\n\tMostrando el \u00fanico resultado\n<form method=\"get\">\n\t<select name=\"orderby\" aria-label=\"Pedido de la tienda\">\n\t\t\t\t\t<option value=\"menu_order\"  selected='selected'>Orden predeterminado<\/option>\n\t\t\t\t\t<option value=\"popularity\">Ordenar por popularidad<\/option>\n\t\t\t\t\t<option value=\"date\">Ordenar por los \u00faltimos<\/option>\n\t\t\t\t\t<option value=\"price\">Ordenar por precio: bajo a alto<\/option>\n\t\t\t\t\t<option value=\"price-desc\">Ordenar por precio: alto a bajo<\/option>\n\t\t\t<\/select>\n\t<input type=\"hidden\" name=\"paged\" value=\"1\" \/>\n\t<input type=\"hidden\" name=\"page_id\" value=\"19660\" \/><input type=\"hidden\" name=\"fl_builder\" value=\"\" \/><\/form>\n\t\t\t<ul>\n\t\t\t\t<li id=\"woopack-product-20137\"  data-product-id=\"20137\">\n\t<a href='https:\/\/afcindustries.com\/es\/producto\/carro-de-ordenador-medico-rodante-2\/' title='Carro de ordenador m\u00e9dico rodante'><img width=\"500\" height=\"500\" src=\"https:\/\/afcindustries.com\/wp-content\/uploads\/2022\/01\/772788-rolling-medical-computer-cart.jpg\" alt=\"772788 rolling medical computer cart\" itemprop=\"image\" decoding=\"async\" loading=\"lazy\" srcset=\"https:\/\/afcindustries.com\/wp-content\/uploads\/2022\/01\/772788-rolling-medical-computer-cart.jpg 500w, https:\/\/afcindustries.com\/wp-content\/uploads\/2022\/01\/772788-rolling-medical-computer-cart-300x300.jpg 300w, https:\/\/afcindustries.com\/wp-content\/uploads\/2022\/01\/772788-rolling-medical-computer-cart-100x100.jpg 100w, https:\/\/afcindustries.com\/wp-content\/uploads\/2022\/01\/772788-rolling-medical-computer-cart-150x150.jpg 150w\" sizes=\"auto, (max-width: 500px) 100vw, 500px\" title=\"\"><\/a>\n    <h3><a href='https:\/\/afcindustries.com\/es\/producto\/carro-de-ordenador-medico-rodante-2\/' title='Carro de ordenador m\u00e9dico rodante'>Carro de ordenador m\u00e9dico rodante<\/a><\/h3>\n\t\tSKU:772788\n<\/li><li id=\"woopack-product-19929\"  data-product-id=\"19929\">\n\t<a href='https:\/\/afcindustries.com\/es\/producto\/carro-de-ordenador-movil-con-proteccion-contra-estornudos-y-tos-en-acabado-antimicrobiano-negro\/' title='Carro de ordenador m\u00f3vil con protecci\u00f3n contra estornudos y tos en acabado antimicrobiano negro'><img width=\"800\" height=\"800\" src=\"https:\/\/afcindustries.com\/wp-content\/uploads\/2022\/01\/Mobile-Computer-Cart-with-Sneeze-and-Cough-Protection-772864-01.jpg\" alt=\"\" itemprop=\"image\" decoding=\"async\" loading=\"lazy\" srcset=\"https:\/\/afcindustries.com\/wp-content\/uploads\/2022\/01\/Mobile-Computer-Cart-with-Sneeze-and-Cough-Protection-772864-01.jpg 800w, https:\/\/afcindustries.com\/wp-content\/uploads\/2022\/01\/Mobile-Computer-Cart-with-Sneeze-and-Cough-Protection-772864-01-300x300.jpg 300w, https:\/\/afcindustries.com\/wp-content\/uploads\/2022\/01\/Mobile-Computer-Cart-with-Sneeze-and-Cough-Protection-772864-01-150x150.jpg 150w, https:\/\/afcindustries.com\/wp-content\/uploads\/2022\/01\/Mobile-Computer-Cart-with-Sneeze-and-Cough-Protection-772864-01-768x768.jpg 768w, https:\/\/afcindustries.com\/wp-content\/uploads\/2022\/01\/Mobile-Computer-Cart-with-Sneeze-and-Cough-Protection-772864-01-600x600.jpg 600w, https:\/\/afcindustries.com\/wp-content\/uploads\/2022\/01\/Mobile-Computer-Cart-with-Sneeze-and-Cough-Protection-772864-01-100x100.jpg 100w\" sizes=\"auto, (max-width: 800px) 100vw, 800px\" title=\"\"><\/a>\n    <h3><a href='https:\/\/afcindustries.com\/es\/producto\/carro-de-ordenador-movil-con-proteccion-contra-estornudos-y-tos-en-acabado-antimicrobiano-negro\/' title='Carro de ordenador m\u00f3vil con protecci\u00f3n contra estornudos y tos en acabado antimicrobiano negro'>Carro de ordenador m\u00f3vil con protecci\u00f3n contra estornudos y tos en acabado antimicrobiano negro<\/a><\/h3>\n\t\tSKU:772864\n<\/li><li id=\"woopack-product-19949\"  data-product-id=\"19949\">\n\t<a href='https:\/\/afcindustries.com\/es\/producto\/carro-de-ordenador-medico-con-ruedas\/' title='Carro de ordenador m\u00e9dico con ruedas'><img width=\"499\" height=\"499\" src=\"https:\/\/afcindustries.com\/wp-content\/uploads\/2022\/01\/771451-rolling-medical-computer-cart.jpg\" alt=\"771451 rolling medical computer cart\" itemprop=\"image\" decoding=\"async\" loading=\"lazy\" srcset=\"https:\/\/afcindustries.com\/wp-content\/uploads\/2022\/01\/771451-rolling-medical-computer-cart.jpg 499w, https:\/\/afcindustries.com\/wp-content\/uploads\/2022\/01\/771451-rolling-medical-computer-cart-300x300.jpg 300w, https:\/\/afcindustries.com\/wp-content\/uploads\/2022\/01\/771451-rolling-medical-computer-cart-100x100.jpg 100w, https:\/\/afcindustries.com\/wp-content\/uploads\/2022\/01\/771451-rolling-medical-computer-cart-150x150.jpg 150w\" sizes=\"auto, (max-width: 499px) 100vw, 499px\" title=\"\"><\/a>\n    <h3><a href='https:\/\/afcindustries.com\/es\/producto\/carro-de-ordenador-medico-con-ruedas\/' title='Carro de ordenador m\u00e9dico con ruedas'>Carro de ordenador m\u00e9dico con ruedas<\/a><\/h3>\n\t\tSKU:771451\n<\/li><li id=\"woopack-product-19946\"  data-product-id=\"19946\">\n\t<a href='https:\/\/afcindustries.com\/es\/producto\/carro-de-ordenador-medico-rodante\/' title='Carro de ordenador m\u00e9dico rodante'><img width=\"499\" height=\"499\" src=\"https:\/\/afcindustries.com\/wp-content\/uploads\/2022\/01\/772161-mobile-medical-computer-cart.jpg\" alt=\"772161 mobile medical computer cart\" itemprop=\"image\" decoding=\"async\" loading=\"lazy\" srcset=\"https:\/\/afcindustries.com\/wp-content\/uploads\/2022\/01\/772161-mobile-medical-computer-cart.jpg 499w, https:\/\/afcindustries.com\/wp-content\/uploads\/2022\/01\/772161-mobile-medical-computer-cart-300x300.jpg 300w, https:\/\/afcindustries.com\/wp-content\/uploads\/2022\/01\/772161-mobile-medical-computer-cart-100x100.jpg 100w, https:\/\/afcindustries.com\/wp-content\/uploads\/2022\/01\/772161-mobile-medical-computer-cart-150x150.jpg 150w\" sizes=\"auto, (max-width: 499px) 100vw, 499px\" title=\"\"><\/a>\n    <h3><a href='https:\/\/afcindustries.com\/es\/producto\/carro-de-ordenador-medico-rodante\/' title='Carro de ordenador m\u00e9dico rodante'>Carro de ordenador m\u00e9dico rodante<\/a><\/h3>\n\t\tSKU:772161\n<\/li><li id=\"woopack-product-19820\"  data-product-id=\"19820\">\n\t<a href='https:\/\/afcindustries.com\/es\/producto\/soporte-de-ordenador-medico-con-ruedas\/' title='Soporte de ordenador m\u00e9dico con ruedas'><img width=\"499\" height=\"499\" src=\"https:\/\/afcindustries.com\/wp-content\/uploads\/2022\/01\/772443-medical-computer-stand-on-wheels.jpg\" alt=\"772443 medical computer stand on wheels\" itemprop=\"image\" decoding=\"async\" loading=\"lazy\" srcset=\"https:\/\/afcindustries.com\/wp-content\/uploads\/2022\/01\/772443-medical-computer-stand-on-wheels.jpg 499w, https:\/\/afcindustries.com\/wp-content\/uploads\/2022\/01\/772443-medical-computer-stand-on-wheels-300x300.jpg 300w, https:\/\/afcindustries.com\/wp-content\/uploads\/2022\/01\/772443-medical-computer-stand-on-wheels-100x100.jpg 100w, https:\/\/afcindustries.com\/wp-content\/uploads\/2022\/01\/772443-medical-computer-stand-on-wheels-150x150.jpg 150w\" sizes=\"auto, (max-width: 499px) 100vw, 499px\" title=\"\"><\/a>\n    <h3><a href='https:\/\/afcindustries.com\/es\/producto\/soporte-de-ordenador-medico-con-ruedas\/' title='Soporte de ordenador m\u00e9dico con ruedas'>Soporte de ordenador m\u00e9dico con ruedas<\/a><\/h3>\n\t\tSKU:772443\n<\/li><li id=\"woopack-product-19798\"  data-product-id=\"19798\">\n\t<a href='https:\/\/afcindustries.com\/es\/producto\/soporte-de-ordenador-medico\/' title='Soporte de ordenador m\u00e9dico'><img width=\"499\" height=\"499\" src=\"https:\/\/afcindustries.com\/wp-content\/uploads\/2022\/01\/772221-rolling-medical-computer-stand.jpg\" alt=\"772221 rolling medical computer stand\" itemprop=\"image\" decoding=\"async\" loading=\"lazy\" srcset=\"https:\/\/afcindustries.com\/wp-content\/uploads\/2022\/01\/772221-rolling-medical-computer-stand.jpg 499w, https:\/\/afcindustries.com\/wp-content\/uploads\/2022\/01\/772221-rolling-medical-computer-stand-300x300.jpg 300w, https:\/\/afcindustries.com\/wp-content\/uploads\/2022\/01\/772221-rolling-medical-computer-stand-100x100.jpg 100w, https:\/\/afcindustries.com\/wp-content\/uploads\/2022\/01\/772221-rolling-medical-computer-stand-150x150.jpg 150w\" sizes=\"auto, (max-width: 499px) 100vw, 499px\" title=\"\"><\/a>\n    <h3><a href='https:\/\/afcindustries.com\/es\/producto\/soporte-de-ordenador-medico\/' title='Soporte de ordenador m\u00e9dico'>Soporte de ordenador m\u00e9dico<\/a><\/h3>\n\t\tSKU:772221\n<\/li>\t\t\t\t\n\t\t\t<\/ul>\n<h2>\n\t\tCarros telesc\u00f3picos &#8211; Carros de altura regulable electr\u00f3nicamente\n\t<\/h2>\n\t<p>Carro telesc\u00f3pico m\u00f3vil de altura ajustable, carro de telemedicina, carro de telesalud que facilita el punto de atenci\u00f3n en las instalaciones hospitalarias, ayudando a los pacientes y a los m\u00e9dicos a comunicarse de manera efectiva, lo que permite comunicaciones en tiempo real entre ellos. \u00a1Flexible M\u00faltiples colores y tama\u00f1os disponibles!<\/p>\n\n","protected":false},"excerpt":{"rendered":"<p>Carros m\u00e9dicos Mostrando el \u00fanico resultado Orden predeterminadoOrdenar por popularidadOrdenar por los \u00faltimosOrdenar por precio: bajo a altoOrdenar por precio: alto a bajo Carro de ordenador m\u00e9dico rodante SKU:772788 Carro de ordenador m\u00f3vil con protecci\u00f3n contra estornudos y tos en acabado antimicrobiano negro SKU:772864 Carro de ordenador m\u00e9dico con ruedas SKU:771451 Carro de ordenador m\u00e9dico&hellip;<\/p>\n","protected":false},"author":1,"featured_media":0,"parent":0,"menu_order":0,"comment_status":"closed","ping_status":"closed","template":"","meta":{"_acf_changed":false,"inline_featured_image":false,"footnotes":""},"class_list":["post-19660","page","type-page","status-publish","hentry"],"acf":[],"_links":{"self":[{"href":"https:\/\/afcindustries.com\/es\/wp-json\/wp\/v2\/pages\/19660","targetHints":{"allow":["GET"]}}],"collection":[{"href":"https:\/\/afcindustries.com\/es\/wp-json\/wp\/v2\/pages"}],"about":[{"href":"https:\/\/afcindustries.com\/es\/wp-json\/wp\/v2\/types\/page"}],"author":[{"embeddable":true,"href":"https:\/\/afcindustries.com\/es\/wp-json\/wp\/v2\/users\/1"}],"replies":[{"embeddable":true,"href":"https:\/\/afcindustries.com\/es\/wp-json\/wp\/v2\/comments?post=19660"}],"version-history":[{"count":0,"href":"https:\/\/afcindustries.com\/es\/wp-json\/wp\/v2\/pages\/19660\/revisions"}],"wp:attachment":[{"href":"https:\/\/afcindustries.com\/es\/wp-json\/wp\/v2\/media?parent=19660"}],"curies":[{"name":"wp","href":"https:\/\/api.w.org\/{rel}","templated":true}]}}