{"id":19656,"date":"2022-02-17T08:19:32","date_gmt":"2022-02-17T13:19:32","guid":{"rendered":"https:\/\/afcindustries.com\/carros-para-portatiles\/"},"modified":"2024-11-27T09:46:35","modified_gmt":"2024-11-27T14:46:35","slug":"carros-para-portatiles","status":"publish","type":"page","link":"https:\/\/afcindustries.com\/es\/carros-para-portatiles\/","title":{"rendered":"Carros para port\u00e1tiles"},"content":{"rendered":"\r\n<h2>Carros M\u00e9dicos<\/h2>\r\n<p><a href=\"https:\/\/afcindustries.com\/contact\/\" target=\"_self\" rel=\"noopener\"> <img loading=\"lazy\" decoding=\"async\" title=\"Promo Fall\" src=\"https:\/\/afcindustries.com\/wp-content\/uploads\/2022\/05\/Promo-Fall-23.gif\" alt=\"Promo Fall\" width=\"280\" height=\"450\" \/> <\/a> Mostrando el \u00fanico resultado<\/p>\r\n<form method=\"get\"><select name=\"orderby\" aria-label=\"Pedido de la tienda\">\r\n<option selected=\"selected\" value=\"menu_order\">Orden predeterminado<\/option>\r\n<option value=\"popularity\">Ordenar por popularidad<\/option>\r\n<option value=\"date\">Ordenar por los \u00faltimos<\/option>\r\n<option value=\"price\">Ordenar por precio: bajo a alto<\/option>\r\n<option value=\"price-desc\">Ordenar por precio: alto a bajo<\/option>\r\n<\/select><input name=\"paged\" type=\"hidden\" value=\"1\" \/> <input name=\"page_id\" type=\"hidden\" value=\"19656\" \/><input name=\"fl_builder\" type=\"hidden\" value=\"\" \/><\/form>\r\n<ul>\r\n<li id=\"woopack-product-20063\" data-product-id=\"20063\"><a title=\"Carro de ordenador m\u00f3vil y ligero con bandeja para port\u00e1til\" href=\"https:\/\/afcindustries.com\/es\/producto\/carro-de-ordenador-movil-y-ligero-con-bandeja-para-portatil\/\"><img loading=\"lazy\" decoding=\"async\" src=\"https:\/\/afcindustries.com\/wp-content\/uploads\/2022\/01\/772833-mobile-laptop-cart-with-secure-shelf-and-cable-management.jpg\" sizes=\"auto, (max-width: 499px) 100vw, 499px\" srcset=\"https:\/\/afcindustries.com\/wp-content\/uploads\/2022\/01\/772833-mobile-laptop-cart-with-secure-shelf-and-cable-management.jpg 499w, https:\/\/afcindustries.com\/wp-content\/uploads\/2022\/01\/772833-mobile-laptop-cart-with-secure-shelf-and-cable-management-300x300.jpg 300w, https:\/\/afcindustries.com\/wp-content\/uploads\/2022\/01\/772833-mobile-laptop-cart-with-secure-shelf-and-cable-management-100x100.jpg 100w, https:\/\/afcindustries.com\/wp-content\/uploads\/2022\/01\/772833-mobile-laptop-cart-with-secure-shelf-and-cable-management-150x150.jpg 150w\" alt=\"772833 mobile laptop cart with secure shelf and cable management\" width=\"499\" height=\"499\" title=\"\"><\/a>\r\n<h3><a title=\"Carro de ordenador m\u00f3vil y ligero con bandeja para port\u00e1til\" href=\"https:\/\/afcindustries.com\/es\/producto\/carro-de-ordenador-movil-y-ligero-con-bandeja-para-portatil\/\">Carro de ordenador m\u00f3vil y ligero con bandeja para port\u00e1til<\/a><\/h3>\r\nSKU:772833-1<\/li>\r\n<li id=\"woopack-product-19888\" data-product-id=\"19888\"><a title=\"Mesa ergon\u00f3mica para port\u00e1til de alta calidad\" href=\"https:\/\/afcindustries.com\/es\/producto\/mesa-ergonomica-para-portatil-de-alta-calidad\/\"><img loading=\"lazy\" decoding=\"async\" src=\"https:\/\/afcindustries.com\/wp-content\/uploads\/2022\/01\/Rolling-Computer-Desk-on-Wheels-772117-01.jpg\" sizes=\"auto, (max-width: 800px) 100vw, 800px\" srcset=\"https:\/\/afcindustries.com\/wp-content\/uploads\/2022\/01\/Rolling-Computer-Desk-on-Wheels-772117-01.jpg 800w, https:\/\/afcindustries.com\/wp-content\/uploads\/2022\/01\/Rolling-Computer-Desk-on-Wheels-772117-01-300x300.jpg 300w, https:\/\/afcindustries.com\/wp-content\/uploads\/2022\/01\/Rolling-Computer-Desk-on-Wheels-772117-01-150x150.jpg 150w, https:\/\/afcindustries.com\/wp-content\/uploads\/2022\/01\/Rolling-Computer-Desk-on-Wheels-772117-01-768x768.jpg 768w, https:\/\/afcindustries.com\/wp-content\/uploads\/2022\/01\/Rolling-Computer-Desk-on-Wheels-772117-01-600x600.jpg 600w, https:\/\/afcindustries.com\/wp-content\/uploads\/2022\/01\/Rolling-Computer-Desk-on-Wheels-772117-01-100x100.jpg 100w\" alt=\"A mobile rolling computer desk by AFC, featuring wheels for easy movement and a sleek design for modern workspaces.\" width=\"800\" height=\"800\" title=\"\"><\/a>\r\n<h3><a title=\"Mesa ergon\u00f3mica para port\u00e1til de alta calidad\" href=\"https:\/\/afcindustries.com\/es\/producto\/mesa-ergonomica-para-portatil-de-alta-calidad\/\">Mesa ergon\u00f3mica para port\u00e1til de alta calidad<\/a><\/h3>\r\nSKU:772117<\/li>\r\n<li id=\"woopack-product-19810\" data-product-id=\"19810\"><a title=\"Carro de ordenador port\u00e1til ergon\u00f3mico de primera calidad\" href=\"https:\/\/afcindustries.com\/es\/producto\/carro-de-ordenador-portatil-ergonomico-premium\/\"><img loading=\"lazy\" decoding=\"async\" src=\"https:\/\/afcindustries.com\/wp-content\/uploads\/2022\/01\/Computer-Cart-with-Locking-Wheels-772114-01.jpg\" sizes=\"auto, (max-width: 800px) 100vw, 800px\" srcset=\"https:\/\/afcindustries.com\/wp-content\/uploads\/2022\/01\/Computer-Cart-with-Locking-Wheels-772114-01.jpg 800w, https:\/\/afcindustries.com\/wp-content\/uploads\/2022\/01\/Computer-Cart-with-Locking-Wheels-772114-01-300x300.jpg 300w, https:\/\/afcindustries.com\/wp-content\/uploads\/2022\/01\/Computer-Cart-with-Locking-Wheels-772114-01-150x150.jpg 150w, https:\/\/afcindustries.com\/wp-content\/uploads\/2022\/01\/Computer-Cart-with-Locking-Wheels-772114-01-768x768.jpg 768w, https:\/\/afcindustries.com\/wp-content\/uploads\/2022\/01\/Computer-Cart-with-Locking-Wheels-772114-01-600x600.jpg 600w, https:\/\/afcindustries.com\/wp-content\/uploads\/2022\/01\/Computer-Cart-with-Locking-Wheels-772114-01-100x100.jpg 100w\" alt=\"Computer cart with locking wheels by AFC, designed for mobility and stability in office or educational environments.\" width=\"800\" height=\"800\" title=\"\"><\/a>\r\n<h3><a title=\"Carro de ordenador port\u00e1til ergon\u00f3mico de primera calidad\" href=\"https:\/\/afcindustries.com\/es\/producto\/carro-de-ordenador-portatil-ergonomico-premium\/\">Carro de ordenador port\u00e1til ergon\u00f3mico de primera calidad<\/a><\/h3>\r\nSKU:772114<\/li>\r\n<li id=\"woopack-product-19753\" data-product-id=\"19753\"><a title=\"Carro ergon\u00f3mico m\u00f3vil para port\u00e1tiles\" href=\"https:\/\/afcindustries.com\/es\/producto\/carro-ergonomico-movil-para-portatiles\/\"><img loading=\"lazy\" decoding=\"async\" src=\"https:\/\/afcindustries.com\/wp-content\/uploads\/2022\/01\/Small-Computer-Laptop-Cart-771743-01.jpg\" sizes=\"auto, (max-width: 800px) 100vw, 800px\" srcset=\"https:\/\/afcindustries.com\/wp-content\/uploads\/2022\/01\/Small-Computer-Laptop-Cart-771743-01.jpg 800w, https:\/\/afcindustries.com\/wp-content\/uploads\/2022\/01\/Small-Computer-Laptop-Cart-771743-01-300x300.jpg 300w, https:\/\/afcindustries.com\/wp-content\/uploads\/2022\/01\/Small-Computer-Laptop-Cart-771743-01-150x150.jpg 150w, https:\/\/afcindustries.com\/wp-content\/uploads\/2022\/01\/Small-Computer-Laptop-Cart-771743-01-768x768.jpg 768w, https:\/\/afcindustries.com\/wp-content\/uploads\/2022\/01\/Small-Computer-Laptop-Cart-771743-01-600x600.jpg 600w, https:\/\/afcindustries.com\/wp-content\/uploads\/2022\/01\/Small-Computer-Laptop-Cart-771743-01-100x100.jpg 100w\" alt=\"Small computer laptop cart by AFC, designed for mobility and convenience in various workspaces. Ideal for compact setups\" width=\"800\" height=\"800\" title=\"\"><\/a>\r\n<h3><a title=\"Carro ergon\u00f3mico m\u00f3vil para port\u00e1tiles\" href=\"https:\/\/afcindustries.com\/es\/producto\/carro-ergonomico-movil-para-portatiles\/\">Carro ergon\u00f3mico m\u00f3vil para port\u00e1tiles<\/a><\/h3>\r\nSKU:771743<\/li>\r\n<li id=\"woopack-product-19635\" data-product-id=\"19635\"><a title=\"Carro de ordenador port\u00e1til ergon\u00f3mico de alta calidad\" href=\"https:\/\/afcindustries.com\/es\/producto\/carro-de-ordenador-portatil-ergonomico-de-alta-calidad\/\"><img loading=\"lazy\" decoding=\"async\" src=\"https:\/\/afcindustries.com\/wp-content\/uploads\/2022\/01\/Adjustable-Computer-Storage-Cart-772118-01.jpg\" sizes=\"auto, (max-width: 800px) 100vw, 800px\" srcset=\"https:\/\/afcindustries.com\/wp-content\/uploads\/2022\/01\/Adjustable-Computer-Storage-Cart-772118-01.jpg 800w, https:\/\/afcindustries.com\/wp-content\/uploads\/2022\/01\/Adjustable-Computer-Storage-Cart-772118-01-300x300.jpg 300w, https:\/\/afcindustries.com\/wp-content\/uploads\/2022\/01\/Adjustable-Computer-Storage-Cart-772118-01-150x150.jpg 150w, https:\/\/afcindustries.com\/wp-content\/uploads\/2022\/01\/Adjustable-Computer-Storage-Cart-772118-01-768x768.jpg 768w, https:\/\/afcindustries.com\/wp-content\/uploads\/2022\/01\/Adjustable-Computer-Storage-Cart-772118-01-600x600.jpg 600w, https:\/\/afcindustries.com\/wp-content\/uploads\/2022\/01\/Adjustable-Computer-Storage-Cart-772118-01-100x100.jpg 100w\" alt=\"Adjustable computer storage cart by AFC, featuring multiple shelves for organization and mobility on wheels for easy transport.\" width=\"800\" height=\"800\" title=\"\"><\/a>\r\n<h3><a title=\"Carro de ordenador port\u00e1til ergon\u00f3mico de alta calidad\" href=\"https:\/\/afcindustries.com\/es\/producto\/carro-de-ordenador-portatil-ergonomico-de-alta-calidad\/\">Carro de ordenador port\u00e1til ergon\u00f3mico de alta calidad<\/a><\/h3>\r\nSKU:772118<\/li>\r\n<li id=\"woopack-product-19491\" data-product-id=\"19491\"><a title=\"Carro ergon\u00f3mico de pie para ordenador port\u00e1til de alta calidad\" href=\"https:\/\/afcindustries.com\/es\/producto\/carro-ergonomico-de-pie-para-ordenador-portatil-de-alta-calidad\/\"><img loading=\"lazy\" decoding=\"async\" src=\"https:\/\/afcindustries.com\/wp-content\/uploads\/2022\/01\/Mobile-Lapt-op-Cart-with-adjustable-height-771883-01.jpg\" sizes=\"auto, (max-width: 800px) 100vw, 800px\" srcset=\"https:\/\/afcindustries.com\/wp-content\/uploads\/2022\/01\/Mobile-Lapt-op-Cart-with-adjustable-height-771883-01.jpg 800w, https:\/\/afcindustries.com\/wp-content\/uploads\/2022\/01\/Mobile-Lapt-op-Cart-with-adjustable-height-771883-01-300x300.jpg 300w, https:\/\/afcindustries.com\/wp-content\/uploads\/2022\/01\/Mobile-Lapt-op-Cart-with-adjustable-height-771883-01-150x150.jpg 150w, https:\/\/afcindustries.com\/wp-content\/uploads\/2022\/01\/Mobile-Lapt-op-Cart-with-adjustable-height-771883-01-768x768.jpg 768w, https:\/\/afcindustries.com\/wp-content\/uploads\/2022\/01\/Mobile-Lapt-op-Cart-with-adjustable-height-771883-01-600x600.jpg 600w, https:\/\/afcindustries.com\/wp-content\/uploads\/2022\/01\/Mobile-Lapt-op-Cart-with-adjustable-height-771883-01-100x100.jpg 100w\" alt=\"Mobile laptop cart by AFC, featuring adjustable height for ergonomic use and convenience in various settings.\" width=\"800\" height=\"800\" title=\"\"><\/a>\r\n<h3><a title=\"Carro ergon\u00f3mico de pie para ordenador port\u00e1til de alta calidad\" href=\"https:\/\/afcindustries.com\/es\/producto\/carro-ergonomico-de-pie-para-ordenador-portatil-de-alta-calidad\/\">Carro ergon\u00f3mico de pie para ordenador port\u00e1til de alta calidad<\/a><\/h3>\r\nSKU:771883<\/li>\r\n<li id=\"woopack-product-19586\" data-product-id=\"19586\"><a title=\"Carro de ordenador port\u00e1til con estante adicional y palanca de altura neum\u00e1tica\" href=\"https:\/\/afcindustries.com\/es\/producto\/carro-de-ordenador-portatil-con-estante-adicional-y-palanca-de-altura-neumatica\/\"><img loading=\"lazy\" decoding=\"async\" src=\"https:\/\/afcindustries.com\/wp-content\/uploads\/2022\/01\/772832-Laptop-Computer-Cart-01.jpg\" sizes=\"auto, (max-width: 800px) 100vw, 800px\" srcset=\"https:\/\/afcindustries.com\/wp-content\/uploads\/2022\/01\/772832-Laptop-Computer-Cart-01.jpg 800w, https:\/\/afcindustries.com\/wp-content\/uploads\/2022\/01\/772832-Laptop-Computer-Cart-01-300x300.jpg 300w, https:\/\/afcindustries.com\/wp-content\/uploads\/2022\/01\/772832-Laptop-Computer-Cart-01-150x150.jpg 150w, https:\/\/afcindustries.com\/wp-content\/uploads\/2022\/01\/772832-Laptop-Computer-Cart-01-768x768.jpg 768w, https:\/\/afcindustries.com\/wp-content\/uploads\/2022\/01\/772832-Laptop-Computer-Cart-01-600x600.jpg 600w, https:\/\/afcindustries.com\/wp-content\/uploads\/2022\/01\/772832-Laptop-Computer-Cart-01-100x100.jpg 100w\" alt=\"772832 Laptop Computer Cart 01\" width=\"800\" height=\"800\" title=\"\"><\/a>\r\n<h3><a title=\"Carro de ordenador port\u00e1til con estante adicional y palanca de altura neum\u00e1tica\" href=\"https:\/\/afcindustries.com\/es\/producto\/carro-de-ordenador-portatil-con-estante-adicional-y-palanca-de-altura-neumatica\/\">Carro de ordenador port\u00e1til con estante adicional y palanca de altura neum\u00e1tica<\/a><\/h3>\r\nSKU:772832<\/li>\r\n<\/ul>\r\n<h2>Carros ajustables para port\u00e1tiles<\/h2>\r\n<p>La lista de carros port\u00e1tiles duraderos de AFC est\u00e1 dise\u00f1ada para ofrecer la m\u00e1xima flexibilidad, facilidad de movimiento y acceso inmediato a los datos en el punto de atenci\u00f3n. Estos carros de ordenador port\u00e1til con ruedas se fabrican para satisfacer las necesidades ergon\u00f3micas de los usuarios finales, al tiempo que ofrecen una atenci\u00f3n al paciente constante, eficiencia y ahorro de costes.<\/p>\r\n<p>El carro AFC viene con la capacidad de adaptarse a una amplia variedad de marcas, tama\u00f1os y modelos de computadoras port\u00e1tiles. Los carros tambi\u00e9n pueden ser modificados para acomodar el almacenamiento con llave. Adem\u00e1s, el innovador dise\u00f1o es capaz de proporcionar flexibilidad para el control de infecciones y las necesidades de gesti\u00f3n t\u00e9rmica, as\u00ed como la privacidad del paciente y las caracter\u00edsticas de seguridad, como las puertas de cierre suave.<\/p>\r\n<p>El dise\u00f1o del carro m\u00f3vil para ordenadores port\u00e1tiles AFC est\u00e1 pensado para un sistema hidr\u00e1ulico f\u00e1cil de usar que proporciona un movimiento sin esfuerzo de la unidad sobre superficies de suelos comerciales. Los carros est\u00e1n disponibles con ruedas de 4&#8243; o con ruedas de 6&#8243; de alta resistencia. Los carros m\u00f3viles para ordenadores port\u00e1tiles de AFC se adaptan a una amplia gama de aplicaciones, como pacientes internos y externos, consultas m\u00e9dicas, farmacias y laboratorios cl\u00ednicos.<\/p>\r\n<p>Beneficios est\u00e1ndar:<\/p>\r\n<p>&#8211; Aumentar la eficiencia.<br \/>&#8211; Mejorar la atenci\u00f3n al paciente.<\/p>\r\n<p>Beneficios emocionales:<\/p>\r\n<p>-S\u00e9 el h\u00e9roe de tu hospital.<br \/>&#8211; Marcar la diferencia en la vida de las personas.<br \/>&#8211; Mejorar la experiencia del paciente. Beneficios econ\u00f3micos:<br \/>&#8211; Aumente su rendimiento en el punto de atenci\u00f3n.<\/p>\r\n<p>Los carros para port\u00e1tiles AFC est\u00e1n disponibles en tama\u00f1os est\u00e1ndar que se ajustan a la mayor\u00eda de los port\u00e1tiles. Los carros son personalizables para satisfacer aplicaciones espec\u00edficas, incluida la posibilidad de a\u00f1adir modificaciones para puertas de cierre suave y una opci\u00f3n de tratamiento antimicrobiano para mejorar la seguridad del paciente.<\/p>\r\n","protected":false},"excerpt":{"rendered":"<p>Carros M\u00e9dicos Mostrando el \u00fanico resultado Orden predeterminadoOrdenar por popularidadOrdenar por los \u00faltimosOrdenar por precio: bajo a altoOrdenar por precio: alto a bajo Carro de ordenador m\u00f3vil y ligero con bandeja para port\u00e1til SKU:772833-1 Mesa ergon\u00f3mica para port\u00e1til de alta calidad SKU:772117 Carro de ordenador port\u00e1til ergon\u00f3mico de primera calidad SKU:772114 Carro ergon\u00f3mico m\u00f3vil para&hellip;<\/p>\n","protected":false},"author":1,"featured_media":0,"parent":0,"menu_order":0,"comment_status":"closed","ping_status":"closed","template":"","meta":{"_acf_changed":false,"inline_featured_image":false,"footnotes":""},"class_list":["post-19656","page","type-page","status-publish","hentry"],"acf":[],"_links":{"self":[{"href":"https:\/\/afcindustries.com\/es\/wp-json\/wp\/v2\/pages\/19656","targetHints":{"allow":["GET"]}}],"collection":[{"href":"https:\/\/afcindustries.com\/es\/wp-json\/wp\/v2\/pages"}],"about":[{"href":"https:\/\/afcindustries.com\/es\/wp-json\/wp\/v2\/types\/page"}],"author":[{"embeddable":true,"href":"https:\/\/afcindustries.com\/es\/wp-json\/wp\/v2\/users\/1"}],"replies":[{"embeddable":true,"href":"https:\/\/afcindustries.com\/es\/wp-json\/wp\/v2\/comments?post=19656"}],"version-history":[{"count":0,"href":"https:\/\/afcindustries.com\/es\/wp-json\/wp\/v2\/pages\/19656\/revisions"}],"wp:attachment":[{"href":"https:\/\/afcindustries.com\/es\/wp-json\/wp\/v2\/media?parent=19656"}],"curies":[{"name":"wp","href":"https:\/\/api.w.org\/{rel}","templated":true}]}}