{"id":19597,"date":"2022-02-18T20:33:24","date_gmt":"2022-02-19T01:33:24","guid":{"rendered":"https:\/\/afcindustries.com\/todas-las-salas-de-seguridad-y-control\/"},"modified":"2024-10-04T14:52:49","modified_gmt":"2024-10-04T18:52:49","slug":"todas-las-salas-de-seguridad-y-control","status":"publish","type":"page","link":"https:\/\/afcindustries.com\/es\/todas-las-salas-de-seguridad-y-control\/","title":{"rendered":"Todas las salas de seguridad y control"},"content":{"rendered":"\n\n\t<h2>\n\t\tSEGURIDAD Y SALAS DE CONTROL\n\t<\/h2>\n\t\t\t\t\t\t\t\t<a href=\"https:\/\/afcindustries.com\/contact\/\" target=\"_self\" itemprop=\"url\" rel=\"noopener\">\n\t\t\t\t\t\t\t\t\t<img loading=\"lazy\" decoding=\"async\" src=\"https:\/\/afcindustries.com\/wp-content\/uploads\/2022\/05\/Promo-Fall-23.gif\" alt=\"Promo Fall\" itemprop=\"image\" height=\"450\" width=\"280\" title=\"Promo Fall\" onerror=\"this.style.display='none'\"  \/>\n\t\t\t\t\t\t\t\t\t\t\t\t\t<\/a>\n\n\n\tMostrando el \u00fanico resultado\n<form method=\"get\">\n\t<select name=\"orderby\" aria-label=\"Pedido de la tienda\">\n\t\t\t\t\t<option value=\"menu_order\"  selected='selected'>Orden predeterminado<\/option>\n\t\t\t\t\t<option value=\"popularity\">Ordenar por popularidad<\/option>\n\t\t\t\t\t<option value=\"date\">Ordenar por los \u00faltimos<\/option>\n\t\t\t\t\t<option value=\"price\">Ordenar por precio: bajo a alto<\/option>\n\t\t\t\t\t<option value=\"price-desc\">Ordenar por precio: alto a bajo<\/option>\n\t\t\t<\/select>\n\t<input type=\"hidden\" name=\"paged\" value=\"1\" \/>\n\t<input type=\"hidden\" name=\"page_id\" value=\"19597\" \/><input type=\"hidden\" name=\"fl_builder\" value=\"\" \/><\/form>\n\t\t\t<ul>\n\t\t\t\t<li id=\"woopack-product-20121\"  data-product-id=\"20121\">\n\t<a href='https:\/\/afcindustries.com\/es\/producto\/consola-del-centro-de-mando-con-video-wall\/' title='Consola del Centro de Mando con Video Wall'><img width=\"800\" height=\"800\" src=\"https:\/\/afcindustries.com\/wp-content\/uploads\/2022\/01\/Command-Center-Console-771832-01.jpg\" alt=\"AFC Control Console for efficient monitoring and control.\" itemprop=\"image\" decoding=\"async\" loading=\"lazy\" srcset=\"https:\/\/afcindustries.com\/wp-content\/uploads\/2022\/01\/Command-Center-Console-771832-01.jpg 800w, https:\/\/afcindustries.com\/wp-content\/uploads\/2022\/01\/Command-Center-Console-771832-01-300x300.jpg 300w, https:\/\/afcindustries.com\/wp-content\/uploads\/2022\/01\/Command-Center-Console-771832-01-150x150.jpg 150w, https:\/\/afcindustries.com\/wp-content\/uploads\/2022\/01\/Command-Center-Console-771832-01-768x768.jpg 768w, https:\/\/afcindustries.com\/wp-content\/uploads\/2022\/01\/Command-Center-Console-771832-01-600x600.jpg 600w, https:\/\/afcindustries.com\/wp-content\/uploads\/2022\/01\/Command-Center-Console-771832-01-100x100.jpg 100w\" sizes=\"auto, (max-width: 800px) 100vw, 800px\" title=\"\"><\/a>\n    <h3><a href='https:\/\/afcindustries.com\/es\/producto\/consola-del-centro-de-mando-con-video-wall\/' title='Consola del Centro de Mando con Video Wall'>Consola del Centro de Mando con Video Wall<\/a><\/h3>\n\t\tSKU:771832\n<\/li><li id=\"woopack-product-20130\"  data-product-id=\"20130\">\n\t<a href='https:\/\/afcindustries.com\/es\/producto\/soporte-de-suelo-para-seis-pantallas-planas\/' title='Soporte de suelo para seis pantallas planas'><img width=\"500\" height=\"500\" src=\"https:\/\/afcindustries.com\/wp-content\/uploads\/2022\/01\/772514-multiple-monitor-mount-floor-stand.jpg\" alt=\"772514 multiple monitor mount floor stand\" itemprop=\"image\" decoding=\"async\" loading=\"lazy\" srcset=\"https:\/\/afcindustries.com\/wp-content\/uploads\/2022\/01\/772514-multiple-monitor-mount-floor-stand.jpg 500w, https:\/\/afcindustries.com\/wp-content\/uploads\/2022\/01\/772514-multiple-monitor-mount-floor-stand-300x300.jpg 300w, https:\/\/afcindustries.com\/wp-content\/uploads\/2022\/01\/772514-multiple-monitor-mount-floor-stand-100x100.jpg 100w, https:\/\/afcindustries.com\/wp-content\/uploads\/2022\/01\/772514-multiple-monitor-mount-floor-stand-150x150.jpg 150w\" sizes=\"auto, (max-width: 500px) 100vw, 500px\" title=\"\"><\/a>\n    <h3><a href='https:\/\/afcindustries.com\/es\/producto\/soporte-de-suelo-para-seis-pantallas-planas\/' title='Soporte de suelo para seis pantallas planas'>Soporte de suelo para seis pantallas planas<\/a><\/h3>\n\t\tSKU:772514\n<\/li><li id=\"woopack-product-20104\"  data-product-id=\"20104\">\n\t<a href='https:\/\/afcindustries.com\/es\/producto\/soporte-de-suelo-para-dos-monitores-verticales\/' title='Soporte de suelo para dos monitores verticales'><img width=\"800\" height=\"800\" src=\"https:\/\/afcindustries.com\/wp-content\/uploads\/2023\/02\/05-3.jpg\" alt=\"AFC Control Console Terminal for reliable control.\" itemprop=\"image\" decoding=\"async\" loading=\"lazy\" srcset=\"https:\/\/afcindustries.com\/wp-content\/uploads\/2023\/02\/05-3.jpg 800w, https:\/\/afcindustries.com\/wp-content\/uploads\/2023\/02\/05-3-300x300.jpg 300w, https:\/\/afcindustries.com\/wp-content\/uploads\/2023\/02\/05-3-150x150.jpg 150w, https:\/\/afcindustries.com\/wp-content\/uploads\/2023\/02\/05-3-768x768.jpg 768w, https:\/\/afcindustries.com\/wp-content\/uploads\/2023\/02\/05-3-600x600.jpg 600w, https:\/\/afcindustries.com\/wp-content\/uploads\/2023\/02\/05-3-100x100.jpg 100w\" sizes=\"auto, (max-width: 800px) 100vw, 800px\" title=\"\"><\/a>\n    <h3><a href='https:\/\/afcindustries.com\/es\/producto\/soporte-de-suelo-para-dos-monitores-verticales\/' title='Soporte de suelo para dos monitores verticales'>Soporte de suelo para dos monitores verticales<\/a><\/h3>\n\t\tSKU:772511\n<\/li><li id=\"woopack-product-20143\"  data-product-id=\"20143\">\n\t<a href='https:\/\/afcindustries.com\/es\/producto\/estacion-de-trabajo-informatica-de-supervision-de-la-seguridad\/' title='Estaci\u00f3n de trabajo inform\u00e1tica de supervisi\u00f3n de la seguridad'><img width=\"499\" height=\"499\" src=\"https:\/\/afcindustries.com\/wp-content\/uploads\/2022\/01\/772322-security-room-computer-workstation.jpg\" alt=\"772322 security room computer workstation\" itemprop=\"image\" decoding=\"async\" loading=\"lazy\" srcset=\"https:\/\/afcindustries.com\/wp-content\/uploads\/2022\/01\/772322-security-room-computer-workstation.jpg 499w, https:\/\/afcindustries.com\/wp-content\/uploads\/2022\/01\/772322-security-room-computer-workstation-300x300.jpg 300w, https:\/\/afcindustries.com\/wp-content\/uploads\/2022\/01\/772322-security-room-computer-workstation-100x100.jpg 100w, https:\/\/afcindustries.com\/wp-content\/uploads\/2022\/01\/772322-security-room-computer-workstation-150x150.jpg 150w\" sizes=\"auto, (max-width: 499px) 100vw, 499px\" title=\"\"><\/a>\n    <h3><a href='https:\/\/afcindustries.com\/es\/producto\/estacion-de-trabajo-informatica-de-supervision-de-la-seguridad\/' title='Estaci\u00f3n de trabajo inform\u00e1tica de supervisi\u00f3n de la seguridad'>Estaci\u00f3n de trabajo inform\u00e1tica de supervisi\u00f3n de la seguridad<\/a><\/h3>\n\t\tSKU:772322\n<\/li><li id=\"woopack-product-20087\"  data-product-id=\"20087\">\n\t<a href='https:\/\/afcindustries.com\/es\/producto\/soporte-de-suelo-para-monitores-led-planos-de-varios-tamanos\/' title='Soporte de suelo para monitores LED planos de varios tama\u00f1os'><img width=\"499\" height=\"499\" src=\"https:\/\/afcindustries.com\/wp-content\/uploads\/2022\/01\/772515-multiple-monitor-wall-mounts-with-monitor-screen.jpg\" alt=\"772515 multiple monitor wall mounts with monitor screen\" itemprop=\"image\" decoding=\"async\" loading=\"lazy\" srcset=\"https:\/\/afcindustries.com\/wp-content\/uploads\/2022\/01\/772515-multiple-monitor-wall-mounts-with-monitor-screen.jpg 499w, https:\/\/afcindustries.com\/wp-content\/uploads\/2022\/01\/772515-multiple-monitor-wall-mounts-with-monitor-screen-300x300.jpg 300w, https:\/\/afcindustries.com\/wp-content\/uploads\/2022\/01\/772515-multiple-monitor-wall-mounts-with-monitor-screen-100x100.jpg 100w, https:\/\/afcindustries.com\/wp-content\/uploads\/2022\/01\/772515-multiple-monitor-wall-mounts-with-monitor-screen-150x150.jpg 150w\" sizes=\"auto, (max-width: 499px) 100vw, 499px\" title=\"\"><\/a>\n    <h3><a href='https:\/\/afcindustries.com\/es\/producto\/soporte-de-suelo-para-monitores-led-planos-de-varios-tamanos\/' title='Soporte de suelo para monitores LED planos de varios tama\u00f1os'>Soporte de suelo para monitores LED planos de varios tama\u00f1os<\/a><\/h3>\n\t\tSKU:772515\n<\/li><li id=\"woopack-product-20016\"  data-product-id=\"20016\">\n\t<a href='https:\/\/afcindustries.com\/es\/producto\/escritorio-de-seguridad-ajustable-sit-stand-up\/' title='Escritorio de seguridad ajustable Sit Stand Up'><img width=\"800\" height=\"800\" src=\"https:\/\/afcindustries.com\/wp-content\/uploads\/2022\/01\/Customizable-and-Adjustable-Sit-Stand-Up-Desk-772175-01.jpg\" alt=\"AFC Control Workstation Desk for ergonomic setups.\" itemprop=\"image\" decoding=\"async\" loading=\"lazy\" srcset=\"https:\/\/afcindustries.com\/wp-content\/uploads\/2022\/01\/Customizable-and-Adjustable-Sit-Stand-Up-Desk-772175-01.jpg 800w, https:\/\/afcindustries.com\/wp-content\/uploads\/2022\/01\/Customizable-and-Adjustable-Sit-Stand-Up-Desk-772175-01-300x300.jpg 300w, https:\/\/afcindustries.com\/wp-content\/uploads\/2022\/01\/Customizable-and-Adjustable-Sit-Stand-Up-Desk-772175-01-150x150.jpg 150w, https:\/\/afcindustries.com\/wp-content\/uploads\/2022\/01\/Customizable-and-Adjustable-Sit-Stand-Up-Desk-772175-01-768x768.jpg 768w, https:\/\/afcindustries.com\/wp-content\/uploads\/2022\/01\/Customizable-and-Adjustable-Sit-Stand-Up-Desk-772175-01-600x600.jpg 600w, https:\/\/afcindustries.com\/wp-content\/uploads\/2022\/01\/Customizable-and-Adjustable-Sit-Stand-Up-Desk-772175-01-100x100.jpg 100w\" sizes=\"auto, (max-width: 800px) 100vw, 800px\" title=\"\"><\/a>\n    <h3><a href='https:\/\/afcindustries.com\/es\/producto\/escritorio-de-seguridad-ajustable-sit-stand-up\/' title='Escritorio de seguridad ajustable Sit Stand Up'>Escritorio de seguridad ajustable Sit Stand Up<\/a><\/h3>\n\t\tSKU:772175\n<\/li><li id=\"woopack-product-19863\"  data-product-id=\"19863\">\n\t<a href='https:\/\/afcindustries.com\/es\/producto\/estacion-de-trabajo-de-supervision-del-centro-de-mando-de-seguridad\/' title='Estaci\u00f3n de trabajo de supervisi\u00f3n del centro de mando de seguridad'><img width=\"800\" height=\"800\" src=\"https:\/\/afcindustries.com\/wp-content\/uploads\/2022\/01\/Security-Command-Center-Workstation-772317-01.jpg\" alt=\"AFC Control Surface Panel for precise control.\" itemprop=\"image\" decoding=\"async\" loading=\"lazy\" srcset=\"https:\/\/afcindustries.com\/wp-content\/uploads\/2022\/01\/Security-Command-Center-Workstation-772317-01.jpg 800w, https:\/\/afcindustries.com\/wp-content\/uploads\/2022\/01\/Security-Command-Center-Workstation-772317-01-300x300.jpg 300w, https:\/\/afcindustries.com\/wp-content\/uploads\/2022\/01\/Security-Command-Center-Workstation-772317-01-150x150.jpg 150w, https:\/\/afcindustries.com\/wp-content\/uploads\/2022\/01\/Security-Command-Center-Workstation-772317-01-768x768.jpg 768w, https:\/\/afcindustries.com\/wp-content\/uploads\/2022\/01\/Security-Command-Center-Workstation-772317-01-600x600.jpg 600w, https:\/\/afcindustries.com\/wp-content\/uploads\/2022\/01\/Security-Command-Center-Workstation-772317-01-100x100.jpg 100w\" sizes=\"auto, (max-width: 800px) 100vw, 800px\" title=\"\"><\/a>\n    <h3><a href='https:\/\/afcindustries.com\/es\/producto\/estacion-de-trabajo-de-supervision-del-centro-de-mando-de-seguridad\/' title='Estaci\u00f3n de trabajo de supervisi\u00f3n del centro de mando de seguridad'>Estaci\u00f3n de trabajo de supervisi\u00f3n del centro de mando de seguridad<\/a><\/h3>\n\t\tSKU:772317\n<\/li><li id=\"woopack-product-19906\"  data-product-id=\"19906\">\n\t<a href='https:\/\/afcindustries.com\/es\/producto\/mobiliario-para-despachos-de-emergencia\/' title='Mobiliario para despachos de emergencia'><img width=\"800\" height=\"800\" src=\"https:\/\/afcindustries.com\/wp-content\/uploads\/2022\/01\/Emergency-Dispatch-Centers-772316-01.jpg\" alt=\"AFC Console Control Desk for ergonomic operation.\" itemprop=\"image\" decoding=\"async\" loading=\"lazy\" srcset=\"https:\/\/afcindustries.com\/wp-content\/uploads\/2022\/01\/Emergency-Dispatch-Centers-772316-01.jpg 800w, https:\/\/afcindustries.com\/wp-content\/uploads\/2022\/01\/Emergency-Dispatch-Centers-772316-01-300x300.jpg 300w, https:\/\/afcindustries.com\/wp-content\/uploads\/2022\/01\/Emergency-Dispatch-Centers-772316-01-150x150.jpg 150w, https:\/\/afcindustries.com\/wp-content\/uploads\/2022\/01\/Emergency-Dispatch-Centers-772316-01-768x768.jpg 768w, https:\/\/afcindustries.com\/wp-content\/uploads\/2022\/01\/Emergency-Dispatch-Centers-772316-01-600x600.jpg 600w, https:\/\/afcindustries.com\/wp-content\/uploads\/2022\/01\/Emergency-Dispatch-Centers-772316-01-100x100.jpg 100w\" sizes=\"auto, (max-width: 800px) 100vw, 800px\" title=\"\"><\/a>\n    <h3><a href='https:\/\/afcindustries.com\/es\/producto\/mobiliario-para-despachos-de-emergencia\/' title='Mobiliario para despachos de emergencia'>Mobiliario para despachos de emergencia<\/a><\/h3>\n\t\tSKU:772316\n<\/li><li id=\"woopack-product-19900\"  data-product-id=\"19900\">\n\t<a href='https:\/\/afcindustries.com\/es\/producto\/escritorio-para-monitores-de-seguridad-empotrados\/' title='Escritorio para monitores de seguridad empotrados'><img width=\"800\" height=\"800\" src=\"https:\/\/afcindustries.com\/wp-content\/uploads\/2022\/01\/Recessed-Security-Monitor-Desk-772318-01.jpg\" alt=\"AFC Console Interface Panel for intuitive control.\" itemprop=\"image\" decoding=\"async\" loading=\"lazy\" srcset=\"https:\/\/afcindustries.com\/wp-content\/uploads\/2022\/01\/Recessed-Security-Monitor-Desk-772318-01.jpg 800w, https:\/\/afcindustries.com\/wp-content\/uploads\/2022\/01\/Recessed-Security-Monitor-Desk-772318-01-300x300.jpg 300w, https:\/\/afcindustries.com\/wp-content\/uploads\/2022\/01\/Recessed-Security-Monitor-Desk-772318-01-150x150.jpg 150w, https:\/\/afcindustries.com\/wp-content\/uploads\/2022\/01\/Recessed-Security-Monitor-Desk-772318-01-768x768.jpg 768w, https:\/\/afcindustries.com\/wp-content\/uploads\/2022\/01\/Recessed-Security-Monitor-Desk-772318-01-600x600.jpg 600w, https:\/\/afcindustries.com\/wp-content\/uploads\/2022\/01\/Recessed-Security-Monitor-Desk-772318-01-100x100.jpg 100w\" sizes=\"auto, (max-width: 800px) 100vw, 800px\" title=\"\"><\/a>\n    <h3><a href='https:\/\/afcindustries.com\/es\/producto\/escritorio-para-monitores-de-seguridad-empotrados\/' title='Escritorio para monitores de seguridad empotrados'>Escritorio para monitores de seguridad empotrados<\/a><\/h3>\n\t\tSKU:772318\n<\/li><li id=\"woopack-product-19891\"  data-product-id=\"19891\">\n\t<a href='https:\/\/afcindustries.com\/es\/producto\/escritorio-de-seguridad-multimonitor-de-altura-regulable\/' title='Escritorio de seguridad multimonitor de altura regulable'><img width=\"800\" height=\"800\" src=\"https:\/\/afcindustries.com\/wp-content\/uploads\/2022\/01\/Multi-monitor-Security-Workstation-772550-01.jpg\" alt=\"AFC Control Center Desk for centralized management.\" itemprop=\"image\" decoding=\"async\" loading=\"lazy\" srcset=\"https:\/\/afcindustries.com\/wp-content\/uploads\/2022\/01\/Multi-monitor-Security-Workstation-772550-01.jpg 800w, https:\/\/afcindustries.com\/wp-content\/uploads\/2022\/01\/Multi-monitor-Security-Workstation-772550-01-300x300.jpg 300w, https:\/\/afcindustries.com\/wp-content\/uploads\/2022\/01\/Multi-monitor-Security-Workstation-772550-01-150x150.jpg 150w, https:\/\/afcindustries.com\/wp-content\/uploads\/2022\/01\/Multi-monitor-Security-Workstation-772550-01-768x768.jpg 768w, https:\/\/afcindustries.com\/wp-content\/uploads\/2022\/01\/Multi-monitor-Security-Workstation-772550-01-600x600.jpg 600w, https:\/\/afcindustries.com\/wp-content\/uploads\/2022\/01\/Multi-monitor-Security-Workstation-772550-01-100x100.jpg 100w\" sizes=\"auto, (max-width: 800px) 100vw, 800px\" title=\"\"><\/a>\n    <h3><a href='https:\/\/afcindustries.com\/es\/producto\/escritorio-de-seguridad-multimonitor-de-altura-regulable\/' title='Escritorio de seguridad multimonitor de altura regulable'>Escritorio de seguridad multimonitor de altura regulable<\/a><\/h3>\n\t\tSKU:772550\n<\/li><li id=\"woopack-product-19822\"  data-product-id=\"19822\">\n\t<a href='https:\/\/afcindustries.com\/es\/producto\/consola-de-operador-de-supervision-de-seguridad\/' title='Consola de operador de supervisi\u00f3n de seguridad'><img width=\"800\" height=\"800\" src=\"https:\/\/afcindustries.com\/wp-content\/uploads\/2022\/01\/Security-Monitoring-Console-772007-01.jpg\" alt=\"AFC&#039;s motorized standing workstation for easy height adjustment.\" itemprop=\"image\" decoding=\"async\" loading=\"lazy\" srcset=\"https:\/\/afcindustries.com\/wp-content\/uploads\/2022\/01\/Security-Monitoring-Console-772007-01.jpg 800w, https:\/\/afcindustries.com\/wp-content\/uploads\/2022\/01\/Security-Monitoring-Console-772007-01-300x300.jpg 300w, https:\/\/afcindustries.com\/wp-content\/uploads\/2022\/01\/Security-Monitoring-Console-772007-01-150x150.jpg 150w, https:\/\/afcindustries.com\/wp-content\/uploads\/2022\/01\/Security-Monitoring-Console-772007-01-768x768.jpg 768w, https:\/\/afcindustries.com\/wp-content\/uploads\/2022\/01\/Security-Monitoring-Console-772007-01-600x600.jpg 600w, https:\/\/afcindustries.com\/wp-content\/uploads\/2022\/01\/Security-Monitoring-Console-772007-01-100x100.jpg 100w\" sizes=\"auto, (max-width: 800px) 100vw, 800px\" title=\"\"><\/a>\n    <h3><a href='https:\/\/afcindustries.com\/es\/producto\/consola-de-operador-de-supervision-de-seguridad\/' title='Consola de operador de supervisi\u00f3n de seguridad'>Consola de operador de supervisi\u00f3n de seguridad<\/a><\/h3>\n\t\tSKU:772007\n<\/li><li id=\"woopack-product-19854\"  data-product-id=\"19854\">\n\t<a href='https:\/\/afcindustries.com\/es\/producto\/consola-de-seguridad-escritorio-consola-b-line\/' title='Consola de Seguridad Escritorio | Consola B-Line'><img width=\"800\" height=\"800\" src=\"https:\/\/afcindustries.com\/wp-content\/uploads\/2022\/01\/Professional-Security-Console-Desk-772319-01.jpg\" alt=\"AFC Control Desk Station Unit for effective management.\" itemprop=\"image\" decoding=\"async\" loading=\"lazy\" srcset=\"https:\/\/afcindustries.com\/wp-content\/uploads\/2022\/01\/Professional-Security-Console-Desk-772319-01.jpg 800w, https:\/\/afcindustries.com\/wp-content\/uploads\/2022\/01\/Professional-Security-Console-Desk-772319-01-300x300.jpg 300w, https:\/\/afcindustries.com\/wp-content\/uploads\/2022\/01\/Professional-Security-Console-Desk-772319-01-150x150.jpg 150w, https:\/\/afcindustries.com\/wp-content\/uploads\/2022\/01\/Professional-Security-Console-Desk-772319-01-768x768.jpg 768w, https:\/\/afcindustries.com\/wp-content\/uploads\/2022\/01\/Professional-Security-Console-Desk-772319-01-600x600.jpg 600w, https:\/\/afcindustries.com\/wp-content\/uploads\/2022\/01\/Professional-Security-Console-Desk-772319-01-100x100.jpg 100w\" sizes=\"auto, (max-width: 800px) 100vw, 800px\" title=\"\"><\/a>\n    <h3><a href='https:\/\/afcindustries.com\/es\/producto\/consola-de-seguridad-escritorio-consola-b-line\/' title='Consola de Seguridad Escritorio | Consola B-Line'>Consola de Seguridad Escritorio | Consola B-Line<\/a><\/h3>\n\t\tSKU:772319\n<\/li>\t\t\t\t\n\t\t\t<\/ul>\n\t<ul class='page-numbers'>\n\t<li>1<\/li>\n\t<li><a href=\"https:\/\/afcindustries.com\/es\/page\/2\/?page_id=19597&#038;fl_builder\">2<\/a><\/li>\n\t<li><a href=\"https:\/\/afcindustries.com\/es\/page\/2\/?page_id=19597&#038;fl_builder\">Siguiente &raquo;<\/a><\/li>\n<\/ul>\n<h2>\n\t\tEscritorios de pie para ordenadores de la sala de seguridad\n\t<\/h2>\n\t<p>En AFC Industries, redefinimos la forma en que se lleva a cabo la gesti\u00f3n de la seguridad con nuestros escritorios y consolas de sala de control de \u00faltima generaci\u00f3n. Nuestras soluciones innovadoras est\u00e1n dise\u00f1adas meticulosamente para empoderar a los profesionales de la seguridad, ofreciendo dise\u00f1os ergon\u00f3micos que mejoran la comodidad y la eficiencia durante largas horas de vigilancia. Con un enfoque en la flexibilidad y la adaptabilidad, nuestros escritorios y consolas de sala de control atienden las necesidades \u00fanicas de cada sala de control, asegurando una integraci\u00f3n perfecta de la tecnolog\u00eda y los perif\u00e9ricos. Ya sea que est\u00e9 protegiendo la infraestructura cr\u00edtica o administrando respuestas de emergencia, nuestras soluciones de vanguardia brindan el centro de comando perfecto para sus operaciones. Conf\u00ede en AFC Industries para brindar la precisi\u00f3n, confiabilidad y sofisticaci\u00f3n que su sala de control merece. Explore nuestra gama hoy y descubra c\u00f3mo podemos optimizar sus operaciones de seguridad.     <\/p>\n<h2>\n\t\tEscritorios de pie para ordenadores de la sala de seguridad\n\t<\/h2>\n\t<p>AFC ofrece muebles de pie para la sala de control de seguridad con un dise\u00f1o ergon\u00f3mico, moderno y confortable; con caracter\u00edsticas vers\u00e1tiles que cumplen con las exigentes necesidades del personal de seguridad.<\/p>\n<p>Los escritorios de computadora para salas de control de seguridad de AFC Industries ayudan al personal de seguridad a mantener altos niveles de energ\u00eda durante las largas horas de alerta laboral requeridas. Con estos puestos de trabajo ergon\u00f3micos, los usuarios permanecer\u00e1n c\u00f3modos durante toda su jornada laboral.<\/p>\n<p>Con m\u00e1s de 20 a\u00f1os de excelencia en la fabricaci\u00f3n de muebles, AFC Industries sigue liderando el mercado del mobiliario industrial al continuar proporcionando productos de la m\u00e1s alta calidad que cumplen con las necesidades espec\u00edficas del cliente.<\/p>\n\n","protected":false},"excerpt":{"rendered":"<p>SEGURIDAD Y SALAS DE CONTROL Mostrando el \u00fanico resultado Orden predeterminadoOrdenar por popularidadOrdenar por los \u00faltimosOrdenar por precio: bajo a altoOrdenar por precio: alto a bajo Consola del Centro de Mando con Video Wall SKU:771832 Soporte de suelo para seis pantallas planas SKU:772514 Soporte de suelo para dos monitores verticales SKU:772511 Estaci\u00f3n de trabajo inform\u00e1tica&hellip;<\/p>\n","protected":false},"author":1,"featured_media":0,"parent":0,"menu_order":0,"comment_status":"closed","ping_status":"closed","template":"","meta":{"_acf_changed":false,"inline_featured_image":false,"footnotes":""},"class_list":["post-19597","page","type-page","status-publish","hentry"],"acf":[],"_links":{"self":[{"href":"https:\/\/afcindustries.com\/es\/wp-json\/wp\/v2\/pages\/19597","targetHints":{"allow":["GET"]}}],"collection":[{"href":"https:\/\/afcindustries.com\/es\/wp-json\/wp\/v2\/pages"}],"about":[{"href":"https:\/\/afcindustries.com\/es\/wp-json\/wp\/v2\/types\/page"}],"author":[{"embeddable":true,"href":"https:\/\/afcindustries.com\/es\/wp-json\/wp\/v2\/users\/1"}],"replies":[{"embeddable":true,"href":"https:\/\/afcindustries.com\/es\/wp-json\/wp\/v2\/comments?post=19597"}],"version-history":[{"count":0,"href":"https:\/\/afcindustries.com\/es\/wp-json\/wp\/v2\/pages\/19597\/revisions"}],"wp:attachment":[{"href":"https:\/\/afcindustries.com\/es\/wp-json\/wp\/v2\/media?parent=19597"}],"curies":[{"name":"wp","href":"https:\/\/api.w.org\/{rel}","templated":true}]}}