{"id":19593,"date":"2022-04-27T19:50:38","date_gmt":"2022-04-27T23:50:38","guid":{"rendered":"https:\/\/afcindustries.com\/covid-ready\/"},"modified":"2024-10-04T14:54:48","modified_gmt":"2024-10-04T18:54:48","slug":"covid-ready","status":"publish","type":"page","link":"https:\/\/afcindustries.com\/es\/covid-ready\/","title":{"rendered":"Listo para el Covid"},"content":{"rendered":"\n\n\t<h2>\n\t\tProductos Covid-19\n\t<\/h2>\n\t\t\t\t\t\t\t\t<a href=\"https:\/\/afcindustries.com\/contact\/\" target=\"_self\" itemprop=\"url\" rel=\"noopener\">\n\t\t\t\t\t\t\t\t\t<img loading=\"lazy\" decoding=\"async\" src=\"https:\/\/afcindustries.com\/wp-content\/uploads\/2022\/05\/Promo-Fall-23.gif\" alt=\"Promo Fall\" itemprop=\"image\" height=\"450\" width=\"280\" title=\"Promo Fall\" onerror=\"this.style.display='none'\"  \/>\n\t\t\t\t\t\t\t\t\t\t\t\t\t<\/a>\n\n\n\tMostrando el \u00fanico resultado\n<form method=\"get\">\n\t<select name=\"orderby\" aria-label=\"Pedido de la tienda\">\n\t\t\t\t\t<option value=\"menu_order\"  selected='selected'>Orden predeterminado<\/option>\n\t\t\t\t\t<option value=\"popularity\">Ordenar por popularidad<\/option>\n\t\t\t\t\t<option value=\"date\">Ordenar por los \u00faltimos<\/option>\n\t\t\t\t\t<option value=\"price\">Ordenar por precio: bajo a alto<\/option>\n\t\t\t\t\t<option value=\"price-desc\">Ordenar por precio: alto a bajo<\/option>\n\t\t\t<\/select>\n\t<input type=\"hidden\" name=\"paged\" value=\"1\" \/>\n\t<input type=\"hidden\" name=\"page_id\" value=\"19593\" \/><input type=\"hidden\" name=\"fl_builder\" value=\"\" \/><\/form>\n\t\t\t<ul>\n\t\t\t\t<li id=\"woopack-product-19964\"  data-product-id=\"19964\">\n\t<a href='https:\/\/afcindustries.com\/es\/producto\/carro-movil-elbi-con-almacenamiento-de-alambre-con-cierre-seguro\/' title='Carro m\u00f3vil ELBI con almacenamiento de alambre con cierre seguro'><img width=\"800\" height=\"800\" src=\"https:\/\/afcindustries.com\/wp-content\/uploads\/2023\/08\/772912-new-image.jpg\" alt=\"Cart for Tablet Management\" itemprop=\"image\" decoding=\"async\" loading=\"lazy\" srcset=\"https:\/\/afcindustries.com\/wp-content\/uploads\/2023\/08\/772912-new-image.jpg 800w, https:\/\/afcindustries.com\/wp-content\/uploads\/2023\/08\/772912-new-image-300x300.jpg 300w, https:\/\/afcindustries.com\/wp-content\/uploads\/2023\/08\/772912-new-image-150x150.jpg 150w, https:\/\/afcindustries.com\/wp-content\/uploads\/2023\/08\/772912-new-image-768x768.jpg 768w, https:\/\/afcindustries.com\/wp-content\/uploads\/2023\/08\/772912-new-image-600x600.jpg 600w, https:\/\/afcindustries.com\/wp-content\/uploads\/2023\/08\/772912-new-image-100x100.jpg 100w\" sizes=\"auto, (max-width: 800px) 100vw, 800px\" title=\"\"><\/a>\n    <h3><a href='https:\/\/afcindustries.com\/es\/producto\/carro-movil-elbi-con-almacenamiento-de-alambre-con-cierre-seguro\/' title='Carro m\u00f3vil ELBI con almacenamiento de alambre con cierre seguro'>Carro m\u00f3vil ELBI con almacenamiento de alambre con cierre seguro<\/a><\/h3>\n\t\tSKU:772912\n<\/li><li id=\"woopack-product-19911\"  data-product-id=\"19911\">\n\t<a href='https:\/\/afcindustries.com\/es\/producto\/carro-movil-para-tabletas-con-cesta-de-alambre-con-cierre-elbi-y-cestas-de-almacenamiento\/' title='Carro m\u00f3vil para tabletas con cesta de alambre con cierre ELBI y cestas de almacenamiento'><img width=\"499\" height=\"499\" src=\"https:\/\/afcindustries.com\/wp-content\/uploads\/2022\/01\/772871-mobile-cart-with-locking-wire-baskets-and-extra-storage.jpg\" alt=\"772871 mobile cart with locking wire baskets and extra storage\" itemprop=\"image\" decoding=\"async\" loading=\"lazy\" srcset=\"https:\/\/afcindustries.com\/wp-content\/uploads\/2022\/01\/772871-mobile-cart-with-locking-wire-baskets-and-extra-storage.jpg 499w, https:\/\/afcindustries.com\/wp-content\/uploads\/2022\/01\/772871-mobile-cart-with-locking-wire-baskets-and-extra-storage-300x300.jpg 300w, https:\/\/afcindustries.com\/wp-content\/uploads\/2022\/01\/772871-mobile-cart-with-locking-wire-baskets-and-extra-storage-100x100.jpg 100w, https:\/\/afcindustries.com\/wp-content\/uploads\/2022\/01\/772871-mobile-cart-with-locking-wire-baskets-and-extra-storage-150x150.jpg 150w\" sizes=\"auto, (max-width: 499px) 100vw, 499px\" title=\"\"><\/a>\n    <h3><a href='https:\/\/afcindustries.com\/es\/producto\/carro-movil-para-tabletas-con-cesta-de-alambre-con-cierre-elbi-y-cestas-de-almacenamiento\/' title='Carro m\u00f3vil para tabletas con cesta de alambre con cierre ELBI y cestas de almacenamiento'>Carro m\u00f3vil para tabletas con cesta de alambre con cierre ELBI y cestas de almacenamiento<\/a><\/h3>\n\t\tSKU:772871\n<\/li><li id=\"woopack-product-20171\"  data-product-id=\"20171\">\n\t<a href='https:\/\/afcindustries.com\/es\/producto\/carro-dispensador-de-desinfectante-movil-con-recipiente-para-residuos\/' title='Carro dispensador de desinfectante m\u00f3vil con recipiente para residuos'><img width=\"800\" height=\"800\" src=\"https:\/\/afcindustries.com\/wp-content\/uploads\/2022\/05\/01-1.jpg\" alt=\"01 1\" itemprop=\"image\" decoding=\"async\" loading=\"lazy\" srcset=\"https:\/\/afcindustries.com\/wp-content\/uploads\/2022\/05\/01-1.jpg 800w, https:\/\/afcindustries.com\/wp-content\/uploads\/2022\/05\/01-1-300x300.jpg 300w, https:\/\/afcindustries.com\/wp-content\/uploads\/2022\/05\/01-1-150x150.jpg 150w, https:\/\/afcindustries.com\/wp-content\/uploads\/2022\/05\/01-1-768x768.jpg 768w, https:\/\/afcindustries.com\/wp-content\/uploads\/2022\/05\/01-1-600x600.jpg 600w, https:\/\/afcindustries.com\/wp-content\/uploads\/2022\/05\/01-1-100x100.jpg 100w\" sizes=\"auto, (max-width: 800px) 100vw, 800px\" title=\"\"><\/a>\n    <h3><a href='https:\/\/afcindustries.com\/es\/producto\/carro-dispensador-de-desinfectante-movil-con-recipiente-para-residuos\/' title='Carro dispensador de desinfectante m\u00f3vil con recipiente para residuos'>Carro dispensador de desinfectante m\u00f3vil con recipiente para residuos<\/a><\/h3>\n<\/li><li id=\"woopack-product-19929\"  data-product-id=\"19929\">\n\t<a href='https:\/\/afcindustries.com\/es\/producto\/carro-de-ordenador-movil-con-proteccion-contra-estornudos-y-tos-en-acabado-antimicrobiano-negro\/' title='Carro de ordenador m\u00f3vil con protecci\u00f3n contra estornudos y tos en acabado antimicrobiano negro'><img width=\"800\" height=\"800\" src=\"https:\/\/afcindustries.com\/wp-content\/uploads\/2022\/01\/Mobile-Computer-Cart-with-Sneeze-and-Cough-Protection-772864-01.jpg\" alt=\"\" itemprop=\"image\" decoding=\"async\" loading=\"lazy\" srcset=\"https:\/\/afcindustries.com\/wp-content\/uploads\/2022\/01\/Mobile-Computer-Cart-with-Sneeze-and-Cough-Protection-772864-01.jpg 800w, https:\/\/afcindustries.com\/wp-content\/uploads\/2022\/01\/Mobile-Computer-Cart-with-Sneeze-and-Cough-Protection-772864-01-300x300.jpg 300w, https:\/\/afcindustries.com\/wp-content\/uploads\/2022\/01\/Mobile-Computer-Cart-with-Sneeze-and-Cough-Protection-772864-01-150x150.jpg 150w, https:\/\/afcindustries.com\/wp-content\/uploads\/2022\/01\/Mobile-Computer-Cart-with-Sneeze-and-Cough-Protection-772864-01-768x768.jpg 768w, https:\/\/afcindustries.com\/wp-content\/uploads\/2022\/01\/Mobile-Computer-Cart-with-Sneeze-and-Cough-Protection-772864-01-600x600.jpg 600w, https:\/\/afcindustries.com\/wp-content\/uploads\/2022\/01\/Mobile-Computer-Cart-with-Sneeze-and-Cough-Protection-772864-01-100x100.jpg 100w\" sizes=\"auto, (max-width: 800px) 100vw, 800px\" title=\"\"><\/a>\n    <h3><a href='https:\/\/afcindustries.com\/es\/producto\/carro-de-ordenador-movil-con-proteccion-contra-estornudos-y-tos-en-acabado-antimicrobiano-negro\/' title='Carro de ordenador m\u00f3vil con protecci\u00f3n contra estornudos y tos en acabado antimicrobiano negro'>Carro de ordenador m\u00f3vil con protecci\u00f3n contra estornudos y tos en acabado antimicrobiano negro<\/a><\/h3>\n\t\tSKU:772864\n<\/li><li id=\"woopack-product-19805\"  data-product-id=\"19805\">\n\t<a href='https:\/\/afcindustries.com\/es\/producto\/carrito-de-telesalud\/' title='Carrito de telesalud'><img width=\"499\" height=\"499\" src=\"https:\/\/afcindustries.com\/wp-content\/uploads\/2022\/01\/772866-light-weight-telehealth-cart.jpg\" alt=\"772866 light weight telehealth cart\" itemprop=\"image\" decoding=\"async\" loading=\"lazy\" srcset=\"https:\/\/afcindustries.com\/wp-content\/uploads\/2022\/01\/772866-light-weight-telehealth-cart.jpg 499w, https:\/\/afcindustries.com\/wp-content\/uploads\/2022\/01\/772866-light-weight-telehealth-cart-300x300.jpg 300w, https:\/\/afcindustries.com\/wp-content\/uploads\/2022\/01\/772866-light-weight-telehealth-cart-100x100.jpg 100w, https:\/\/afcindustries.com\/wp-content\/uploads\/2022\/01\/772866-light-weight-telehealth-cart-150x150.jpg 150w\" sizes=\"auto, (max-width: 499px) 100vw, 499px\" title=\"\"><\/a>\n    <h3><a href='https:\/\/afcindustries.com\/es\/producto\/carrito-de-telesalud\/' title='Carrito de telesalud'>Carrito de telesalud<\/a><\/h3>\n\t\tSKU:772866\n<\/li><li id=\"woopack-product-19643\"  data-product-id=\"19643\">\n\t<a href='https:\/\/afcindustries.com\/es\/producto\/carro-movil-de-escaneo-de-imagenes-termicas-o-infrarrojas-a-distancia\/' title='Carro m\u00f3vil de escaneo de im\u00e1genes t\u00e9rmicas o infrarrojas a distancia'><img width=\"499\" height=\"499\" src=\"https:\/\/afcindustries.com\/wp-content\/uploads\/2022\/01\/772816-mobile-tablet-temperature-detection-cart.jpg\" alt=\"772816 mobile tablet temperature detection cart\" itemprop=\"image\" decoding=\"async\" loading=\"lazy\" srcset=\"https:\/\/afcindustries.com\/wp-content\/uploads\/2022\/01\/772816-mobile-tablet-temperature-detection-cart.jpg 499w, https:\/\/afcindustries.com\/wp-content\/uploads\/2022\/01\/772816-mobile-tablet-temperature-detection-cart-300x300.jpg 300w, https:\/\/afcindustries.com\/wp-content\/uploads\/2022\/01\/772816-mobile-tablet-temperature-detection-cart-100x100.jpg 100w, https:\/\/afcindustries.com\/wp-content\/uploads\/2022\/01\/772816-mobile-tablet-temperature-detection-cart-150x150.jpg 150w\" sizes=\"auto, (max-width: 499px) 100vw, 499px\" title=\"\"><\/a>\n    <h3><a href='https:\/\/afcindustries.com\/es\/producto\/carro-movil-de-escaneo-de-imagenes-termicas-o-infrarrojas-a-distancia\/' title='Carro m\u00f3vil de escaneo de im\u00e1genes t\u00e9rmicas o infrarrojas a distancia'>Carro m\u00f3vil de escaneo de im\u00e1genes t\u00e9rmicas o infrarrojas a distancia<\/a><\/h3>\n\t\tSKU:772816\n<\/li>\t\t\t\t\n\t\t\t<\/ul>\n<h2>\n\t\tCarros ajustables para port\u00e1tiles\n\t<\/h2>\n\t<p>La lista de carros port\u00e1tiles duraderos de AFC est\u00e1 dise\u00f1ada para ofrecer la m\u00e1xima flexibilidad, facilidad de movimiento y acceso inmediato a los datos en el punto de atenci\u00f3n. Estos carros de ordenador port\u00e1til con ruedas se fabrican para satisfacer las necesidades ergon\u00f3micas de los usuarios finales, al tiempo que ofrecen una atenci\u00f3n al paciente constante, eficiencia y ahorro de costes.<\/p>\n<p>El carro AFC viene con la capacidad de adaptarse a una amplia variedad de marcas, tama\u00f1os y modelos de computadoras port\u00e1tiles. Los carros tambi\u00e9n pueden ser modificados para acomodar el almacenamiento con llave. Adem\u00e1s, el innovador dise\u00f1o es capaz de proporcionar flexibilidad para el control de infecciones y las necesidades de gesti\u00f3n t\u00e9rmica, as\u00ed como la privacidad del paciente y las caracter\u00edsticas de seguridad, como las puertas de cierre suave.<\/p>\n<p>El dise\u00f1o del carro m\u00f3vil para ordenadores port\u00e1tiles AFC est\u00e1 pensado para un sistema hidr\u00e1ulico f\u00e1cil de usar que proporciona un movimiento sin esfuerzo de la unidad sobre superficies de suelos comerciales. Los carros est\u00e1n disponibles con ruedas de 4\u2033 o ruedas de 6\u2033 para trabajos pesados. Los carros port\u00e1tiles para computadoras port\u00e1tiles de AFC pueden adaptarse a una amplia gama de aplicaciones, incluidas las de pacientes hospitalizados, ambulatorios, consultorios m\u00e9dicos, farmacias y laboratorios cl\u00ednicos.<\/p>\n<strong>Beneficios est\u00e1ndar:<\/strong><br \/>\n&#8211; Aumente la eficiencia.<br \/>\n&#8211; Mejore la atenci\u00f3n al paciente.\n<strong>Beneficios emocionales:<\/strong><br \/>\n&#8211; Sea el h\u00e9roe de su hospital.<br \/>\n&#8211; Marque la diferencia en la vida de las personas.<br \/>\n&#8211; Mejore la experiencia del paciente.\n<strong>Beneficios econ\u00f3micos:<\/strong><br \/>\n&#8211; Aumente su rendimiento en el punto de atenci\u00f3n.\n<p>Los carros para port\u00e1tiles AFC est\u00e1n disponibles en tama\u00f1os est\u00e1ndar que se ajustan a la mayor\u00eda de los port\u00e1tiles. Los carros son personalizables para satisfacer aplicaciones espec\u00edficas, incluida la posibilidad de a\u00f1adir modificaciones para puertas de cierre suave y una opci\u00f3n de tratamiento antimicrobiano para mejorar la seguridad del paciente.<\/p>\n\n","protected":false},"excerpt":{"rendered":"<p>Productos Covid-19 Mostrando el \u00fanico resultado Orden predeterminadoOrdenar por popularidadOrdenar por los \u00faltimosOrdenar por precio: bajo a altoOrdenar por precio: alto a bajo Carro m\u00f3vil ELBI con almacenamiento de alambre con cierre seguro SKU:772912 Carro m\u00f3vil para tabletas con cesta de alambre con cierre ELBI y cestas de almacenamiento SKU:772871 Carro dispensador de desinfectante m\u00f3vil&hellip;<\/p>\n","protected":false},"author":1,"featured_media":0,"parent":0,"menu_order":0,"comment_status":"closed","ping_status":"closed","template":"","meta":{"_acf_changed":false,"inline_featured_image":false,"footnotes":""},"class_list":["post-19593","page","type-page","status-publish","hentry"],"acf":[],"_links":{"self":[{"href":"https:\/\/afcindustries.com\/es\/wp-json\/wp\/v2\/pages\/19593","targetHints":{"allow":["GET"]}}],"collection":[{"href":"https:\/\/afcindustries.com\/es\/wp-json\/wp\/v2\/pages"}],"about":[{"href":"https:\/\/afcindustries.com\/es\/wp-json\/wp\/v2\/types\/page"}],"author":[{"embeddable":true,"href":"https:\/\/afcindustries.com\/es\/wp-json\/wp\/v2\/users\/1"}],"replies":[{"embeddable":true,"href":"https:\/\/afcindustries.com\/es\/wp-json\/wp\/v2\/comments?post=19593"}],"version-history":[{"count":0,"href":"https:\/\/afcindustries.com\/es\/wp-json\/wp\/v2\/pages\/19593\/revisions"}],"wp:attachment":[{"href":"https:\/\/afcindustries.com\/es\/wp-json\/wp\/v2\/media?parent=19593"}],"curies":[{"name":"wp","href":"https:\/\/api.w.org\/{rel}","templated":true}]}}