{"id":19588,"date":"2022-02-17T14:59:25","date_gmt":"2022-02-17T19:59:25","guid":{"rendered":"https:\/\/afcindustries.com\/soportes-de-pared-para-ordenador\/"},"modified":"2024-10-04T14:48:59","modified_gmt":"2024-10-04T18:48:59","slug":"soportes-de-pared-para-ordenador","status":"publish","type":"page","link":"https:\/\/afcindustries.com\/es\/soportes-de-pared-para-ordenador\/","title":{"rendered":"Soportes de pared para ordenador"},"content":{"rendered":"\n\n\t<h2>\n\t\tSoportes Ergon\u00f3micos\n\t<\/h2>\n\t\t\t\t\t\t\t\t<a href=\"https:\/\/afcindustries.com\/contact\/\" target=\"_self\" itemprop=\"url\" rel=\"noopener\">\n\t\t\t\t\t\t\t\t\t<img loading=\"lazy\" decoding=\"async\" src=\"https:\/\/afcindustries.com\/wp-content\/uploads\/2022\/05\/Promo-Fall-23.gif\" alt=\"Promo Fall\" itemprop=\"image\" height=\"450\" width=\"280\" title=\"Promo Fall\" onerror=\"this.style.display='none'\"  \/>\n\t\t\t\t\t\t\t\t\t\t\t\t\t<\/a>\n\n\n\tMostrando el \u00fanico resultado\n<form method=\"get\">\n\t<select name=\"orderby\" aria-label=\"Pedido de la tienda\">\n\t\t\t\t\t<option value=\"menu_order\"  selected='selected'>Orden predeterminado<\/option>\n\t\t\t\t\t<option value=\"popularity\">Ordenar por popularidad<\/option>\n\t\t\t\t\t<option value=\"date\">Ordenar por los \u00faltimos<\/option>\n\t\t\t\t\t<option value=\"price\">Ordenar por precio: bajo a alto<\/option>\n\t\t\t\t\t<option value=\"price-desc\">Ordenar por precio: alto a bajo<\/option>\n\t\t\t<\/select>\n\t<input type=\"hidden\" name=\"paged\" value=\"1\" \/>\n\t<input type=\"hidden\" name=\"page_id\" value=\"19588\" \/><input type=\"hidden\" name=\"fl_builder\" value=\"\" \/><\/form>\n\t\t\t<ul>\n\t\t\t\t<li id=\"woopack-product-20169\"  data-product-id=\"20169\">\n\t<a href='https:\/\/afcindustries.com\/es\/producto\/soporte-para-ordenador-de-pared\/' title='Soporte para ordenador de pared'><img width=\"499\" height=\"499\" src=\"https:\/\/afcindustries.com\/wp-content\/uploads\/2022\/01\/772000-wall-mounted-computer-bracket.jpg\" alt=\"772000 wall mounted computer bracket\" itemprop=\"image\" decoding=\"async\" loading=\"lazy\" srcset=\"https:\/\/afcindustries.com\/wp-content\/uploads\/2022\/01\/772000-wall-mounted-computer-bracket.jpg 499w, https:\/\/afcindustries.com\/wp-content\/uploads\/2022\/01\/772000-wall-mounted-computer-bracket-300x300.jpg 300w, https:\/\/afcindustries.com\/wp-content\/uploads\/2022\/01\/772000-wall-mounted-computer-bracket-100x100.jpg 100w, https:\/\/afcindustries.com\/wp-content\/uploads\/2022\/01\/772000-wall-mounted-computer-bracket-150x150.jpg 150w\" sizes=\"auto, (max-width: 499px) 100vw, 499px\" title=\"\"><\/a>\n    <h3><a href='https:\/\/afcindustries.com\/es\/producto\/soporte-para-ordenador-de-pared\/' title='Soporte para ordenador de pared'>Soporte para ordenador de pared<\/a><\/h3>\n\t\tSKU:772000\n<\/li><li id=\"woopack-product-20173\"  data-product-id=\"20173\">\n\t<a href='https:\/\/afcindustries.com\/es\/producto\/combo-de-estacion-de-trabajo-de-ordenador-montada-en-la-pared\/' title='Combo de estaci\u00f3n de trabajo de ordenador montada en la pared'><img width=\"499\" height=\"499\" src=\"https:\/\/afcindustries.com\/wp-content\/uploads\/2022\/01\/772381-wall-mount-computer-workstation-combo.jpg\" alt=\"772381 wall mount computer workstation combo\" itemprop=\"image\" decoding=\"async\" loading=\"lazy\" srcset=\"https:\/\/afcindustries.com\/wp-content\/uploads\/2022\/01\/772381-wall-mount-computer-workstation-combo.jpg 499w, https:\/\/afcindustries.com\/wp-content\/uploads\/2022\/01\/772381-wall-mount-computer-workstation-combo-300x300.jpg 300w, https:\/\/afcindustries.com\/wp-content\/uploads\/2022\/01\/772381-wall-mount-computer-workstation-combo-100x100.jpg 100w, https:\/\/afcindustries.com\/wp-content\/uploads\/2022\/01\/772381-wall-mount-computer-workstation-combo-150x150.jpg 150w\" sizes=\"auto, (max-width: 499px) 100vw, 499px\" title=\"\"><\/a>\n    <h3><a href='https:\/\/afcindustries.com\/es\/producto\/combo-de-estacion-de-trabajo-de-ordenador-montada-en-la-pared\/' title='Combo de estaci\u00f3n de trabajo de ordenador montada en la pared'>Combo de estaci\u00f3n de trabajo de ordenador montada en la pared<\/a><\/h3>\n\t\tSKU:772381\n<\/li><li id=\"woopack-product-20122\"  data-product-id=\"20122\">\n\t<a href='https:\/\/afcindustries.com\/es\/producto\/brazo-para-ordenador-portatil-montado-en-rail-con-bandeja-plegable\/' title='Brazo para ordenador port\u00e1til montado en ra\u00edl con bandeja plegable'><img width=\"499\" height=\"499\" src=\"https:\/\/afcindustries.com\/wp-content\/uploads\/2022\/01\/772149-wall-mounted-laptop-arm.jpg\" alt=\"772149 wall mounted laptop arm\" itemprop=\"image\" decoding=\"async\" loading=\"lazy\" srcset=\"https:\/\/afcindustries.com\/wp-content\/uploads\/2022\/01\/772149-wall-mounted-laptop-arm.jpg 499w, https:\/\/afcindustries.com\/wp-content\/uploads\/2022\/01\/772149-wall-mounted-laptop-arm-300x300.jpg 300w, https:\/\/afcindustries.com\/wp-content\/uploads\/2022\/01\/772149-wall-mounted-laptop-arm-100x100.jpg 100w, https:\/\/afcindustries.com\/wp-content\/uploads\/2022\/01\/772149-wall-mounted-laptop-arm-150x150.jpg 150w\" sizes=\"auto, (max-width: 499px) 100vw, 499px\" title=\"\"><\/a>\n    <h3><a href='https:\/\/afcindustries.com\/es\/producto\/brazo-para-ordenador-portatil-montado-en-rail-con-bandeja-plegable\/' title='Brazo para ordenador port\u00e1til montado en ra\u00edl con bandeja plegable'>Brazo para ordenador port\u00e1til montado en ra\u00edl con bandeja plegable<\/a><\/h3>\n\t\tSKU:772149\n<\/li><li id=\"woopack-product-20094\"  data-product-id=\"20094\">\n\t<a href='https:\/\/afcindustries.com\/es\/producto\/brazo-horizontal-para-monitor-de-pared-montado-en-riel\/' title='Brazo horizontal para monitor de pared montado en riel'><img width=\"499\" height=\"499\" src=\"https:\/\/afcindustries.com\/wp-content\/uploads\/2022\/01\/772249-horizontal-track-mounted-wall-computer.jpg\" alt=\"772249 horizontal track mounted wall computer\" itemprop=\"image\" decoding=\"async\" loading=\"lazy\" srcset=\"https:\/\/afcindustries.com\/wp-content\/uploads\/2022\/01\/772249-horizontal-track-mounted-wall-computer.jpg 499w, https:\/\/afcindustries.com\/wp-content\/uploads\/2022\/01\/772249-horizontal-track-mounted-wall-computer-300x300.jpg 300w, https:\/\/afcindustries.com\/wp-content\/uploads\/2022\/01\/772249-horizontal-track-mounted-wall-computer-100x100.jpg 100w, https:\/\/afcindustries.com\/wp-content\/uploads\/2022\/01\/772249-horizontal-track-mounted-wall-computer-150x150.jpg 150w\" sizes=\"auto, (max-width: 499px) 100vw, 499px\" title=\"\"><\/a>\n    <h3><a href='https:\/\/afcindustries.com\/es\/producto\/brazo-horizontal-para-monitor-de-pared-montado-en-riel\/' title='Brazo horizontal para monitor de pared montado en riel'>Brazo horizontal para monitor de pared montado en riel<\/a><\/h3>\n\t\tSKU:772249\n<\/li><li id=\"woopack-product-20061\"  data-product-id=\"20061\">\n\t<a href='https:\/\/afcindustries.com\/es\/producto\/bandeja-de-teclado-para-montaje-en-pared\/' title='Bandeja de teclado para montaje en pared'><img width=\"499\" height=\"499\" src=\"https:\/\/afcindustries.com\/wp-content\/uploads\/2022\/01\/772214-wall-mounted-articulating-keyboard-arm-and-tray-mount.jpg\" alt=\"772214 wall mounted articulating keyboard arm and tray mount\" itemprop=\"image\" decoding=\"async\" loading=\"lazy\" srcset=\"https:\/\/afcindustries.com\/wp-content\/uploads\/2022\/01\/772214-wall-mounted-articulating-keyboard-arm-and-tray-mount.jpg 499w, https:\/\/afcindustries.com\/wp-content\/uploads\/2022\/01\/772214-wall-mounted-articulating-keyboard-arm-and-tray-mount-300x300.jpg 300w, https:\/\/afcindustries.com\/wp-content\/uploads\/2022\/01\/772214-wall-mounted-articulating-keyboard-arm-and-tray-mount-100x100.jpg 100w, https:\/\/afcindustries.com\/wp-content\/uploads\/2022\/01\/772214-wall-mounted-articulating-keyboard-arm-and-tray-mount-150x150.jpg 150w\" sizes=\"auto, (max-width: 499px) 100vw, 499px\" title=\"\"><\/a>\n    <h3><a href='https:\/\/afcindustries.com\/es\/producto\/bandeja-de-teclado-para-montaje-en-pared\/' title='Bandeja de teclado para montaje en pared'>Bandeja de teclado para montaje en pared<\/a><\/h3>\n\t\tSKU:772214\n<\/li><li id=\"woopack-product-20070\"  data-product-id=\"20070\">\n\t<a href='https:\/\/afcindustries.com\/es\/producto\/estacion-de-ordenador-montada-en-la-pared\/' title='Estaci\u00f3n de ordenador montada en la pared'><img width=\"499\" height=\"499\" src=\"https:\/\/afcindustries.com\/wp-content\/uploads\/2022\/01\/772376-complete-wall-mount-pole-workstation.jpg\" alt=\"772376 complete wall mount pole workstation\" itemprop=\"image\" decoding=\"async\" loading=\"lazy\" srcset=\"https:\/\/afcindustries.com\/wp-content\/uploads\/2022\/01\/772376-complete-wall-mount-pole-workstation.jpg 499w, https:\/\/afcindustries.com\/wp-content\/uploads\/2022\/01\/772376-complete-wall-mount-pole-workstation-300x300.jpg 300w, https:\/\/afcindustries.com\/wp-content\/uploads\/2022\/01\/772376-complete-wall-mount-pole-workstation-100x100.jpg 100w, https:\/\/afcindustries.com\/wp-content\/uploads\/2022\/01\/772376-complete-wall-mount-pole-workstation-150x150.jpg 150w\" sizes=\"auto, (max-width: 499px) 100vw, 499px\" title=\"\"><\/a>\n    <h3><a href='https:\/\/afcindustries.com\/es\/producto\/estacion-de-ordenador-montada-en-la-pared\/' title='Estaci\u00f3n de ordenador montada en la pared'>Estaci\u00f3n de ordenador montada en la pared<\/a><\/h3>\n\t\tSKU:772376\n<\/li><li id=\"woopack-product-20073\"  data-product-id=\"20073\">\n\t<a href='https:\/\/afcindustries.com\/es\/producto\/soporte-de-pared-para-monitor-de-ordenador\/' title='Soporte de pared para monitor de ordenador'><img width=\"499\" height=\"499\" src=\"https:\/\/afcindustries.com\/wp-content\/uploads\/2022\/11\/772424-ergonomic-computer-monitor-wall-mount.jpg\" alt=\"AFC Wall-Mounted Computer Console for streamlined workspaces.\" itemprop=\"image\" decoding=\"async\" loading=\"lazy\" srcset=\"https:\/\/afcindustries.com\/wp-content\/uploads\/2022\/11\/772424-ergonomic-computer-monitor-wall-mount.jpg 499w, https:\/\/afcindustries.com\/wp-content\/uploads\/2022\/11\/772424-ergonomic-computer-monitor-wall-mount-300x300.jpg 300w, https:\/\/afcindustries.com\/wp-content\/uploads\/2022\/11\/772424-ergonomic-computer-monitor-wall-mount-150x150.jpg 150w, https:\/\/afcindustries.com\/wp-content\/uploads\/2022\/11\/772424-ergonomic-computer-monitor-wall-mount-100x100.jpg 100w\" sizes=\"auto, (max-width: 499px) 100vw, 499px\" title=\"\"><\/a>\n    <h3><a href='https:\/\/afcindustries.com\/es\/producto\/soporte-de-pared-para-monitor-de-ordenador\/' title='Soporte de pared para monitor de ordenador'>Soporte de pared para monitor de ordenador<\/a><\/h3>\n\t\tSKU:772424\n<\/li><li id=\"woopack-product-20075\"  data-product-id=\"20075\">\n\t<a href='https:\/\/afcindustries.com\/es\/producto\/estacion-de-trabajo-de-ordenador-medica-montada-en-la-pared\/' title='Estaci\u00f3n de trabajo de ordenador m\u00e9dica montada en la pared'><img width=\"499\" height=\"499\" src=\"https:\/\/afcindustries.com\/wp-content\/uploads\/2022\/01\/772364-computer-monitor-arm-mount.jpg\" alt=\"772364 computer monitor arm mount\" itemprop=\"image\" decoding=\"async\" loading=\"lazy\" srcset=\"https:\/\/afcindustries.com\/wp-content\/uploads\/2022\/01\/772364-computer-monitor-arm-mount.jpg 499w, https:\/\/afcindustries.com\/wp-content\/uploads\/2022\/01\/772364-computer-monitor-arm-mount-300x300.jpg 300w, https:\/\/afcindustries.com\/wp-content\/uploads\/2022\/01\/772364-computer-monitor-arm-mount-100x100.jpg 100w, https:\/\/afcindustries.com\/wp-content\/uploads\/2022\/01\/772364-computer-monitor-arm-mount-150x150.jpg 150w\" sizes=\"auto, (max-width: 499px) 100vw, 499px\" title=\"\"><\/a>\n    <h3><a href='https:\/\/afcindustries.com\/es\/producto\/estacion-de-trabajo-de-ordenador-medica-montada-en-la-pared\/' title='Estaci\u00f3n de trabajo de ordenador m\u00e9dica montada en la pared'>Estaci\u00f3n de trabajo de ordenador m\u00e9dica montada en la pared<\/a><\/h3>\n\t\tSKU:772364\n<\/li><li id=\"woopack-product-20012\"  data-product-id=\"20012\">\n\t<a href='https:\/\/afcindustries.com\/es\/producto\/soporte-de-pared-para-ordenador-portatil-con-brazo-articulado\/' title='Soporte de pared para ordenador port\u00e1til con brazo articulado'><img width=\"499\" height=\"499\" src=\"https:\/\/afcindustries.com\/wp-content\/uploads\/2022\/01\/772150-best-articulating-arm-laptop-wall-mount.jpg\" alt=\"772150 best articulating arm laptop wall mount\" itemprop=\"image\" decoding=\"async\" loading=\"lazy\" srcset=\"https:\/\/afcindustries.com\/wp-content\/uploads\/2022\/01\/772150-best-articulating-arm-laptop-wall-mount.jpg 499w, https:\/\/afcindustries.com\/wp-content\/uploads\/2022\/01\/772150-best-articulating-arm-laptop-wall-mount-300x300.jpg 300w, https:\/\/afcindustries.com\/wp-content\/uploads\/2022\/01\/772150-best-articulating-arm-laptop-wall-mount-100x100.jpg 100w, https:\/\/afcindustries.com\/wp-content\/uploads\/2022\/01\/772150-best-articulating-arm-laptop-wall-mount-150x150.jpg 150w\" sizes=\"auto, (max-width: 499px) 100vw, 499px\" title=\"\"><\/a>\n    <h3><a href='https:\/\/afcindustries.com\/es\/producto\/soporte-de-pared-para-ordenador-portatil-con-brazo-articulado\/' title='Soporte de pared para ordenador port\u00e1til con brazo articulado'>Soporte de pared para ordenador port\u00e1til con brazo articulado<\/a><\/h3>\n\t\tSKU:772150\n<\/li><li id=\"woopack-product-20037\"  data-product-id=\"20037\">\n\t<a href='https:\/\/afcindustries.com\/es\/producto\/brazo-ergonomico-para-monitor-de-pared\/' title='Brazo ergon\u00f3mico para monitor de pared'><img width=\"499\" height=\"499\" src=\"https:\/\/afcindustries.com\/wp-content\/uploads\/2022\/01\/772248-wall-mounted-monitor-arm.jpg\" alt=\"772248 wall mounted monitor arm\" itemprop=\"image\" decoding=\"async\" loading=\"lazy\" srcset=\"https:\/\/afcindustries.com\/wp-content\/uploads\/2022\/01\/772248-wall-mounted-monitor-arm.jpg 499w, https:\/\/afcindustries.com\/wp-content\/uploads\/2022\/01\/772248-wall-mounted-monitor-arm-300x300.jpg 300w, https:\/\/afcindustries.com\/wp-content\/uploads\/2022\/01\/772248-wall-mounted-monitor-arm-100x100.jpg 100w, https:\/\/afcindustries.com\/wp-content\/uploads\/2022\/01\/772248-wall-mounted-monitor-arm-150x150.jpg 150w\" sizes=\"auto, (max-width: 499px) 100vw, 499px\" title=\"\"><\/a>\n    <h3><a href='https:\/\/afcindustries.com\/es\/producto\/brazo-ergonomico-para-monitor-de-pared\/' title='Brazo ergon\u00f3mico para monitor de pared'>Brazo ergon\u00f3mico para monitor de pared<\/a><\/h3>\n\t\tSKU:772248\n<\/li><li id=\"woopack-product-19997\"  data-product-id=\"19997\">\n\t<a href='https:\/\/afcindustries.com\/es\/producto\/soporte-de-pared-para-estacion-de-trabajo-de-ordenador\/' title='Soporte de pared para estaci\u00f3n de trabajo de ordenador'><img width=\"499\" height=\"499\" src=\"https:\/\/afcindustries.com\/wp-content\/uploads\/2022\/01\/772479-wall-mounted-computer-workstation.jpg\" alt=\"772479 wall mounted computer workstation\" itemprop=\"image\" decoding=\"async\" loading=\"lazy\" srcset=\"https:\/\/afcindustries.com\/wp-content\/uploads\/2022\/01\/772479-wall-mounted-computer-workstation.jpg 499w, https:\/\/afcindustries.com\/wp-content\/uploads\/2022\/01\/772479-wall-mounted-computer-workstation-300x300.jpg 300w, https:\/\/afcindustries.com\/wp-content\/uploads\/2022\/01\/772479-wall-mounted-computer-workstation-100x100.jpg 100w, https:\/\/afcindustries.com\/wp-content\/uploads\/2022\/01\/772479-wall-mounted-computer-workstation-150x150.jpg 150w\" sizes=\"auto, (max-width: 499px) 100vw, 499px\" title=\"\"><\/a>\n    <h3><a href='https:\/\/afcindustries.com\/es\/producto\/soporte-de-pared-para-estacion-de-trabajo-de-ordenador\/' title='Soporte de pared para estaci\u00f3n de trabajo de ordenador'>Soporte de pared para estaci\u00f3n de trabajo de ordenador<\/a><\/h3>\n\t\tSKU:772479\n<\/li><li id=\"woopack-product-19966\"  data-product-id=\"19966\">\n\t<a href='https:\/\/afcindustries.com\/es\/producto\/estacion-de-trabajo-de-ordenador-completa-y-plegable-montada-en-la-pared\/' title='Estaci\u00f3n de trabajo de ordenador completa y plegable montada en la pared'><img width=\"499\" height=\"499\" src=\"https:\/\/afcindustries.com\/wp-content\/uploads\/2022\/01\/772483-wall-mounted-computer-display-workstation-with-cpu-holder.jpg\" alt=\"772483 wall mounted computer display workstation with cpu holder\" itemprop=\"image\" decoding=\"async\" loading=\"lazy\" srcset=\"https:\/\/afcindustries.com\/wp-content\/uploads\/2022\/01\/772483-wall-mounted-computer-display-workstation-with-cpu-holder.jpg 499w, https:\/\/afcindustries.com\/wp-content\/uploads\/2022\/01\/772483-wall-mounted-computer-display-workstation-with-cpu-holder-300x300.jpg 300w, https:\/\/afcindustries.com\/wp-content\/uploads\/2022\/01\/772483-wall-mounted-computer-display-workstation-with-cpu-holder-100x100.jpg 100w, https:\/\/afcindustries.com\/wp-content\/uploads\/2022\/01\/772483-wall-mounted-computer-display-workstation-with-cpu-holder-150x150.jpg 150w\" sizes=\"auto, (max-width: 499px) 100vw, 499px\" title=\"\"><\/a>\n    <h3><a href='https:\/\/afcindustries.com\/es\/producto\/estacion-de-trabajo-de-ordenador-completa-y-plegable-montada-en-la-pared\/' title='Estaci\u00f3n de trabajo de ordenador completa y plegable montada en la pared'>Estaci\u00f3n de trabajo de ordenador completa y plegable montada en la pared<\/a><\/h3>\n\t\tSKU:772483\n<\/li>\t\t\t\t\n\t\t\t<\/ul>\n\t<ul class='page-numbers'>\n\t<li>1<\/li>\n\t<li><a href=\"https:\/\/afcindustries.com\/es\/page\/2\/?page_id=19588&#038;fl_builder\">2<\/a><\/li>\n\t<li><a href=\"https:\/\/afcindustries.com\/es\/page\/2\/?page_id=19588&#038;fl_builder\">Siguiente &raquo;<\/a><\/li>\n<\/ul>\n<h2>\n\t\tEstaciones de ordenador de montaje en pared\n\t<\/h2>\n\t<p>Los soportes de pared para ordenador de AFC son la alternativa perfecta cuando el uso de un escritorio o una mesa es poco pr\u00e1ctico. Gracias a su dise\u00f1o compacto, permite ocupar espacios m\u00e1s amplios en el suelo. Esta estaci\u00f3n de trabajo para ordenador que ahorra espacio con brazos ajustables es la soluci\u00f3n ideal cuando se necesita la flexibilidad de ajustar la estaci\u00f3n de ordenador. Nuestros productos le dan tranquilidad en cuanto a la gesti\u00f3n de cables, brazos ajustables con montaje de pantallas de ordenador conforme a VeSA.<\/p>\n\n","protected":false},"excerpt":{"rendered":"<p>Soportes Ergon\u00f3micos Mostrando el \u00fanico resultado Orden predeterminadoOrdenar por popularidadOrdenar por los \u00faltimosOrdenar por precio: bajo a altoOrdenar por precio: alto a bajo Soporte para ordenador de pared SKU:772000 Combo de estaci\u00f3n de trabajo de ordenador montada en la pared SKU:772381 Brazo para ordenador port\u00e1til montado en ra\u00edl con bandeja plegable SKU:772149 Brazo horizontal para&hellip;<\/p>\n","protected":false},"author":1,"featured_media":0,"parent":0,"menu_order":0,"comment_status":"closed","ping_status":"closed","template":"","meta":{"_acf_changed":false,"inline_featured_image":false,"footnotes":""},"class_list":["post-19588","page","type-page","status-publish","hentry"],"acf":[],"_links":{"self":[{"href":"https:\/\/afcindustries.com\/es\/wp-json\/wp\/v2\/pages\/19588","targetHints":{"allow":["GET"]}}],"collection":[{"href":"https:\/\/afcindustries.com\/es\/wp-json\/wp\/v2\/pages"}],"about":[{"href":"https:\/\/afcindustries.com\/es\/wp-json\/wp\/v2\/types\/page"}],"author":[{"embeddable":true,"href":"https:\/\/afcindustries.com\/es\/wp-json\/wp\/v2\/users\/1"}],"replies":[{"embeddable":true,"href":"https:\/\/afcindustries.com\/es\/wp-json\/wp\/v2\/comments?post=19588"}],"version-history":[{"count":0,"href":"https:\/\/afcindustries.com\/es\/wp-json\/wp\/v2\/pages\/19588\/revisions"}],"wp:attachment":[{"href":"https:\/\/afcindustries.com\/es\/wp-json\/wp\/v2\/media?parent=19588"}],"curies":[{"name":"wp","href":"https:\/\/api.w.org\/{rel}","templated":true}]}}