{"id":19585,"date":"2022-02-18T20:54:47","date_gmt":"2022-02-19T01:54:47","guid":{"rendered":"https:\/\/afcindustries.com\/escritorio-con-cinta-de-correr\/"},"modified":"2024-10-04T14:56:25","modified_gmt":"2024-10-04T18:56:25","slug":"escritorio-con-cinta-de-correr","status":"publish","type":"page","link":"https:\/\/afcindustries.com\/es\/escritorio-con-cinta-de-correr\/","title":{"rendered":"Escritorio con cinta de correr"},"content":{"rendered":"\n\n\t<h2>\n\t\tPRODUCTOS PERSONALIZADOS\n\t<\/h2>\n\t\t\t\t\t\t\t\t<a href=\"https:\/\/afcindustries.com\/contact\/\" target=\"_self\" itemprop=\"url\" rel=\"noopener\">\n\t\t\t\t\t\t\t\t\t<img loading=\"lazy\" decoding=\"async\" src=\"https:\/\/afcindustries.com\/wp-content\/uploads\/2022\/05\/Promo-Fall-23.gif\" alt=\"Promo Fall\" itemprop=\"image\" height=\"450\" width=\"280\" title=\"Promo Fall\" onerror=\"this.style.display='none'\"  \/>\n\t\t\t\t\t\t\t\t\t\t\t\t\t<\/a>\n\n\n\tMostrando el \u00fanico resultado\n<form method=\"get\">\n\t<select name=\"orderby\" aria-label=\"Pedido de la tienda\">\n\t\t\t\t\t<option value=\"menu_order\"  selected='selected'>Orden predeterminado<\/option>\n\t\t\t\t\t<option value=\"popularity\">Ordenar por popularidad<\/option>\n\t\t\t\t\t<option value=\"date\">Ordenar por los \u00faltimos<\/option>\n\t\t\t\t\t<option value=\"price\">Ordenar por precio: bajo a alto<\/option>\n\t\t\t\t\t<option value=\"price-desc\">Ordenar por precio: alto a bajo<\/option>\n\t\t\t<\/select>\n\t<input type=\"hidden\" name=\"paged\" value=\"1\" \/>\n\t<input type=\"hidden\" name=\"page_id\" value=\"19585\" \/><input type=\"hidden\" name=\"fl_builder\" value=\"\" \/><\/form>\n\t\t\t<ul>\n\t\t\t\t<li id=\"woopack-product-20167\"  data-product-id=\"20167\">\n\t<a href='https:\/\/afcindustries.com\/es\/producto\/soporte-para-ordenador-portatil-accesorio-para-cinta-de-correr\/' title='Soporte para ordenador port\u00e1til Accesorio para cinta de correr'><img width=\"550\" height=\"412\" src=\"https:\/\/afcindustries.com\/wp-content\/uploads\/2022\/01\/laptop-holder-floor-stand-treadmill-accessory.jpg\" alt=\"laptop holder floor stand treadmill accessory\" itemprop=\"image\" decoding=\"async\" loading=\"lazy\" srcset=\"https:\/\/afcindustries.com\/wp-content\/uploads\/2022\/01\/laptop-holder-floor-stand-treadmill-accessory.jpg 550w, https:\/\/afcindustries.com\/wp-content\/uploads\/2022\/01\/laptop-holder-floor-stand-treadmill-accessory-300x225.jpg 300w\" sizes=\"auto, (max-width: 550px) 100vw, 550px\" title=\"\"><\/a>\n    <h3><a href='https:\/\/afcindustries.com\/es\/producto\/soporte-para-ordenador-portatil-accesorio-para-cinta-de-correr\/' title='Soporte para ordenador port\u00e1til Accesorio para cinta de correr'>Soporte para ordenador port\u00e1til Accesorio para cinta de correr<\/a><\/h3>\n\t\tSKU:772557\n<\/li><li id=\"woopack-product-20113\"  data-product-id=\"20113\">\n\t<a href='https:\/\/afcindustries.com\/es\/producto\/soporte-soporte-para-ordenador-accesorio\/' title='Accesorio para el soporte del ordenador port\u00e1til y del monitor en la cinta de correr'><img width=\"550\" height=\"412\" src=\"https:\/\/afcindustries.com\/wp-content\/uploads\/2022\/01\/laptop-and-monitor-mount-stand-treadmill-accessory.jpg\" alt=\"accesorio para soporte de port\u00e1til y monitor en cinta de correr\" itemprop=\"image\" decoding=\"async\" loading=\"lazy\" srcset=\"https:\/\/afcindustries.com\/wp-content\/uploads\/2022\/01\/laptop-and-monitor-mount-stand-treadmill-accessory.jpg 550w, https:\/\/afcindustries.com\/wp-content\/uploads\/2022\/01\/laptop-and-monitor-mount-stand-treadmill-accessory-300x225.jpg 300w\" sizes=\"auto, (max-width: 550px) 100vw, 550px\" title=\"\"><\/a>\n    <h3><a href='https:\/\/afcindustries.com\/es\/producto\/soporte-soporte-para-ordenador-accesorio\/' title='Accesorio para el soporte del ordenador port\u00e1til y del monitor en la cinta de correr'>Accesorio para el soporte del ordenador port\u00e1til y del monitor en la cinta de correr<\/a><\/h3>\n\t\tSKU:772556\n<\/li><li id=\"woopack-product-20009\"  data-product-id=\"20009\">\n\t<a href='https:\/\/afcindustries.com\/es\/producto\/soporte-de-portatil-para-cintas-de-correr\/' title='Soporte de port\u00e1til para cintas de correr'><img width=\"550\" height=\"412\" src=\"https:\/\/afcindustries.com\/wp-content\/uploads\/2022\/01\/772555-walking-treadmill-laptop-stand.jpg\" alt=\"772555 walking treadmill laptop stand\" itemprop=\"image\" decoding=\"async\" loading=\"lazy\" srcset=\"https:\/\/afcindustries.com\/wp-content\/uploads\/2022\/01\/772555-walking-treadmill-laptop-stand.jpg 550w, https:\/\/afcindustries.com\/wp-content\/uploads\/2022\/01\/772555-walking-treadmill-laptop-stand-300x225.jpg 300w\" sizes=\"auto, (max-width: 550px) 100vw, 550px\" title=\"\"><\/a>\n    <h3><a href='https:\/\/afcindustries.com\/es\/producto\/soporte-de-portatil-para-cintas-de-correr\/' title='Soporte de port\u00e1til para cintas de correr'>Soporte de port\u00e1til para cintas de correr<\/a><\/h3>\n\t\tSKU:772555\n<\/li>\t\t\t\t\n\t\t\t<\/ul>\n<h2>\n\t\tAumente su eficiencia con escritorios con cinta de correr para aumentar su productividad\n\t<\/h2>\n\t<p>AFC Industries le ofrece un concepto revolucionario en bienestar laboral: escritorios con cinta de correr para aumentar la productividad. Estas innovadoras estaciones de trabajo combinan lo mejor de ambos mundos, lo que le permite mantenerse productivo mientras avanza hacia un estilo de vida m\u00e1s saludable. Imagine completar tareas, asistir a reuniones virtuales o hacer c\u00e1lculos, todo mientras camina o trota suavemente en una cinta de correr.<\/p>\n<p>Nuestros escritorios con cinta de correr est\u00e1n dise\u00f1ados para romper la monoton\u00eda de las jornadas laborales sedentarias, lo que promueve mayores niveles de energ\u00eda, mejor concentraci\u00f3n y bienestar general. Adopte el futuro de los entornos de trabajo din\u00e1micos, donde puede aumentar su eficiencia y aptitud f\u00edsica al mismo tiempo. Con AFC Industries, no solo est\u00e1 mejorando su espacio de trabajo; est\u00e1 transformando su forma de trabajar.<\/p>\n<p>Descubra el equilibrio perfecto entre trabajo y movimiento con nuestros escritorios con cinta de correr para aumentar la productividad. Es hora de redefinir la productividad, paso a paso. Explore nuestra selecci\u00f3n ahora y emprenda un viaje hacia una vida m\u00e1s saludable y eficiente.<\/p>\n<h2>\n\t\tPuestos de trabajo inform\u00e1ticos con cinta de correr\n\t<\/h2>\n\t<p>Nuestras ofertas de estaciones de trabajo con ordenador en cinta de correr son accesorios de primera calidad con dise\u00f1os ergon\u00f3micos modernos y c\u00f3modos que est\u00e1n construidos con caracter\u00edsticas vers\u00e1tiles que cumplen con las necesidades exigentes de los usuarios.<\/p>\n<p>Estos accesorios para estaciones de trabajo con ordenador en cinta de correr est\u00e1n fabricados con materiales de la m\u00e1s alta calidad que garantizan un uso fiable durante m\u00e1s tiempo. Estos accesorios para ordenadores de cinta de correr tambi\u00e9n dan m\u00e1s comodidad al usuario, ya que pueden acomodar todos los perif\u00e9ricos inform\u00e1ticos necesarios.<\/p>\n<p>Con m\u00e1s de 20 a\u00f1os de excelencia en la fabricaci\u00f3n de muebles, AFC Industries sigue liderando el mercado del mobiliario industrial al continuar proporcionando productos de la m\u00e1s alta calidad que cumplen con las demandas cambiantes de cada cliente.<\/p>\n\n","protected":false},"excerpt":{"rendered":"<p>PRODUCTOS PERSONALIZADOS Mostrando el \u00fanico resultado Orden predeterminadoOrdenar por popularidadOrdenar por los \u00faltimosOrdenar por precio: bajo a altoOrdenar por precio: alto a bajo Soporte para ordenador port\u00e1til Accesorio para cinta de correr SKU:772557 Accesorio para el soporte del ordenador port\u00e1til y del monitor en la cinta de correr SKU:772556 Soporte de port\u00e1til para cintas de&hellip;<\/p>\n","protected":false},"author":1,"featured_media":0,"parent":0,"menu_order":0,"comment_status":"closed","ping_status":"closed","template":"","meta":{"_acf_changed":false,"inline_featured_image":false,"footnotes":""},"class_list":["post-19585","page","type-page","status-publish","hentry"],"acf":[],"_links":{"self":[{"href":"https:\/\/afcindustries.com\/es\/wp-json\/wp\/v2\/pages\/19585","targetHints":{"allow":["GET"]}}],"collection":[{"href":"https:\/\/afcindustries.com\/es\/wp-json\/wp\/v2\/pages"}],"about":[{"href":"https:\/\/afcindustries.com\/es\/wp-json\/wp\/v2\/types\/page"}],"author":[{"embeddable":true,"href":"https:\/\/afcindustries.com\/es\/wp-json\/wp\/v2\/users\/1"}],"replies":[{"embeddable":true,"href":"https:\/\/afcindustries.com\/es\/wp-json\/wp\/v2\/comments?post=19585"}],"version-history":[{"count":0,"href":"https:\/\/afcindustries.com\/es\/wp-json\/wp\/v2\/pages\/19585\/revisions"}],"wp:attachment":[{"href":"https:\/\/afcindustries.com\/es\/wp-json\/wp\/v2\/media?parent=19585"}],"curies":[{"name":"wp","href":"https:\/\/api.w.org\/{rel}","templated":true}]}}