{"id":19565,"date":"2022-02-18T20:54:29","date_gmt":"2022-02-19T01:54:29","guid":{"rendered":"https:\/\/afcindustries.com\/escritorios-de-formacion\/"},"modified":"2024-10-04T14:55:48","modified_gmt":"2024-10-04T18:55:48","slug":"escritorios-de-formacion","status":"publish","type":"page","link":"https:\/\/afcindustries.com\/es\/escritorios-de-formacion\/","title":{"rendered":"Escritorios de formaci\u00f3n"},"content":{"rendered":"\n\n\t<h2>\n\t\tPRODUCTOS PERSONALIZADOS\n\t<\/h2>\n\t\t\t\t\t\t\t\t<a href=\"https:\/\/afcindustries.com\/contact\/\" target=\"_self\" itemprop=\"url\" rel=\"noopener\">\n\t\t\t\t\t\t\t\t\t<img loading=\"lazy\" decoding=\"async\" src=\"https:\/\/afcindustries.com\/wp-content\/uploads\/2022\/05\/Promo-Fall-23.gif\" alt=\"Promo Fall\" itemprop=\"image\" height=\"450\" width=\"280\" title=\"Promo Fall\" onerror=\"this.style.display='none'\"  \/>\n\t\t\t\t\t\t\t\t\t\t\t\t\t<\/a>\n\n\n\tMostrando el \u00fanico resultado\n<form method=\"get\">\n\t<select name=\"orderby\" aria-label=\"Pedido de la tienda\">\n\t\t\t\t\t<option value=\"menu_order\"  selected='selected'>Orden predeterminado<\/option>\n\t\t\t\t\t<option value=\"popularity\">Ordenar por popularidad<\/option>\n\t\t\t\t\t<option value=\"date\">Ordenar por los \u00faltimos<\/option>\n\t\t\t\t\t<option value=\"price\">Ordenar por precio: bajo a alto<\/option>\n\t\t\t\t\t<option value=\"price-desc\">Ordenar por precio: alto a bajo<\/option>\n\t\t\t<\/select>\n\t<input type=\"hidden\" name=\"paged\" value=\"1\" \/>\n\t<input type=\"hidden\" name=\"page_id\" value=\"19565\" \/><input type=\"hidden\" name=\"fl_builder\" value=\"\" \/><\/form>\n\t\t\t<ul>\n\t\t\t\t<li id=\"woopack-product-20179\"  data-product-id=\"20179\">\n\t<a href='https:\/\/afcindustries.com\/es\/producto\/mesa-de-estudio-carrel\/' title='Mesa de estudio Carrel'><img width=\"500\" height=\"500\" src=\"https:\/\/afcindustries.com\/wp-content\/uploads\/2022\/01\/772368-study-table-carrel.jpg\" alt=\"772368 study table carrel\" itemprop=\"image\" decoding=\"async\" loading=\"lazy\" srcset=\"https:\/\/afcindustries.com\/wp-content\/uploads\/2022\/01\/772368-study-table-carrel.jpg 500w, https:\/\/afcindustries.com\/wp-content\/uploads\/2022\/01\/772368-study-table-carrel-300x300.jpg 300w, https:\/\/afcindustries.com\/wp-content\/uploads\/2022\/01\/772368-study-table-carrel-100x100.jpg 100w, https:\/\/afcindustries.com\/wp-content\/uploads\/2022\/01\/772368-study-table-carrel-150x150.jpg 150w\" sizes=\"auto, (max-width: 500px) 100vw, 500px\" title=\"\"><\/a>\n    <h3><a href='https:\/\/afcindustries.com\/es\/producto\/mesa-de-estudio-carrel\/' title='Mesa de estudio Carrel'>Mesa de estudio Carrel<\/a><\/h3>\n\t\tSKU:772368\n<\/li><li id=\"woopack-product-20124\"  data-product-id=\"20124\">\n\t<a href='https:\/\/afcindustries.com\/es\/producto\/aula-de-formacion-escritorio-informatico-de-doble-operador\/' title='Aula de formaci\u00f3n escritorio inform\u00e1tico de doble operador'><img width=\"500\" height=\"500\" src=\"https:\/\/afcindustries.com\/wp-content\/uploads\/2022\/01\/772174-dual-user-computer-training-room-desk.jpg\" alt=\"772174 dual user computer training room desk\" itemprop=\"image\" decoding=\"async\" loading=\"lazy\" srcset=\"https:\/\/afcindustries.com\/wp-content\/uploads\/2022\/01\/772174-dual-user-computer-training-room-desk.jpg 500w, https:\/\/afcindustries.com\/wp-content\/uploads\/2022\/01\/772174-dual-user-computer-training-room-desk-300x300.jpg 300w, https:\/\/afcindustries.com\/wp-content\/uploads\/2022\/01\/772174-dual-user-computer-training-room-desk-100x100.jpg 100w, https:\/\/afcindustries.com\/wp-content\/uploads\/2022\/01\/772174-dual-user-computer-training-room-desk-150x150.jpg 150w\" sizes=\"auto, (max-width: 500px) 100vw, 500px\" title=\"\"><\/a>\n    <h3><a href='https:\/\/afcindustries.com\/es\/producto\/aula-de-formacion-escritorio-informatico-de-doble-operador\/' title='Aula de formaci\u00f3n escritorio inform\u00e1tico de doble operador'>Aula de formaci\u00f3n escritorio inform\u00e1tico de doble operador<\/a><\/h3>\n\t\tSKU:772174\n<\/li><li id=\"woopack-product-20029\"  data-product-id=\"20029\">\n\t<a href='https:\/\/afcindustries.com\/es\/producto\/escritorio-para-portatiles-en-el-aula-escolar\/' title='Escritorio para port\u00e1tiles en el aula escolar'><img width=\"500\" height=\"500\" src=\"https:\/\/afcindustries.com\/wp-content\/uploads\/2022\/01\/772366-classroom-laptop-desk.jpg\" alt=\"772366 classroom laptop desk\" itemprop=\"image\" decoding=\"async\" loading=\"lazy\" srcset=\"https:\/\/afcindustries.com\/wp-content\/uploads\/2022\/01\/772366-classroom-laptop-desk.jpg 500w, https:\/\/afcindustries.com\/wp-content\/uploads\/2022\/01\/772366-classroom-laptop-desk-300x300.jpg 300w, https:\/\/afcindustries.com\/wp-content\/uploads\/2022\/01\/772366-classroom-laptop-desk-100x100.jpg 100w, https:\/\/afcindustries.com\/wp-content\/uploads\/2022\/01\/772366-classroom-laptop-desk-150x150.jpg 150w\" sizes=\"auto, (max-width: 500px) 100vw, 500px\" title=\"\"><\/a>\n    <h3><a href='https:\/\/afcindustries.com\/es\/producto\/escritorio-para-portatiles-en-el-aula-escolar\/' title='Escritorio para port\u00e1tiles en el aula escolar'>Escritorio para port\u00e1tiles en el aula escolar<\/a><\/h3>\n\t\tSKU:772366\n<\/li><li id=\"woopack-product-19950\"  data-product-id=\"19950\">\n\t<a href='https:\/\/afcindustries.com\/es\/producto\/mesa-de-presentacion\/' title='Mesa de presentaci\u00f3n'><img width=\"550\" height=\"397\" src=\"https:\/\/afcindustries.com\/wp-content\/uploads\/2022\/01\/772413-modern-teacher-computer-desk.jpg\" alt=\"772413 modern teacher computer desk\" itemprop=\"image\" decoding=\"async\" loading=\"lazy\" srcset=\"https:\/\/afcindustries.com\/wp-content\/uploads\/2022\/01\/772413-modern-teacher-computer-desk.jpg 550w, https:\/\/afcindustries.com\/wp-content\/uploads\/2022\/01\/772413-modern-teacher-computer-desk-300x217.jpg 300w\" sizes=\"auto, (max-width: 550px) 100vw, 550px\" title=\"\"><\/a>\n    <h3><a href='https:\/\/afcindustries.com\/es\/producto\/mesa-de-presentacion\/' title='Mesa de presentaci\u00f3n'>Mesa de presentaci\u00f3n<\/a><\/h3>\n\t\tSKU:772413\n<\/li><li id=\"woopack-product-19800\"  data-product-id=\"19800\">\n\t<a href='https:\/\/afcindustries.com\/es\/producto\/escritorio-de-ordenador-con-monitor-empotrado\/' title='Escritorio de ordenador con monitor empotrado'><img width=\"500\" height=\"500\" src=\"https:\/\/afcindustries.com\/wp-content\/uploads\/2022\/01\/772416-recessed-monitor-computer-desk.jpg\" alt=\"772416 recessed monitor computer desk\" itemprop=\"image\" decoding=\"async\" loading=\"lazy\" srcset=\"https:\/\/afcindustries.com\/wp-content\/uploads\/2022\/01\/772416-recessed-monitor-computer-desk.jpg 500w, https:\/\/afcindustries.com\/wp-content\/uploads\/2022\/01\/772416-recessed-monitor-computer-desk-300x300.jpg 300w, https:\/\/afcindustries.com\/wp-content\/uploads\/2022\/01\/772416-recessed-monitor-computer-desk-100x100.jpg 100w, https:\/\/afcindustries.com\/wp-content\/uploads\/2022\/01\/772416-recessed-monitor-computer-desk-150x150.jpg 150w\" sizes=\"auto, (max-width: 500px) 100vw, 500px\" title=\"\"><\/a>\n    <h3><a href='https:\/\/afcindustries.com\/es\/producto\/escritorio-de-ordenador-con-monitor-empotrado\/' title='Escritorio de ordenador con monitor empotrado'>Escritorio de ordenador con monitor empotrado<\/a><\/h3>\n\t\tSKU:772416\n<\/li>\t\t\t\t\n\t\t\t<\/ul>\n<h2>\n\t\tMejore su aprendizaje con el Training Desk de AFC Industries\n\t<\/h2>\n\t<p>En AFC Industries, comprendemos la importancia de crear el entorno de aprendizaje ideal. Por eso, nuestro escritorio de capacitaci\u00f3n est\u00e1 dise\u00f1ado teniendo en cuenta la innovaci\u00f3n y la excelencia ergon\u00f3mica. Ya sea que est\u00e9 configurando un aula, un centro de capacitaci\u00f3n o un espacio de aprendizaje corporativo, nuestros escritorios brindan la soluci\u00f3n perfecta.<\/p>\n<p>Nuestros escritorios est\u00e1n dise\u00f1ados cuidadosamente para promover la productividad y la comodidad durante las sesiones de capacitaci\u00f3n. Ofrecen caracter\u00edsticas ajustables, soluciones de administraci\u00f3n de cables y dise\u00f1os ergon\u00f3micos para garantizar que los estudiantes puedan concentrarse en sus estudios sin distracciones.<\/p>\n<p>Explore nuestra gama de escritorios para descubrir opciones vers\u00e1tiles que se adapten a sus necesidades espec\u00edficas. Desde configuraciones tradicionales hasta escritorios modernos con tecnolog\u00eda integrada, AFC Industries lo tiene cubierto. Transforme su espacio de capacitaci\u00f3n y mejore la experiencia de aprendizaje con los escritorios de AFC Industries.<\/p>\n\n","protected":false},"excerpt":{"rendered":"<p>PRODUCTOS PERSONALIZADOS Mostrando el \u00fanico resultado Orden predeterminadoOrdenar por popularidadOrdenar por los \u00faltimosOrdenar por precio: bajo a altoOrdenar por precio: alto a bajo Mesa de estudio Carrel SKU:772368 Aula de formaci\u00f3n escritorio inform\u00e1tico de doble operador SKU:772174 Escritorio para port\u00e1tiles en el aula escolar SKU:772366 Mesa de presentaci\u00f3n SKU:772413 Escritorio de ordenador con monitor empotrado&hellip;<\/p>\n","protected":false},"author":1,"featured_media":0,"parent":0,"menu_order":0,"comment_status":"closed","ping_status":"closed","template":"","meta":{"_acf_changed":false,"inline_featured_image":false,"footnotes":""},"class_list":["post-19565","page","type-page","status-publish","hentry"],"acf":[],"_links":{"self":[{"href":"https:\/\/afcindustries.com\/es\/wp-json\/wp\/v2\/pages\/19565","targetHints":{"allow":["GET"]}}],"collection":[{"href":"https:\/\/afcindustries.com\/es\/wp-json\/wp\/v2\/pages"}],"about":[{"href":"https:\/\/afcindustries.com\/es\/wp-json\/wp\/v2\/types\/page"}],"author":[{"embeddable":true,"href":"https:\/\/afcindustries.com\/es\/wp-json\/wp\/v2\/users\/1"}],"replies":[{"embeddable":true,"href":"https:\/\/afcindustries.com\/es\/wp-json\/wp\/v2\/comments?post=19565"}],"version-history":[{"count":0,"href":"https:\/\/afcindustries.com\/es\/wp-json\/wp\/v2\/pages\/19565\/revisions"}],"wp:attachment":[{"href":"https:\/\/afcindustries.com\/es\/wp-json\/wp\/v2\/media?parent=19565"}],"curies":[{"name":"wp","href":"https:\/\/api.w.org\/{rel}","templated":true}]}}