{"id":19558,"date":"2022-04-26T14:51:31","date_gmt":"2022-04-26T18:51:31","guid":{"rendered":"https:\/\/afcindustries.com\/todos-los-carros-de-ordenador\/"},"modified":"2026-02-11T16:49:55","modified_gmt":"2026-02-11T21:49:55","slug":"todos-los-carros-de-ordenador","status":"publish","type":"page","link":"https:\/\/afcindustries.com\/es\/todos-los-carros-de-ordenador\/","title":{"rendered":"Todos los carros de ordenador"},"content":{"rendered":"\n\n\t<h2>\n\t\tCarros M\u00e9dicos\n\t<\/h2>\n\t\t\t\t\t\t\t\t<a href=\"https:\/\/afcindustries.com\/es\/contacte-con\/\" target=\"_self\" rel=\"noopener\">\n\t\t\t\t\t\t\t\t\t<img loading=\"lazy\" decoding=\"async\" src=\"https:\/\/afcindustries.com\/wp-content\/uploads\/2022\/05\/Promo-Fall-23.gif\" alt=\"Promo Fall\" height=\"450\" width=\"280\" title=\"Promo Fall\" \/>\n\t\t\t\t\t\t\t\t\t\t\t\t\t<\/a>\n\n\n\tMostrando el \u00fanico resultado\n\n\t\n\t\t\t\t\tOrden predeterminado\n\t\t\t\t\tOrdenar por popularidad\n\t\t\t\t\tOrdenar por los \u00faltimos\n\t\t\t\t\tOrdenar por precio: bajo a alto\n\t\t\t\t\tOrdenar por precio: alto a bajo\n\t\t\t\n\t\n\t\n\t\t\t<ul>\n\t\t\t\t<li id=\"woopack-product-19964\" data-product-id=\"19964\">\n\t<a href=\"https:\/\/afcindustries.com\/es\/producto\/carro-movil-elbi-con-almacenamiento-de-alambre-con-cierre-seguro\/\" title='Carro m\u00f3vil ELBI con almacenamiento de alambre con cierre seguro'><img decoding=\"async\" width=\"800\" height=\"800\" src=\"https:\/\/afcindustries.com\/wp-content\/uploads\/2023\/08\/772912-new-image.jpg\" alt=\"Cart for Tablet Management\" loading=\"lazy\" title=\"\"><\/a>\n    <h3><a href=\"https:\/\/afcindustries.com\/es\/producto\/carro-movil-elbi-con-almacenamiento-de-alambre-con-cierre-seguro\/\" title='Carro m\u00f3vil ELBI con almacenamiento de alambre con cierre seguro'>Carro m\u00f3vil ELBI con almacenamiento de alambre con cierre seguro<\/a><\/h3>\n\t\tSKU:772912\n<\/li><li id=\"woopack-product-19911\" data-product-id=\"19911\">\n\t<a href=\"https:\/\/afcindustries.com\/es\/producto\/carro-movil-para-tabletas-con-cesta-de-alambre-con-cierre-elbi-y-cestas-de-almacenamiento\/\" title='Carro m\u00f3vil para tabletas con cesta de alambre con cierre ELBI y cestas de almacenamiento'><img decoding=\"async\" width=\"499\" height=\"499\" src=\"https:\/\/afcindustries.com\/wp-content\/uploads\/2022\/01\/772871-mobile-cart-with-locking-wire-baskets-and-extra-storage.jpg\" alt=\"772871 mobile cart with locking wire baskets and extra storage\" loading=\"lazy\" title=\"\"><\/a>\n    <h3><a href=\"https:\/\/afcindustries.com\/es\/producto\/carro-movil-para-tabletas-con-cesta-de-alambre-con-cierre-elbi-y-cestas-de-almacenamiento\/\" title='Carro m\u00f3vil para tabletas con cesta de alambre con cierre ELBI y cestas de almacenamiento'>Carro m\u00f3vil para tabletas con cesta de alambre con cierre ELBI y cestas de almacenamiento<\/a><\/h3>\n\t\tSKU:772871\n<\/li><li id=\"woopack-product-20116\" data-product-id=\"20116\">\n\t<a href=\"https:\/\/afcindustries.com\/es\/producto\/brazo-de-monitor-para-carro-de-ordenador-movil-con-proteccion-contra-estornudos-y-tos\/\" title='Brazo de monitor para carro de ordenador m\u00f3vil con protecci\u00f3n contra estornudos y tos'><img decoding=\"async\" width=\"800\" height=\"800\" src=\"https:\/\/afcindustries.com\/wp-content\/uploads\/2022\/01\/Mobile-Computer-Cart-Monitor-Arm-with-Sneeze-and-Cough-Guard-772818-01.jpg\" alt=\"\" loading=\"lazy\" title=\"\"><\/a>\n    <h3><a href=\"https:\/\/afcindustries.com\/es\/producto\/brazo-de-monitor-para-carro-de-ordenador-movil-con-proteccion-contra-estornudos-y-tos\/\" title='Brazo de monitor para carro de ordenador m\u00f3vil con protecci\u00f3n contra estornudos y tos'>Brazo de monitor para carro de ordenador m\u00f3vil con protecci\u00f3n contra estornudos y tos<\/a><\/h3>\n\t\tSKU:772818\n<\/li><li id=\"woopack-product-20141\" data-product-id=\"20141\">\n\t<a href=\"https:\/\/afcindustries.com\/es\/producto\/soporte-de-suelo-para-tabletas\/\" title='Soporte de suelo para tabletas'><img decoding=\"async\" width=\"499\" height=\"499\" src=\"https:\/\/afcindustries.com\/wp-content\/uploads\/2022\/01\/772095-tablet-holder-floor-stand.jpg\" alt=\"772095 tablet holder floor stand\" loading=\"lazy\" title=\"\"><\/a>\n    <h3><a href=\"https:\/\/afcindustries.com\/es\/producto\/soporte-de-suelo-para-tabletas\/\" title='Soporte de suelo para tabletas'>Soporte de suelo para tabletas<\/a><\/h3>\n\t\tSKU:772095\n<\/li><li id=\"woopack-product-20147\" data-product-id=\"20147\">\n\t<a href=\"https:\/\/afcindustries.com\/es\/producto\/soporte-de-suelo-ergonomico-y-ajustable-de-alta-calidad-para-tabletas\/\" title='Soporte de suelo ergon\u00f3mico y ajustable de alta calidad para tabletas'><img decoding=\"async\" width=\"499\" height=\"499\" src=\"https:\/\/afcindustries.com\/wp-content\/uploads\/2022\/01\/772397-tablet-floor-stand.jpg\" alt=\"772397 tablet floor stand\" loading=\"lazy\" title=\"\"><\/a>\n    <h3><a href=\"https:\/\/afcindustries.com\/es\/producto\/soporte-de-suelo-ergonomico-y-ajustable-de-alta-calidad-para-tabletas\/\" title='Soporte de suelo ergon\u00f3mico y ajustable de alta calidad para tabletas'>Soporte de suelo ergon\u00f3mico y ajustable de alta calidad para tabletas<\/a><\/h3>\n\t\tSKU:772397\n<\/li><li id=\"woopack-product-20085\" data-product-id=\"20085\">\n\t<a href=\"https:\/\/afcindustries.com\/es\/producto\/soporte-ergonomico-para-pantallas-planas\/\" title='Soporte ergon\u00f3mico para pantallas planas'><img decoding=\"async\" width=\"800\" height=\"800\" src=\"https:\/\/afcindustries.com\/wp-content\/uploads\/2022\/01\/Rolling-Large-Flat-Screen-Stand-772026-01.jpg\" alt=\"AFC&#039;s Rolling TV Computer Cart and Stand\" loading=\"lazy\" title=\"\"><\/a>\n    <h3><a href=\"https:\/\/afcindustries.com\/es\/producto\/soporte-ergonomico-para-pantallas-planas\/\" title='Soporte ergon\u00f3mico para pantallas planas'>Soporte ergon\u00f3mico para pantallas planas<\/a><\/h3>\n\t\tSKU:772026\n<\/li><li id=\"woopack-product-20088\" data-product-id=\"20088\">\n\t<a href=\"https:\/\/afcindustries.com\/es\/producto\/soporte-de-suelo-ergonomico-de-alta-calidad-para-ipad-para-empresas\/\" title='Soporte de suelo ergon\u00f3mico de alta calidad para iPad para empresas'><img decoding=\"async\" width=\"499\" height=\"499\" src=\"https:\/\/afcindustries.com\/wp-content\/uploads\/2022\/01\/772638-ipad-floor-stand.jpg\" alt=\"772638 ipad floor stand\" loading=\"lazy\" title=\"\"><\/a>\n    <h3><a href=\"https:\/\/afcindustries.com\/es\/producto\/soporte-de-suelo-ergonomico-de-alta-calidad-para-ipad-para-empresas\/\" title='Soporte de suelo ergon\u00f3mico de alta calidad para iPad para empresas'>Soporte de suelo ergon\u00f3mico de alta calidad para iPad para empresas<\/a><\/h3>\n\t\tSKU:772638\n<\/li><li id=\"woopack-product-20078\" data-product-id=\"20078\">\n\t<a href=\"https:\/\/afcindustries.com\/es\/producto\/carrito-ordenador-ergonomico-medico-de-conferencia\/\" title='Carro de ordenador ergon\u00f3mico para teleconferencias m\u00e9dicas'><img decoding=\"async\" width=\"499\" height=\"499\" src=\"https:\/\/afcindustries.com\/wp-content\/uploads\/2022\/01\/772435-telemedicine-video-teleconference-cart.jpg\" alt=\"772435 carro de teleconferencia de v\u00eddeo de telemedicina\" loading=\"lazy\" title=\"\"><\/a>\n    <h3><a href=\"https:\/\/afcindustries.com\/es\/producto\/carrito-ordenador-ergonomico-medico-de-conferencia\/\" title='Carro de ordenador ergon\u00f3mico para teleconferencias m\u00e9dicas'>Carro de ordenador ergon\u00f3mico para teleconferencias m\u00e9dicas<\/a><\/h3>\n\t\tSKU:772435\n<\/li><li id=\"woopack-product-20063\" data-product-id=\"20063\">\n\t<a href=\"https:\/\/afcindustries.com\/es\/producto\/carro-de-ordenador-movil-y-ligero-con-bandeja-para-portatil\/\" title='Carro de ordenador m\u00f3vil y ligero con bandeja para port\u00e1til'><img decoding=\"async\" width=\"499\" height=\"499\" src=\"https:\/\/afcindustries.com\/wp-content\/uploads\/2022\/01\/772833-mobile-laptop-cart-with-secure-shelf-and-cable-management.jpg\" alt=\"772833 mobile laptop cart with secure shelf and cable management\" loading=\"lazy\" title=\"\"><\/a>\n    <h3><a href=\"https:\/\/afcindustries.com\/es\/producto\/carro-de-ordenador-movil-y-ligero-con-bandeja-para-portatil\/\" title='Carro de ordenador m\u00f3vil y ligero con bandeja para port\u00e1til'>Carro de ordenador m\u00f3vil y ligero con bandeja para port\u00e1til<\/a><\/h3>\n\t\tSKU:772833-1\n<\/li><li id=\"woopack-product-20077\" data-product-id=\"20077\">\n\t<a href=\"https:\/\/afcindustries.com\/es\/producto\/carro-de-poste-de-ordenador-movil-de-doble-monitor\/\" title='Carro de poste de ordenador m\u00f3vil de doble monitor'><img decoding=\"async\" width=\"499\" height=\"499\" src=\"https:\/\/afcindustries.com\/wp-content\/uploads\/2022\/01\/772742-dual-monitor-mobile-computer-pole-cart.jpg\" alt=\"772742 dual monitor mobile computer pole cart\" loading=\"lazy\" title=\"\"><\/a>\n    <h3><a href=\"https:\/\/afcindustries.com\/es\/producto\/carro-de-poste-de-ordenador-movil-de-doble-monitor\/\" title='Carro de poste de ordenador m\u00f3vil de doble monitor'>Carro de poste de ordenador m\u00f3vil de doble monitor<\/a><\/h3>\n\t\tSKU:772742\n<\/li><li id=\"woopack-product-20074\" data-product-id=\"20074\">\n\t<a href=\"https:\/\/afcindustries.com\/es\/producto\/carro-de-ordenador-ergonomico-con-ruedas-2\/\" title='Carro de ordenador ergon\u00f3mico con ruedas'><img decoding=\"async\" width=\"800\" height=\"800\" src=\"https:\/\/afcindustries.com\/wp-content\/uploads\/2022\/01\/Rolling-Computer-Desk-772091-01-1.jpg\" alt=\"A sleek rolling computer desk by AFC, featuring a modern design with wheels for easy mobility and ample workspace.\" loading=\"lazy\" title=\"\"><\/a>\n    <h3><a href=\"https:\/\/afcindustries.com\/es\/producto\/carro-de-ordenador-ergonomico-con-ruedas-2\/\" title='Carro de ordenador ergon\u00f3mico con ruedas'>Carro de ordenador ergon\u00f3mico con ruedas<\/a><\/h3>\n\t\tSKU:772091\n<\/li><li id=\"woopack-product-20046\" data-product-id=\"20046\">\n\t<a href=\"https:\/\/afcindustries.com\/es\/producto\/carro-de-ordenador-medico-para-la-sanidad\/\" title='Carro de ordenador m\u00e9dico para la sanidad'><img decoding=\"async\" width=\"499\" height=\"499\" src=\"https:\/\/afcindustries.com\/wp-content\/uploads\/2022\/01\/OEM-8-height-adjustable-mobile-computer-cart.jpg\" alt=\"OEM 8 height adjustable mobile computer cart\" loading=\"lazy\" title=\"\"><\/a>\n    <h3><a href=\"https:\/\/afcindustries.com\/es\/producto\/carro-de-ordenador-medico-para-la-sanidad\/\" title='Carro de ordenador m\u00e9dico para la sanidad'>Carro de ordenador m\u00e9dico para la sanidad<\/a><\/h3>\n\t\tSKU:OEM-8\n<\/li>\t\t\t\t\n\t\t\t<\/ul>\n\t<ul class='page-numbers'>\n\t<li>1<\/li>\n\t<li><a href=\"https:\/\/afcindustries.com\/es\/page\/2\/?page_id=19558&#038;fl_builder\">2<\/a><\/li>\n\t<li><a href=\"https:\/\/afcindustries.com\/es\/page\/3\/?page_id=19558&#038;fl_builder\">3<\/a><\/li>\n\t<li>&hellip;<\/li>\n\t<li><a href=\"https:\/\/afcindustries.com\/es\/page\/6\/?page_id=19558&#038;fl_builder\">6<\/a><\/li>\n\t<li><a href=\"https:\/\/afcindustries.com\/es\/page\/2\/?page_id=19558&#038;fl_builder\">Siguiente &raquo;<\/a><\/li>\n<\/ul>\n<h2>\n\t\tCarros ajustables para port\u00e1tiles\n\t<\/h2>\n\t<p>La lista de carros port\u00e1tiles duraderos de AFC est\u00e1 dise\u00f1ada para ofrecer la m\u00e1xima flexibilidad, facilidad de movimiento y acceso inmediato a los datos en el punto de atenci\u00f3n. Estos carros de ordenador port\u00e1til con ruedas se fabrican para satisfacer las necesidades ergon\u00f3micas de los usuarios finales, al tiempo que ofrecen una atenci\u00f3n al paciente constante, eficiencia y ahorro de costes.<\/p>\n<p>El carro AFC viene con la capacidad de adaptarse a una amplia variedad de marcas, tama\u00f1os y modelos de computadoras port\u00e1tiles. Los carros tambi\u00e9n pueden ser modificados para acomodar el almacenamiento con llave. Adem\u00e1s, el innovador dise\u00f1o es capaz de proporcionar flexibilidad para el control de infecciones y las necesidades de gesti\u00f3n t\u00e9rmica, as\u00ed como la privacidad del paciente y las caracter\u00edsticas de seguridad, como las puertas de cierre suave.<\/p>\n<p>El dise\u00f1o del carro m\u00f3vil para ordenadores port\u00e1tiles AFC est\u00e1 pensado para un sistema hidr\u00e1ulico f\u00e1cil de usar que proporciona un movimiento sin esfuerzo de la unidad sobre superficies de suelos comerciales. Los carros est\u00e1n disponibles con ruedas de 4&#8243; o con ruedas de 6&#8243; de alta resistencia. Los carros m\u00f3viles para ordenadores port\u00e1tiles de AFC se adaptan a una amplia gama de aplicaciones, como pacientes internos y externos, consultas m\u00e9dicas, farmacias y laboratorios cl\u00ednicos.<\/p>\n<p>Beneficios est\u00e1ndar:<\/p>\n&#8211; Aumentar la eficiencia.<br \/>\n&#8211; Mejorar la atenci\u00f3n al paciente.\n<p>Beneficios emocionales:<\/p>\n-S\u00e9 el h\u00e9roe de tu hospital.<br \/>\n&#8211; Marcar la diferencia en la vida de las personas.<br \/>\n&#8211; Mejorar la experiencia del paciente.\n<p>Beneficios econ\u00f3micos:<\/p>\n<p>&#8211; Aumente su rendimiento en el punto de atenci\u00f3n.<\/p>\n<p>Los carros para port\u00e1tiles AFC est\u00e1n disponibles en tama\u00f1os est\u00e1ndar que se ajustan a la mayor\u00eda de los port\u00e1tiles. Los carros son personalizables para satisfacer aplicaciones espec\u00edficas, incluida la posibilidad de a\u00f1adir modificaciones para puertas de cierre suave y una opci\u00f3n de tratamiento antimicrobiano para mejorar la seguridad del paciente.<\/p>\n\n","protected":false},"excerpt":{"rendered":"<p>Carros M\u00e9dicos Mostrando el \u00fanico resultado Orden predeterminado Ordenar por popularidad Ordenar por los \u00faltimos Ordenar por precio: bajo a alto Ordenar por precio: alto a bajo Carro m\u00f3vil ELBI con almacenamiento de alambre con cierre seguro SKU:772912 Carro m\u00f3vil para tabletas con cesta de alambre con cierre ELBI y cestas de almacenamiento SKU:772871 Brazo&hellip;<\/p>\n","protected":false},"author":1,"featured_media":0,"parent":0,"menu_order":0,"comment_status":"closed","ping_status":"closed","template":"","meta":{"_acf_changed":false,"inline_featured_image":false,"footnotes":""},"class_list":["post-19558","page","type-page","status-publish","hentry"],"acf":[],"_links":{"self":[{"href":"https:\/\/afcindustries.com\/es\/wp-json\/wp\/v2\/pages\/19558","targetHints":{"allow":["GET"]}}],"collection":[{"href":"https:\/\/afcindustries.com\/es\/wp-json\/wp\/v2\/pages"}],"about":[{"href":"https:\/\/afcindustries.com\/es\/wp-json\/wp\/v2\/types\/page"}],"author":[{"embeddable":true,"href":"https:\/\/afcindustries.com\/es\/wp-json\/wp\/v2\/users\/1"}],"replies":[{"embeddable":true,"href":"https:\/\/afcindustries.com\/es\/wp-json\/wp\/v2\/comments?post=19558"}],"version-history":[{"count":0,"href":"https:\/\/afcindustries.com\/es\/wp-json\/wp\/v2\/pages\/19558\/revisions"}],"wp:attachment":[{"href":"https:\/\/afcindustries.com\/es\/wp-json\/wp\/v2\/media?parent=19558"}],"curies":[{"name":"wp","href":"https:\/\/api.w.org\/{rel}","templated":true}]}}